{"id":33930,"date":"2023-06-14T15:51:39","date_gmt":"2023-06-14T13:51:39","guid":{"rendered":"https:\/\/www.sparcraft.com\/produit\/tube-plastique-o32-l3000-fendu-gris-27902293003\/"},"modified":"2026-04-15T04:00:18","modified_gmt":"2026-04-15T02:00:18","slug":"tube-plastique-o32-l3000-fendu-gris-27902293003","status":"publish","type":"product","link":"https:\/\/www.sparcraft.com\/fr\/produit\/tube-plastique-o32-l3000-fendu-gris-27902293003\/","title":{"rendered":"TUBE PLASTIQUE \u00d832 L3000 FENDU GRIS"},"content":{"rendered":"<p> &nbsp;<\/p>\n","protected":false},"excerpt":{"rendered":"<p>  <P><SPAN><SPAN><SPAN>Pour feux en face avant m\u00e2t<\/SPAN><\/SPAN><\/SPAN><\/P> <P><SPAN><SPAN><SPAN>Conduit \u00e9lectrique<\/SPAN><\/SPAN><\/SPAN><\/P> <P><SPAN><SPAN><SPAN>Diam\u00e8tre&nbsp;: <STRONG>\u00d8 32mm<\/STRONG><\/SPAN><\/SPAN><\/SPAN><\/P> <P><SPAN><SPAN><SPAN>Longueur&nbsp;: <STRONG>3 m<\/STRONG><\/SPAN><\/SPAN><\/SPAN><\/P><\/p>\n","protected":false},"featured_media":0,"comment_status":"open","ping_status":"closed","template":"","meta":[],"product_brand":[],"product_cat":[17],"product_tag":[],"class_list":{"0":"post-33930","1":"product","2":"type-product","3":"status-publish","5":"product_cat-product","7":"first","8":"instock","9":"taxable","10":"shipping-taxable","11":"purchasable","12":"product-type-simple"},"yoast_head":"<!-- This site is optimized with the Yoast SEO plugin v27.4 - https:\/\/yoast.com\/product\/yoast-seo-wordpress\/ -->\n<title>TUBE PLASTIQUE \u00d832 L3000 FENDU GRIS - Sparcraft<\/title>\n<meta name=\"robots\" content=\"index, follow, max-snippet:-1, max-image-preview:large, max-video-preview:-1\" \/>\n<link rel=\"canonical\" href=\"https:\/\/www.sparcraft.com\/fr\/produit\/tube-plastique-o32-l3000-fendu-gris-27902293003\/\" \/>\n<meta property=\"og:locale\" content=\"fr_FR\" \/>\n<meta property=\"og:type\" content=\"article\" \/>\n<meta property=\"og:title\" content=\"TUBE PLASTIQUE \u00d832 L3000 FENDU GRIS - Sparcraft\" \/>\n<meta property=\"og:description\" content=\"Pour feux en face avant m\u00e2t Conduit \u00e9lectrique Diam\u00e8tre&nbsp;: \u00d8 32mm Longueur&nbsp;: 3 m\" \/>\n<meta property=\"og:url\" content=\"https:\/\/www.sparcraft.com\/fr\/produit\/tube-plastique-o32-l3000-fendu-gris-27902293003\/\" \/>\n<meta property=\"og:site_name\" content=\"Sparcraft\" \/>\n<meta property=\"article:modified_time\" content=\"2026-04-15T02:00:18+00:00\" \/>\n<meta name=\"twitter:card\" content=\"summary_large_image\" \/>\n<script type=\"application\/ld+json\" class=\"yoast-schema-graph\">{\"@context\":\"https:\\\/\\\/schema.org\",\"@graph\":[{\"@type\":\"WebPage\",\"@id\":\"https:\\\/\\\/www.sparcraft.com\\\/fr\\\/produit\\\/tube-plastique-o32-l3000-fendu-gris-27902293003\\\/\",\"url\":\"https:\\\/\\\/www.sparcraft.com\\\/fr\\\/produit\\\/tube-plastique-o32-l3000-fendu-gris-27902293003\\\/\",\"name\":\"TUBE PLASTIQUE \u00d832 L3000 FENDU GRIS - Sparcraft\",\"isPartOf\":{\"@id\":\"https:\\\/\\\/www.sparcraft.com\\\/fr\\\/#website\"},\"datePublished\":\"2023-06-14T13:51:39+00:00\",\"dateModified\":\"2026-04-15T02:00:18+00:00\",\"breadcrumb\":{\"@id\":\"https:\\\/\\\/www.sparcraft.com\\\/fr\\\/produit\\\/tube-plastique-o32-l3000-fendu-gris-27902293003\\\/#breadcrumb\"},\"inLanguage\":\"fr-FR\",\"potentialAction\":[{\"@type\":\"ReadAction\",\"target\":[\"https:\\\/\\\/www.sparcraft.com\\\/fr\\\/produit\\\/tube-plastique-o32-l3000-fendu-gris-27902293003\\\/\"]}]},{\"@type\":\"BreadcrumbList\",\"@id\":\"https:\\\/\\\/www.sparcraft.com\\\/fr\\\/produit\\\/tube-plastique-o32-l3000-fendu-gris-27902293003\\\/#breadcrumb\",\"itemListElement\":[{\"@type\":\"ListItem\",\"position\":1,\"name\":\"Boutique\",\"item\":\"https:\\\/\\\/www.sparcraft.com\\\/fr\\\/boutique\\\/\"},{\"@type\":\"ListItem\",\"position\":2,\"name\":\"TUBE PLASTIQUE \u00d832 L3000 FENDU GRIS\"}]},{\"@type\":\"WebSite\",\"@id\":\"https:\\\/\\\/www.sparcraft.com\\\/fr\\\/#website\",\"url\":\"https:\\\/\\\/www.sparcraft.com\\\/fr\\\/\",\"name\":\"Sparcraft\",\"description\":\"Mast &amp; Rigging\",\"potentialAction\":[{\"@type\":\"SearchAction\",\"target\":{\"@type\":\"EntryPoint\",\"urlTemplate\":\"https:\\\/\\\/www.sparcraft.com\\\/fr\\\/?s={search_term_string}\"},\"query-input\":{\"@type\":\"PropertyValueSpecification\",\"valueRequired\":true,\"valueName\":\"search_term_string\"}}],\"inLanguage\":\"fr-FR\"}]}<\/script>\n<!-- \/ Yoast SEO plugin. -->","yoast_head_json":{"title":"TUBE PLASTIQUE \u00d832 L3000 FENDU GRIS - Sparcraft","robots":{"index":"index","follow":"follow","max-snippet":"max-snippet:-1","max-image-preview":"max-image-preview:large","max-video-preview":"max-video-preview:-1"},"canonical":"https:\/\/www.sparcraft.com\/fr\/produit\/tube-plastique-o32-l3000-fendu-gris-27902293003\/","og_locale":"fr_FR","og_type":"article","og_title":"TUBE PLASTIQUE \u00d832 L3000 FENDU GRIS - Sparcraft","og_description":"Pour feux en face avant m\u00e2t Conduit \u00e9lectrique Diam\u00e8tre&nbsp;: \u00d8 32mm Longueur&nbsp;: 3 m","og_url":"https:\/\/www.sparcraft.com\/fr\/produit\/tube-plastique-o32-l3000-fendu-gris-27902293003\/","og_site_name":"Sparcraft","article_modified_time":"2026-04-15T02:00:18+00:00","twitter_card":"summary_large_image","schema":{"@context":"https:\/\/schema.org","@graph":[{"@type":"WebPage","@id":"https:\/\/www.sparcraft.com\/fr\/produit\/tube-plastique-o32-l3000-fendu-gris-27902293003\/","url":"https:\/\/www.sparcraft.com\/fr\/produit\/tube-plastique-o32-l3000-fendu-gris-27902293003\/","name":"TUBE PLASTIQUE \u00d832 L3000 FENDU GRIS - Sparcraft","isPartOf":{"@id":"https:\/\/www.sparcraft.com\/fr\/#website"},"datePublished":"2023-06-14T13:51:39+00:00","dateModified":"2026-04-15T02:00:18+00:00","breadcrumb":{"@id":"https:\/\/www.sparcraft.com\/fr\/produit\/tube-plastique-o32-l3000-fendu-gris-27902293003\/#breadcrumb"},"inLanguage":"fr-FR","potentialAction":[{"@type":"ReadAction","target":["https:\/\/www.sparcraft.com\/fr\/produit\/tube-plastique-o32-l3000-fendu-gris-27902293003\/"]}]},{"@type":"BreadcrumbList","@id":"https:\/\/www.sparcraft.com\/fr\/produit\/tube-plastique-o32-l3000-fendu-gris-27902293003\/#breadcrumb","itemListElement":[{"@type":"ListItem","position":1,"name":"Boutique","item":"https:\/\/www.sparcraft.com\/fr\/boutique\/"},{"@type":"ListItem","position":2,"name":"TUBE PLASTIQUE \u00d832 L3000 FENDU GRIS"}]},{"@type":"WebSite","@id":"https:\/\/www.sparcraft.com\/fr\/#website","url":"https:\/\/www.sparcraft.com\/fr\/","name":"Sparcraft","description":"Mast &amp; Rigging","potentialAction":[{"@type":"SearchAction","target":{"@type":"EntryPoint","urlTemplate":"https:\/\/www.sparcraft.com\/fr\/?s={search_term_string}"},"query-input":{"@type":"PropertyValueSpecification","valueRequired":true,"valueName":"search_term_string"}}],"inLanguage":"fr-FR"}]}},"_links":{"self":[{"href":"https:\/\/www.sparcraft.com\/fr\/wp-json\/wp\/v2\/product\/33930","targetHints":{"allow":["GET"]}}],"collection":[{"href":"https:\/\/www.sparcraft.com\/fr\/wp-json\/wp\/v2\/product"}],"about":[{"href":"https:\/\/www.sparcraft.com\/fr\/wp-json\/wp\/v2\/types\/product"}],"replies":[{"embeddable":true,"href":"https:\/\/www.sparcraft.com\/fr\/wp-json\/wp\/v2\/comments?post=33930"}],"wp:attachment":[{"href":"https:\/\/www.sparcraft.com\/fr\/wp-json\/wp\/v2\/media?parent=33930"}],"wp:term":[{"taxonomy":"product_brand","embeddable":true,"href":"https:\/\/www.sparcraft.com\/fr\/wp-json\/wp\/v2\/product_brand?post=33930"},{"taxonomy":"product_cat","embeddable":true,"href":"https:\/\/www.sparcraft.com\/fr\/wp-json\/wp\/v2\/product_cat?post=33930"},{"taxonomy":"product_tag","embeddable":true,"href":"https:\/\/www.sparcraft.com\/fr\/wp-json\/wp\/v2\/product_tag?post=33930"}],"curies":[{"name":"wp","href":"https:\/\/api.w.org\/{rel}","templated":true}]}}