{"id":31693,"date":"2020-07-29T10:04:15","date_gmt":"2020-07-29T08:04:15","guid":{"rendered":"https:\/\/www.sparcraft.com\/revendeurs\/"},"modified":"2020-07-29T10:04:15","modified_gmt":"2020-07-29T08:04:15","slug":"revendeurs","status":"publish","type":"page","link":"https:\/\/www.sparcraft.com\/fr\/revendeurs\/","title":{"rendered":"Revendeurs"},"content":{"rendered":"\n<style type=\"text\/css\" data-created_by=\"avia_inline_auto\" id=\"style-css-av-av_one_full-79ff81c021393065cee878051452f6a6\">\n.flex_column.av-av_one_full-79ff81c021393065cee878051452f6a6{\nborder-radius:0px 0px 0px 0px;\npadding:0px 0px 0px 0px;\n}\n<\/style>\n<div  class='flex_column av-av_one_full-79ff81c021393065cee878051452f6a6 av_one_full  avia-builder-el-0  avia-builder-el-no-sibling  first flex_column_div av-zero-column-padding  '     ><\/div>\n","protected":false},"excerpt":{"rendered":"","protected":false},"author":2,"featured_media":31503,"parent":0,"menu_order":20,"comment_status":"closed","ping_status":"closed","template":"","meta":{"footnotes":""},"class_list":["post-31693","page","type-page","status-publish","has-post-thumbnail","hentry"],"yoast_head":"<!-- This site is optimized with the Yoast SEO plugin v27.4 - https:\/\/yoast.com\/product\/yoast-seo-wordpress\/ -->\n<title>Revendeurs - Sparcraft<\/title>\n<meta name=\"description\" content=\"La soci\u00e9t\u00e9 Sparcraft poss\u00e8de un r\u00e9seau fiable de revendeurs Sparcraft en France et \u00e0 l&#039;international. Localisez-les\" \/>\n<meta name=\"robots\" content=\"index, follow, max-snippet:-1, max-image-preview:large, max-video-preview:-1\" \/>\n<link rel=\"canonical\" href=\"https:\/\/www.sparcraft.com\/fr\/revendeurs\/\" \/>\n<meta property=\"og:locale\" content=\"fr_FR\" \/>\n<meta property=\"og:type\" content=\"article\" \/>\n<meta property=\"og:title\" content=\"Revendeurs - Sparcraft\" \/>\n<meta property=\"og:description\" content=\"La soci\u00e9t\u00e9 Sparcraft poss\u00e8de un r\u00e9seau fiable de revendeurs Sparcraft en France et \u00e0 l&#039;international. Localisez-les\" \/>\n<meta property=\"og:url\" content=\"https:\/\/www.sparcraft.com\/fr\/revendeurs\/\" \/>\n<meta property=\"og:site_name\" content=\"Sparcraft\" \/>\n<meta property=\"og:image\" content=\"https:\/\/www.sparcraft.com\/wp-content\/uploads\/2022\/11\/revendeur.jpg\" \/>\n\t<meta property=\"og:image:width\" content=\"787\" \/>\n\t<meta property=\"og:image:height\" content=\"787\" \/>\n\t<meta property=\"og:image:type\" content=\"image\/jpeg\" \/>\n<meta name=\"twitter:card\" content=\"summary_large_image\" \/>\n<meta name=\"twitter:label1\" content=\"Dur\u00e9e de lecture estim\u00e9e\" \/>\n\t<meta name=\"twitter:data1\" content=\"1 minute\" \/>\n<script type=\"application\/ld+json\" class=\"yoast-schema-graph\">{\"@context\":\"https:\\\/\\\/schema.org\",\"@graph\":[{\"@type\":\"WebPage\",\"@id\":\"https:\\\/\\\/www.sparcraft.com\\\/fr\\\/revendeurs\\\/\",\"url\":\"https:\\\/\\\/www.sparcraft.com\\\/fr\\\/revendeurs\\\/\",\"name\":\"Revendeurs - Sparcraft\",\"isPartOf\":{\"@id\":\"https:\\\/\\\/www.sparcraft.com\\\/fr\\\/#website\"},\"primaryImageOfPage\":{\"@id\":\"https:\\\/\\\/www.sparcraft.com\\\/fr\\\/revendeurs\\\/#primaryimage\"},\"image\":{\"@id\":\"https:\\\/\\\/www.sparcraft.com\\\/fr\\\/revendeurs\\\/#primaryimage\"},\"thumbnailUrl\":\"https:\\\/\\\/www.sparcraft.com\\\/wp-content\\\/uploads\\\/2022\\\/11\\\/revendeur.jpg\",\"datePublished\":\"2020-07-29T08:04:15+00:00\",\"description\":\"La soci\u00e9t\u00e9 Sparcraft poss\u00e8de un r\u00e9seau fiable de revendeurs Sparcraft en France et \u00e0 l'international. Localisez-les\",\"inLanguage\":\"fr-FR\",\"potentialAction\":[{\"@type\":\"ReadAction\",\"target\":[\"https:\\\/\\\/www.sparcraft.com\\\/fr\\\/revendeurs\\\/\"]}]},{\"@type\":\"ImageObject\",\"inLanguage\":\"fr-FR\",\"@id\":\"https:\\\/\\\/www.sparcraft.com\\\/fr\\\/revendeurs\\\/#primaryimage\",\"url\":\"https:\\\/\\\/www.sparcraft.com\\\/wp-content\\\/uploads\\\/2022\\\/11\\\/revendeur.jpg\",\"contentUrl\":\"https:\\\/\\\/www.sparcraft.com\\\/wp-content\\\/uploads\\\/2022\\\/11\\\/revendeur.jpg\",\"width\":787,\"height\":787},{\"@type\":\"WebSite\",\"@id\":\"https:\\\/\\\/www.sparcraft.com\\\/fr\\\/#website\",\"url\":\"https:\\\/\\\/www.sparcraft.com\\\/fr\\\/\",\"name\":\"Sparcraft\",\"description\":\"Mast &amp; Rigging\",\"potentialAction\":[{\"@type\":\"SearchAction\",\"target\":{\"@type\":\"EntryPoint\",\"urlTemplate\":\"https:\\\/\\\/www.sparcraft.com\\\/fr\\\/?s={search_term_string}\"},\"query-input\":{\"@type\":\"PropertyValueSpecification\",\"valueRequired\":true,\"valueName\":\"search_term_string\"}}],\"inLanguage\":\"fr-FR\"}]}<\/script>\n<!-- \/ Yoast SEO plugin. -->","yoast_head_json":{"title":"Revendeurs - Sparcraft","description":"La soci\u00e9t\u00e9 Sparcraft poss\u00e8de un r\u00e9seau fiable de revendeurs Sparcraft en France et \u00e0 l'international. Localisez-les","robots":{"index":"index","follow":"follow","max-snippet":"max-snippet:-1","max-image-preview":"max-image-preview:large","max-video-preview":"max-video-preview:-1"},"canonical":"https:\/\/www.sparcraft.com\/fr\/revendeurs\/","og_locale":"fr_FR","og_type":"article","og_title":"Revendeurs - Sparcraft","og_description":"La soci\u00e9t\u00e9 Sparcraft poss\u00e8de un r\u00e9seau fiable de revendeurs Sparcraft en France et \u00e0 l'international. Localisez-les","og_url":"https:\/\/www.sparcraft.com\/fr\/revendeurs\/","og_site_name":"Sparcraft","og_image":[{"width":787,"height":787,"url":"https:\/\/www.sparcraft.com\/wp-content\/uploads\/2022\/11\/revendeur.jpg","type":"image\/jpeg"}],"twitter_card":"summary_large_image","twitter_misc":{"Dur\u00e9e de lecture estim\u00e9e":"1 minute"},"schema":{"@context":"https:\/\/schema.org","@graph":[{"@type":"WebPage","@id":"https:\/\/www.sparcraft.com\/fr\/revendeurs\/","url":"https:\/\/www.sparcraft.com\/fr\/revendeurs\/","name":"Revendeurs - Sparcraft","isPartOf":{"@id":"https:\/\/www.sparcraft.com\/fr\/#website"},"primaryImageOfPage":{"@id":"https:\/\/www.sparcraft.com\/fr\/revendeurs\/#primaryimage"},"image":{"@id":"https:\/\/www.sparcraft.com\/fr\/revendeurs\/#primaryimage"},"thumbnailUrl":"https:\/\/www.sparcraft.com\/wp-content\/uploads\/2022\/11\/revendeur.jpg","datePublished":"2020-07-29T08:04:15+00:00","description":"La soci\u00e9t\u00e9 Sparcraft poss\u00e8de un r\u00e9seau fiable de revendeurs Sparcraft en France et \u00e0 l'international. Localisez-les","inLanguage":"fr-FR","potentialAction":[{"@type":"ReadAction","target":["https:\/\/www.sparcraft.com\/fr\/revendeurs\/"]}]},{"@type":"ImageObject","inLanguage":"fr-FR","@id":"https:\/\/www.sparcraft.com\/fr\/revendeurs\/#primaryimage","url":"https:\/\/www.sparcraft.com\/wp-content\/uploads\/2022\/11\/revendeur.jpg","contentUrl":"https:\/\/www.sparcraft.com\/wp-content\/uploads\/2022\/11\/revendeur.jpg","width":787,"height":787},{"@type":"WebSite","@id":"https:\/\/www.sparcraft.com\/fr\/#website","url":"https:\/\/www.sparcraft.com\/fr\/","name":"Sparcraft","description":"Mast &amp; Rigging","potentialAction":[{"@type":"SearchAction","target":{"@type":"EntryPoint","urlTemplate":"https:\/\/www.sparcraft.com\/fr\/?s={search_term_string}"},"query-input":{"@type":"PropertyValueSpecification","valueRequired":true,"valueName":"search_term_string"}}],"inLanguage":"fr-FR"}]}},"_links":{"self":[{"href":"https:\/\/www.sparcraft.com\/fr\/wp-json\/wp\/v2\/pages\/31693","targetHints":{"allow":["GET"]}}],"collection":[{"href":"https:\/\/www.sparcraft.com\/fr\/wp-json\/wp\/v2\/pages"}],"about":[{"href":"https:\/\/www.sparcraft.com\/fr\/wp-json\/wp\/v2\/types\/page"}],"author":[{"embeddable":true,"href":"https:\/\/www.sparcraft.com\/fr\/wp-json\/wp\/v2\/users\/2"}],"replies":[{"embeddable":true,"href":"https:\/\/www.sparcraft.com\/fr\/wp-json\/wp\/v2\/comments?post=31693"}],"version-history":[{"count":1,"href":"https:\/\/www.sparcraft.com\/fr\/wp-json\/wp\/v2\/pages\/31693\/revisions"}],"predecessor-version":[{"id":70033,"href":"https:\/\/www.sparcraft.com\/fr\/wp-json\/wp\/v2\/pages\/31693\/revisions\/70033"}],"wp:featuredmedia":[{"embeddable":true,"href":"https:\/\/www.sparcraft.com\/fr\/wp-json\/wp\/v2\/media\/31503"}],"wp:attachment":[{"href":"https:\/\/www.sparcraft.com\/fr\/wp-json\/wp\/v2\/media?parent=31693"}],"curies":[{"name":"wp","href":"https:\/\/api.w.org\/{rel}","templated":true}]}}