{"id":31691,"date":"2020-07-29T10:05:12","date_gmt":"2020-07-29T08:05:12","guid":{"rendered":"https:\/\/www.sparcraft.com\/a-propos\/"},"modified":"2024-03-29T12:02:50","modified_gmt":"2024-03-29T11:02:50","slug":"a-propos","status":"publish","type":"page","link":"https:\/\/www.sparcraft.com\/fr\/a-propos\/","title":{"rendered":"\u00c0 Propos"},"content":{"rendered":"\n<style type=\"text\/css\" data-created_by=\"avia_inline_auto\" id=\"style-css-av-2qzpry-76c1fec0a15103334ffc35dd29c65c41\">\n.flex_column.av-2qzpry-76c1fec0a15103334ffc35dd29c65c41{\nborder-radius:0px 0px 0px 0px;\npadding:0px 0px 0px 0px;\n}\n<\/style>\n<div  class='flex_column av-2qzpry-76c1fec0a15103334ffc35dd29c65c41 av_one_half  avia-builder-el-0  el_before_av_one_half  avia-builder-el-first  first flex_column_div av-zero-column-padding  '     ><section  class='av_textblock_section av-kb9e5tqp-708bfe254a718f2dc1aab1dfc0f4112d '   itemscope=\"itemscope\" itemtype=\"https:\/\/schema.org\/CreativeWork\" ><div class='avia_textblock'  itemprop=\"text\" ><h4 align=\"justify\"><span style=\"color: #022972;\"><strong>Depuis\u00a01962, la marque Sparcraft symbolise l&rsquo;excellence et l&rsquo;innovation techniques dans l&rsquo;industrie nautique, se sp\u00e9cialisant dans la recherche, la conception et la fabrication des m\u00e2ts, b\u00f4mes et gr\u00e9ements de haute qualit\u00e9.<\/strong><\/span><\/h4>\n<h2><span style=\"color: #022972;\">\u00a0<\/span><\/h2>\n<\/div><\/section><br \/>\n<div  class='hr av-2nzh66-cb7752610281b64d9bf9f2660449e075 hr-default  avia-builder-el-2  el_after_av_textblock  el_before_av_textblock '><span class='hr-inner '><span class=\"hr-inner-style\"><\/span><\/span><\/div><br \/>\n<section  class='av_textblock_section av-kb9e4amh-c643a3e32e3c97de727e83014cf2c7f3 '   itemscope=\"itemscope\" itemtype=\"https:\/\/schema.org\/CreativeWork\" ><div class='avia_textblock'  itemprop=\"text\" ><h2><em><span style=\"color: #022972;\">Capacit\u00e9s de production importantes<br \/>\n<\/span><\/em><\/h2>\n<\/div><\/section><br \/>\n\n<style type=\"text\/css\" data-created_by=\"avia_inline_auto\" id=\"style-css-av-kb9e4amh-3-b622f81dcab32f9e127b5b0d8e1e696d\">\n#top .av_textblock_section.av-kb9e4amh-3-b622f81dcab32f9e127b5b0d8e1e696d .avia_textblock{\ncolor:#005299;\n}\n<\/style>\n<section  class='av_textblock_section av-kb9e4amh-3-b622f81dcab32f9e127b5b0d8e1e696d '   itemscope=\"itemscope\" itemtype=\"https:\/\/schema.org\/CreativeWork\" ><div class='avia_textblock av_inherit_color'  itemprop=\"text\" ><p style=\"text-align: right;\"><img loading=\"lazy\" decoding=\"async\" class=\"wp-image-2138 alignright\" src=\"https:\/\/www.facnor.fr\/wp-content\/uploads\/2020\/09\/France.png\" alt=\"\" width=\"39\" height=\"26\" \/><\/p>\n<p align=\"justify\">Sparcraft dispose de capacit\u00e9s de production importantes gr\u00e2ce \u00e0 des moyens d&rsquo;\u00e9tudes et de fabrication int\u00e9gr\u00e9s, des \u00e9quipes exp\u00e9riment\u00e9es et <strong>trois sites de fabrication<\/strong> : La Rochelle; St Vaast-la-Hougue; Charlotte NC USA. Sparcraft b\u00e9n\u00e9ficie \u00e9galement de la synergie d\u00e9velopp\u00e9e au sein du <a href=\"https:\/\/www.sparcraft.com\/fr\/a-propos-de-wichard-group\/\"><span style=\"color: #005299;\">Groupe Wichard<\/span><\/a> (depuis 2013) et notamment de l&rsquo;arriv\u00e9e dans le groupe de filiales sp\u00e9cialis\u00e9es dans le carbone : Lorima (Lorient) puis r\u00e9cemment Axxon ( <span class=\"YhemCb\">Bra\u0219ov, Roumanie<\/span>)<\/p>\n<p style=\"text-align: right;\"><a href=\"https:\/\/www.sparcraft.com\/fr\/nos-references\/\"><span style=\"color: #005299;\">Voir l&rsquo;historique de Sparcraft<\/span><\/a><\/p>\n<\/div><\/section><br \/>\n<section  class='av_textblock_section av-kb9e5tqp-4-e66a34a6ecf0b9bc2f517c4c0dc93b73 '   itemscope=\"itemscope\" itemtype=\"https:\/\/schema.org\/CreativeWork\" ><div class='avia_textblock'  itemprop=\"text\" ><h4 align=\"justify\"><span style=\"color: #005299;\"><strong>D\u00e9veloppement<\/strong><\/span><\/h4>\n<ul>\n<li>Des capacit\u00e9s de production importantes<\/li>\n<li>3\u00a0sites de production<\/li>\n<li>Des cuves d\u2019anodisation les plus longues d\u2019Europe<\/li>\n<li>D\u00e9coupe au plasma<\/li>\n<li>Usinage 5 axes (jusqu&rsquo;\u00e0 22 m\u00e8tres)<\/li>\n<li>Usinage num\u00e9rique<\/li>\n<\/ul>\n<\/div><\/section><br \/>\n<section  class='av_textblock_section av-lbavyl2t-567ae1eaf79724e4ba32176192cf184b '   itemscope=\"itemscope\" itemtype=\"https:\/\/schema.org\/CreativeWork\" ><div class='avia_textblock'  itemprop=\"text\" ><h4 align=\"justify\"><span style=\"color: #005299;\"><strong>Mieux nous conna\u00eetre<br \/>\n<\/strong><\/span><\/h4>\n<\/div><\/section><br \/>\n\n<style type=\"text\/css\" data-created_by=\"avia_inline_auto\" id=\"style-css-av-lbavnaxn-35af4d62e2cfb415ef01beba5504ff65\">\n.av-icon-circles-container.av-lbavnaxn-35af4d62e2cfb415ef01beba5504ff65 .avia-icon-circles-inner{\ntransform:rotate(10deg);\n}\n.av-icon-circles-container.av-lbavnaxn-35af4d62e2cfb415ef01beba5504ff65.avia_start_animation .avia-icon-circles-icon{\ntransform:rotate(-10deg) !important;\n}\n.av-icon-circles-container.av-lbavnaxn-35af4d62e2cfb415ef01beba5504ff65 .avia-icon-circles-icon-text{\ntransform:rotate(-10deg);\n}\n.av-icon-circles-container.av-lbavnaxn-35af4d62e2cfb415ef01beba5504ff65 .avia-icon-circles-icon-1{\ntransform:translate(0px,250px);\nleft:50%;\ntop:0%;\n}\n.av-icon-circles-container.av-lbavnaxn-35af4d62e2cfb415ef01beba5504ff65.avia_start_animation .avia-icon-circles-icon-1{\ntransform:translate(0px,0px);\nopacity:1;\ntransition-delay:1s;\n}\n.av-icon-circles-container.av-lbavnaxn-35af4d62e2cfb415ef01beba5504ff65 .avia-icon-circles-icon-2{\ntransform:translate(-216px,-124px);\nleft:93%;\ntop:74%;\n}\n.av-icon-circles-container.av-lbavnaxn-35af4d62e2cfb415ef01beba5504ff65.avia_start_animation .avia-icon-circles-icon-2{\ntransform:translate(0px,0px);\nopacity:1;\ntransition-delay:1.2s;\n}\n.av-icon-circles-container.av-lbavnaxn-35af4d62e2cfb415ef01beba5504ff65 .avia-icon-circles-icon-3{\ntransform:translate(216px,-125px);\nleft:6%;\ntop:75%;\n}\n.av-icon-circles-container.av-lbavnaxn-35af4d62e2cfb415ef01beba5504ff65.avia_start_animation .avia-icon-circles-icon-3{\ntransform:translate(0px,0px);\nopacity:1;\ntransition-delay:1.4s;\n}\n.av-icon-circles-container.av-lbavnaxn-35af4d62e2cfb415ef01beba5504ff65.avia_start_animation.avia_animation_finished .avia-icon-circles-icon{\ntransition-delay:0s;\n}\n<\/style>\n\n<style type=\"text\/css\" data-created_by=\"avia_inline_auto\" id=\"style-css-sub-av-lbavnaxn-35af4d62e2cfb415ef01beba5504ff65\">\n.av-icon-circles-container .avia-icon-circles-icon.av-lbavi8jn-4f1bdd4db3ca39727c4739cf2caf5659{\ncolor:#005299;\n}\n.av-icon-circles-container .avia-icon-circles-icon.av-lbavi8jn-4f1bdd4db3ca39727c4739cf2caf5659.avia-svg-icon svg:first-child{\nfill:#005299;\nstroke:#005299;\n}\n.av-icon-circles-container .avia-icon-circles-icon.av-lbavlp37-05529858f0a20a4b84c55c255b0e40b3{\ncolor:#005299;\n}\n.av-icon-circles-container .avia-icon-circles-icon.av-lbavlp37-05529858f0a20a4b84c55c255b0e40b3.avia-svg-icon svg:first-child{\nfill:#005299;\nstroke:#005299;\n}\n.av-icon-circles-container .avia-icon-circles-icon.av-lbavmoq4-782f403633553ad1ccb9720d5d68e7a8{\ncolor:#005299;\n}\n.av-icon-circles-container .avia-icon-circles-icon.av-lbavmoq4-782f403633553ad1ccb9720d5d68e7a8.avia-svg-icon svg:first-child{\nfill:#005299;\nstroke:#005299;\n}\n<\/style>\n<div class='av-icon-circles-container av-lbavnaxn-35af4d62e2cfb415ef01beba5504ff65 avia_animate_when_visible  avia-builder-el-7  el_after_av_textblock  avia-builder-el-last ' ><div class='avia-icon-circles-main-logo'  itemprop=\"image\" itemscope=\"itemscope\" itemtype=\"https:\/\/schema.org\/ImageObject\" ><img src='https:\/\/www.sparcraft.com\/wp-content\/uploads\/2022\/11\/sparcraft_slide1_2022-1030x343.jpg' alt='' title='sparcraft_slide1_2022'  itemprop=\"thumbnailUrl\"  \/><\/div><div class=\"avia-icon-circles-inner\"><a href='https:\/\/fr.linkedin.com\/company\/sparcraft'   class='avia-icon-circles-icon av-lbavi8jn-4f1bdd4db3ca39727c4739cf2caf5659 av-linked-icon avia-iconfont avia-font-entypo-fontello avia-icon-circles-icon-1' data-icon-circles-icon=\"1\" data-av_icon='\ue8fd' data-av_iconfont='entypo-fontello' ><\/a><div class='avia-icon-circles-icon-text av-lbavi8jn-4f1bdd4db3ca39727c4739cf2caf5659 avia-icon-circles-icon-text-1' data-icon-circles-text=\"1\"><div class=\"avia-icon-circles-icon-text-inner\"><div class=\"icon-title\">Rejoignez notre \u00e9quipe SPARCRAFT<\/div><div class=\"icon-description\"><p>Consulter nos annonces d\u2019emploi<\/p>\n<\/div><\/div><\/div><a href='https:\/\/www.linkedin.com\/company\/groupe-wichard'   class='avia-icon-circles-icon av-lbavlp37-05529858f0a20a4b84c55c255b0e40b3 av-linked-icon avia-iconfont avia-font-entypo-fontello avia-icon-circles-icon-2' data-icon-circles-icon=\"2\" data-av_icon='\ue8fd' data-av_iconfont='entypo-fontello' ><\/a><div class='avia-icon-circles-icon-text av-lbavlp37-05529858f0a20a4b84c55c255b0e40b3 avia-icon-circles-icon-text-2' data-icon-circles-text=\"2\"><div class=\"avia-icon-circles-icon-text-inner\"><div class=\"icon-title\">Rejoignez l\u2019\u00e9quipe du groupe Wichard<\/div><div class=\"icon-description\"><p>Consulter les offres du groupe Wichard<\/p>\n<\/div><\/div><\/div><a href='https:\/\/www.facebook.com\/sparcraftmastandrigging\/'   class='avia-icon-circles-icon av-lbavmoq4-782f403633553ad1ccb9720d5d68e7a8 av-linked-icon avia-iconfont avia-font-entypo-fontello avia-icon-circles-icon-3' data-icon-circles-icon=\"3\" data-av_icon='\ue8f4' data-av_iconfont='entypo-fontello' ><\/a><div class='avia-icon-circles-icon-text av-lbavmoq4-782f403633553ad1ccb9720d5d68e7a8 avia-icon-circles-icon-text-3' data-icon-circles-text=\"3\"><div class=\"avia-icon-circles-icon-text-inner\"><div class=\"icon-title\">Sparcraft sur nos r\u00e9seaux<\/div><div class=\"icon-description\"><p>Sparcraft sur nos r\u00e9seaux<\/p>\n<\/div><\/div><\/div><\/div><\/div><\/p><\/div>\n<style type=\"text\/css\" data-created_by=\"avia_inline_auto\" id=\"style-css-av-3hoktq-85936983d1bc6d2a260844daa8f4f86d\">\n.flex_column.av-3hoktq-85936983d1bc6d2a260844daa8f4f86d{\nborder-radius:0px 0px 0px 0px;\npadding:0px 0px 0px 0px;\n}\n<\/style>\n<div  class='flex_column av-3hoktq-85936983d1bc6d2a260844daa8f4f86d av_one_half  avia-builder-el-8  el_after_av_one_half  el_before_av_one_full  flex_column_div av-zero-column-padding  '     ><p><div  class='avia-video av-kb9e2iwh-c8adcae60355309e921c6ef86f1f95ae avia-video-16-9 av-no-preview-image avia-video-load-always av-lazyload-immediate av-lazyload-video-embed'  itemprop=\"video\" itemtype=\"https:\/\/schema.org\/VideoObject\"  data-original_url='https:\/\/youtu.be\/JUPj5Ters_U'><script type='text\/html' class='av-video-tmpl'><div class='avia-iframe-wrap'><iframe loading=\"lazy\" title=\"Sparcraft \/ Lorima collaboration on Figaro III\" width=\"1500\" height=\"844\" src=\"https:\/\/www.youtube.com\/embed\/JUPj5Ters_U?feature=oembed&autoplay=0&loop=0&controls=1&mute=0\" frameborder=\"0\" allow=\"accelerometer; autoplay; clipboard-write; encrypted-media; gyroscope; picture-in-picture\" allowfullscreen><\/iframe><\/div><\/script><div class='av-click-to-play-overlay'><div class=\"avia_playpause_icon\"><\/div><\/div><\/div><br \/>\n<section  class='av_textblock_section av-kb9e5tqp-2-90f56c40fbd346640eaf7b751c14e960 '   itemscope=\"itemscope\" itemtype=\"https:\/\/schema.org\/CreativeWork\" ><div class='avia_textblock'  itemprop=\"text\" ><p align=\"justify\"><strong><span style=\"color: #005299;\">L&rsquo;expertise\u00a0 des m\u00e2ts et gr\u00e9ements<\/span><br \/>\n<\/strong><\/p>\n<ul>\n<li>Une exp\u00e9rience de plus de\u00a050 ans;<\/li>\n<li>Une \u00e9quipe d\u2019ing\u00e9nieurs et techniciens qualifi\u00e9s et comp\u00e9tents en m\u00e9tallurgie et en composite;<\/li>\n<li>Des logiciels performants en\u00a0CAO et une base de donn\u00e9es\u00a0\u00e9tendue et reconnue;<\/li>\n<li>Un r\u00e9seau commercial international.<\/li>\n<\/ul>\n<\/div><\/section><br \/>\n<div  class='hr av-3np9r2-72e52a5eaafe956f8f6ae1a0dfd13c45 hr-default  avia-builder-el-11  el_after_av_textblock  el_before_av_textblock '><span class='hr-inner '><span class=\"hr-inner-style\"><\/span><\/span><\/div><br \/>\n<section  class='av_textblock_section av-kb9e5tqp-1-0ccbde4d011dda4c6621d9079500a82f '   itemscope=\"itemscope\" itemtype=\"https:\/\/schema.org\/CreativeWork\" ><div class='avia_textblock'  itemprop=\"text\" ><h2><span style=\"color: #005299;\"><strong>Service clients<\/strong><\/span><\/h2>\n<p><span class=\"txtcontenu\">Les produits Sparcraft sont choisis avec confiance par les plus grands chantiers et soci\u00e9t\u00e9s de charter au monde. <strong>Ce rayonnement international est \u00e9tay\u00e9 par un r\u00e9seau important de distributeurs<\/strong>.<\/span><\/p>\n<p><strong>&gt;<\/strong> Un r\u00e9seau commercial international offrant un service apr\u00e8s-vente rapide et efficace dans 35 pays;<br \/>\n<strong>&gt; <\/strong>Une \u00e9quipe de navigants aptes \u00e0 vous conseiller au mieux ;<br \/>\n<strong>&gt;<\/strong> Un r\u00e9seau \u00e9tendu de professionnels sur les c\u00f4tes Fran\u00e7aises (points service Sparcraft).<\/p>\n<p style=\"text-align: right;\"><a href=\"https:\/\/www.sparcraft.com\/revendeurs\/\"><span style=\"color: #005299;\">Voir R\u00e9seau d&rsquo;agents Sparcraft France<\/span><\/a><\/p>\n<p><img loading=\"lazy\" decoding=\"async\" class=\"size-large wp-image-2131 aligncenter\" src=\"https:\/\/www.facnor.fr\/wp-content\/uploads\/2020\/09\/Revendeurs.jpg\" alt=\"\" width=\"1030\" height=\"385\" \/><\/p>\n<\/div><\/section><br \/>\n\n<style type=\"text\/css\" data-created_by=\"avia_inline_auto\" id=\"style-css-av-l8u70xd1-dc5824a2e2d8ca2b4fd6d52c9e5f284f\">\n.iconbox.av-l8u70xd1-dc5824a2e2d8ca2b4fd6d52c9e5f284f .iconbox_icon{\nbackground-color:#09afd0;\ncolor:#ffffff;\n}\n.iconbox.av-l8u70xd1-dc5824a2e2d8ca2b4fd6d52c9e5f284f .iconbox_icon.avia-svg-icon svg:first-child{\nfill:#ffffff;\nstroke:#ffffff;\n}\n#top #wrap_all .iconbox.av-l8u70xd1-dc5824a2e2d8ca2b4fd6d52c9e5f284f .iconbox_content_title{\ncolor:#005299;\n}\n.iconbox.av-l8u70xd1-dc5824a2e2d8ca2b4fd6d52c9e5f284f .iconbox_content_container{\ncolor:#09afd0;\n}\n<\/style>\n<article  class='iconbox iconbox_top av-l8u70xd1-dc5824a2e2d8ca2b4fd6d52c9e5f284f  avia-builder-el-13  el_after_av_textblock  avia-builder-el-last  main_color'  itemscope=\"itemscope\" itemtype=\"https:\/\/schema.org\/CreativeWork\" ><div class=\"iconbox_content\"><header class=\"entry-content-header\" aria-label=\"Ic\u00f4ne : FICHE\"><a href='https:\/\/www.sparcraft.com\/wp-content\/uploads\/2022\/10\/Presentation_catalogue_spar_2022_lgt_ultra.pdf' title='FICHE' aria-label='FICHE'  target=\"_blank\"  rel=\"noopener noreferrer\" class='iconbox_icon heading-color avia-iconfont avia-font-entypo-fontello' data-av_icon='\ue81e' data-av_iconfont='entypo-fontello' title=\"FICHE\" desc=\"FICHE\" ><\/a><h3 class='iconbox_content_title '  itemprop=\"headline\" ><a href='https:\/\/www.sparcraft.com\/wp-content\/uploads\/2022\/10\/Presentation_catalogue_spar_2022_lgt_ultra.pdf' title='FICHE'  target=\"_blank\"  rel=\"noopener noreferrer\">FICHE<\/a><\/h3><\/header><div class='iconbox_content_container av_inherit_color'  itemprop=\"text\" ><p>Pr\u00e9sentation Sparcraft<\/p>\n<\/div><\/div><footer class=\"entry-footer\"><\/footer><\/article><\/p><\/div><\/p>\n\n<style type=\"text\/css\" data-created_by=\"avia_inline_auto\" id=\"style-css-av-eufo7-4e80f01e91adeb4483d457fbb972545b\">\n.flex_column.av-eufo7-4e80f01e91adeb4483d457fbb972545b{\nborder-radius:0px 0px 0px 0px;\npadding:0px 0px 0px 0px;\n}\n<\/style>\n<div  class='flex_column av-eufo7-4e80f01e91adeb4483d457fbb972545b av_one_full  avia-builder-el-14  el_after_av_one_half  el_before_av_one_half  first flex_column_div av-zero-column-padding  column-top-margin'     ><p>\n<style type=\"text\/css\" data-created_by=\"avia_inline_auto\" id=\"style-css-av-8q7fj-77461bac6bee4950324fe4790606bfeb\">\n#top .av-special-heading.av-8q7fj-77461bac6bee4950324fe4790606bfeb{\npadding-bottom:3px;\ncolor:#022972;\n}\nbody .av-special-heading.av-8q7fj-77461bac6bee4950324fe4790606bfeb .av-special-heading-tag .heading-char{\nfont-size:25px;\n}\n.av-special-heading.av-8q7fj-77461bac6bee4950324fe4790606bfeb .special-heading-inner-border{\nborder-color:#022972;\n}\n.av-special-heading.av-8q7fj-77461bac6bee4950324fe4790606bfeb .av-subheading{\nfont-size:15px;\n}\n\n@media only screen and (min-width: 768px) and (max-width: 989px){ \n#top #wrap_all .av-special-heading.av-8q7fj-77461bac6bee4950324fe4790606bfeb .av-special-heading-tag{\nfont-size:12px;\n}\n}\n<\/style>\n<div  class='av-special-heading av-8q7fj-77461bac6bee4950324fe4790606bfeb av-special-heading-h3 custom-color-heading  avia-builder-el-15  el_before_av_social_share  avia-builder-el-first  av-linked-heading'><h3 class='av-special-heading-tag '  itemprop=\"headline\"  >PARTAGEZ LE CONTENU DE CETTE PAGE<\/h3><div class=\"special-heading-border\"><div class=\"special-heading-inner-border\"><\/div><\/div><\/div><br \/>\n<div  class='av-social-sharing-box av-jxugcbjf-1b1b753827f0a4b17bd435b61c5d3eb0 av-social-sharing-box-default  avia-builder-el-16  el_after_av_heading  avia-builder-el-last  av-social-sharing-box-fullwidth'><div class=\"av-share-box\"><ul class=\"av-share-box-list noLightbox\"><li class='av-share-link av-social-link-facebook avia_social_iconfont' ><a target=\"_blank\" aria-label=\"Partager sur Facebook\" href='https:\/\/www.facebook.com\/sharer.php?u=https:\/\/www.sparcraft.com\/fr\/a-propos\/&#038;t=%C3%80%20Propos' data-av_icon='\ue8f3' data-av_iconfont='entypo-fontello'  title='' data-avia-related-tooltip='Partager sur Facebook'><span class='avia_hidden_link_text'>Partager sur Facebook<\/span><\/a><\/li><li class='av-share-link av-social-link-twitter avia_social_iconfont' ><a target=\"_blank\" aria-label=\"Partager sur X\" href='https:\/\/twitter.com\/share?text=%C3%80%20Propos&#038;url=https:\/\/www.sparcraft.com\/fr\/?p=31691' data-av_icon='\ue932' data-av_iconfont='entypo-fontello'  title='' data-avia-related-tooltip='Partager sur X'><span class='avia_hidden_link_text'>Partager sur X<\/span><\/a><\/li><li class='av-share-link av-social-link-linkedin avia_social_iconfont' ><a target=\"_blank\" aria-label=\"Partager sur LinkedIn\" href='https:\/\/linkedin.com\/shareArticle?mini=true&#038;title=%C3%80%20Propos&#038;url=https:\/\/www.sparcraft.com\/fr\/a-propos\/' data-av_icon='\ue8fc' data-av_iconfont='entypo-fontello'  title='' data-avia-related-tooltip='Partager sur LinkedIn'><span class='avia_hidden_link_text'>Partager sur LinkedIn<\/span><\/a><\/li><li class='av-share-link av-social-link-mail avia_social_iconfont' ><a  aria-label=\"Partager par Mail\" href='mailto:?subject=%C3%80%20Propos&#038;body=https:\/\/www.sparcraft.com\/fr\/a-propos\/' data-av_icon='\ue805' data-av_iconfont='entypo-fontello'  title='' data-avia-related-tooltip='Partager par Mail'><span class='avia_hidden_link_text'>Partager par Mail<\/span><\/a><\/li><\/ul><\/div><\/div><\/p><\/div>\n\n<style type=\"text\/css\" data-created_by=\"avia_inline_auto\" id=\"style-css-av-mqu1zw-03f6327613e36882618c5710515cc4c3\">\n.flex_column.av-mqu1zw-03f6327613e36882618c5710515cc4c3{\nborder-radius:0px 0px 0px 0px;\npadding:0px 0px 0px 0px;\n}\n<\/style>\n<div  class='flex_column av-mqu1zw-03f6327613e36882618c5710515cc4c3 av_one_half  avia-builder-el-17  el_after_av_one_full  avia-builder-el-last  first flex_column_div av-zero-column-padding  column-top-margin'     ><\/div>\n","protected":false},"excerpt":{"rendered":"","protected":false},"author":2,"featured_media":0,"parent":0,"menu_order":40,"comment_status":"closed","ping_status":"closed","template":"","meta":{"footnotes":""},"class_list":["post-31691","page","type-page","status-publish","hentry"],"yoast_head":"<!-- This site is optimized with the Yoast SEO plugin v27.4 - https:\/\/yoast.com\/product\/yoast-seo-wordpress\/ -->\n<title>\u00c0 Propos - Sparcraft<\/title>\n<meta name=\"description\" content=\"\u00e0 propos de Sparcraft, entreprise fran\u00e7aise concepteur et fabricant de m\u00e2ts aluminium\" \/>\n<meta name=\"robots\" content=\"index, follow, max-snippet:-1, max-image-preview:large, max-video-preview:-1\" \/>\n<link rel=\"canonical\" href=\"https:\/\/www.sparcraft.com\/fr\/a-propos\/\" \/>\n<meta property=\"og:locale\" content=\"fr_FR\" \/>\n<meta property=\"og:type\" content=\"article\" \/>\n<meta property=\"og:title\" content=\"\u00c0 Propos - Sparcraft\" \/>\n<meta property=\"og:description\" content=\"\u00e0 propos de Sparcraft, entreprise fran\u00e7aise concepteur et fabricant de m\u00e2ts aluminium\" \/>\n<meta property=\"og:url\" content=\"https:\/\/www.sparcraft.com\/fr\/a-propos\/\" \/>\n<meta property=\"og:site_name\" content=\"Sparcraft\" \/>\n<meta property=\"article:modified_time\" content=\"2024-03-29T11:02:50+00:00\" \/>\n<meta property=\"og:image\" content=\"https:\/\/www.facnor.fr\/wp-content\/uploads\/2020\/09\/France.png\" \/>\n<meta name=\"twitter:card\" content=\"summary_large_image\" \/>\n<meta name=\"twitter:label1\" content=\"Dur\u00e9e de lecture estim\u00e9e\" \/>\n\t<meta name=\"twitter:data1\" content=\"5 minutes\" \/>\n<script type=\"application\/ld+json\" class=\"yoast-schema-graph\">{\"@context\":\"https:\\\/\\\/schema.org\",\"@graph\":[{\"@type\":\"WebPage\",\"@id\":\"https:\\\/\\\/www.sparcraft.com\\\/fr\\\/a-propos\\\/\",\"url\":\"https:\\\/\\\/www.sparcraft.com\\\/fr\\\/a-propos\\\/\",\"name\":\"\u00c0 Propos - Sparcraft\",\"isPartOf\":{\"@id\":\"https:\\\/\\\/www.sparcraft.com\\\/fr\\\/#website\"},\"primaryImageOfPage\":{\"@id\":\"https:\\\/\\\/www.sparcraft.com\\\/fr\\\/a-propos\\\/#primaryimage\"},\"image\":{\"@id\":\"https:\\\/\\\/www.sparcraft.com\\\/fr\\\/a-propos\\\/#primaryimage\"},\"thumbnailUrl\":\"https:\\\/\\\/www.facnor.fr\\\/wp-content\\\/uploads\\\/2020\\\/09\\\/France.png\",\"datePublished\":\"2020-07-29T08:05:12+00:00\",\"dateModified\":\"2024-03-29T11:02:50+00:00\",\"description\":\"\u00e0 propos de Sparcraft, entreprise fran\u00e7aise concepteur et fabricant de m\u00e2ts aluminium\",\"inLanguage\":\"fr-FR\",\"potentialAction\":[{\"@type\":\"ReadAction\",\"target\":[\"https:\\\/\\\/www.sparcraft.com\\\/fr\\\/a-propos\\\/\"]}]},{\"@type\":\"ImageObject\",\"inLanguage\":\"fr-FR\",\"@id\":\"https:\\\/\\\/www.sparcraft.com\\\/fr\\\/a-propos\\\/#primaryimage\",\"url\":\"https:\\\/\\\/www.facnor.fr\\\/wp-content\\\/uploads\\\/2020\\\/09\\\/France.png\",\"contentUrl\":\"https:\\\/\\\/www.facnor.fr\\\/wp-content\\\/uploads\\\/2020\\\/09\\\/France.png\"},{\"@type\":\"WebSite\",\"@id\":\"https:\\\/\\\/www.sparcraft.com\\\/fr\\\/#website\",\"url\":\"https:\\\/\\\/www.sparcraft.com\\\/fr\\\/\",\"name\":\"Sparcraft\",\"description\":\"Mast &amp; Rigging\",\"potentialAction\":[{\"@type\":\"SearchAction\",\"target\":{\"@type\":\"EntryPoint\",\"urlTemplate\":\"https:\\\/\\\/www.sparcraft.com\\\/fr\\\/?s={search_term_string}\"},\"query-input\":{\"@type\":\"PropertyValueSpecification\",\"valueRequired\":true,\"valueName\":\"search_term_string\"}}],\"inLanguage\":\"fr-FR\"}]}<\/script>\n<!-- \/ Yoast SEO plugin. -->","yoast_head_json":{"title":"\u00c0 Propos - Sparcraft","description":"\u00e0 propos de Sparcraft, entreprise fran\u00e7aise concepteur et fabricant de m\u00e2ts aluminium","robots":{"index":"index","follow":"follow","max-snippet":"max-snippet:-1","max-image-preview":"max-image-preview:large","max-video-preview":"max-video-preview:-1"},"canonical":"https:\/\/www.sparcraft.com\/fr\/a-propos\/","og_locale":"fr_FR","og_type":"article","og_title":"\u00c0 Propos - Sparcraft","og_description":"\u00e0 propos de Sparcraft, entreprise fran\u00e7aise concepteur et fabricant de m\u00e2ts aluminium","og_url":"https:\/\/www.sparcraft.com\/fr\/a-propos\/","og_site_name":"Sparcraft","article_modified_time":"2024-03-29T11:02:50+00:00","og_image":[{"url":"https:\/\/www.facnor.fr\/wp-content\/uploads\/2020\/09\/France.png","type":"","width":"","height":""}],"twitter_card":"summary_large_image","twitter_misc":{"Dur\u00e9e de lecture estim\u00e9e":"5 minutes"},"schema":{"@context":"https:\/\/schema.org","@graph":[{"@type":"WebPage","@id":"https:\/\/www.sparcraft.com\/fr\/a-propos\/","url":"https:\/\/www.sparcraft.com\/fr\/a-propos\/","name":"\u00c0 Propos - Sparcraft","isPartOf":{"@id":"https:\/\/www.sparcraft.com\/fr\/#website"},"primaryImageOfPage":{"@id":"https:\/\/www.sparcraft.com\/fr\/a-propos\/#primaryimage"},"image":{"@id":"https:\/\/www.sparcraft.com\/fr\/a-propos\/#primaryimage"},"thumbnailUrl":"https:\/\/www.facnor.fr\/wp-content\/uploads\/2020\/09\/France.png","datePublished":"2020-07-29T08:05:12+00:00","dateModified":"2024-03-29T11:02:50+00:00","description":"\u00e0 propos de Sparcraft, entreprise fran\u00e7aise concepteur et fabricant de m\u00e2ts aluminium","inLanguage":"fr-FR","potentialAction":[{"@type":"ReadAction","target":["https:\/\/www.sparcraft.com\/fr\/a-propos\/"]}]},{"@type":"ImageObject","inLanguage":"fr-FR","@id":"https:\/\/www.sparcraft.com\/fr\/a-propos\/#primaryimage","url":"https:\/\/www.facnor.fr\/wp-content\/uploads\/2020\/09\/France.png","contentUrl":"https:\/\/www.facnor.fr\/wp-content\/uploads\/2020\/09\/France.png"},{"@type":"WebSite","@id":"https:\/\/www.sparcraft.com\/fr\/#website","url":"https:\/\/www.sparcraft.com\/fr\/","name":"Sparcraft","description":"Mast &amp; Rigging","potentialAction":[{"@type":"SearchAction","target":{"@type":"EntryPoint","urlTemplate":"https:\/\/www.sparcraft.com\/fr\/?s={search_term_string}"},"query-input":{"@type":"PropertyValueSpecification","valueRequired":true,"valueName":"search_term_string"}}],"inLanguage":"fr-FR"}]}},"_links":{"self":[{"href":"https:\/\/www.sparcraft.com\/fr\/wp-json\/wp\/v2\/pages\/31691","targetHints":{"allow":["GET"]}}],"collection":[{"href":"https:\/\/www.sparcraft.com\/fr\/wp-json\/wp\/v2\/pages"}],"about":[{"href":"https:\/\/www.sparcraft.com\/fr\/wp-json\/wp\/v2\/types\/page"}],"author":[{"embeddable":true,"href":"https:\/\/www.sparcraft.com\/fr\/wp-json\/wp\/v2\/users\/2"}],"replies":[{"embeddable":true,"href":"https:\/\/www.sparcraft.com\/fr\/wp-json\/wp\/v2\/comments?post=31691"}],"version-history":[{"count":0,"href":"https:\/\/www.sparcraft.com\/fr\/wp-json\/wp\/v2\/pages\/31691\/revisions"}],"wp:attachment":[{"href":"https:\/\/www.sparcraft.com\/fr\/wp-json\/wp\/v2\/media?parent=31691"}],"curies":[{"name":"wp","href":"https:\/\/api.w.org\/{rel}","templated":true}]}}