{"id":31667,"date":"2020-07-29T12:15:28","date_gmt":"2020-07-29T10:15:28","guid":{"rendered":"https:\/\/www.sparcraft.com\/differentes-configurations-ancrages\/"},"modified":"2023-03-20T10:17:18","modified_gmt":"2023-03-20T09:17:18","slug":"differentes-configurations-ancrages","status":"publish","type":"page","link":"https:\/\/www.sparcraft.com\/fr\/mats-sparcraft\/ancrages-internes-et-externes\/differentes-configurations-ancrages\/","title":{"rendered":"Les diff\u00e9rentes configurations"},"content":{"rendered":"\n<style type=\"text\/css\" data-created_by=\"avia_inline_auto\" id=\"style-css-av-2j28am-83874d5655e8ebc6c845ac842c4855c9\">\n.flex_column.av-2j28am-83874d5655e8ebc6c845ac842c4855c9{\nborder-radius:0px 0px 0px 0px;\npadding:0px 0px 0px 0px;\n}\n<\/style>\n<div  class='flex_column av-2j28am-83874d5655e8ebc6c845ac842c4855c9 av_one_full  avia-builder-el-0  el_before_av_one_full  avia-builder-el-first  first flex_column_div av-zero-column-padding  '     ><section  class='av_textblock_section av-kt8rcta6-d851e32b25c69bc3aa9ee80f47a395a5 '   itemscope=\"itemscope\" itemtype=\"https:\/\/schema.org\/CreativeWork\" ><div class='avia_textblock'  itemprop=\"text\" ><h2><span style=\"color: #022972;\"><strong>Les diff\u00e9rentes configurations d&rsquo;ancrages : ferrures d&rsquo;\u00e9tai fixes ou largables, pour gr\u00e9ement en t\u00eate ou pour gr\u00e9ement fractionn\u00e9, coquilles et capelages ext\u00e9rieurs&#8230;<br \/>\n<\/strong><\/span><\/h2>\n<\/div><\/section><\/div>\n\n<style type=\"text\/css\" data-created_by=\"avia_inline_auto\" id=\"style-css-av-2fs8ly-8ff3931df231634e1b95eb8e07650ecf\">\n.flex_column.av-2fs8ly-8ff3931df231634e1b95eb8e07650ecf{\nborder-radius:0px 0px 0px 0px;\npadding:0px 0px 0px 0px;\n}\n<\/style>\n<div  class='flex_column av-2fs8ly-8ff3931df231634e1b95eb8e07650ecf av_one_full  avia-builder-el-2  el_after_av_one_full  el_before_av_one_full  first flex_column_div av-zero-column-padding  column-top-margin'     ><\/div>\n\n<style type=\"text\/css\" data-created_by=\"avia_inline_auto\" id=\"style-css-av-25090m-8f6f6c83117d7d96346e2892c4905446\">\n.flex_column.av-25090m-8f6f6c83117d7d96346e2892c4905446{\nborder-radius:0px 0px 0px 0px;\npadding:0px 0px 0px 0px;\n}\n<\/style>\n<div  class='flex_column av-25090m-8f6f6c83117d7d96346e2892c4905446 av_one_full  avia-builder-el-4  el_after_av_one_full  el_before_av_one_full  first flex_column_div av-zero-column-padding  column-top-margin'     ><div  class='avia-buttonrow-wrap av-1wkwhq-d95b0ea71ada073e2ee65c4e0cfd0f1d avia-buttonrow-center  avia-builder-el-5  avia-builder-el-no-sibling '>\n\n<style type=\"text\/css\" data-created_by=\"avia_inline_auto\" id=\"style-css-av-mtum-c0b3fd90785d966b3ebfbbd3ff661038\">\n#top #wrap_all .avia-button.av-mtum-c0b3fd90785d966b3ebfbbd3ff661038{\nbackground-color:#09afd0;\nborder-color:#09afd0;\ncolor:#ffffff;\ntransition:all 0.4s ease-in-out;\nmargin-bottom:5px;\nmargin-right:3px;\nmargin-left:3px;\n}\n#top #wrap_all .avia-button.av-mtum-c0b3fd90785d966b3ebfbbd3ff661038 .avia-svg-icon svg:first-child{\nfill:#ffffff;\nstroke:#ffffff;\n}\n<\/style>\n<a href=''  class='avia-button av-mtum-c0b3fd90785d966b3ebfbbd3ff661038 avia-icon_select-no avia-size-small'   aria-label=\"FERRURES D\u2019ANCRAGE \u00c9TAI OU BAS \u00c9TAI\"><span class='avia_iconbox_title' >FERRURES D\u2019ANCRAGE \u00c9TAI OU BAS \u00c9TAI<\/span><\/a>\n\n<style type=\"text\/css\" data-created_by=\"avia_inline_auto\" id=\"style-css-av-1m9b6e-94fff2bcf3353cc8e52fb2015a2bf7fd\">\n#top #wrap_all .avia-button.av-1m9b6e-94fff2bcf3353cc8e52fb2015a2bf7fd{\nbackground-color:#09afd0;\nborder-color:#09afd0;\ncolor:#ffffff;\ntransition:all 0.4s ease-in-out;\nmargin-bottom:5px;\nmargin-right:3px;\nmargin-left:3px;\n}\n#top #wrap_all .avia-button.av-1m9b6e-94fff2bcf3353cc8e52fb2015a2bf7fd .avia-svg-icon svg:first-child{\nfill:#ffffff;\nstroke:#ffffff;\n}\n<\/style>\n<a href=''  class='avia-button av-1m9b6e-94fff2bcf3353cc8e52fb2015a2bf7fd avia-icon_select-no avia-size-small'   aria-label=\"ANCRAGES LAT\u00c9RAUX\"><span class='avia_iconbox_title' >ANCRAGES LAT\u00c9RAUX<\/span><\/a>\n\n<style type=\"text\/css\" data-created_by=\"avia_inline_auto\" id=\"style-css-av-1ez2la-ab2aa5eeb413e2577fbb27281b9dcc4a\">\n#top #wrap_all .avia-button.av-1ez2la-ab2aa5eeb413e2577fbb27281b9dcc4a{\nbackground-color:#09afd0;\nborder-color:#09afd0;\ncolor:#ffffff;\ntransition:all 0.4s ease-in-out;\nmargin-bottom:5px;\nmargin-right:3px;\nmargin-left:3px;\n}\n#top #wrap_all .avia-button.av-1ez2la-ab2aa5eeb413e2577fbb27281b9dcc4a .avia-svg-icon svg:first-child{\nfill:#ffffff;\nstroke:#ffffff;\n}\n<\/style>\n<a href='https:\/\/www.sparcraft.com\/wp-content\/uploads\/2023\/02\/ancrages_spar_2023-24.pdf'  class='avia-button av-1ez2la-ab2aa5eeb413e2577fbb27281b9dcc4a avia-icon_select-no avia-size-small'  target=\"_blank\"  rel=\"noopener noreferrer\"  aria-label=\"FICHE PDF ANCRAGES\"><span class='avia_iconbox_title' >FICHE PDF ANCRAGES<\/span><\/a>\n\n<style type=\"text\/css\" data-created_by=\"avia_inline_auto\" id=\"style-css-av-yq5hq-f00639a8ae06ac226cd20139e720e168\">\n#top #wrap_all .avia-button.av-yq5hq-f00639a8ae06ac226cd20139e720e168{\nbackground-color:#09afd0;\nborder-color:#09afd0;\ncolor:#ffffff;\ntransition:all 0.4s ease-in-out;\nmargin-bottom:5px;\nmargin-right:3px;\nmargin-left:3px;\n}\n#top #wrap_all .avia-button.av-yq5hq-f00639a8ae06ac226cd20139e720e168 .avia-svg-icon svg:first-child{\nfill:#ffffff;\nstroke:#ffffff;\n}\n<\/style>\n<a href=''  class='avia-button av-yq5hq-f00639a8ae06ac226cd20139e720e168 avia-icon_select-yes-left-icon avia-size-small'   aria-label=\"CONTACTER UN REVENDEUR\"><span class='avia_button_icon avia_button_icon_left avia-iconfont avia-font-entypo-fontello' data-av_icon='\ue80b' data-av_iconfont='entypo-fontello' ><\/span><span class='avia_iconbox_title' >CONTACTER UN REVENDEUR<\/span><\/a>\n<\/div><\/div>\n\n<style type=\"text\/css\" data-created_by=\"avia_inline_auto\" id=\"style-css-av-sp14u-9514f15e2eabd6fe6528fef6aace1be5\">\n.flex_column.av-sp14u-9514f15e2eabd6fe6528fef6aace1be5{\nborder-radius:0px 0px 0px 0px;\npadding:0px 0px 0px 0px;\n}\n<\/style>\n<div  class='flex_column av-sp14u-9514f15e2eabd6fe6528fef6aace1be5 av_one_full  avia-builder-el-6  el_after_av_one_full  avia-builder-el-last  first flex_column_div av-zero-column-padding  column-top-margin'     ><p>\n<style type=\"text\/css\" data-created_by=\"avia_inline_auto\" id=\"style-css-av-j7x1i-b82d741d97860171b71c32de809b132f\">\n#top .av-special-heading.av-j7x1i-b82d741d97860171b71c32de809b132f{\npadding-bottom:3px;\ncolor:#022972;\n}\nbody .av-special-heading.av-j7x1i-b82d741d97860171b71c32de809b132f .av-special-heading-tag .heading-char{\nfont-size:25px;\n}\n.av-special-heading.av-j7x1i-b82d741d97860171b71c32de809b132f .special-heading-inner-border{\nborder-color:#022972;\n}\n.av-special-heading.av-j7x1i-b82d741d97860171b71c32de809b132f .av-subheading{\nfont-size:15px;\n}\n\n@media only screen and (min-width: 768px) and (max-width: 989px){ \n#top #wrap_all .av-special-heading.av-j7x1i-b82d741d97860171b71c32de809b132f .av-special-heading-tag{\nfont-size:12px;\n}\n}\n<\/style>\n<div  class='av-special-heading av-j7x1i-b82d741d97860171b71c32de809b132f av-special-heading-h3 custom-color-heading  avia-builder-el-7  el_before_av_social_share  avia-builder-el-first  av-linked-heading'><h3 class='av-special-heading-tag '  itemprop=\"headline\"  >PARTAGEZ LE CONTENU DE CETTE PAGE<\/h3><div class=\"special-heading-border\"><div class=\"special-heading-inner-border\"><\/div><\/div><\/div><br \/>\n<div  class='av-social-sharing-box av-ebwme-44860a9d8354ce3b67d9624cbe66d6e5 av-social-sharing-box-default  avia-builder-el-8  el_after_av_heading  avia-builder-el-last  av-social-sharing-box-fullwidth'><div class=\"av-share-box\"><ul class=\"av-share-box-list noLightbox\"><li class='av-share-link av-social-link-facebook avia_social_iconfont' ><a target=\"_blank\" aria-label=\"Partager sur Facebook\" href='https:\/\/www.facebook.com\/sharer.php?u=https:\/\/www.sparcraft.com\/fr\/mats-sparcraft\/ancrages-internes-et-externes\/differentes-configurations-ancrages\/&#038;t=Les%20diff%C3%A9rentes%20configurations' data-av_icon='\ue8f3' data-av_iconfont='entypo-fontello'  title='' data-avia-related-tooltip='Partager sur Facebook'><span class='avia_hidden_link_text'>Partager sur Facebook<\/span><\/a><\/li><li class='av-share-link av-social-link-twitter avia_social_iconfont' ><a target=\"_blank\" aria-label=\"Partager sur X\" href='https:\/\/twitter.com\/share?text=Les%20diff%C3%A9rentes%20configurations&#038;url=https:\/\/www.sparcraft.com\/fr\/?p=31667' data-av_icon='\ue932' data-av_iconfont='entypo-fontello'  title='' data-avia-related-tooltip='Partager sur X'><span class='avia_hidden_link_text'>Partager sur X<\/span><\/a><\/li><li class='av-share-link av-social-link-linkedin avia_social_iconfont' ><a target=\"_blank\" aria-label=\"Partager sur LinkedIn\" href='https:\/\/linkedin.com\/shareArticle?mini=true&#038;title=Les%20diff%C3%A9rentes%20configurations&#038;url=https:\/\/www.sparcraft.com\/fr\/mats-sparcraft\/ancrages-internes-et-externes\/differentes-configurations-ancrages\/' data-av_icon='\ue8fc' data-av_iconfont='entypo-fontello'  title='' data-avia-related-tooltip='Partager sur LinkedIn'><span class='avia_hidden_link_text'>Partager sur LinkedIn<\/span><\/a><\/li><li class='av-share-link av-social-link-mail avia_social_iconfont' ><a  aria-label=\"Partager par Mail\" href='mailto:?subject=Les%20diff%C3%A9rentes%20configurations&#038;body=https:\/\/www.sparcraft.com\/fr\/mats-sparcraft\/ancrages-internes-et-externes\/differentes-configurations-ancrages\/' data-av_icon='\ue805' data-av_iconfont='entypo-fontello'  title='' data-avia-related-tooltip='Partager par Mail'><span class='avia_hidden_link_text'>Partager par Mail<\/span><\/a><\/li><\/ul><\/div><\/div><\/p><\/div>\n","protected":false},"excerpt":{"rendered":"","protected":false},"author":2,"featured_media":0,"parent":31677,"menu_order":0,"comment_status":"closed","ping_status":"closed","template":"","meta":{"footnotes":""},"class_list":["post-31667","page","type-page","status-publish","hentry"],"yoast_head":"<!-- This site is optimized with the Yoast SEO plugin v27.6 - https:\/\/yoast.com\/product\/yoast-seo-wordpress\/ -->\n<title>Les diff\u00e9rentes configurations - Sparcraft<\/title>\n<meta name=\"description\" content=\"Diff\u00e9rentes configuration d&#039;ancrage internes ou externes Sparcraft\" \/>\n<meta name=\"robots\" content=\"index, follow, max-snippet:-1, max-image-preview:large, max-video-preview:-1\" \/>\n<link rel=\"canonical\" href=\"https:\/\/www.sparcraft.com\/fr\/mats-sparcraft\/ancrages-internes-et-externes\/differentes-configurations-ancrages\/\" \/>\n<meta property=\"og:locale\" content=\"fr_FR\" \/>\n<meta property=\"og:type\" content=\"article\" \/>\n<meta property=\"og:title\" content=\"Les diff\u00e9rentes configurations - Sparcraft\" \/>\n<meta property=\"og:description\" content=\"Diff\u00e9rentes configuration d&#039;ancrage internes ou externes Sparcraft\" \/>\n<meta property=\"og:url\" content=\"https:\/\/www.sparcraft.com\/fr\/mats-sparcraft\/ancrages-internes-et-externes\/differentes-configurations-ancrages\/\" \/>\n<meta property=\"og:site_name\" content=\"Sparcraft\" \/>\n<meta property=\"article:modified_time\" content=\"2023-03-20T09:17:18+00:00\" \/>\n<meta name=\"twitter:card\" content=\"summary_large_image\" \/>\n<meta name=\"twitter:label1\" content=\"Dur\u00e9e de lecture estim\u00e9e\" \/>\n\t<meta name=\"twitter:data1\" content=\"3 minutes\" \/>\n<script type=\"application\/ld+json\" class=\"yoast-schema-graph\">{\"@context\":\"https:\\\/\\\/schema.org\",\"@graph\":[{\"@type\":\"WebPage\",\"@id\":\"https:\\\/\\\/www.sparcraft.com\\\/fr\\\/mats-sparcraft\\\/ancrages-internes-et-externes\\\/differentes-configurations-ancrages\\\/\",\"url\":\"https:\\\/\\\/www.sparcraft.com\\\/fr\\\/mats-sparcraft\\\/ancrages-internes-et-externes\\\/differentes-configurations-ancrages\\\/\",\"name\":\"Les diff\u00e9rentes configurations - Sparcraft\",\"isPartOf\":{\"@id\":\"https:\\\/\\\/www.sparcraft.com\\\/fr\\\/#website\"},\"datePublished\":\"2020-07-29T10:15:28+00:00\",\"dateModified\":\"2023-03-20T09:17:18+00:00\",\"description\":\"Diff\u00e9rentes configuration d'ancrage internes ou externes Sparcraft\",\"breadcrumb\":{\"@id\":\"https:\\\/\\\/www.sparcraft.com\\\/fr\\\/mats-sparcraft\\\/ancrages-internes-et-externes\\\/differentes-configurations-ancrages\\\/#breadcrumb\"},\"inLanguage\":\"fr-FR\",\"potentialAction\":[{\"@type\":\"ReadAction\",\"target\":[\"https:\\\/\\\/www.sparcraft.com\\\/fr\\\/mats-sparcraft\\\/ancrages-internes-et-externes\\\/differentes-configurations-ancrages\\\/\"]}]},{\"@type\":\"BreadcrumbList\",\"@id\":\"https:\\\/\\\/www.sparcraft.com\\\/fr\\\/mats-sparcraft\\\/ancrages-internes-et-externes\\\/differentes-configurations-ancrages\\\/#breadcrumb\",\"itemListElement\":[{\"@type\":\"ListItem\",\"position\":1,\"name\":\"M\u00e2ts Sparcraft\",\"item\":\"https:\\\/\\\/www.sparcraft.com\\\/fr\\\/mats-sparcraft\\\/\"},{\"@type\":\"ListItem\",\"position\":2,\"name\":\"Ancrages internes &#038; externes\",\"item\":\"https:\\\/\\\/www.sparcraft.com\\\/fr\\\/mats-sparcraft\\\/ancrages-internes-et-externes\\\/\"},{\"@type\":\"ListItem\",\"position\":3,\"name\":\"Les diff\u00e9rentes configurations\"}]},{\"@type\":\"WebSite\",\"@id\":\"https:\\\/\\\/www.sparcraft.com\\\/fr\\\/#website\",\"url\":\"https:\\\/\\\/www.sparcraft.com\\\/fr\\\/\",\"name\":\"Sparcraft\",\"description\":\"Mast &amp; Rigging\",\"potentialAction\":[{\"@type\":\"SearchAction\",\"target\":{\"@type\":\"EntryPoint\",\"urlTemplate\":\"https:\\\/\\\/www.sparcraft.com\\\/fr\\\/?s={search_term_string}\"},\"query-input\":{\"@type\":\"PropertyValueSpecification\",\"valueRequired\":true,\"valueName\":\"search_term_string\"}}],\"inLanguage\":\"fr-FR\"}]}<\/script>\n<!-- \/ Yoast SEO plugin. -->","yoast_head_json":{"title":"Les diff\u00e9rentes configurations - Sparcraft","description":"Diff\u00e9rentes configuration d'ancrage internes ou externes Sparcraft","robots":{"index":"index","follow":"follow","max-snippet":"max-snippet:-1","max-image-preview":"max-image-preview:large","max-video-preview":"max-video-preview:-1"},"canonical":"https:\/\/www.sparcraft.com\/fr\/mats-sparcraft\/ancrages-internes-et-externes\/differentes-configurations-ancrages\/","og_locale":"fr_FR","og_type":"article","og_title":"Les diff\u00e9rentes configurations - Sparcraft","og_description":"Diff\u00e9rentes configuration d'ancrage internes ou externes Sparcraft","og_url":"https:\/\/www.sparcraft.com\/fr\/mats-sparcraft\/ancrages-internes-et-externes\/differentes-configurations-ancrages\/","og_site_name":"Sparcraft","article_modified_time":"2023-03-20T09:17:18+00:00","twitter_card":"summary_large_image","twitter_misc":{"Dur\u00e9e de lecture estim\u00e9e":"3 minutes"},"schema":{"@context":"https:\/\/schema.org","@graph":[{"@type":"WebPage","@id":"https:\/\/www.sparcraft.com\/fr\/mats-sparcraft\/ancrages-internes-et-externes\/differentes-configurations-ancrages\/","url":"https:\/\/www.sparcraft.com\/fr\/mats-sparcraft\/ancrages-internes-et-externes\/differentes-configurations-ancrages\/","name":"Les diff\u00e9rentes configurations - Sparcraft","isPartOf":{"@id":"https:\/\/www.sparcraft.com\/fr\/#website"},"datePublished":"2020-07-29T10:15:28+00:00","dateModified":"2023-03-20T09:17:18+00:00","description":"Diff\u00e9rentes configuration d'ancrage internes ou externes Sparcraft","breadcrumb":{"@id":"https:\/\/www.sparcraft.com\/fr\/mats-sparcraft\/ancrages-internes-et-externes\/differentes-configurations-ancrages\/#breadcrumb"},"inLanguage":"fr-FR","potentialAction":[{"@type":"ReadAction","target":["https:\/\/www.sparcraft.com\/fr\/mats-sparcraft\/ancrages-internes-et-externes\/differentes-configurations-ancrages\/"]}]},{"@type":"BreadcrumbList","@id":"https:\/\/www.sparcraft.com\/fr\/mats-sparcraft\/ancrages-internes-et-externes\/differentes-configurations-ancrages\/#breadcrumb","itemListElement":[{"@type":"ListItem","position":1,"name":"M\u00e2ts Sparcraft","item":"https:\/\/www.sparcraft.com\/fr\/mats-sparcraft\/"},{"@type":"ListItem","position":2,"name":"Ancrages internes &#038; externes","item":"https:\/\/www.sparcraft.com\/fr\/mats-sparcraft\/ancrages-internes-et-externes\/"},{"@type":"ListItem","position":3,"name":"Les diff\u00e9rentes configurations"}]},{"@type":"WebSite","@id":"https:\/\/www.sparcraft.com\/fr\/#website","url":"https:\/\/www.sparcraft.com\/fr\/","name":"Sparcraft","description":"Mast &amp; Rigging","potentialAction":[{"@type":"SearchAction","target":{"@type":"EntryPoint","urlTemplate":"https:\/\/www.sparcraft.com\/fr\/?s={search_term_string}"},"query-input":{"@type":"PropertyValueSpecification","valueRequired":true,"valueName":"search_term_string"}}],"inLanguage":"fr-FR"}]}},"_links":{"self":[{"href":"https:\/\/www.sparcraft.com\/fr\/wp-json\/wp\/v2\/pages\/31667","targetHints":{"allow":["GET"]}}],"collection":[{"href":"https:\/\/www.sparcraft.com\/fr\/wp-json\/wp\/v2\/pages"}],"about":[{"href":"https:\/\/www.sparcraft.com\/fr\/wp-json\/wp\/v2\/types\/page"}],"author":[{"embeddable":true,"href":"https:\/\/www.sparcraft.com\/fr\/wp-json\/wp\/v2\/users\/2"}],"replies":[{"embeddable":true,"href":"https:\/\/www.sparcraft.com\/fr\/wp-json\/wp\/v2\/comments?post=31667"}],"version-history":[{"count":0,"href":"https:\/\/www.sparcraft.com\/fr\/wp-json\/wp\/v2\/pages\/31667\/revisions"}],"up":[{"embeddable":true,"href":"https:\/\/www.sparcraft.com\/fr\/wp-json\/wp\/v2\/pages\/31677"}],"wp:attachment":[{"href":"https:\/\/www.sparcraft.com\/fr\/wp-json\/wp\/v2\/media?parent=31667"}],"curies":[{"name":"wp","href":"https:\/\/api.w.org\/{rel}","templated":true}]}}