{"id":31662,"date":"2020-07-29T12:19:10","date_gmt":"2020-07-29T10:19:10","guid":{"rendered":"https:\/\/www.sparcraft.com\/kits-complets-bdf\/"},"modified":"2023-05-24T15:44:50","modified_gmt":"2023-05-24T13:44:50","slug":"kits-complets-bdf","status":"publish","type":"page","link":"https:\/\/www.sparcraft.com\/fr\/mats-sparcraft\/barres-de-fleche\/kits-complets-bdf\/","title":{"rendered":"Kits complets"},"content":{"rendered":"\n<style type=\"text\/css\" data-created_by=\"avia_inline_auto\" id=\"style-css-av-57ra7f-d90a4d68ef898b157d9a1a16dccce675\">\n.flex_column.av-57ra7f-d90a4d68ef898b157d9a1a16dccce675{\nborder-radius:0px 0px 0px 0px;\npadding:0px 0px 0px 0px;\n}\n<\/style>\n<div  class='flex_column av-57ra7f-d90a4d68ef898b157d9a1a16dccce675 av_one_full  avia-builder-el-0  el_before_av_one_full  avia-builder-el-first  first flex_column_div av-zero-column-padding  '     ><p>\n<style type=\"text\/css\" data-created_by=\"avia_inline_auto\" id=\"style-css-av-ktcmljza-e5f50a047a91799c127329af492aab1e\">\n#top .av-special-heading.av-ktcmljza-e5f50a047a91799c127329af492aab1e{\npadding-bottom:3px;\ncolor:#022972;\n}\nbody .av-special-heading.av-ktcmljza-e5f50a047a91799c127329af492aab1e .av-special-heading-tag .heading-char{\nfont-size:25px;\n}\n.av-special-heading.av-ktcmljza-e5f50a047a91799c127329af492aab1e .special-heading-inner-border{\nborder-color:#022972;\n}\n.av-special-heading.av-ktcmljza-e5f50a047a91799c127329af492aab1e .av-subheading{\nfont-size:15px;\n}\n\n@media only screen and (min-width: 768px) and (max-width: 989px){ \n#top #wrap_all .av-special-heading.av-ktcmljza-e5f50a047a91799c127329af492aab1e .av-special-heading-tag{\nfont-size:12px;\n}\n}\n<\/style>\n<div  class='av-special-heading av-ktcmljza-e5f50a047a91799c127329af492aab1e av-special-heading-h3 custom-color-heading  avia-builder-el-1  el_before_av_textblock  avia-builder-el-first  av-linked-heading'><h3 class='av-special-heading-tag '  itemprop=\"headline\"  >BARRES DE FL\u00c8CHE AVEC EMBOUTS POUR MONTAGE STANDARD<\/h3><div class=\"special-heading-border\"><div class=\"special-heading-inner-border\"><\/div><\/div><\/div><br \/>\n<section  class='av_textblock_section av-ldmxjuk1-5f899159abecf96410c6ae9ae2c6eac7 '   itemscope=\"itemscope\" itemtype=\"https:\/\/schema.org\/CreativeWork\" ><div class='avia_textblock'  itemprop=\"text\" ><p><span style=\"color: #005299;\"><strong>&gt; kits de barre de fl\u00e8che avec embouts pour installation avec barreaux aluminium<br \/>\n<\/strong><\/span><\/p>\n<p><strong><span style=\"color: #005299;\">&gt; En cas de doute, consulter l&rsquo;\u00e9quipe Sparcraft<\/span><br \/>\n<\/strong><\/p>\n<\/div><\/section><br \/>\n<section  class='av_textblock_section av-ktd1p8qw-c60d12317a57dbc340d566405916bae5 '   itemscope=\"itemscope\" itemtype=\"https:\/\/schema.org\/CreativeWork\" ><div class='avia_textblock'  itemprop=\"text\" ><a href=\"https:\/\/www.sparcraft.com\/wp-content\/uploads\/2023\/02\/P3_BDF_nov2022_kit.pdf\" class=\"pdfemb-viewer\" style=\"width:800px;\" data-width=\"800\" data-height=\"max\" data-toolbar=\"bottom\" data-toolbar-fixed=\"off\">P3_BDF_nov2022_kit<\/a>\n<\/div><\/section><\/p><\/div>\n<style type=\"text\/css\" data-created_by=\"avia_inline_auto\" id=\"style-css-av-xla1v-2fc94d1da7ea8270410d2e46009e34f4\">\n.flex_column.av-xla1v-2fc94d1da7ea8270410d2e46009e34f4{\nborder-radius:0px 0px 0px 0px;\npadding:0px 0px 0px 0px;\n}\n<\/style>\n<div  class='flex_column av-xla1v-2fc94d1da7ea8270410d2e46009e34f4 av_one_full  avia-builder-el-4  el_after_av_one_full  el_before_av_one_full  first flex_column_div av-zero-column-padding  column-top-margin'     ><p>\n<style type=\"text\/css\" data-created_by=\"avia_inline_auto\" id=\"style-css-av-tkawz-b8e0914e28d0cbd89f74a5231fd8081c\">\n#top .av-special-heading.av-tkawz-b8e0914e28d0cbd89f74a5231fd8081c{\npadding-bottom:3px;\ncolor:#022972;\n}\nbody .av-special-heading.av-tkawz-b8e0914e28d0cbd89f74a5231fd8081c .av-special-heading-tag .heading-char{\nfont-size:25px;\n}\n.av-special-heading.av-tkawz-b8e0914e28d0cbd89f74a5231fd8081c .special-heading-inner-border{\nborder-color:#022972;\n}\n.av-special-heading.av-tkawz-b8e0914e28d0cbd89f74a5231fd8081c .av-subheading{\nfont-size:15px;\n}\n\n@media only screen and (min-width: 768px) and (max-width: 989px){ \n#top #wrap_all .av-special-heading.av-tkawz-b8e0914e28d0cbd89f74a5231fd8081c .av-special-heading-tag{\nfont-size:12px;\n}\n}\n<\/style>\n<div  class='av-special-heading av-tkawz-b8e0914e28d0cbd89f74a5231fd8081c av-special-heading-h3 custom-color-heading  avia-builder-el-5  el_before_av_textblock  avia-builder-el-first  av-linked-heading'><h3 class='av-special-heading-tag '  itemprop=\"headline\"  >BARREAUX <span class='special_amp'>&amp;<\/span> CONTRE-PLAQUES<\/h3><div class=\"special-heading-border\"><div class=\"special-heading-inner-border\"><\/div><\/div><\/div><br \/>\n<section  class='av_textblock_section av-g9i17-5215516eec716dc91f18f57c3905697b '   itemscope=\"itemscope\" itemtype=\"https:\/\/schema.org\/CreativeWork\" ><div class='avia_textblock'  itemprop=\"text\" ><a href=\"https:\/\/www.sparcraft.com\/wp-content\/uploads\/2022\/11\/catalogue_spar_2022_barreaux_montage_std.pdf\" class=\"pdfemb-viewer\" style=\"width:800px;\" data-width=\"800\" data-height=\"max\" data-toolbar=\"bottom\" data-toolbar-fixed=\"off\">catalogue_spar_2022_barreaux_montage_std<\/a>\n<\/div><\/section><br \/>\n<section  class='av_textblock_section av-b0pqj-66cdb5a4f23fc7e901166bdf7ba347d8 '   itemscope=\"itemscope\" itemtype=\"https:\/\/schema.org\/CreativeWork\" ><div class='avia_textblock'  itemprop=\"text\" ><p><strong><span style=\"color: #005299;\">A. <\/span><\/strong><span style=\"color: #005299;\">Barreau seul<\/span><strong><span style=\"color: #005299;\"> \u00a0\u00a0 B. <\/span><\/strong><span style=\"color: #005299;\">Cache complet \u00a0\u00a0 <\/span><strong><span style=\"color: #005299;\">C. <\/span><\/strong><span style=\"color: #005299;\">Contre-plaque\u00a0<\/span><strong><span style=\"color: #005299;\"> \u00a0 D. <\/span><\/strong><span style=\"color: #005299;\">Rivet<\/span><strong><span style=\"color: #005299;\"> \u00a0\u00a0 E. <\/span><\/strong><span style=\"color: #005299;\">Axe \u00e9paul\u00e9<\/span><strong><span style=\"color: #005299;\"> \u00a0\u00a0 F. <\/span><\/strong><span style=\"color: #005299;\">Rondelle<\/span><strong><span style=\"color: #005299;\"> \u00a0\u00a0 G. <\/span><\/strong><span style=\"color: #005299;\">Goupille<\/span><strong><br \/>\n<\/strong><\/p>\n<\/div><\/section><br \/>\n<div  class='avia-button-wrap av-ldmxs4yk-b7836814ae3b1084b61cd943d31c90cb-wrap avia-button-right  avia-builder-el-8  el_after_av_textblock  avia-builder-el-last '>\n<style type=\"text\/css\" data-created_by=\"avia_inline_auto\" id=\"style-css-av-ldmxs4yk-b7836814ae3b1084b61cd943d31c90cb\">\n#top #wrap_all .avia-button.av-ldmxs4yk-b7836814ae3b1084b61cd943d31c90cb{\nbackground-color:#005299;\nborder-color:#005299;\ncolor:#ffffff;\ntransition:all 0.4s ease-in-out;\n}\n#top #wrap_all .avia-button.av-ldmxs4yk-b7836814ae3b1084b61cd943d31c90cb .avia-svg-icon svg:first-child{\nfill:#ffffff;\nstroke:#ffffff;\n}\n<\/style>\n<a href='https:\/\/www.sparcraft.com\/fr\/mats-sparcraft\/barres-de-fleche\/barreaux-barres-de-fleche\/'  class='avia-button av-ldmxs4yk-b7836814ae3b1084b61cd943d31c90cb av-link-btn avia-icon_select-yes-left-icon avia-size-small avia-position-right'   aria-label=\"En savoir + sur les Barreaux de barre de fl\u00e8che\"><span class='avia_button_icon avia_button_icon_left avia-iconfont avia-font-entypo-fontello' data-av_icon='\ue832' data-av_iconfont='entypo-fontello' ><\/span><span class='avia_iconbox_title' >En savoir + sur les Barreaux de barre de fl\u00e8che<\/span><\/a><\/div><\/p><\/div><\/p>\n\n<style type=\"text\/css\" data-created_by=\"avia_inline_auto\" id=\"style-css-av-1rfhcj-1edbdd12568265647df1733e28142343\">\n.flex_column.av-1rfhcj-1edbdd12568265647df1733e28142343{\nborder-radius:0px 0px 0px 0px;\npadding:0px 0px 0px 0px;\n}\n<\/style>\n<div  class='flex_column av-1rfhcj-1edbdd12568265647df1733e28142343 av_one_full  avia-builder-el-9  el_after_av_one_full  el_before_av_one_full  first flex_column_div av-zero-column-padding  column-top-margin'     ><div  class='avia-buttonrow-wrap av-1m7ojn-ae569def247ce77966a8a5308a492109 avia-buttonrow-center  avia-builder-el-10  avia-builder-el-no-sibling '>\n\n<style type=\"text\/css\" data-created_by=\"avia_inline_auto\" id=\"style-css-av-1ahzzn-295975b5d8ccb72284d2dd1a965aff82\">\n#top #wrap_all .avia-button.av-1ahzzn-295975b5d8ccb72284d2dd1a965aff82{\nbackground-color:#09afd0;\nborder-color:#09afd0;\ncolor:#ffffff;\ntransition:all 0.4s ease-in-out;\nmargin-bottom:5px;\nmargin-right:3px;\nmargin-left:3px;\n}\n#top #wrap_all .avia-button.av-1ahzzn-295975b5d8ccb72284d2dd1a965aff82 .avia-svg-icon svg:first-child{\nfill:#ffffff;\nstroke:#ffffff;\n}\n<\/style>\n<a href='https:\/\/www.sparcraft.com\/wp-content\/uploads\/2021\/09\/BDF_nov2022_complet_rvb.pdf'  class='avia-button av-1ahzzn-295975b5d8ccb72284d2dd1a965aff82 avia-icon_select-yes-left-icon avia-size-small'  target=\"_blank\"  rel=\"noopener noreferrer\"  aria-label=\"FICHE BARRES DE FL\u00c8CHES\"><span class='avia_button_icon avia_button_icon_left avia-iconfont avia-font-entypo-fontello' data-av_icon='\ue84b' data-av_iconfont='entypo-fontello' ><\/span><span class='avia_iconbox_title' >FICHE BARRES DE FL\u00c8CHES<\/span><\/a>\n\n<style type=\"text\/css\" data-created_by=\"avia_inline_auto\" id=\"style-css-av-1f2prv-6b3fb922734419f3841c59771ae157c7\">\n#top #wrap_all .avia-button.av-1f2prv-6b3fb922734419f3841c59771ae157c7{\nbackground-color:#09afd0;\nborder-color:#09afd0;\ncolor:#ffffff;\ntransition:all 0.4s ease-in-out;\nmargin-bottom:5px;\nmargin-right:3px;\nmargin-left:3px;\n}\n#top #wrap_all .avia-button.av-1f2prv-6b3fb922734419f3841c59771ae157c7 .avia-svg-icon svg:first-child{\nfill:#ffffff;\nstroke:#ffffff;\n}\n<\/style>\n<a href='https:\/\/www.sparcraft.com\/fr\/mats-sparcraft\/barres-de-fleche\/embouts-barres-de-fleche\/'  class='avia-button av-1f2prv-6b3fb922734419f3841c59771ae157c7 avia-icon_select-yes-left-icon avia-size-small'   aria-label=\"EMBOUTS\"><span class='avia_button_icon avia_button_icon_left avia-iconfont avia-font-entypo-fontello' data-av_icon='\ue832' data-av_iconfont='entypo-fontello' ><\/span><span class='avia_iconbox_title' >EMBOUTS<\/span><\/a>\n\n<style type=\"text\/css\" data-created_by=\"avia_inline_auto\" id=\"style-css-av-13whu3-516ddebc8b1f562602787114c6c87c80\">\n#top #wrap_all .avia-button.av-13whu3-516ddebc8b1f562602787114c6c87c80{\nbackground-color:#09afd0;\nborder-color:#09afd0;\ncolor:#ffffff;\ntransition:all 0.4s ease-in-out;\nmargin-bottom:5px;\nmargin-right:3px;\nmargin-left:3px;\n}\n#top #wrap_all .avia-button.av-13whu3-516ddebc8b1f562602787114c6c87c80 .avia-svg-icon svg:first-child{\nfill:#ffffff;\nstroke:#ffffff;\n}\n<\/style>\n<a href='https:\/\/www.sparcraft.com\/fr\/mats-sparcraft\/barres-de-fleche\/sections-barres-de-fleche\/'  class='avia-button av-13whu3-516ddebc8b1f562602787114c6c87c80 avia-icon_select-yes-left-icon avia-size-small'   aria-label=\"SECTIONS DE BARRES DE FL\u00c8CHE\"><span class='avia_button_icon avia_button_icon_left avia-iconfont avia-font-entypo-fontello' data-av_icon='\ue832' data-av_iconfont='entypo-fontello' ><\/span><span class='avia_iconbox_title' >SECTIONS DE BARRES DE FL\u00c8CHE<\/span><\/a>\n\n<style type=\"text\/css\" data-created_by=\"avia_inline_auto\" id=\"style-css-av-zb6g3-c9f898dc69be91ead84f8a2c566bc0c2\">\n#top #wrap_all .avia-button.av-zb6g3-c9f898dc69be91ead84f8a2c566bc0c2{\nbackground-color:#09afd0;\nborder-color:#09afd0;\ncolor:#ffffff;\ntransition:all 0.4s ease-in-out;\nmargin-bottom:5px;\nmargin-right:3px;\nmargin-left:3px;\n}\n#top #wrap_all .avia-button.av-zb6g3-c9f898dc69be91ead84f8a2c566bc0c2 .avia-svg-icon svg:first-child{\nfill:#ffffff;\nstroke:#ffffff;\n}\n<\/style>\n<a href='https:\/\/www.sparcraft.com\/fr\/mats-sparcraft\/barres-de-fleche\/barreaux-barres-de-fleche\/'  class='avia-button av-zb6g3-c9f898dc69be91ead84f8a2c566bc0c2 avia-icon_select-yes-left-icon avia-size-small'   aria-label=\"BARREAUX\"><span class='avia_button_icon avia_button_icon_left avia-iconfont avia-font-entypo-fontello' data-av_icon='\ue832' data-av_iconfont='entypo-fontello' ><\/span><span class='avia_iconbox_title' >BARREAUX<\/span><\/a>\n\n<style type=\"text\/css\" data-created_by=\"avia_inline_auto\" id=\"style-css-av-qusvv-c0c4dfbe61a5946054c11924d7e6732b\">\n#top #wrap_all .avia-button.av-qusvv-c0c4dfbe61a5946054c11924d7e6732b{\nbackground-color:#09afd0;\nborder-color:#09afd0;\ncolor:#ffffff;\ntransition:all 0.4s ease-in-out;\nmargin-bottom:5px;\nmargin-right:3px;\nmargin-left:3px;\n}\n#top #wrap_all .avia-button.av-qusvv-c0c4dfbe61a5946054c11924d7e6732b .avia-svg-icon svg:first-child{\nfill:#ffffff;\nstroke:#ffffff;\n}\n<\/style>\n<a href='https:\/\/www.sparcraft.com\/fr\/revendeurs\/'  class='avia-button av-qusvv-c0c4dfbe61a5946054c11924d7e6732b avia-icon_select-yes-left-icon avia-size-small'   aria-label=\"CONTACTER UN REVENDEUR\"><span class='avia_button_icon avia_button_icon_left avia-iconfont avia-font-entypo-fontello' data-av_icon='\ue80a' data-av_iconfont='entypo-fontello' ><\/span><span class='avia_iconbox_title' >CONTACTER UN REVENDEUR<\/span><\/a>\n<\/div><\/div>\n\n<style type=\"text\/css\" data-created_by=\"avia_inline_auto\" id=\"style-css-av-j6tp7-f4fe7aad6ad6088ee5603a12db0031dc\">\n.flex_column.av-j6tp7-f4fe7aad6ad6088ee5603a12db0031dc{\nborder-radius:0px 0px 0px 0px;\npadding:0px 0px 0px 0px;\n}\n<\/style>\n<div  class='flex_column av-j6tp7-f4fe7aad6ad6088ee5603a12db0031dc av_one_full  avia-builder-el-11  el_after_av_one_full  avia-builder-el-last  first flex_column_div av-zero-column-padding  column-top-margin'     ><p>\n<style type=\"text\/css\" data-created_by=\"avia_inline_auto\" id=\"style-css-av-ewv9f-889267fa7ad44daa0787dec30397dc09\">\n#top .av-special-heading.av-ewv9f-889267fa7ad44daa0787dec30397dc09{\npadding-bottom:3px;\ncolor:#022972;\n}\nbody .av-special-heading.av-ewv9f-889267fa7ad44daa0787dec30397dc09 .av-special-heading-tag .heading-char{\nfont-size:25px;\n}\n.av-special-heading.av-ewv9f-889267fa7ad44daa0787dec30397dc09 .special-heading-inner-border{\nborder-color:#022972;\n}\n.av-special-heading.av-ewv9f-889267fa7ad44daa0787dec30397dc09 .av-subheading{\nfont-size:15px;\n}\n\n@media only screen and (min-width: 768px) and (max-width: 989px){ \n#top #wrap_all .av-special-heading.av-ewv9f-889267fa7ad44daa0787dec30397dc09 .av-special-heading-tag{\nfont-size:12px;\n}\n}\n<\/style>\n<div  class='av-special-heading av-ewv9f-889267fa7ad44daa0787dec30397dc09 av-special-heading-h3 custom-color-heading  avia-builder-el-12  el_before_av_social_share  avia-builder-el-first  av-linked-heading'><h3 class='av-special-heading-tag '  itemprop=\"headline\"  >PARTAGEZ LE CONTENU DE CETTE PAGE<\/h3><div class=\"special-heading-border\"><div class=\"special-heading-inner-border\"><\/div><\/div><\/div><br \/>\n<div  class='av-social-sharing-box av-8hyrf-0add17718e66e68ca70642d26c559835 av-social-sharing-box-default  avia-builder-el-13  el_after_av_heading  avia-builder-el-last  av-social-sharing-box-fullwidth'><div class=\"av-share-box\"><ul class=\"av-share-box-list noLightbox\"><li class='av-share-link av-social-link-facebook avia_social_iconfont' ><a target=\"_blank\" aria-label=\"Partager sur Facebook\" href='https:\/\/www.facebook.com\/sharer.php?u=https:\/\/www.sparcraft.com\/fr\/mats-sparcraft\/barres-de-fleche\/kits-complets-bdf\/&#038;t=Kits%20complets' data-av_icon='\ue8f3' data-av_iconfont='entypo-fontello'  title='' data-avia-related-tooltip='Partager sur Facebook'><span class='avia_hidden_link_text'>Partager sur Facebook<\/span><\/a><\/li><li class='av-share-link av-social-link-twitter avia_social_iconfont' ><a target=\"_blank\" aria-label=\"Partager sur X\" href='https:\/\/twitter.com\/share?text=Kits%20complets&#038;url=https:\/\/www.sparcraft.com\/fr\/?p=31662' data-av_icon='\ue932' data-av_iconfont='entypo-fontello'  title='' data-avia-related-tooltip='Partager sur X'><span class='avia_hidden_link_text'>Partager sur X<\/span><\/a><\/li><li class='av-share-link av-social-link-linkedin avia_social_iconfont' ><a target=\"_blank\" aria-label=\"Partager sur LinkedIn\" href='https:\/\/linkedin.com\/shareArticle?mini=true&#038;title=Kits%20complets&#038;url=https:\/\/www.sparcraft.com\/fr\/mats-sparcraft\/barres-de-fleche\/kits-complets-bdf\/' data-av_icon='\ue8fc' data-av_iconfont='entypo-fontello'  title='' data-avia-related-tooltip='Partager sur LinkedIn'><span class='avia_hidden_link_text'>Partager sur LinkedIn<\/span><\/a><\/li><li class='av-share-link av-social-link-mail avia_social_iconfont' ><a  aria-label=\"Partager par Mail\" href='mailto:?subject=Kits%20complets&#038;body=https:\/\/www.sparcraft.com\/fr\/mats-sparcraft\/barres-de-fleche\/kits-complets-bdf\/' data-av_icon='\ue805' data-av_iconfont='entypo-fontello'  title='' data-avia-related-tooltip='Partager par Mail'><span class='avia_hidden_link_text'>Partager par Mail<\/span><\/a><\/li><\/ul><\/div><\/div><\/p><\/div>\n","protected":false},"excerpt":{"rendered":"","protected":false},"author":2,"featured_media":0,"parent":31676,"menu_order":20,"comment_status":"closed","ping_status":"closed","template":"","meta":{"footnotes":""},"class_list":["post-31662","page","type-page","status-publish","hentry"],"yoast_head":"<!-- This site is optimized with the Yoast SEO plugin v27.5 - https:\/\/yoast.com\/product\/yoast-seo-wordpress\/ -->\n<title>Kits complets - Sparcraft<\/title>\n<meta name=\"description\" content=\"Kits de barreaux de barres de fl\u00e8che aluminium (nouveaux mod\u00e8les). Pour les anciens montages (Inox et alu), pi\u00e8ces disponibles que partiellement.\" \/>\n<meta name=\"robots\" content=\"index, follow, max-snippet:-1, max-image-preview:large, max-video-preview:-1\" \/>\n<link rel=\"canonical\" href=\"https:\/\/www.sparcraft.com\/fr\/mats-sparcraft\/barres-de-fleche\/kits-complets-bdf\/\" \/>\n<meta property=\"og:locale\" content=\"fr_FR\" \/>\n<meta property=\"og:type\" content=\"article\" \/>\n<meta property=\"og:title\" content=\"Kits complets - Sparcraft\" \/>\n<meta property=\"og:description\" content=\"Kits de barreaux de barres de fl\u00e8che aluminium (nouveaux mod\u00e8les). Pour les anciens montages (Inox et alu), pi\u00e8ces disponibles que partiellement.\" \/>\n<meta property=\"og:url\" content=\"https:\/\/www.sparcraft.com\/fr\/mats-sparcraft\/barres-de-fleche\/kits-complets-bdf\/\" \/>\n<meta property=\"og:site_name\" content=\"Sparcraft\" \/>\n<meta property=\"article:modified_time\" content=\"2023-05-24T13:44:50+00:00\" \/>\n<meta name=\"twitter:card\" content=\"summary_large_image\" \/>\n<meta name=\"twitter:label1\" content=\"Dur\u00e9e de lecture estim\u00e9e\" \/>\n\t<meta name=\"twitter:data1\" content=\"5 minutes\" \/>\n<script type=\"application\/ld+json\" class=\"yoast-schema-graph\">{\"@context\":\"https:\\\/\\\/schema.org\",\"@graph\":[{\"@type\":\"WebPage\",\"@id\":\"https:\\\/\\\/www.sparcraft.com\\\/fr\\\/mats-sparcraft\\\/barres-de-fleche\\\/kits-complets-bdf\\\/\",\"url\":\"https:\\\/\\\/www.sparcraft.com\\\/fr\\\/mats-sparcraft\\\/barres-de-fleche\\\/kits-complets-bdf\\\/\",\"name\":\"Kits complets - Sparcraft\",\"isPartOf\":{\"@id\":\"https:\\\/\\\/www.sparcraft.com\\\/fr\\\/#website\"},\"datePublished\":\"2020-07-29T10:19:10+00:00\",\"dateModified\":\"2023-05-24T13:44:50+00:00\",\"description\":\"Kits de barreaux de barres de fl\u00e8che aluminium (nouveaux mod\u00e8les). Pour les anciens montages (Inox et alu), pi\u00e8ces disponibles que partiellement.\",\"breadcrumb\":{\"@id\":\"https:\\\/\\\/www.sparcraft.com\\\/fr\\\/mats-sparcraft\\\/barres-de-fleche\\\/kits-complets-bdf\\\/#breadcrumb\"},\"inLanguage\":\"fr-FR\",\"potentialAction\":[{\"@type\":\"ReadAction\",\"target\":[\"https:\\\/\\\/www.sparcraft.com\\\/fr\\\/mats-sparcraft\\\/barres-de-fleche\\\/kits-complets-bdf\\\/\"]}]},{\"@type\":\"BreadcrumbList\",\"@id\":\"https:\\\/\\\/www.sparcraft.com\\\/fr\\\/mats-sparcraft\\\/barres-de-fleche\\\/kits-complets-bdf\\\/#breadcrumb\",\"itemListElement\":[{\"@type\":\"ListItem\",\"position\":1,\"name\":\"M\u00e2ts Sparcraft\",\"item\":\"https:\\\/\\\/www.sparcraft.com\\\/fr\\\/mats-sparcraft\\\/\"},{\"@type\":\"ListItem\",\"position\":2,\"name\":\"Barres de fl\u00e8che\",\"item\":\"https:\\\/\\\/www.sparcraft.com\\\/fr\\\/mats-sparcraft\\\/barres-de-fleche\\\/\"},{\"@type\":\"ListItem\",\"position\":3,\"name\":\"Kits complets\"}]},{\"@type\":\"WebSite\",\"@id\":\"https:\\\/\\\/www.sparcraft.com\\\/fr\\\/#website\",\"url\":\"https:\\\/\\\/www.sparcraft.com\\\/fr\\\/\",\"name\":\"Sparcraft\",\"description\":\"Mast &amp; Rigging\",\"potentialAction\":[{\"@type\":\"SearchAction\",\"target\":{\"@type\":\"EntryPoint\",\"urlTemplate\":\"https:\\\/\\\/www.sparcraft.com\\\/fr\\\/?s={search_term_string}\"},\"query-input\":{\"@type\":\"PropertyValueSpecification\",\"valueRequired\":true,\"valueName\":\"search_term_string\"}}],\"inLanguage\":\"fr-FR\"}]}<\/script>\n<!-- \/ Yoast SEO plugin. -->","yoast_head_json":{"title":"Kits complets - Sparcraft","description":"Kits de barreaux de barres de fl\u00e8che aluminium (nouveaux mod\u00e8les). Pour les anciens montages (Inox et alu), pi\u00e8ces disponibles que partiellement.","robots":{"index":"index","follow":"follow","max-snippet":"max-snippet:-1","max-image-preview":"max-image-preview:large","max-video-preview":"max-video-preview:-1"},"canonical":"https:\/\/www.sparcraft.com\/fr\/mats-sparcraft\/barres-de-fleche\/kits-complets-bdf\/","og_locale":"fr_FR","og_type":"article","og_title":"Kits complets - Sparcraft","og_description":"Kits de barreaux de barres de fl\u00e8che aluminium (nouveaux mod\u00e8les). Pour les anciens montages (Inox et alu), pi\u00e8ces disponibles que partiellement.","og_url":"https:\/\/www.sparcraft.com\/fr\/mats-sparcraft\/barres-de-fleche\/kits-complets-bdf\/","og_site_name":"Sparcraft","article_modified_time":"2023-05-24T13:44:50+00:00","twitter_card":"summary_large_image","twitter_misc":{"Dur\u00e9e de lecture estim\u00e9e":"5 minutes"},"schema":{"@context":"https:\/\/schema.org","@graph":[{"@type":"WebPage","@id":"https:\/\/www.sparcraft.com\/fr\/mats-sparcraft\/barres-de-fleche\/kits-complets-bdf\/","url":"https:\/\/www.sparcraft.com\/fr\/mats-sparcraft\/barres-de-fleche\/kits-complets-bdf\/","name":"Kits complets - Sparcraft","isPartOf":{"@id":"https:\/\/www.sparcraft.com\/fr\/#website"},"datePublished":"2020-07-29T10:19:10+00:00","dateModified":"2023-05-24T13:44:50+00:00","description":"Kits de barreaux de barres de fl\u00e8che aluminium (nouveaux mod\u00e8les). Pour les anciens montages (Inox et alu), pi\u00e8ces disponibles que partiellement.","breadcrumb":{"@id":"https:\/\/www.sparcraft.com\/fr\/mats-sparcraft\/barres-de-fleche\/kits-complets-bdf\/#breadcrumb"},"inLanguage":"fr-FR","potentialAction":[{"@type":"ReadAction","target":["https:\/\/www.sparcraft.com\/fr\/mats-sparcraft\/barres-de-fleche\/kits-complets-bdf\/"]}]},{"@type":"BreadcrumbList","@id":"https:\/\/www.sparcraft.com\/fr\/mats-sparcraft\/barres-de-fleche\/kits-complets-bdf\/#breadcrumb","itemListElement":[{"@type":"ListItem","position":1,"name":"M\u00e2ts Sparcraft","item":"https:\/\/www.sparcraft.com\/fr\/mats-sparcraft\/"},{"@type":"ListItem","position":2,"name":"Barres de fl\u00e8che","item":"https:\/\/www.sparcraft.com\/fr\/mats-sparcraft\/barres-de-fleche\/"},{"@type":"ListItem","position":3,"name":"Kits complets"}]},{"@type":"WebSite","@id":"https:\/\/www.sparcraft.com\/fr\/#website","url":"https:\/\/www.sparcraft.com\/fr\/","name":"Sparcraft","description":"Mast &amp; Rigging","potentialAction":[{"@type":"SearchAction","target":{"@type":"EntryPoint","urlTemplate":"https:\/\/www.sparcraft.com\/fr\/?s={search_term_string}"},"query-input":{"@type":"PropertyValueSpecification","valueRequired":true,"valueName":"search_term_string"}}],"inLanguage":"fr-FR"}]}},"_links":{"self":[{"href":"https:\/\/www.sparcraft.com\/fr\/wp-json\/wp\/v2\/pages\/31662","targetHints":{"allow":["GET"]}}],"collection":[{"href":"https:\/\/www.sparcraft.com\/fr\/wp-json\/wp\/v2\/pages"}],"about":[{"href":"https:\/\/www.sparcraft.com\/fr\/wp-json\/wp\/v2\/types\/page"}],"author":[{"embeddable":true,"href":"https:\/\/www.sparcraft.com\/fr\/wp-json\/wp\/v2\/users\/2"}],"replies":[{"embeddable":true,"href":"https:\/\/www.sparcraft.com\/fr\/wp-json\/wp\/v2\/comments?post=31662"}],"version-history":[{"count":0,"href":"https:\/\/www.sparcraft.com\/fr\/wp-json\/wp\/v2\/pages\/31662\/revisions"}],"up":[{"embeddable":true,"href":"https:\/\/www.sparcraft.com\/fr\/wp-json\/wp\/v2\/pages\/31676"}],"wp:attachment":[{"href":"https:\/\/www.sparcraft.com\/fr\/wp-json\/wp\/v2\/media?parent=31662"}],"curies":[{"name":"wp","href":"https:\/\/api.w.org\/{rel}","templated":true}]}}