{"id":31661,"date":"2020-07-29T12:20:49","date_gmt":"2020-07-29T10:20:49","guid":{"rendered":"https:\/\/www.sparcraft.com\/faq-astuces-mats-greements\/"},"modified":"2023-03-20T10:49:19","modified_gmt":"2023-03-20T09:49:19","slug":"faq-astuces-mats-greements","status":"publish","type":"page","link":"https:\/\/www.sparcraft.com\/fr\/mats-sparcraft\/conseils-et-faq\/faq-astuces-mats-greements\/","title":{"rendered":"FAQ &#038; Astuces m\u00e2ts et gr\u00e9ements"},"content":{"rendered":"\n<style type=\"text\/css\" data-created_by=\"avia_inline_auto\" id=\"style-css-av-g2wq6b-7ee33f294bbbbe1210b8c10437eee6b3\">\n.flex_column.av-g2wq6b-7ee33f294bbbbe1210b8c10437eee6b3{\nborder-radius:0px 0px 0px 0px;\npadding:0px 0px 0px 0px;\n}\n<\/style>\n<div  class='flex_column av-g2wq6b-7ee33f294bbbbe1210b8c10437eee6b3 av_one_full  avia-builder-el-0  el_before_av_one_full  avia-builder-el-first  first flex_column_div av-zero-column-padding  '     ><p>\n<style type=\"text\/css\" data-created_by=\"avia_inline_auto\" id=\"style-css-av-m4x5c-3ce10cd140baa8aedcb8ed8046295529\">\n#top .av-special-heading.av-m4x5c-3ce10cd140baa8aedcb8ed8046295529{\npadding-bottom:3px;\ncolor:#022972;\n}\nbody .av-special-heading.av-m4x5c-3ce10cd140baa8aedcb8ed8046295529 .av-special-heading-tag .heading-char{\nfont-size:25px;\n}\n.av-special-heading.av-m4x5c-3ce10cd140baa8aedcb8ed8046295529 .special-heading-inner-border{\nborder-color:#022972;\n}\n.av-special-heading.av-m4x5c-3ce10cd140baa8aedcb8ed8046295529 .av-subheading{\nfont-size:15px;\n}\n\n@media only screen and (min-width: 768px) and (max-width: 989px){ \n#top #wrap_all .av-special-heading.av-m4x5c-3ce10cd140baa8aedcb8ed8046295529 .av-special-heading-tag{\nfont-size:12px;\n}\n}\n<\/style>\n<div  class='av-special-heading av-m4x5c-3ce10cd140baa8aedcb8ed8046295529 av-special-heading-h3 custom-color-heading  avia-builder-el-1  el_before_av_icon_box  avia-builder-el-first  av-linked-heading'><h3 class='av-special-heading-tag '  itemprop=\"headline\"  >FOIRE AUX QUESTIONS : QUESTIONS D\u2019ORDRE G\u00c9N\u00c9RAL<\/h3><div class=\"special-heading-border\"><div class=\"special-heading-inner-border\"><\/div><\/div><\/div><br \/>\n\n<style type=\"text\/css\" data-created_by=\"avia_inline_auto\" id=\"style-css-av-k6w61m4w-73d3e5ba94f5b46a3f4d24f0f528467d\">\n.iconbox.av-k6w61m4w-73d3e5ba94f5b46a3f4d24f0f528467d .iconbox_icon{\nbackground-color:#ffffff;\ncolor:#129cb7;\n}\n.iconbox.av-k6w61m4w-73d3e5ba94f5b46a3f4d24f0f528467d .iconbox_icon.avia-svg-icon svg:first-child{\nfill:#129cb7;\nstroke:#129cb7;\n}\n#top #wrap_all .iconbox.av-k6w61m4w-73d3e5ba94f5b46a3f4d24f0f528467d .iconbox_content_title{\ncolor:#09afd0;\n}\n.iconbox.av-k6w61m4w-73d3e5ba94f5b46a3f4d24f0f528467d .iconbox_content_container{\ncolor:#005299;\n}\n<\/style>\n<article  class='iconbox iconbox_left av-k6w61m4w-73d3e5ba94f5b46a3f4d24f0f528467d av-icon-style-no-border  avia-builder-el-2  el_after_av_heading  avia-builder-el-last '  itemscope=\"itemscope\" itemtype=\"https:\/\/schema.org\/CreativeWork\" ><div class=\"iconbox_content\"><header class=\"entry-content-header\" aria-label=\"Ic\u00f4ne : COMMANDE, R\u00c9SEAU D\u2019AGENTS,...\"><div class='iconbox_icon heading-color avia-iconfont avia-font-entypo-fontello' data-av_icon='\ue81d' data-av_iconfont='entypo-fontello'  ><\/div><h3 class='iconbox_content_title '  itemprop=\"headline\" >COMMANDE, R\u00c9SEAU D\u2019AGENTS,...<\/h3><\/header><div class='iconbox_content_container av_inherit_color'  itemprop=\"text\" ><\/div><\/div><footer class=\"entry-footer\"><\/footer><\/article><\/p><\/div>\n<div class='flex_column_table av-g2wq6b-3-a53507f7cf5af6995c5a0246cb563d38 sc-av_one_full av-equal-height-column-flextable'>\n<style type=\"text\/css\" data-created_by=\"avia_inline_auto\" id=\"style-css-av-g2wq6b-3-a53507f7cf5af6995c5a0246cb563d38\">\n.flex_column.av-g2wq6b-3-a53507f7cf5af6995c5a0246cb563d38{\nborder-radius:0px 0px 0px 0px;\npadding:0px 0px 0px 0px;\n}\n<\/style>\n<div  class='flex_column av-g2wq6b-3-a53507f7cf5af6995c5a0246cb563d38 av_one_full  avia-builder-el-3  el_after_av_one_full  el_before_av_one_full  first no_margin flex_column_table_cell av-equal-height-column av-align-middle av-zero-column-padding  column-top-margin'     ><style type=\"text\/css\" data-created_by=\"avia_inline_auto\" id=\"style-css-av-kfghwwme-bb581fa580125d4933443bd0c3876923\">\n#top .av-special-heading.av-kfghwwme-bb581fa580125d4933443bd0c3876923{\npadding-bottom:0;\ncolor:#022972;\n}\nbody .av-special-heading.av-kfghwwme-bb581fa580125d4933443bd0c3876923 .av-special-heading-tag .heading-char{\nfont-size:25px;\n}\n.av-special-heading.av-kfghwwme-bb581fa580125d4933443bd0c3876923 .special-heading-inner-border{\nborder-color:#022972;\n}\n.av-special-heading.av-kfghwwme-bb581fa580125d4933443bd0c3876923 .av-subheading{\nfont-size:15px;\n}\n\n@media only screen and (min-width: 768px) and (max-width: 989px){ \n#top #wrap_all .av-special-heading.av-kfghwwme-bb581fa580125d4933443bd0c3876923 .av-special-heading-tag{\nfont-size:12px;\n}\n}\n<\/style>\n<div  class='av-special-heading av-kfghwwme-bb581fa580125d4933443bd0c3876923 av-special-heading-h3 custom-color-heading  avia-builder-el-4  avia-builder-el-no-sibling  av-linked-heading'><h3 class='av-special-heading-tag '  itemprop=\"headline\"  >FAQ -A MODIFIER:<\/h3><div class=\"special-heading-border\"><div class=\"special-heading-inner-border\"><\/div><\/div><\/div><\/div><\/div><!--close column table wrapper. Autoclose: 1 -->\n\n<style type=\"text\/css\" data-created_by=\"avia_inline_auto\" id=\"style-css-av-3amz4w-c13a65c04e72bd97f6e2b626918da10c\">\n#top .flex_column.av-3amz4w-c13a65c04e72bd97f6e2b626918da10c{\nmargin-top:0px;\nmargin-bottom:0px;\n}\n.flex_column.av-3amz4w-c13a65c04e72bd97f6e2b626918da10c{\nborder-radius:0px 0px 0px 0px;\npadding:0px 0px 0px 0px;\n}\n.responsive #top #wrap_all .flex_column.av-3amz4w-c13a65c04e72bd97f6e2b626918da10c{\nmargin-top:0px;\nmargin-bottom:0px;\n}\n<\/style>\n<div  class='flex_column av-3amz4w-c13a65c04e72bd97f6e2b626918da10c av_one_full  avia-builder-el-5  el_after_av_one_full  el_before_av_heading  first flex_column_div av-zero-column-padding  column-top-margin'     ><section  class='av_textblock_section av-karz965y-103715bbd644e4eeb226fe75ececd2ca '   itemscope=\"itemscope\" itemtype=\"https:\/\/schema.org\/CreativeWork\" ><div class='avia_textblock'  itemprop=\"text\" >            <div class=\"qae-faqs-container qae-faqs-toggle-container\">\n\t\t\t\t\t\t\t<ul class=\"qe-faqs-filters-container\">\n\t\t\t\t<li class=\"active\"><a class=\"qe-faqs-filter all-faqs\" href=\"#\" data-filter=\"*\">Tout<\/a><\/li>\n\t\t\t\t<li><a class=\"qe-faqs-filter\" href=\"#mats-accessoires-faq\" data-filter=\".mats-accessoires-faq\">FAQ Mats \u00e9 Accessories<\/a><\/li>\t\t\t<\/ul>\n\t\t\t\t\t<div id=\"qaef-35027\" class=\"qe-faq-toggle faq-mats-e-accessories general-questions\">\n\t\t\t<div class=\"qe-toggle-title\">\n\t\t\t\t<h4>\n\t\t\t\t\t<i class=\"fa fa-minus-circle\"><\/i> where i can find the assembly manual?\t\t\t\t<\/h4>\n\t\t\t<\/div>\n\t\t\t<div class=\"qe-toggle-content\">\n\t\t\t\t<p>You will find the notice in the section <a href=\"https:\/\/www.sparcraft.com\/support-technique\/\" target=\"_blank\" rel=\"noopener\"><span style=\"color: #005299\">\u00ab\u00a0technical support\u00a0\u00bb<\/span><\/a><\/p>\n\t\t\t<\/div>\n\t\t<\/div>\n\t\t\t\t<div id=\"qaef-35033\" class=\"qe-faq-toggle faq-mats-e-accessories general-questions\">\n\t\t\t<div class=\"qe-toggle-title\">\n\t\t\t\t<h4>\n\t\t\t\t\t<i class=\"fa fa-minus-circle\"><\/i> Why proceed to the replacement of your standing rigging ?\t\t\t\t<\/h4>\n\t\t\t<\/div>\n\t\t\t<div class=\"qe-toggle-content\">\n\t\t\t\t<p><em>Most dismastings occur after the breakage of cables or end fittings\/swage. Also, during insurance renewal, replacement of standing rigging is usually requested Learn more <a href=\"https:\/\/www.sparcraft.com\/wp-content\/uploads\/2022\/01\/Sparcraft_rig_420x230_numeriq.pdf\"><span style=\"color: #005299\">See the brochure dedicated to rigging<\/span><\/a><\/em><\/p>\n\t\t\t<\/div>\n\t\t<\/div>\n\t\t\t\t<div id=\"qaef-35035\" class=\"qe-faq-toggle faq-mats-e-accessories general-questions\">\n\t\t\t<div class=\"qe-toggle-title\">\n\t\t\t\t<h4>\n\t\t\t\t\t<i class=\"fa fa-minus-circle\"><\/i> order a Sparcraft unit mast, a spare part or another Sparcraft product?\t\t\t\t<\/h4>\n\t\t\t<\/div>\n\t\t\t<div class=\"qe-toggle-content\">\n\t\t\t\t<p><em>order a Sparcraft unit mast, a spare part or another Sparcraft product? All you need to do is get in touch with a Sparcraft reseller. <span style=\"color: #005299\"><a href=\"https:\/\/www.sparcraft.com\/revendeurs\/\">Acced to our Distributors Sparcraft network.<\/a><br \/>\n<\/span><\/em><\/p>\n<p><em>However, you will find information on this site which will allow you to better select your product (if it is a spare part) as well as information forms which will facilitate the task of our agents.<br \/>\n<\/em><\/p>\n\t\t\t<\/div>\n\t\t<\/div>\n\t\t            <\/div>\n\t\t\n<\/div><\/section><\/div>\n<style type=\"text\/css\" data-created_by=\"avia_inline_auto\" id=\"style-css-av-k63rk-abc26506710835d696ccdb1e30172679\">\n#top .av-special-heading.av-k63rk-abc26506710835d696ccdb1e30172679{\npadding-bottom:3px;\ncolor:#022972;\n}\nbody .av-special-heading.av-k63rk-abc26506710835d696ccdb1e30172679 .av-special-heading-tag .heading-char{\nfont-size:25px;\n}\n.av-special-heading.av-k63rk-abc26506710835d696ccdb1e30172679 .special-heading-inner-border{\nborder-color:#022972;\n}\n.av-special-heading.av-k63rk-abc26506710835d696ccdb1e30172679 .av-subheading{\nfont-size:15px;\n}\n\n@media only screen and (min-width: 768px) and (max-width: 989px){ \n#top #wrap_all .av-special-heading.av-k63rk-abc26506710835d696ccdb1e30172679 .av-special-heading-tag{\nfont-size:12px;\n}\n}\n<\/style>\n<div  class='av-special-heading av-k63rk-abc26506710835d696ccdb1e30172679 av-special-heading-h3 custom-color-heading av-linked-heading'><h3 class='av-special-heading-tag '  itemprop=\"headline\"  >FAQ &#8211; A MODIFIER :<\/h3><div class=\"special-heading-border\"><div class=\"special-heading-inner-border\"><\/div><\/div><\/div><\/p>\n<div class='flex_column_table av-382hau-f45125aae055fea1c000c2ad2ab76518 sc-av_one_full av-equal-height-column-flextable'>\n<style type=\"text\/css\" data-created_by=\"avia_inline_auto\" id=\"style-css-av-382hau-f45125aae055fea1c000c2ad2ab76518\">\n#top .flex_column_table.av-equal-height-column-flextable.av-382hau-f45125aae055fea1c000c2ad2ab76518{\nmargin-top:0;\nmargin-bottom:0;\n}\n.flex_column.av-382hau-f45125aae055fea1c000c2ad2ab76518{\nborder-radius:0px 0px 0px 0px;\npadding:0px 0px 0px 0px;\n}\n<\/style>\n<div  class='flex_column av-382hau-f45125aae055fea1c000c2ad2ab76518 av_one_full first flex_column_table_cell av-equal-height-column av-align-middle av-zero-column-padding  '     ><\/div><\/div><!--close column table wrapper. Autoclose: 1 -->\n\n<style type=\"text\/css\" data-created_by=\"avia_inline_auto\" id=\"style-css-av-61vlqu-bd93e40f5efd28b7555b9d5371ecd42f\">\n#top .flex_column.av-61vlqu-bd93e40f5efd28b7555b9d5371ecd42f{\nmargin-top:0px;\nmargin-bottom:0px;\n}\n.flex_column.av-61vlqu-bd93e40f5efd28b7555b9d5371ecd42f{\nborder-radius:0px 0px 0px 0px;\npadding:0px 0px 0px 0px;\n}\n.responsive #top #wrap_all .flex_column.av-61vlqu-bd93e40f5efd28b7555b9d5371ecd42f{\nmargin-top:0px;\nmargin-bottom:0px;\n}\n<\/style>\n<div  class='flex_column av-61vlqu-bd93e40f5efd28b7555b9d5371ecd42f av_one_full first flex_column_div av-zero-column-padding  '     ><section  class='av_textblock_section av-karz965y-2-abc7d24be0414d2f244ec759847c17a5 '   itemscope=\"itemscope\" itemtype=\"https:\/\/schema.org\/CreativeWork\" ><div class='avia_textblock'  itemprop=\"text\" >\n<\/div><\/section><\/div>\n\n<style type=\"text\/css\" data-created_by=\"avia_inline_auto\" id=\"style-css-av-p5vkk-cf0d10b63a0f6ca9da9dabacd257fcf8\">\n.flex_column.av-p5vkk-cf0d10b63a0f6ca9da9dabacd257fcf8{\nborder-radius:0px 0px 0px 0px;\npadding:0px 0px 0px 0px;\n}\n<\/style>\n<div  class='flex_column av-p5vkk-cf0d10b63a0f6ca9da9dabacd257fcf8 av_one_full first flex_column_div av-zero-column-padding  '     ><p><div  class='hr av-91pew-c5f9d4771adc79c654364afcf09f59af hr-default'><span class='hr-inner '><span class=\"hr-inner-style\"><\/span><\/span><\/div><br \/>\n<div  class='avia-buttonrow-wrap av-k0grgnbk-56c3530b5fbb1c2b4212f4f81970202d avia-buttonrow-center'>\n\n<style type=\"text\/css\" data-created_by=\"avia_inline_auto\" id=\"style-css-av-11m0pc-e42029fc6425f01edf3b658bcd50cfc0\">\n#top #wrap_all .avia-button.av-11m0pc-e42029fc6425f01edf3b658bcd50cfc0{\nbackground-color:#09afd0;\nborder-color:#09afd0;\ncolor:#ffffff;\ntransition:all 0.4s ease-in-out;\nmargin-bottom:5px;\nmargin-right:3px;\nmargin-left:3px;\n}\n#top #wrap_all .avia-button.av-11m0pc-e42029fc6425f01edf3b658bcd50cfc0 .avia-svg-icon svg:first-child{\nfill:#ffffff;\nstroke:#ffffff;\n}\n<\/style>\n<a href=''  class='avia-button av-11m0pc-e42029fc6425f01edf3b658bcd50cfc0 avia-icon_select-no avia-size-small av-icon-on-hover'   aria-label=\"Support technique\"><span class='avia_iconbox_title' >Support technique<\/span><\/a>\n\n<style type=\"text\/css\" data-created_by=\"avia_inline_auto\" id=\"style-css-av-11m0pc-08598efeeea0da05ff1f504028dec8d3\">\n#top #wrap_all .avia-button.av-11m0pc-08598efeeea0da05ff1f504028dec8d3{\nbackground-color:#09afd0;\nborder-color:#09afd0;\ncolor:#ffffff;\ntransition:all 0.4s ease-in-out;\nmargin-bottom:5px;\nmargin-right:3px;\nmargin-left:3px;\n}\n#top #wrap_all .avia-button.av-11m0pc-08598efeeea0da05ff1f504028dec8d3 .avia-svg-icon svg:first-child{\nfill:#ffffff;\nstroke:#ffffff;\n}\n<\/style>\n<a href=''  class='avia-button av-11m0pc-08598efeeea0da05ff1f504028dec8d3 avia-icon_select-no avia-size-small av-icon-on-hover'   aria-label=\"Contacter un revendeur\"><span class='avia_iconbox_title' >Contacter un revendeur<\/span><\/a>\n<\/div><\/p><\/div>\n<style type=\"text\/css\" data-created_by=\"avia_inline_auto\" id=\"style-css-av-eufo7-4e80f01e91adeb4483d457fbb972545b\">\n.flex_column.av-eufo7-4e80f01e91adeb4483d457fbb972545b{\nborder-radius:0px 0px 0px 0px;\npadding:0px 0px 0px 0px;\n}\n<\/style>\n<div  class='flex_column av-eufo7-4e80f01e91adeb4483d457fbb972545b av_one_full first flex_column_div av-zero-column-padding  '     ><p>\n<style type=\"text\/css\" data-created_by=\"avia_inline_auto\" id=\"style-css-av-kfgi6i4c-659cc85d9a27fd59ec53374bbe56ca15\">\n#top .av-special-heading.av-kfgi6i4c-659cc85d9a27fd59ec53374bbe56ca15{\npadding-bottom:3px;\ncolor:#022972;\n}\nbody .av-special-heading.av-kfgi6i4c-659cc85d9a27fd59ec53374bbe56ca15 .av-special-heading-tag .heading-char{\nfont-size:25px;\n}\n.av-special-heading.av-kfgi6i4c-659cc85d9a27fd59ec53374bbe56ca15 .special-heading-inner-border{\nborder-color:#022972;\n}\n.av-special-heading.av-kfgi6i4c-659cc85d9a27fd59ec53374bbe56ca15 .av-subheading{\nfont-size:15px;\n}\n\n@media only screen and (min-width: 768px) and (max-width: 989px){ \n#top #wrap_all .av-special-heading.av-kfgi6i4c-659cc85d9a27fd59ec53374bbe56ca15 .av-special-heading-tag{\nfont-size:12px;\n}\n}\n<\/style>\n<div  class='av-special-heading av-kfgi6i4c-659cc85d9a27fd59ec53374bbe56ca15 av-special-heading-h3 custom-color-heading av-linked-heading'><h3 class='av-special-heading-tag '  itemprop=\"headline\"  >PARTAGEZ LE CONTENU DE CETTE PAGE<\/h3><div class=\"special-heading-border\"><div class=\"special-heading-inner-border\"><\/div><\/div><\/div><br \/>\n<div  class='av-social-sharing-box av-jxugcbjf-1b1b753827f0a4b17bd435b61c5d3eb0 av-social-sharing-box-default av-social-sharing-box-fullwidth'><div class=\"av-share-box\"><ul class=\"av-share-box-list noLightbox\"><li class='av-share-link av-social-link-facebook avia_social_iconfont' ><a target=\"_blank\" aria-label=\"Partager sur Facebook\" href='https:\/\/www.facebook.com\/sharer.php?u=https:\/\/www.sparcraft.com\/fr\/faq\/order-a-sparcraft-unit-mast-a-spare-part-or-another-sparcraft-product\/&#038;t=order%20a%20Sparcraft%20unit%20mast%2C%20a%20spare%20part%20or%20another%20Sparcraft%20product%3F' data-av_icon='\ue8f3' data-av_iconfont='entypo-fontello'  title='' data-avia-related-tooltip='Partager sur Facebook'><span class='avia_hidden_link_text'>Partager sur Facebook<\/span><\/a><\/li><li class='av-share-link av-social-link-twitter avia_social_iconfont' ><a target=\"_blank\" aria-label=\"Partager sur X\" href='https:\/\/twitter.com\/share?text=order%20a%20Sparcraft%20unit%20mast%2C%20a%20spare%20part%20or%20another%20Sparcraft%20product%3F&#038;url=https:\/\/www.sparcraft.com\/fr\/?p=35035' data-av_icon='\ue932' data-av_iconfont='entypo-fontello'  title='' data-avia-related-tooltip='Partager sur X'><span class='avia_hidden_link_text'>Partager sur X<\/span><\/a><\/li><li class='av-share-link av-social-link-linkedin avia_social_iconfont' ><a target=\"_blank\" aria-label=\"Partager sur LinkedIn\" href='https:\/\/linkedin.com\/shareArticle?mini=true&#038;title=order%20a%20Sparcraft%20unit%20mast%2C%20a%20spare%20part%20or%20another%20Sparcraft%20product%3F&#038;url=https:\/\/www.sparcraft.com\/fr\/faq\/order-a-sparcraft-unit-mast-a-spare-part-or-another-sparcraft-product\/' data-av_icon='\ue8fc' data-av_iconfont='entypo-fontello'  title='' data-avia-related-tooltip='Partager sur LinkedIn'><span class='avia_hidden_link_text'>Partager sur LinkedIn<\/span><\/a><\/li><li class='av-share-link av-social-link-mail avia_social_iconfont' ><a  aria-label=\"Partager par Mail\" href='mailto:?subject=order%20a%20Sparcraft%20unit%20mast%2C%20a%20spare%20part%20or%20another%20Sparcraft%20product%3F&#038;body=https:\/\/www.sparcraft.com\/fr\/faq\/order-a-sparcraft-unit-mast-a-spare-part-or-another-sparcraft-product\/' data-av_icon='\ue805' data-av_iconfont='entypo-fontello'  title='' data-avia-related-tooltip='Partager par Mail'><span class='avia_hidden_link_text'>Partager par Mail<\/span><\/a><\/li><\/ul><\/div><\/div><\/p><\/div><\/p>\n","protected":false},"excerpt":{"rendered":"","protected":false},"author":2,"featured_media":0,"parent":31675,"menu_order":10,"comment_status":"closed","ping_status":"closed","template":"","meta":{"footnotes":""},"class_list":["post-31661","page","type-page","status-publish","hentry"],"yoast_head":"<!-- This site is optimized with the Yoast SEO plugin v27.4 - https:\/\/yoast.com\/product\/yoast-seo-wordpress\/ -->\n<title>FAQ &amp; Astuces m\u00e2ts et gr\u00e9ements - Sparcraft<\/title>\n<meta name=\"description\" content=\"Enrouleurs Facnor pour voile d&#039;avant : enrouleurs standards et \u00e0 sangle, enrouleurs \u00e0 motorisation \u00e9lectrique ou hydraulique, stockeurs, accessoires...\" \/>\n<meta name=\"robots\" content=\"index, follow, max-snippet:-1, max-image-preview:large, max-video-preview:-1\" \/>\n<link rel=\"canonical\" href=\"https:\/\/www.sparcraft.com\/fr\/mats-sparcraft\/conseils-et-faq\/faq-astuces-mats-greements\/\" \/>\n<meta property=\"og:locale\" content=\"fr_FR\" \/>\n<meta property=\"og:type\" content=\"article\" \/>\n<meta property=\"og:title\" content=\"FAQ &amp; Astuces m\u00e2ts et gr\u00e9ements - Sparcraft\" \/>\n<meta property=\"og:description\" content=\"Enrouleurs Facnor pour voile d&#039;avant : enrouleurs standards et \u00e0 sangle, enrouleurs \u00e0 motorisation \u00e9lectrique ou hydraulique, stockeurs, accessoires...\" \/>\n<meta property=\"og:url\" content=\"https:\/\/www.sparcraft.com\/fr\/mats-sparcraft\/conseils-et-faq\/faq-astuces-mats-greements\/\" \/>\n<meta property=\"og:site_name\" content=\"Sparcraft\" \/>\n<meta property=\"article:modified_time\" content=\"2023-03-20T09:49:19+00:00\" \/>\n<meta name=\"twitter:card\" content=\"summary_large_image\" \/>\n<meta name=\"twitter:label1\" content=\"Dur\u00e9e de lecture estim\u00e9e\" \/>\n\t<meta name=\"twitter:data1\" content=\"4 minutes\" \/>\n<script type=\"application\/ld+json\" class=\"yoast-schema-graph\">{\"@context\":\"https:\\\/\\\/schema.org\",\"@graph\":[{\"@type\":\"WebPage\",\"@id\":\"https:\\\/\\\/www.sparcraft.com\\\/fr\\\/mats-sparcraft\\\/conseils-et-faq\\\/faq-astuces-mats-greements\\\/\",\"url\":\"https:\\\/\\\/www.sparcraft.com\\\/fr\\\/mats-sparcraft\\\/conseils-et-faq\\\/faq-astuces-mats-greements\\\/\",\"name\":\"FAQ & Astuces m\u00e2ts et gr\u00e9ements - Sparcraft\",\"isPartOf\":{\"@id\":\"https:\\\/\\\/www.sparcraft.com\\\/fr\\\/#website\"},\"datePublished\":\"2020-07-29T10:20:49+00:00\",\"dateModified\":\"2023-03-20T09:49:19+00:00\",\"description\":\"Enrouleurs Facnor pour voile d'avant : enrouleurs standards et \u00e0 sangle, enrouleurs \u00e0 motorisation \u00e9lectrique ou hydraulique, stockeurs, accessoires...\",\"breadcrumb\":{\"@id\":\"https:\\\/\\\/www.sparcraft.com\\\/fr\\\/mats-sparcraft\\\/conseils-et-faq\\\/faq-astuces-mats-greements\\\/#breadcrumb\"},\"inLanguage\":\"fr-FR\",\"potentialAction\":[{\"@type\":\"ReadAction\",\"target\":[\"https:\\\/\\\/www.sparcraft.com\\\/fr\\\/mats-sparcraft\\\/conseils-et-faq\\\/faq-astuces-mats-greements\\\/\"]}]},{\"@type\":\"BreadcrumbList\",\"@id\":\"https:\\\/\\\/www.sparcraft.com\\\/fr\\\/mats-sparcraft\\\/conseils-et-faq\\\/faq-astuces-mats-greements\\\/#breadcrumb\",\"itemListElement\":[{\"@type\":\"ListItem\",\"position\":1,\"name\":\"M\u00e2ts Sparcraft\",\"item\":\"https:\\\/\\\/www.sparcraft.com\\\/fr\\\/mats-sparcraft\\\/\"},{\"@type\":\"ListItem\",\"position\":2,\"name\":\"Conseils &#038; FAQ\",\"item\":\"https:\\\/\\\/www.sparcraft.com\\\/fr\\\/mats-sparcraft\\\/conseils-et-faq\\\/\"},{\"@type\":\"ListItem\",\"position\":3,\"name\":\"FAQ &#038; Astuces m\u00e2ts et gr\u00e9ements\"}]},{\"@type\":\"WebSite\",\"@id\":\"https:\\\/\\\/www.sparcraft.com\\\/fr\\\/#website\",\"url\":\"https:\\\/\\\/www.sparcraft.com\\\/fr\\\/\",\"name\":\"Sparcraft\",\"description\":\"Mast &amp; Rigging\",\"potentialAction\":[{\"@type\":\"SearchAction\",\"target\":{\"@type\":\"EntryPoint\",\"urlTemplate\":\"https:\\\/\\\/www.sparcraft.com\\\/fr\\\/?s={search_term_string}\"},\"query-input\":{\"@type\":\"PropertyValueSpecification\",\"valueRequired\":true,\"valueName\":\"search_term_string\"}}],\"inLanguage\":\"fr-FR\"}]}<\/script>\n<!-- \/ Yoast SEO plugin. -->","yoast_head_json":{"title":"FAQ & Astuces m\u00e2ts et gr\u00e9ements - Sparcraft","description":"Enrouleurs Facnor pour voile d'avant : enrouleurs standards et \u00e0 sangle, enrouleurs \u00e0 motorisation \u00e9lectrique ou hydraulique, stockeurs, accessoires...","robots":{"index":"index","follow":"follow","max-snippet":"max-snippet:-1","max-image-preview":"max-image-preview:large","max-video-preview":"max-video-preview:-1"},"canonical":"https:\/\/www.sparcraft.com\/fr\/mats-sparcraft\/conseils-et-faq\/faq-astuces-mats-greements\/","og_locale":"fr_FR","og_type":"article","og_title":"FAQ & Astuces m\u00e2ts et gr\u00e9ements - Sparcraft","og_description":"Enrouleurs Facnor pour voile d'avant : enrouleurs standards et \u00e0 sangle, enrouleurs \u00e0 motorisation \u00e9lectrique ou hydraulique, stockeurs, accessoires...","og_url":"https:\/\/www.sparcraft.com\/fr\/mats-sparcraft\/conseils-et-faq\/faq-astuces-mats-greements\/","og_site_name":"Sparcraft","article_modified_time":"2023-03-20T09:49:19+00:00","twitter_card":"summary_large_image","twitter_misc":{"Dur\u00e9e de lecture estim\u00e9e":"4 minutes"},"schema":{"@context":"https:\/\/schema.org","@graph":[{"@type":"WebPage","@id":"https:\/\/www.sparcraft.com\/fr\/mats-sparcraft\/conseils-et-faq\/faq-astuces-mats-greements\/","url":"https:\/\/www.sparcraft.com\/fr\/mats-sparcraft\/conseils-et-faq\/faq-astuces-mats-greements\/","name":"FAQ & Astuces m\u00e2ts et gr\u00e9ements - Sparcraft","isPartOf":{"@id":"https:\/\/www.sparcraft.com\/fr\/#website"},"datePublished":"2020-07-29T10:20:49+00:00","dateModified":"2023-03-20T09:49:19+00:00","description":"Enrouleurs Facnor pour voile d'avant : enrouleurs standards et \u00e0 sangle, enrouleurs \u00e0 motorisation \u00e9lectrique ou hydraulique, stockeurs, accessoires...","breadcrumb":{"@id":"https:\/\/www.sparcraft.com\/fr\/mats-sparcraft\/conseils-et-faq\/faq-astuces-mats-greements\/#breadcrumb"},"inLanguage":"fr-FR","potentialAction":[{"@type":"ReadAction","target":["https:\/\/www.sparcraft.com\/fr\/mats-sparcraft\/conseils-et-faq\/faq-astuces-mats-greements\/"]}]},{"@type":"BreadcrumbList","@id":"https:\/\/www.sparcraft.com\/fr\/mats-sparcraft\/conseils-et-faq\/faq-astuces-mats-greements\/#breadcrumb","itemListElement":[{"@type":"ListItem","position":1,"name":"M\u00e2ts Sparcraft","item":"https:\/\/www.sparcraft.com\/fr\/mats-sparcraft\/"},{"@type":"ListItem","position":2,"name":"Conseils &#038; FAQ","item":"https:\/\/www.sparcraft.com\/fr\/mats-sparcraft\/conseils-et-faq\/"},{"@type":"ListItem","position":3,"name":"FAQ &#038; Astuces m\u00e2ts et gr\u00e9ements"}]},{"@type":"WebSite","@id":"https:\/\/www.sparcraft.com\/fr\/#website","url":"https:\/\/www.sparcraft.com\/fr\/","name":"Sparcraft","description":"Mast &amp; Rigging","potentialAction":[{"@type":"SearchAction","target":{"@type":"EntryPoint","urlTemplate":"https:\/\/www.sparcraft.com\/fr\/?s={search_term_string}"},"query-input":{"@type":"PropertyValueSpecification","valueRequired":true,"valueName":"search_term_string"}}],"inLanguage":"fr-FR"}]}},"_links":{"self":[{"href":"https:\/\/www.sparcraft.com\/fr\/wp-json\/wp\/v2\/pages\/31661","targetHints":{"allow":["GET"]}}],"collection":[{"href":"https:\/\/www.sparcraft.com\/fr\/wp-json\/wp\/v2\/pages"}],"about":[{"href":"https:\/\/www.sparcraft.com\/fr\/wp-json\/wp\/v2\/types\/page"}],"author":[{"embeddable":true,"href":"https:\/\/www.sparcraft.com\/fr\/wp-json\/wp\/v2\/users\/2"}],"replies":[{"embeddable":true,"href":"https:\/\/www.sparcraft.com\/fr\/wp-json\/wp\/v2\/comments?post=31661"}],"version-history":[{"count":0,"href":"https:\/\/www.sparcraft.com\/fr\/wp-json\/wp\/v2\/pages\/31661\/revisions"}],"up":[{"embeddable":true,"href":"https:\/\/www.sparcraft.com\/fr\/wp-json\/wp\/v2\/pages\/31675"}],"wp:attachment":[{"href":"https:\/\/www.sparcraft.com\/fr\/wp-json\/wp\/v2\/media?parent=31661"}],"curies":[{"name":"wp","href":"https:\/\/api.w.org\/{rel}","templated":true}]}}