{"id":31660,"date":"2020-07-29T12:21:32","date_gmt":"2020-07-29T10:21:32","guid":{"rendered":"https:\/\/www.sparcraft.com\/infos-techniques-mats-greements\/"},"modified":"2023-04-14T09:07:51","modified_gmt":"2023-04-14T07:07:51","slug":"infos-techniques-mats-greements","status":"publish","type":"page","link":"https:\/\/www.sparcraft.com\/fr\/mats-sparcraft\/conseils-et-faq\/infos-techniques-mats-greements\/","title":{"rendered":"Infos techniques m\u00e2ts et gr\u00e9ements"},"content":{"rendered":"<div  class='flex_column av-acbno-7e1a3077ce56c9a2edd5a70ca433fe17 av_one_full  avia-builder-el-0  el_before_av_one_half  avia-builder-el-first  first flex_column_div  '     ><style type=\"text\/css\" data-created_by=\"avia_inline_auto\" id=\"style-css-av-ldj1qtke-f42b77a501ea0fd22bc4b01d395f0c47\">\n#top .av-special-heading.av-ldj1qtke-f42b77a501ea0fd22bc4b01d395f0c47{\npadding-bottom:10px;\ncolor:#005299;\n}\nbody .av-special-heading.av-ldj1qtke-f42b77a501ea0fd22bc4b01d395f0c47 .av-special-heading-tag .heading-char{\nfont-size:25px;\n}\n.av-special-heading.av-ldj1qtke-f42b77a501ea0fd22bc4b01d395f0c47 .special-heading-inner-border{\nborder-color:#005299;\n}\n.av-special-heading.av-ldj1qtke-f42b77a501ea0fd22bc4b01d395f0c47 .av-subheading{\nfont-size:15px;\n}\n<\/style>\n<div  class='av-special-heading av-ldj1qtke-f42b77a501ea0fd22bc4b01d395f0c47 av-special-heading-h3 custom-color-heading  avia-builder-el-1  avia-builder-el-no-sibling  av-linked-heading'><h3 class='av-special-heading-tag '  itemprop=\"headline\"  >INFOS TECHNIQUES M\u00c2T <span class='special_amp'>&amp;<\/span> GR\u00c9EMENT<\/h3><div class=\"special-heading-border\"><div class=\"special-heading-inner-border\"><\/div><\/div><\/div><\/div>\n<div  class='flex_column av-1bo5o-1894cad5300e0e09d612669da2889a32 av_one_half  avia-builder-el-2  el_after_av_one_full  el_before_av_one_half  first flex_column_div  column-top-margin'     ><p><section  class='av_textblock_section av-ldofq0hd-312b1b140b9568c5751c2878393da71e '   itemscope=\"itemscope\" itemtype=\"https:\/\/schema.org\/CreativeWork\" ><div class='avia_textblock'  itemprop=\"text\" ><\/div><\/section><br \/>\n\n<style type=\"text\/css\" data-created_by=\"avia_inline_auto\" id=\"style-css-av-ldofk5l0-85e18c59ef770ac857f91b467e9bbe00\">\n.iconbox.av-ldofk5l0-85e18c59ef770ac857f91b467e9bbe00 .iconbox_icon{\nbackground-color:#005299;\ncolor:#f7f7f7;\n}\n.iconbox.av-ldofk5l0-85e18c59ef770ac857f91b467e9bbe00 .iconbox_icon.avia-svg-icon svg:first-child{\nfill:#f7f7f7;\nstroke:#f7f7f7;\n}\n#top #wrap_all .iconbox.av-ldofk5l0-85e18c59ef770ac857f91b467e9bbe00 .iconbox_content_title{\ncolor:#005299;\n}\n.iconbox.av-ldofk5l0-85e18c59ef770ac857f91b467e9bbe00 .iconbox_content_container{\ncolor:#005299;\n}\n<\/style>\n<article  class='iconbox iconbox_left av-ldofk5l0-85e18c59ef770ac857f91b467e9bbe00  avia-builder-el-4  el_after_av_textblock  avia-builder-el-last '  itemscope=\"itemscope\" itemtype=\"https:\/\/schema.org\/CreativeWork\" ><div class=\"iconbox_content\"><header class=\"entry-content-header\" aria-label=\"Ic\u00f4ne : RECOMMANDATIONS UTILISATEUR\"><div class='iconbox_icon heading-color avia-iconfont avia-font-entypo-fontello' data-av_icon='\ue84e' data-av_iconfont='entypo-fontello' title=\"RECOMMANDATIONS UTILISATEUR\" desc=\"RECOMMANDATIONS UTILISATEUR\" ><\/div><h3 class='iconbox_content_title '  itemprop=\"headline\" ><a href='https:\/\/www.sparcraft.com\/wp-content\/uploads\/2023\/02\/Notice_utilisation_sparcraft_ok.pdf' title='RECOMMANDATIONS UTILISATEUR'  >RECOMMANDATIONS UTILISATEUR<\/a><\/h3><\/header><div class='iconbox_content_container av_inherit_color'  itemprop=\"text\" ><p>Recommandations pour l&rsquo;utilisation des m\u00e2ts Sparcraft<\/p>\n<\/div><\/div><footer class=\"entry-footer\"><\/footer><\/article><\/p><\/div>\n<div  class='flex_column av-6y5ic-dc244c0103470383ea5c031dbc174703 av_one_half  avia-builder-el-5  el_after_av_one_half  el_before_av_one_half  flex_column_div  column-top-margin'     ><style type=\"text\/css\" data-created_by=\"avia_inline_auto\" id=\"style-css-av-ldoipbk8-0d55b9fe1cbf2d5df9ee9b9ca577e420\">\n.iconbox.av-ldoipbk8-0d55b9fe1cbf2d5df9ee9b9ca577e420 .iconbox_icon{\nbackground-color:#005299;\ncolor:#f7f7f7;\n}\n.iconbox.av-ldoipbk8-0d55b9fe1cbf2d5df9ee9b9ca577e420 .iconbox_icon.avia-svg-icon svg:first-child{\nfill:#f7f7f7;\nstroke:#f7f7f7;\n}\n#top #wrap_all .iconbox.av-ldoipbk8-0d55b9fe1cbf2d5df9ee9b9ca577e420 .iconbox_content_title{\ncolor:#005299;\n}\n.iconbox.av-ldoipbk8-0d55b9fe1cbf2d5df9ee9b9ca577e420 .iconbox_content_container{\ncolor:#005299;\n}\n<\/style>\n<article  class='iconbox iconbox_left av-ldoipbk8-0d55b9fe1cbf2d5df9ee9b9ca577e420  avia-builder-el-6  avia-builder-el-no-sibling '  itemscope=\"itemscope\" itemtype=\"https:\/\/schema.org\/CreativeWork\" ><div class=\"iconbox_content\"><header class=\"entry-content-header\" aria-label=\"Ic\u00f4ne : VOIR SUPPORT TECHNIQUE (NOTICES, INFOS TECHNIQUES PI\u00c9CES,...)\"><a href='https:\/\/www.sparcraft.com\/fr\/support-technique\/' title='VOIR SUPPORT TECHNIQUE (NOTICES, INFOS TECHNIQUES PI\u00c9CES,...)' aria-label='VOIR SUPPORT TECHNIQUE (NOTICES, INFOS TECHNIQUES PI\u00c9CES,...)'  class='iconbox_icon heading-color avia-iconfont avia-font-entypo-fontello' data-av_icon='\ue856' data-av_iconfont='entypo-fontello' title=\"VOIR SUPPORT TECHNIQUE (NOTICES, INFOS TECHNIQUES PI\u00c9CES,...)\" desc=\"VOIR SUPPORT TECHNIQUE (NOTICES, INFOS TECHNIQUES PI\u00c9CES,...)\" ><\/a><h3 class='iconbox_content_title '  itemprop=\"headline\" ><a href='https:\/\/www.sparcraft.com\/fr\/support-technique\/' title='VOIR SUPPORT TECHNIQUE (NOTICES, INFOS TECHNIQUES PI\u00c9CES,...)' >VOIR SUPPORT TECHNIQUE (NOTICES, INFOS TECHNIQUES PI\u00c9CES,...)<\/a><\/h3><\/header><div class='iconbox_content_container av_inherit_color'  itemprop=\"text\" ><p>Notices, fiches techniques,&#8230;<\/p>\n<\/div><\/div><footer class=\"entry-footer\"><\/footer><\/article><\/div>\n\n<style type=\"text\/css\" data-created_by=\"avia_inline_auto\" id=\"style-css-av-jfxn0-af28324338d465910225f7ac1c73aee0\">\n.flex_column.av-jfxn0-af28324338d465910225f7ac1c73aee0{\nborder-radius:0px 0px 0px 0px;\npadding:0px 0px 0px 0px;\n}\n<\/style>\n<div  class='flex_column av-jfxn0-af28324338d465910225f7ac1c73aee0 av_one_half  avia-builder-el-7  el_after_av_one_half  el_before_av_one_half  first flex_column_div av-zero-column-padding  column-top-margin'     ><p>\n<style type=\"text\/css\" data-created_by=\"avia_inline_auto\" id=\"style-css-av-exm9w-69c45db0640f047ac8ac53dee6d69ce5\">\n#top .av-special-heading.av-exm9w-69c45db0640f047ac8ac53dee6d69ce5{\npadding-bottom:3px;\ncolor:#022972;\n}\nbody .av-special-heading.av-exm9w-69c45db0640f047ac8ac53dee6d69ce5 .av-special-heading-tag .heading-char{\nfont-size:25px;\n}\n.av-special-heading.av-exm9w-69c45db0640f047ac8ac53dee6d69ce5 .special-heading-inner-border{\nborder-color:#022972;\n}\n.av-special-heading.av-exm9w-69c45db0640f047ac8ac53dee6d69ce5 .av-subheading{\nfont-size:15px;\n}\n\n@media only screen and (min-width: 768px) and (max-width: 989px){ \n#top #wrap_all .av-special-heading.av-exm9w-69c45db0640f047ac8ac53dee6d69ce5 .av-special-heading-tag{\nfont-size:12px;\n}\n}\n<\/style>\n<div  class='av-special-heading av-exm9w-69c45db0640f047ac8ac53dee6d69ce5 av-special-heading-h3 custom-color-heading  avia-builder-el-8  el_before_av_textblock  avia-builder-el-first  av-linked-heading'><h3 class='av-special-heading-tag '  itemprop=\"headline\"  >AIDE &#8211; CONSULTER NOTRE R\u00c9SEAU D\u2019AGENTS SPARCRAFT<\/h3><div class=\"special-heading-border\"><div class=\"special-heading-inner-border\"><\/div><\/div><\/div><br \/>\n\n<style type=\"text\/css\" data-created_by=\"avia_inline_auto\" id=\"style-css-av-jxugj9qk-4bad9f5fff77df2b48e5b4d10a64cba7\">\n#top .av_textblock_section.av-jxugj9qk-4bad9f5fff77df2b48e5b4d10a64cba7 .avia_textblock{\ncolor:#000000;\n}\n<\/style>\n<section  class='av_textblock_section av-jxugj9qk-4bad9f5fff77df2b48e5b4d10a64cba7 '   itemscope=\"itemscope\" itemtype=\"https:\/\/schema.org\/CreativeWork\" ><div class='avia_textblock av_inherit_color'  itemprop=\"text\" ><h2><strong>\u00a0<\/strong><\/h2>\n<p style=\"padding-left: 40px;\">Faites-vous conseiller par votre revendeur : <a href=\"https:\/\/www.sparcraft.com\/revendeurs\/\"><span style=\"color: #005299;\">R\u00e9seau SPARCRAFT<\/span><\/a><\/p>\n<\/div><\/section><\/p><\/div>\n\n<style type=\"text\/css\" data-created_by=\"avia_inline_auto\" id=\"style-css-av-382hau-78564946035dd218e4754a261b3ef8ea\">\n.flex_column.av-382hau-78564946035dd218e4754a261b3ef8ea{\nborder-radius:0px 0px 0px 0px;\npadding:0px 0px 0px 0px;\n}\n<\/style>\n<div  class='flex_column av-382hau-78564946035dd218e4754a261b3ef8ea av_one_half  avia-builder-el-10  el_after_av_one_half  el_before_av_one_full  flex_column_div av-zero-column-padding  column-top-margin'     ><p>\n<style type=\"text\/css\" data-created_by=\"avia_inline_auto\" id=\"style-css-av-a8scc-11bcf160978eda427271ae5b514ee656\">\n#top .av-special-heading.av-a8scc-11bcf160978eda427271ae5b514ee656{\npadding-bottom:3px;\ncolor:#022972;\n}\nbody .av-special-heading.av-a8scc-11bcf160978eda427271ae5b514ee656 .av-special-heading-tag .heading-char{\nfont-size:25px;\n}\n.av-special-heading.av-a8scc-11bcf160978eda427271ae5b514ee656 .special-heading-inner-border{\nborder-color:#022972;\n}\n.av-special-heading.av-a8scc-11bcf160978eda427271ae5b514ee656 .av-subheading{\nfont-size:15px;\n}\n\n@media only screen and (min-width: 768px) and (max-width: 989px){ \n#top #wrap_all .av-special-heading.av-a8scc-11bcf160978eda427271ae5b514ee656 .av-special-heading-tag{\nfont-size:12px;\n}\n}\n<\/style>\n<div  class='av-special-heading av-a8scc-11bcf160978eda427271ae5b514ee656 av-special-heading-h3 custom-color-heading  avia-builder-el-11  el_before_av_icon_box  avia-builder-el-first  av-linked-heading'><h3 class='av-special-heading-tag '  itemprop=\"headline\"  >FOIRE AUX QUESTIONS SPARCRAFT<\/h3><div class=\"special-heading-border\"><div class=\"special-heading-inner-border\"><\/div><\/div><\/div><br \/>\n\n<style type=\"text\/css\" data-created_by=\"avia_inline_auto\" id=\"style-css-av-k6w61m4w-e45115e2f2f67351fc35cbd4929f9378\">\n.iconbox.av-k6w61m4w-e45115e2f2f67351fc35cbd4929f9378 .iconbox_icon{\nbackground-color:#ffffff;\ncolor:#129cb7;\n}\n.iconbox.av-k6w61m4w-e45115e2f2f67351fc35cbd4929f9378 .iconbox_icon.avia-svg-icon svg:first-child{\nfill:#129cb7;\nstroke:#129cb7;\n}\n#top #wrap_all .iconbox.av-k6w61m4w-e45115e2f2f67351fc35cbd4929f9378 .iconbox_content_title{\ncolor:#09afd0;\n}\n.iconbox.av-k6w61m4w-e45115e2f2f67351fc35cbd4929f9378 .iconbox_content_container{\ncolor:#005299;\n}\n<\/style>\n<article  class='iconbox iconbox_left_content av-k6w61m4w-e45115e2f2f67351fc35cbd4929f9378 av-icon-style-no-border  avia-builder-el-12  el_after_av_heading  avia-builder-el-last '  itemscope=\"itemscope\" itemtype=\"https:\/\/schema.org\/CreativeWork\" ><div class='iconbox_icon heading-color avia-iconfont avia-font-entypo-fontello' data-av_icon='\ue81d' data-av_iconfont='entypo-fontello' title=\"QUESTIONS R\u00c9PONSES LES PLUS FR\u00c9QUENTES\" desc=\"QUESTIONS R\u00c9PONSES LES PLUS FR\u00c9QUENTES\" ><\/div><div class=\"iconbox_content\"><header class=\"entry-content-header\" aria-label=\"Ic\u00f4ne : QUESTIONS R\u00c9PONSES LES PLUS FR\u00c9QUENTES\"><h3 class='iconbox_content_title '  itemprop=\"headline\" ><a href='https:\/\/www.sparcraft.com\/fr\/faq\/' title='QUESTIONS R\u00c9PONSES LES PLUS FR\u00c9QUENTES'  >QUESTIONS R\u00c9PONSES LES PLUS FR\u00c9QUENTES<\/a><\/h3><\/header><div class='iconbox_content_container av_inherit_color'  itemprop=\"text\" ><\/div><\/div><footer class=\"entry-footer\"><\/footer><\/article><\/p><\/div>\n<style type=\"text\/css\" data-created_by=\"avia_inline_auto\" id=\"style-css-av-9v3ac-ba8b3a055d7fbfe24661223415efa7ab\">\n.flex_column.av-9v3ac-ba8b3a055d7fbfe24661223415efa7ab{\nborder-radius:0px 0px 0px 0px;\npadding:0px 0px 0px 0px;\n}\n<\/style>\n<div  class='flex_column av-9v3ac-ba8b3a055d7fbfe24661223415efa7ab av_one_full  avia-builder-el-13  el_after_av_one_half  el_before_av_one_full  first flex_column_div av-zero-column-padding  column-top-margin'     ><div  class='avia-buttonrow-wrap av-ldj1hvlj-09a1095a2f6261a2b0bdca02b66c8bc2 avia-buttonrow-center  avia-builder-el-14  avia-builder-el-no-sibling '>\n\n<style type=\"text\/css\" data-created_by=\"avia_inline_auto\" id=\"style-css-av-ldj1hv0h-8567ffedc0660b5e8043b6585b5a8b77\">\n#top #wrap_all .avia-button.av-ldj1hv0h-8567ffedc0660b5e8043b6585b5a8b77{\nbackground-color:#09afd0;\nborder-color:#09afd0;\ncolor:#ffffff;\ntransition:all 0.4s ease-in-out;\nmargin-bottom:5px;\nmargin-right:3px;\nmargin-left:3px;\n}\n#top #wrap_all .avia-button.av-ldj1hv0h-8567ffedc0660b5e8043b6585b5a8b77 .avia-svg-icon svg:first-child{\nfill:#ffffff;\nstroke:#ffffff;\n}\n<\/style>\n<a href='https:\/\/www.sparcraft.com\/fr\/support-technique\/'  class='avia-button av-ldj1hv0h-8567ffedc0660b5e8043b6585b5a8b77 avia-icon_select-yes-left-icon avia-size-small'   aria-label=\"SUPPORT TECHNIQUE\"><span class='avia_button_icon avia_button_icon_left avia-iconfont avia-font-entypo-fontello' data-av_icon='\ue80a' data-av_iconfont='entypo-fontello' ><\/span><span class='avia_iconbox_title' >SUPPORT TECHNIQUE<\/span><\/a>\n\n<style type=\"text\/css\" data-created_by=\"avia_inline_auto\" id=\"style-css-av-ldj1heze-a9b111b2a0283b6d105becab74a6edee\">\n#top #wrap_all .avia-button.av-ldj1heze-a9b111b2a0283b6d105becab74a6edee{\nbackground-color:#09afd0;\nborder-color:#09afd0;\ncolor:#ffffff;\ntransition:all 0.4s ease-in-out;\nmargin-bottom:5px;\nmargin-right:3px;\nmargin-left:3px;\n}\n#top #wrap_all .avia-button.av-ldj1heze-a9b111b2a0283b6d105becab74a6edee .avia-svg-icon svg:first-child{\nfill:#ffffff;\nstroke:#ffffff;\n}\n<\/style>\n<a href='https:\/\/www.sparcraft.com\/fr\/faq\/'  class='avia-button av-ldj1heze-a9b111b2a0283b6d105becab74a6edee avia-icon_select-no avia-size-small'  target=\"_blank\"  rel=\"noopener noreferrer\"  aria-label=\"FAQ\"><span class='avia_iconbox_title' >FAQ<\/span><\/a>\n\n<style type=\"text\/css\" data-created_by=\"avia_inline_auto\" id=\"style-css-av-ldj1hv0h-2-8b1b1afdde08c5c93d4cd996d300f602\">\n#top #wrap_all .avia-button.av-ldj1hv0h-2-8b1b1afdde08c5c93d4cd996d300f602{\nbackground-color:#09afd0;\nborder-color:#09afd0;\ncolor:#ffffff;\ntransition:all 0.4s ease-in-out;\nmargin-bottom:5px;\nmargin-right:3px;\nmargin-left:3px;\n}\n#top #wrap_all .avia-button.av-ldj1hv0h-2-8b1b1afdde08c5c93d4cd996d300f602 .avia-svg-icon svg:first-child{\nfill:#ffffff;\nstroke:#ffffff;\n}\n<\/style>\n<a href='https:\/\/www.sparcraft.com\/fr\/revendeurs\/'  class='avia-button av-ldj1hv0h-2-8b1b1afdde08c5c93d4cd996d300f602 avia-icon_select-yes-left-icon avia-size-small'   aria-label=\"CONTACTER UN REVENDEUR\"><span class='avia_button_icon avia_button_icon_left avia-iconfont avia-font-entypo-fontello' data-av_icon='\ue80a' data-av_iconfont='entypo-fontello' ><\/span><span class='avia_iconbox_title' >CONTACTER UN REVENDEUR<\/span><\/a>\n<\/div><\/div>\n<style type=\"text\/css\" data-created_by=\"avia_inline_auto\" id=\"style-css-av-eufo7-4e80f01e91adeb4483d457fbb972545b\">\n.flex_column.av-eufo7-4e80f01e91adeb4483d457fbb972545b{\nborder-radius:0px 0px 0px 0px;\npadding:0px 0px 0px 0px;\n}\n<\/style>\n<div  class='flex_column av-eufo7-4e80f01e91adeb4483d457fbb972545b av_one_full  avia-builder-el-15  el_after_av_one_full  avia-builder-el-last  first flex_column_div av-zero-column-padding  column-top-margin'     ><p>\n<style type=\"text\/css\" data-created_by=\"avia_inline_auto\" id=\"style-css-av-kggfeun1-b08d673b2720120a4454ef6e9c57291b\">\n#top .av-special-heading.av-kggfeun1-b08d673b2720120a4454ef6e9c57291b{\npadding-bottom:3px;\ncolor:#022972;\n}\nbody .av-special-heading.av-kggfeun1-b08d673b2720120a4454ef6e9c57291b .av-special-heading-tag .heading-char{\nfont-size:25px;\n}\n.av-special-heading.av-kggfeun1-b08d673b2720120a4454ef6e9c57291b .special-heading-inner-border{\nborder-color:#022972;\n}\n.av-special-heading.av-kggfeun1-b08d673b2720120a4454ef6e9c57291b .av-subheading{\nfont-size:15px;\n}\n\n@media only screen and (min-width: 768px) and (max-width: 989px){ \n#top #wrap_all .av-special-heading.av-kggfeun1-b08d673b2720120a4454ef6e9c57291b .av-special-heading-tag{\nfont-size:12px;\n}\n}\n<\/style>\n<div  class='av-special-heading av-kggfeun1-b08d673b2720120a4454ef6e9c57291b av-special-heading-h3 custom-color-heading  avia-builder-el-16  el_before_av_social_share  avia-builder-el-first  av-linked-heading'><h3 class='av-special-heading-tag '  itemprop=\"headline\"  >PARTAGEZ LE CONTENU DE CETTE PAGE<\/h3><div class=\"special-heading-border\"><div class=\"special-heading-inner-border\"><\/div><\/div><\/div><br \/>\n<div  class='av-social-sharing-box av-jxugcbjf-1b1b753827f0a4b17bd435b61c5d3eb0 av-social-sharing-box-default  avia-builder-el-17  el_after_av_heading  avia-builder-el-last  av-social-sharing-box-fullwidth'><div class=\"av-share-box\"><ul class=\"av-share-box-list noLightbox\"><li class='av-share-link av-social-link-facebook avia_social_iconfont' ><a target=\"_blank\" aria-label=\"Partager sur Facebook\" href='https:\/\/www.facebook.com\/sharer.php?u=https:\/\/www.sparcraft.com\/fr\/mats-sparcraft\/conseils-et-faq\/infos-techniques-mats-greements\/&#038;t=Infos%20techniques%20m%C3%A2ts%20et%20gr%C3%A9ements' data-av_icon='\ue8f3' data-av_iconfont='entypo-fontello'  title='' data-avia-related-tooltip='Partager sur Facebook'><span class='avia_hidden_link_text'>Partager sur Facebook<\/span><\/a><\/li><li class='av-share-link av-social-link-twitter avia_social_iconfont' ><a target=\"_blank\" aria-label=\"Partager sur X\" href='https:\/\/twitter.com\/share?text=Infos%20techniques%20m%C3%A2ts%20et%20gr%C3%A9ements&#038;url=https:\/\/www.sparcraft.com\/fr\/?p=31660' data-av_icon='\ue932' data-av_iconfont='entypo-fontello'  title='' data-avia-related-tooltip='Partager sur X'><span class='avia_hidden_link_text'>Partager sur X<\/span><\/a><\/li><li class='av-share-link av-social-link-linkedin avia_social_iconfont' ><a target=\"_blank\" aria-label=\"Partager sur LinkedIn\" href='https:\/\/linkedin.com\/shareArticle?mini=true&#038;title=Infos%20techniques%20m%C3%A2ts%20et%20gr%C3%A9ements&#038;url=https:\/\/www.sparcraft.com\/fr\/mats-sparcraft\/conseils-et-faq\/infos-techniques-mats-greements\/' data-av_icon='\ue8fc' data-av_iconfont='entypo-fontello'  title='' data-avia-related-tooltip='Partager sur LinkedIn'><span class='avia_hidden_link_text'>Partager sur LinkedIn<\/span><\/a><\/li><li class='av-share-link av-social-link-mail avia_social_iconfont' ><a  aria-label=\"Partager par Mail\" href='mailto:?subject=Infos%20techniques%20m%C3%A2ts%20et%20gr%C3%A9ements&#038;body=https:\/\/www.sparcraft.com\/fr\/mats-sparcraft\/conseils-et-faq\/infos-techniques-mats-greements\/' data-av_icon='\ue805' data-av_iconfont='entypo-fontello'  title='' data-avia-related-tooltip='Partager par Mail'><span class='avia_hidden_link_text'>Partager par Mail<\/span><\/a><\/li><\/ul><\/div><\/div><\/p><\/div><\/p>\n","protected":false},"excerpt":{"rendered":"","protected":false},"author":2,"featured_media":0,"parent":31675,"menu_order":30,"comment_status":"closed","ping_status":"closed","template":"","meta":{"footnotes":""},"class_list":["post-31660","page","type-page","status-publish","hentry"],"yoast_head":"<!-- This site is optimized with the Yoast SEO plugin v27.5 - https:\/\/yoast.com\/product\/yoast-seo-wordpress\/ -->\n<title>Infos techniques m\u00e2ts et gr\u00e9ements - Sparcraft<\/title>\n<meta name=\"description\" content=\"infos techniques m\u00e2t, recommandations d&#039;utilisation,...\" \/>\n<meta name=\"robots\" content=\"index, follow, max-snippet:-1, max-image-preview:large, max-video-preview:-1\" \/>\n<link rel=\"canonical\" href=\"https:\/\/www.sparcraft.com\/fr\/mats-sparcraft\/conseils-et-faq\/infos-techniques-mats-greements\/\" \/>\n<meta property=\"og:locale\" content=\"fr_FR\" \/>\n<meta property=\"og:type\" content=\"article\" \/>\n<meta property=\"og:title\" content=\"Infos techniques m\u00e2ts et gr\u00e9ements - Sparcraft\" \/>\n<meta property=\"og:description\" content=\"infos techniques m\u00e2t, recommandations d&#039;utilisation,...\" \/>\n<meta property=\"og:url\" content=\"https:\/\/www.sparcraft.com\/fr\/mats-sparcraft\/conseils-et-faq\/infos-techniques-mats-greements\/\" \/>\n<meta property=\"og:site_name\" content=\"Sparcraft\" \/>\n<meta property=\"article:modified_time\" content=\"2023-04-14T07:07:51+00:00\" \/>\n<meta name=\"twitter:card\" content=\"summary_large_image\" \/>\n<meta name=\"twitter:label1\" content=\"Dur\u00e9e de lecture estim\u00e9e\" \/>\n\t<meta name=\"twitter:data1\" content=\"6 minutes\" \/>\n<script type=\"application\/ld+json\" class=\"yoast-schema-graph\">{\"@context\":\"https:\\\/\\\/schema.org\",\"@graph\":[{\"@type\":\"WebPage\",\"@id\":\"https:\\\/\\\/www.sparcraft.com\\\/fr\\\/mats-sparcraft\\\/conseils-et-faq\\\/infos-techniques-mats-greements\\\/\",\"url\":\"https:\\\/\\\/www.sparcraft.com\\\/fr\\\/mats-sparcraft\\\/conseils-et-faq\\\/infos-techniques-mats-greements\\\/\",\"name\":\"Infos techniques m\u00e2ts et gr\u00e9ements - Sparcraft\",\"isPartOf\":{\"@id\":\"https:\\\/\\\/www.sparcraft.com\\\/fr\\\/#website\"},\"datePublished\":\"2020-07-29T10:21:32+00:00\",\"dateModified\":\"2023-04-14T07:07:51+00:00\",\"description\":\"infos techniques m\u00e2t, recommandations d'utilisation,...\",\"breadcrumb\":{\"@id\":\"https:\\\/\\\/www.sparcraft.com\\\/fr\\\/mats-sparcraft\\\/conseils-et-faq\\\/infos-techniques-mats-greements\\\/#breadcrumb\"},\"inLanguage\":\"fr-FR\",\"potentialAction\":[{\"@type\":\"ReadAction\",\"target\":[\"https:\\\/\\\/www.sparcraft.com\\\/fr\\\/mats-sparcraft\\\/conseils-et-faq\\\/infos-techniques-mats-greements\\\/\"]}]},{\"@type\":\"BreadcrumbList\",\"@id\":\"https:\\\/\\\/www.sparcraft.com\\\/fr\\\/mats-sparcraft\\\/conseils-et-faq\\\/infos-techniques-mats-greements\\\/#breadcrumb\",\"itemListElement\":[{\"@type\":\"ListItem\",\"position\":1,\"name\":\"M\u00e2ts Sparcraft\",\"item\":\"https:\\\/\\\/www.sparcraft.com\\\/fr\\\/mats-sparcraft\\\/\"},{\"@type\":\"ListItem\",\"position\":2,\"name\":\"Conseils &#038; FAQ\",\"item\":\"https:\\\/\\\/www.sparcraft.com\\\/fr\\\/mats-sparcraft\\\/conseils-et-faq\\\/\"},{\"@type\":\"ListItem\",\"position\":3,\"name\":\"Infos techniques m\u00e2ts et gr\u00e9ements\"}]},{\"@type\":\"WebSite\",\"@id\":\"https:\\\/\\\/www.sparcraft.com\\\/fr\\\/#website\",\"url\":\"https:\\\/\\\/www.sparcraft.com\\\/fr\\\/\",\"name\":\"Sparcraft\",\"description\":\"Mast &amp; Rigging\",\"potentialAction\":[{\"@type\":\"SearchAction\",\"target\":{\"@type\":\"EntryPoint\",\"urlTemplate\":\"https:\\\/\\\/www.sparcraft.com\\\/fr\\\/?s={search_term_string}\"},\"query-input\":{\"@type\":\"PropertyValueSpecification\",\"valueRequired\":true,\"valueName\":\"search_term_string\"}}],\"inLanguage\":\"fr-FR\"}]}<\/script>\n<!-- \/ Yoast SEO plugin. -->","yoast_head_json":{"title":"Infos techniques m\u00e2ts et gr\u00e9ements - Sparcraft","description":"infos techniques m\u00e2t, recommandations d'utilisation,...","robots":{"index":"index","follow":"follow","max-snippet":"max-snippet:-1","max-image-preview":"max-image-preview:large","max-video-preview":"max-video-preview:-1"},"canonical":"https:\/\/www.sparcraft.com\/fr\/mats-sparcraft\/conseils-et-faq\/infos-techniques-mats-greements\/","og_locale":"fr_FR","og_type":"article","og_title":"Infos techniques m\u00e2ts et gr\u00e9ements - Sparcraft","og_description":"infos techniques m\u00e2t, recommandations d'utilisation,...","og_url":"https:\/\/www.sparcraft.com\/fr\/mats-sparcraft\/conseils-et-faq\/infos-techniques-mats-greements\/","og_site_name":"Sparcraft","article_modified_time":"2023-04-14T07:07:51+00:00","twitter_card":"summary_large_image","twitter_misc":{"Dur\u00e9e de lecture estim\u00e9e":"6 minutes"},"schema":{"@context":"https:\/\/schema.org","@graph":[{"@type":"WebPage","@id":"https:\/\/www.sparcraft.com\/fr\/mats-sparcraft\/conseils-et-faq\/infos-techniques-mats-greements\/","url":"https:\/\/www.sparcraft.com\/fr\/mats-sparcraft\/conseils-et-faq\/infos-techniques-mats-greements\/","name":"Infos techniques m\u00e2ts et gr\u00e9ements - Sparcraft","isPartOf":{"@id":"https:\/\/www.sparcraft.com\/fr\/#website"},"datePublished":"2020-07-29T10:21:32+00:00","dateModified":"2023-04-14T07:07:51+00:00","description":"infos techniques m\u00e2t, recommandations d'utilisation,...","breadcrumb":{"@id":"https:\/\/www.sparcraft.com\/fr\/mats-sparcraft\/conseils-et-faq\/infos-techniques-mats-greements\/#breadcrumb"},"inLanguage":"fr-FR","potentialAction":[{"@type":"ReadAction","target":["https:\/\/www.sparcraft.com\/fr\/mats-sparcraft\/conseils-et-faq\/infos-techniques-mats-greements\/"]}]},{"@type":"BreadcrumbList","@id":"https:\/\/www.sparcraft.com\/fr\/mats-sparcraft\/conseils-et-faq\/infos-techniques-mats-greements\/#breadcrumb","itemListElement":[{"@type":"ListItem","position":1,"name":"M\u00e2ts Sparcraft","item":"https:\/\/www.sparcraft.com\/fr\/mats-sparcraft\/"},{"@type":"ListItem","position":2,"name":"Conseils &#038; FAQ","item":"https:\/\/www.sparcraft.com\/fr\/mats-sparcraft\/conseils-et-faq\/"},{"@type":"ListItem","position":3,"name":"Infos techniques m\u00e2ts et gr\u00e9ements"}]},{"@type":"WebSite","@id":"https:\/\/www.sparcraft.com\/fr\/#website","url":"https:\/\/www.sparcraft.com\/fr\/","name":"Sparcraft","description":"Mast &amp; Rigging","potentialAction":[{"@type":"SearchAction","target":{"@type":"EntryPoint","urlTemplate":"https:\/\/www.sparcraft.com\/fr\/?s={search_term_string}"},"query-input":{"@type":"PropertyValueSpecification","valueRequired":true,"valueName":"search_term_string"}}],"inLanguage":"fr-FR"}]}},"_links":{"self":[{"href":"https:\/\/www.sparcraft.com\/fr\/wp-json\/wp\/v2\/pages\/31660","targetHints":{"allow":["GET"]}}],"collection":[{"href":"https:\/\/www.sparcraft.com\/fr\/wp-json\/wp\/v2\/pages"}],"about":[{"href":"https:\/\/www.sparcraft.com\/fr\/wp-json\/wp\/v2\/types\/page"}],"author":[{"embeddable":true,"href":"https:\/\/www.sparcraft.com\/fr\/wp-json\/wp\/v2\/users\/2"}],"replies":[{"embeddable":true,"href":"https:\/\/www.sparcraft.com\/fr\/wp-json\/wp\/v2\/comments?post=31660"}],"version-history":[{"count":0,"href":"https:\/\/www.sparcraft.com\/fr\/wp-json\/wp\/v2\/pages\/31660\/revisions"}],"up":[{"embeddable":true,"href":"https:\/\/www.sparcraft.com\/fr\/wp-json\/wp\/v2\/pages\/31675"}],"wp:attachment":[{"href":"https:\/\/www.sparcraft.com\/fr\/wp-json\/wp\/v2\/media?parent=31660"}],"curies":[{"name":"wp","href":"https:\/\/api.w.org\/{rel}","templated":true}]}}