{"id":31652,"date":"2020-07-29T13:40:58","date_gmt":"2020-07-29T11:40:58","guid":{"rendered":"https:\/\/www.sparcraft.com\/bomes-canoe-2\/"},"modified":"2024-08-29T14:24:10","modified_gmt":"2024-08-29T12:24:10","slug":"bomes-canoe-2","status":"publish","type":"page","link":"https:\/\/www.sparcraft.com\/fr\/bomes-et-accessoires\/bomes-canoe-2\/","title":{"rendered":"B\u00d4MES CANO\u00cb"},"content":{"rendered":"<div  class='flex_column av-av_one_full-db3c685d37a83d385059f6f31cd9c4a7 av_one_full  avia-builder-el-0  el_before_av_one_full  avia-builder-el-first  first flex_column_div  '     ><\/div>\n<style type=\"text\/css\" data-created_by=\"avia_inline_auto\" id=\"style-css-av-ah1s3-7a50a7c9e7012d67e91450f46cdd08c6\">\n.flex_column.av-ah1s3-7a50a7c9e7012d67e91450f46cdd08c6{\nborder-radius:0px 0px 0px 0px;\npadding:0px 0px 0px 0px;\n}\n<\/style>\n<div  class='flex_column av-ah1s3-7a50a7c9e7012d67e91450f46cdd08c6 av_one_full  avia-builder-el-2  el_after_av_one_full  el_before_av_one_full  first flex_column_div av-zero-column-padding  column-top-margin'     ><div  class='avia-buttonrow-wrap av-k0f20u9e-d12f8a8b7f9b0e808a9b51d2aa458db0 avia-buttonrow-center  avia-builder-el-3  avia-builder-el-no-sibling '>\n\n<style type=\"text\/css\" data-created_by=\"avia_inline_auto\" id=\"style-css-av-7cccb-46f625d8b9bdc73932bb8146ee9fe7f7\">\n#top #wrap_all .avia-button.av-7cccb-46f625d8b9bdc73932bb8146ee9fe7f7{\nbackground-color:#09afd0;\nborder-color:#09afd0;\ncolor:#ffffff;\ntransition:all 0.4s ease-in-out;\nmargin-bottom:5px;\nmargin-right:3px;\nmargin-left:3px;\n}\n#top #wrap_all .avia-button.av-7cccb-46f625d8b9bdc73932bb8146ee9fe7f7 .avia-svg-icon svg:first-child{\nfill:#ffffff;\nstroke:#ffffff;\n}\n<\/style>\n<a href='https:\/\/youtu.be\/Ld0Npf5DlR4'  class='avia-button av-7cccb-46f625d8b9bdc73932bb8146ee9fe7f7 avia-icon_select-yes-left-icon avia-size-small'   aria-label=\"VIDEO\"><span class='avia_button_icon avia_button_icon_left avia-iconfont avia-font-entypo-fontello' data-av_icon='\ue80d' data-av_iconfont='entypo-fontello' ><\/span><span class='avia_iconbox_title' >VIDEO<\/span><\/a>\n\n<style type=\"text\/css\" data-created_by=\"avia_inline_auto\" id=\"style-css-av-13ecj-23b6285039d3142cd4148614f41084e7\">\n#top #wrap_all .avia-button.av-13ecj-23b6285039d3142cd4148614f41084e7{\nbackground-color:#09afd0;\nborder-color:#09afd0;\ncolor:#ffffff;\ntransition:all 0.4s ease-in-out;\nmargin-bottom:5px;\nmargin-right:3px;\nmargin-left:3px;\n}\n#top #wrap_all .avia-button.av-13ecj-23b6285039d3142cd4148614f41084e7 .avia-svg-icon svg:first-child{\nfill:#ffffff;\nstroke:#ffffff;\n}\n<\/style>\n<a href='https:\/\/www.sparcraft.com\/fr\/bomes-et-accessoires\/bomes-standards-et-accessoires\/presentation-bomes-sparcraft\/'  class='avia-button av-13ecj-23b6285039d3142cd4148614f41084e7 avia-icon_select-yes-left-icon avia-size-small'   aria-label=\"B\u00d4MES STANDARD\"><span class='avia_button_icon avia_button_icon_left avia-iconfont avia-font-entypo-fontello' data-av_icon='\ue832' data-av_iconfont='entypo-fontello' ><\/span><span class='avia_iconbox_title' >B\u00d4MES STANDARD<\/span><\/a>\n\n<style type=\"text\/css\" data-created_by=\"avia_inline_auto\" id=\"style-css-av-t64x7-2d7dc2dd4992921cff0155f530639fe5\">\n#top #wrap_all .avia-button.av-t64x7-2d7dc2dd4992921cff0155f530639fe5{\nbackground-color:#09afd0;\nborder-color:#09afd0;\ncolor:#ffffff;\ntransition:all 0.4s ease-in-out;\nmargin-bottom:5px;\nmargin-right:3px;\nmargin-left:3px;\n}\n#top #wrap_all .avia-button.av-t64x7-2d7dc2dd4992921cff0155f530639fe5 .avia-svg-icon svg:first-child{\nfill:#ffffff;\nstroke:#ffffff;\n}\n<\/style>\n<a href='https:\/\/www.sparcraft.com\/wp-content\/uploads\/2021\/11\/ficheproduit_bomecanoeB.pdf'  class='avia-button av-t64x7-2d7dc2dd4992921cff0155f530639fe5 avia-icon_select-yes-left-icon avia-size-small'  target=\"_blank\"  rel=\"noopener noreferrer\"  aria-label=\"FICHE B\u00d4MES CANO\u00cb\"><span class='avia_button_icon avia_button_icon_left avia-iconfont avia-font-entypo-fontello' data-av_icon='\ue84c' data-av_iconfont='entypo-fontello' ><\/span><span class='avia_iconbox_title' >FICHE B\u00d4MES CANO\u00cb<\/span><\/a>\n\n<style type=\"text\/css\" data-created_by=\"avia_inline_auto\" id=\"style-css-av-7cccb-2-bdf042edaab2ae87b7827c874ee07869\">\n#top #wrap_all .avia-button.av-7cccb-2-bdf042edaab2ae87b7827c874ee07869{\nbackground-color:#09afd0;\nborder-color:#09afd0;\ncolor:#ffffff;\ntransition:all 0.4s ease-in-out;\nmargin-bottom:5px;\nmargin-right:3px;\nmargin-left:3px;\n}\n#top #wrap_all .avia-button.av-7cccb-2-bdf042edaab2ae87b7827c874ee07869 .avia-svg-icon svg:first-child{\nfill:#ffffff;\nstroke:#ffffff;\n}\n<\/style>\n<a href='https:\/\/photos.app.goo.gl\/s62IlGZuo9pOptNk1'  class='avia-button av-7cccb-2-bdf042edaab2ae87b7827c874ee07869 avia-icon_select-yes-left-icon avia-size-small'  target=\"_blank\"  rel=\"noopener noreferrer\"  aria-label=\"PHOTOS\"><span class='avia_button_icon avia_button_icon_left avia-iconfont avia-font-entypo-fontello' data-av_icon='\ue80f' data-av_iconfont='entypo-fontello' ><\/span><span class='avia_iconbox_title' >PHOTOS<\/span><\/a>\n\n<style type=\"text\/css\" data-created_by=\"avia_inline_auto\" id=\"style-css-av-7cccb-1-f92c3425eaad031075b824c3df735f46\">\n#top #wrap_all .avia-button.av-7cccb-1-f92c3425eaad031075b824c3df735f46{\nbackground-color:#09afd0;\nborder-color:#09afd0;\ncolor:#ffffff;\ntransition:all 0.4s ease-in-out;\nmargin-bottom:5px;\nmargin-right:3px;\nmargin-left:3px;\n}\n#top #wrap_all .avia-button.av-7cccb-1-f92c3425eaad031075b824c3df735f46 .avia-svg-icon svg:first-child{\nfill:#ffffff;\nstroke:#ffffff;\n}\n<\/style>\n<a href='https:\/\/www.sparcraft.com\/fr\/revendeurs\/'  class='avia-button av-7cccb-1-f92c3425eaad031075b824c3df735f46 avia-icon_select-yes-left-icon avia-size-small'   aria-label=\"CONTACTER UN REVENDEUR\"><span class='avia_button_icon avia_button_icon_left avia-iconfont avia-font-entypo-fontello' data-av_icon='\ue80a' data-av_iconfont='entypo-fontello' ><\/span><span class='avia_iconbox_title' >CONTACTER UN REVENDEUR<\/span><\/a>\n<\/div><\/div><\/p>\n\n<style type=\"text\/css\" data-created_by=\"avia_inline_auto\" id=\"style-css-av-eufo7-4e80f01e91adeb4483d457fbb972545b\">\n.flex_column.av-eufo7-4e80f01e91adeb4483d457fbb972545b{\nborder-radius:0px 0px 0px 0px;\npadding:0px 0px 0px 0px;\n}\n<\/style>\n<div  class='flex_column av-eufo7-4e80f01e91adeb4483d457fbb972545b av_one_full  avia-builder-el-4  el_after_av_one_full  avia-builder-el-last  first flex_column_div av-zero-column-padding  column-top-margin'     ><p>\n<style type=\"text\/css\" data-created_by=\"avia_inline_auto\" id=\"style-css-av-kghprn08-ebe1da5a91722ab3e6377c45084f1319\">\n#top .av-special-heading.av-kghprn08-ebe1da5a91722ab3e6377c45084f1319{\npadding-bottom:3px;\ncolor:#022972;\n}\nbody .av-special-heading.av-kghprn08-ebe1da5a91722ab3e6377c45084f1319 .av-special-heading-tag .heading-char{\nfont-size:25px;\n}\n.av-special-heading.av-kghprn08-ebe1da5a91722ab3e6377c45084f1319 .special-heading-inner-border{\nborder-color:#022972;\n}\n.av-special-heading.av-kghprn08-ebe1da5a91722ab3e6377c45084f1319 .av-subheading{\nfont-size:15px;\n}\n\n@media only screen and (min-width: 768px) and (max-width: 989px){ \n#top #wrap_all .av-special-heading.av-kghprn08-ebe1da5a91722ab3e6377c45084f1319 .av-special-heading-tag{\nfont-size:12px;\n}\n}\n<\/style>\n<div  class='av-special-heading av-kghprn08-ebe1da5a91722ab3e6377c45084f1319 av-special-heading-h3 custom-color-heading  avia-builder-el-5  el_before_av_social_share  avia-builder-el-first  av-linked-heading'><h3 class='av-special-heading-tag '  itemprop=\"headline\"  >PARTAGEZ LE CONTENU DE CETTE PAGE<\/h3><div class=\"special-heading-border\"><div class=\"special-heading-inner-border\"><\/div><\/div><\/div><br \/>\n<div  class='av-social-sharing-box av-jxugcbjf-1b1b753827f0a4b17bd435b61c5d3eb0 av-social-sharing-box-default  avia-builder-el-6  el_after_av_heading  avia-builder-el-last  av-social-sharing-box-fullwidth'><div class=\"av-share-box\"><ul class=\"av-share-box-list noLightbox\"><li class='av-share-link av-social-link-facebook avia_social_iconfont' ><a target=\"_blank\" aria-label=\"Partager sur Facebook\" href='https:\/\/www.facebook.com\/sharer.php?u=https:\/\/www.sparcraft.com\/fr\/bomes-et-accessoires\/bomes-canoe-2\/&#038;t=B%C3%94MES%20CANO%C3%8B' data-av_icon='\ue8f3' data-av_iconfont='entypo-fontello'  title='' data-avia-related-tooltip='Partager sur Facebook'><span class='avia_hidden_link_text'>Partager sur Facebook<\/span><\/a><\/li><li class='av-share-link av-social-link-twitter avia_social_iconfont' ><a target=\"_blank\" aria-label=\"Partager sur X\" href='https:\/\/twitter.com\/share?text=B%C3%94MES%20CANO%C3%8B&#038;url=https:\/\/www.sparcraft.com\/fr\/?p=31652' data-av_icon='\ue932' data-av_iconfont='entypo-fontello'  title='' data-avia-related-tooltip='Partager sur X'><span class='avia_hidden_link_text'>Partager sur X<\/span><\/a><\/li><li class='av-share-link av-social-link-linkedin avia_social_iconfont' ><a target=\"_blank\" aria-label=\"Partager sur LinkedIn\" href='https:\/\/linkedin.com\/shareArticle?mini=true&#038;title=B%C3%94MES%20CANO%C3%8B&#038;url=https:\/\/www.sparcraft.com\/fr\/bomes-et-accessoires\/bomes-canoe-2\/' data-av_icon='\ue8fc' data-av_iconfont='entypo-fontello'  title='' data-avia-related-tooltip='Partager sur LinkedIn'><span class='avia_hidden_link_text'>Partager sur LinkedIn<\/span><\/a><\/li><li class='av-share-link av-social-link-mail avia_social_iconfont' ><a  aria-label=\"Partager par Mail\" href='mailto:?subject=B%C3%94MES%20CANO%C3%8B&#038;body=https:\/\/www.sparcraft.com\/fr\/bomes-et-accessoires\/bomes-canoe-2\/' data-av_icon='\ue805' data-av_iconfont='entypo-fontello'  title='' data-avia-related-tooltip='Partager par Mail'><span class='avia_hidden_link_text'>Partager par Mail<\/span><\/a><\/li><\/ul><\/div><\/div><\/p><\/div>\n","protected":false},"excerpt":{"rendered":"","protected":false},"author":2,"featured_media":0,"parent":31686,"menu_order":30,"comment_status":"closed","ping_status":"closed","template":"","meta":{"footnotes":""},"class_list":["post-31652","page","type-page","status-publish","hentry"],"yoast_head":"<!-- This site is optimized with the Yoast SEO plugin v27.4 - https:\/\/yoast.com\/product\/yoast-seo-wordpress\/ -->\n<title>B\u00d4MES CANO\u00cb - Sparcraft<\/title>\n<meta name=\"description\" content=\"Les b\u00f4mes \u201ccano\u00eb\u201d aluminium, associ\u00e9es \u00e0 des syst\u00e8mes \u00e9quilibr\u00e9s de lazy jacks, permettent de stocker ais\u00e9ment des grandes surfaces de voiles.\" \/>\n<meta name=\"robots\" content=\"index, follow, max-snippet:-1, max-image-preview:large, max-video-preview:-1\" \/>\n<link rel=\"canonical\" href=\"https:\/\/www.sparcraft.com\/fr\/bomes-et-accessoires\/bomes-canoe-2\/\" \/>\n<meta property=\"og:locale\" content=\"fr_FR\" \/>\n<meta property=\"og:type\" content=\"article\" \/>\n<meta property=\"og:title\" content=\"B\u00d4MES CANO\u00cb - Sparcraft\" \/>\n<meta property=\"og:description\" content=\"Les b\u00f4mes \u201ccano\u00eb\u201d aluminium, associ\u00e9es \u00e0 des syst\u00e8mes \u00e9quilibr\u00e9s de lazy jacks, permettent de stocker ais\u00e9ment des grandes surfaces de voiles.\" \/>\n<meta property=\"og:url\" content=\"https:\/\/www.sparcraft.com\/fr\/bomes-et-accessoires\/bomes-canoe-2\/\" \/>\n<meta property=\"og:site_name\" content=\"Sparcraft\" \/>\n<meta property=\"article:modified_time\" content=\"2024-08-29T12:24:10+00:00\" \/>\n<meta name=\"twitter:card\" content=\"summary_large_image\" \/>\n<meta name=\"twitter:label1\" content=\"Dur\u00e9e de lecture estim\u00e9e\" \/>\n\t<meta name=\"twitter:data1\" content=\"4 minutes\" \/>\n<script type=\"application\/ld+json\" class=\"yoast-schema-graph\">{\"@context\":\"https:\\\/\\\/schema.org\",\"@graph\":[{\"@type\":\"WebPage\",\"@id\":\"https:\\\/\\\/www.sparcraft.com\\\/fr\\\/bomes-et-accessoires\\\/bomes-canoe-2\\\/\",\"url\":\"https:\\\/\\\/www.sparcraft.com\\\/fr\\\/bomes-et-accessoires\\\/bomes-canoe-2\\\/\",\"name\":\"B\u00d4MES CANO\u00cb - Sparcraft\",\"isPartOf\":{\"@id\":\"https:\\\/\\\/www.sparcraft.com\\\/fr\\\/#website\"},\"datePublished\":\"2020-07-29T11:40:58+00:00\",\"dateModified\":\"2024-08-29T12:24:10+00:00\",\"description\":\"Les b\u00f4mes \u201ccano\u00eb\u201d aluminium, associ\u00e9es \u00e0 des syst\u00e8mes \u00e9quilibr\u00e9s de lazy jacks, permettent de stocker ais\u00e9ment des grandes surfaces de voiles.\",\"breadcrumb\":{\"@id\":\"https:\\\/\\\/www.sparcraft.com\\\/fr\\\/bomes-et-accessoires\\\/bomes-canoe-2\\\/#breadcrumb\"},\"inLanguage\":\"fr-FR\",\"potentialAction\":[{\"@type\":\"ReadAction\",\"target\":[\"https:\\\/\\\/www.sparcraft.com\\\/fr\\\/bomes-et-accessoires\\\/bomes-canoe-2\\\/\"]}]},{\"@type\":\"BreadcrumbList\",\"@id\":\"https:\\\/\\\/www.sparcraft.com\\\/fr\\\/bomes-et-accessoires\\\/bomes-canoe-2\\\/#breadcrumb\",\"itemListElement\":[{\"@type\":\"ListItem\",\"position\":1,\"name\":\"B\u00f4mes &#038; Accessoires\",\"item\":\"https:\\\/\\\/www.sparcraft.com\\\/fr\\\/bomes-et-accessoires\\\/\"},{\"@type\":\"ListItem\",\"position\":2,\"name\":\"B\u00d4MES CANO\u00cb\"}]},{\"@type\":\"WebSite\",\"@id\":\"https:\\\/\\\/www.sparcraft.com\\\/fr\\\/#website\",\"url\":\"https:\\\/\\\/www.sparcraft.com\\\/fr\\\/\",\"name\":\"Sparcraft\",\"description\":\"Mast &amp; Rigging\",\"potentialAction\":[{\"@type\":\"SearchAction\",\"target\":{\"@type\":\"EntryPoint\",\"urlTemplate\":\"https:\\\/\\\/www.sparcraft.com\\\/fr\\\/?s={search_term_string}\"},\"query-input\":{\"@type\":\"PropertyValueSpecification\",\"valueRequired\":true,\"valueName\":\"search_term_string\"}}],\"inLanguage\":\"fr-FR\"}]}<\/script>\n<!-- \/ Yoast SEO plugin. -->","yoast_head_json":{"title":"B\u00d4MES CANO\u00cb - Sparcraft","description":"Les b\u00f4mes \u201ccano\u00eb\u201d aluminium, associ\u00e9es \u00e0 des syst\u00e8mes \u00e9quilibr\u00e9s de lazy jacks, permettent de stocker ais\u00e9ment des grandes surfaces de voiles.","robots":{"index":"index","follow":"follow","max-snippet":"max-snippet:-1","max-image-preview":"max-image-preview:large","max-video-preview":"max-video-preview:-1"},"canonical":"https:\/\/www.sparcraft.com\/fr\/bomes-et-accessoires\/bomes-canoe-2\/","og_locale":"fr_FR","og_type":"article","og_title":"B\u00d4MES CANO\u00cb - Sparcraft","og_description":"Les b\u00f4mes \u201ccano\u00eb\u201d aluminium, associ\u00e9es \u00e0 des syst\u00e8mes \u00e9quilibr\u00e9s de lazy jacks, permettent de stocker ais\u00e9ment des grandes surfaces de voiles.","og_url":"https:\/\/www.sparcraft.com\/fr\/bomes-et-accessoires\/bomes-canoe-2\/","og_site_name":"Sparcraft","article_modified_time":"2024-08-29T12:24:10+00:00","twitter_card":"summary_large_image","twitter_misc":{"Dur\u00e9e de lecture estim\u00e9e":"4 minutes"},"schema":{"@context":"https:\/\/schema.org","@graph":[{"@type":"WebPage","@id":"https:\/\/www.sparcraft.com\/fr\/bomes-et-accessoires\/bomes-canoe-2\/","url":"https:\/\/www.sparcraft.com\/fr\/bomes-et-accessoires\/bomes-canoe-2\/","name":"B\u00d4MES CANO\u00cb - Sparcraft","isPartOf":{"@id":"https:\/\/www.sparcraft.com\/fr\/#website"},"datePublished":"2020-07-29T11:40:58+00:00","dateModified":"2024-08-29T12:24:10+00:00","description":"Les b\u00f4mes \u201ccano\u00eb\u201d aluminium, associ\u00e9es \u00e0 des syst\u00e8mes \u00e9quilibr\u00e9s de lazy jacks, permettent de stocker ais\u00e9ment des grandes surfaces de voiles.","breadcrumb":{"@id":"https:\/\/www.sparcraft.com\/fr\/bomes-et-accessoires\/bomes-canoe-2\/#breadcrumb"},"inLanguage":"fr-FR","potentialAction":[{"@type":"ReadAction","target":["https:\/\/www.sparcraft.com\/fr\/bomes-et-accessoires\/bomes-canoe-2\/"]}]},{"@type":"BreadcrumbList","@id":"https:\/\/www.sparcraft.com\/fr\/bomes-et-accessoires\/bomes-canoe-2\/#breadcrumb","itemListElement":[{"@type":"ListItem","position":1,"name":"B\u00f4mes &#038; Accessoires","item":"https:\/\/www.sparcraft.com\/fr\/bomes-et-accessoires\/"},{"@type":"ListItem","position":2,"name":"B\u00d4MES CANO\u00cb"}]},{"@type":"WebSite","@id":"https:\/\/www.sparcraft.com\/fr\/#website","url":"https:\/\/www.sparcraft.com\/fr\/","name":"Sparcraft","description":"Mast &amp; Rigging","potentialAction":[{"@type":"SearchAction","target":{"@type":"EntryPoint","urlTemplate":"https:\/\/www.sparcraft.com\/fr\/?s={search_term_string}"},"query-input":{"@type":"PropertyValueSpecification","valueRequired":true,"valueName":"search_term_string"}}],"inLanguage":"fr-FR"}]}},"_links":{"self":[{"href":"https:\/\/www.sparcraft.com\/fr\/wp-json\/wp\/v2\/pages\/31652","targetHints":{"allow":["GET"]}}],"collection":[{"href":"https:\/\/www.sparcraft.com\/fr\/wp-json\/wp\/v2\/pages"}],"about":[{"href":"https:\/\/www.sparcraft.com\/fr\/wp-json\/wp\/v2\/types\/page"}],"author":[{"embeddable":true,"href":"https:\/\/www.sparcraft.com\/fr\/wp-json\/wp\/v2\/users\/2"}],"replies":[{"embeddable":true,"href":"https:\/\/www.sparcraft.com\/fr\/wp-json\/wp\/v2\/comments?post=31652"}],"version-history":[{"count":0,"href":"https:\/\/www.sparcraft.com\/fr\/wp-json\/wp\/v2\/pages\/31652\/revisions"}],"up":[{"embeddable":true,"href":"https:\/\/www.sparcraft.com\/fr\/wp-json\/wp\/v2\/pages\/31686"}],"wp:attachment":[{"href":"https:\/\/www.sparcraft.com\/fr\/wp-json\/wp\/v2\/media?parent=31652"}],"curies":[{"name":"wp","href":"https:\/\/api.w.org\/{rel}","templated":true}]}}