{"id":31647,"date":"2020-07-29T13:46:41","date_gmt":"2020-07-29T11:46:41","guid":{"rendered":"https:\/\/www.sparcraft.com\/pontets-germansystems-ferrures-halebas\/"},"modified":"2023-04-17T16:57:40","modified_gmt":"2023-04-17T14:57:40","slug":"accessoires-de-bomes-pontets-germansystems-ferrures-halebas","status":"publish","type":"page","link":"https:\/\/www.sparcraft.com\/fr\/bomes-et-accessoires\/accessoires-de-bome\/accessoires-de-bomes-pontets-germansystems-ferrures-halebas\/","title":{"rendered":"Pontets, german systems, ferrures de HB"},"content":{"rendered":"\n<style type=\"text\/css\" data-created_by=\"avia_inline_auto\" id=\"style-css-av-km2nk-e6abd209fc4d6615f266c978158fa69d\">\n.flex_column.av-km2nk-e6abd209fc4d6615f266c978158fa69d{\nborder-radius:0px 0px 0px 0px;\npadding:0px 0px 0px 0px;\n}\n<\/style>\n<div  class='flex_column av-km2nk-e6abd209fc4d6615f266c978158fa69d av_one_full  avia-builder-el-0  el_before_av_one_full  avia-builder-el-first  first flex_column_div av-zero-column-padding  '     ><style type=\"text\/css\" data-created_by=\"avia_inline_auto\" id=\"style-css-av-cxd8g-1c6e4c129031049003ad4f29ae64e2ca\">\n#top .av-special-heading.av-cxd8g-1c6e4c129031049003ad4f29ae64e2ca{\npadding-bottom:12px;\ncolor:#022972;\n}\nbody .av-special-heading.av-cxd8g-1c6e4c129031049003ad4f29ae64e2ca .av-special-heading-tag .heading-char{\nfont-size:25px;\n}\n.av-special-heading.av-cxd8g-1c6e4c129031049003ad4f29ae64e2ca .special-heading-inner-border{\nborder-color:#022972;\n}\n.av-special-heading.av-cxd8g-1c6e4c129031049003ad4f29ae64e2ca .av-subheading{\nfont-size:15px;\n}\n\n@media only screen and (min-width: 768px) and (max-width: 989px){ \n#top #wrap_all .av-special-heading.av-cxd8g-1c6e4c129031049003ad4f29ae64e2ca .av-special-heading-tag{\nfont-size:12px;\n}\n}\n<\/style>\n<div  class='av-special-heading av-cxd8g-1c6e4c129031049003ad4f29ae64e2ca av-special-heading-h3 custom-color-heading  avia-builder-el-1  avia-builder-el-no-sibling  av-linked-heading'><h3 class='av-special-heading-tag '  itemprop=\"headline\"  >PONTETS \u00c9COUTES <span class='special_amp'>&amp;<\/span> RIS<\/h3><div class=\"special-heading-border\"><div class=\"special-heading-inner-border\"><\/div><\/div><\/div><\/div>\n<div  class='flex_column av-7629s-c7490be2e644a27ea7b68615b52c0ba8 av_one_full  avia-builder-el-2  el_after_av_one_full  el_before_av_one_full  first flex_column_div  column-top-margin'     ><\/div>\n\n<style type=\"text\/css\" data-created_by=\"avia_inline_auto\" id=\"style-css-av-bvaf7-d402e853c51acf116d8e67f985325b66\">\n.flex_column.av-bvaf7-d402e853c51acf116d8e67f985325b66{\nborder-radius:0px 0px 0px 0px;\npadding:0px 0px 0px 0px;\n}\n<\/style>\n<div  class='flex_column av-bvaf7-d402e853c51acf116d8e67f985325b66 av_one_full  avia-builder-el-4  el_after_av_one_full  el_before_av_one_full  first flex_column_div av-zero-column-padding  column-top-margin'     ><style type=\"text\/css\" data-created_by=\"avia_inline_auto\" id=\"style-css-av-kexzakrr-e38f254235d98f00d328d9828f4fa2be\">\n#top .av-special-heading.av-kexzakrr-e38f254235d98f00d328d9828f4fa2be{\npadding-bottom:4px;\ncolor:#022972;\n}\nbody .av-special-heading.av-kexzakrr-e38f254235d98f00d328d9828f4fa2be .av-special-heading-tag .heading-char{\nfont-size:25px;\n}\n.av-special-heading.av-kexzakrr-e38f254235d98f00d328d9828f4fa2be .special-heading-inner-border{\nborder-color:#022972;\n}\n.av-special-heading.av-kexzakrr-e38f254235d98f00d328d9828f4fa2be .av-subheading{\nfont-size:15px;\n}\n\n@media only screen and (min-width: 768px) and (max-width: 989px){ \n#top #wrap_all .av-special-heading.av-kexzakrr-e38f254235d98f00d328d9828f4fa2be .av-special-heading-tag{\nfont-size:12px;\n}\n}\n<\/style>\n<div  class='av-special-heading av-kexzakrr-e38f254235d98f00d328d9828f4fa2be av-special-heading-h3 custom-color-heading  avia-builder-el-5  avia-builder-el-no-sibling  av-linked-heading'><h3 class='av-special-heading-tag '  itemprop=\"headline\"  >GERMAN SYSTEMS<\/h3><div class=\"special-heading-border\"><div class=\"special-heading-inner-border\"><\/div><\/div><\/div><\/div>\n<div  class='flex_column av-bowxc-83a395c68613b04cf62dbff16de78748 av_one_full  avia-builder-el-6  el_after_av_one_full  el_before_av_one_full  first flex_column_div  column-top-margin'     ><\/div>\n\n<style type=\"text\/css\" data-created_by=\"avia_inline_auto\" id=\"style-css-av-eye3c-b78cb3f3a937bbd1e3d1b321d7a034ff\">\n.flex_column.av-eye3c-b78cb3f3a937bbd1e3d1b321d7a034ff{\nborder-radius:0px 0px 0px 0px;\npadding:0px 0px 0px 0px;\n}\n<\/style>\n<div  class='flex_column av-eye3c-b78cb3f3a937bbd1e3d1b321d7a034ff av_one_full  avia-builder-el-8  el_after_av_one_full  el_before_av_one_full  first flex_column_div av-zero-column-padding  column-top-margin'     ><style type=\"text\/css\" data-created_by=\"avia_inline_auto\" id=\"style-css-av-l2g8uy1v-d15e00cb42960de9b151e9f51cba3f73\">\n#top .av-special-heading.av-l2g8uy1v-d15e00cb42960de9b151e9f51cba3f73{\npadding-bottom:4px;\ncolor:#022972;\n}\nbody .av-special-heading.av-l2g8uy1v-d15e00cb42960de9b151e9f51cba3f73 .av-special-heading-tag .heading-char{\nfont-size:25px;\n}\n.av-special-heading.av-l2g8uy1v-d15e00cb42960de9b151e9f51cba3f73 .special-heading-inner-border{\nborder-color:#022972;\n}\n.av-special-heading.av-l2g8uy1v-d15e00cb42960de9b151e9f51cba3f73 .av-subheading{\nfont-size:15px;\n}\n\n@media only screen and (min-width: 768px) and (max-width: 989px){ \n#top #wrap_all .av-special-heading.av-l2g8uy1v-d15e00cb42960de9b151e9f51cba3f73 .av-special-heading-tag{\nfont-size:12px;\n}\n}\n<\/style>\n<div  class='av-special-heading av-l2g8uy1v-d15e00cb42960de9b151e9f51cba3f73 av-special-heading-h3 custom-color-heading  avia-builder-el-9  avia-builder-el-no-sibling  av-linked-heading'><h3 class='av-special-heading-tag '  itemprop=\"headline\"  >FERRURES de HALEBAS sur B\u00d4MES<\/h3><div class=\"special-heading-border\"><div class=\"special-heading-inner-border\"><\/div><\/div><\/div><\/div>\n<div  class='flex_column av-7k0l4-a1698fd0f0b963c8b0d77d335431fcc3 av_one_full  avia-builder-el-10  el_after_av_one_full  el_before_av_one_full  first flex_column_div  column-top-margin'     ><\/div>\n\n<style type=\"text\/css\" data-created_by=\"avia_inline_auto\" id=\"style-css-av-ah1s3-7a50a7c9e7012d67e91450f46cdd08c6\">\n.flex_column.av-ah1s3-7a50a7c9e7012d67e91450f46cdd08c6{\nborder-radius:0px 0px 0px 0px;\npadding:0px 0px 0px 0px;\n}\n<\/style>\n<div  class='flex_column av-ah1s3-7a50a7c9e7012d67e91450f46cdd08c6 av_one_full  avia-builder-el-12  el_after_av_one_full  el_before_av_one_full  first flex_column_div av-zero-column-padding  column-top-margin'     ><div  class='avia-buttonrow-wrap av-k0f20u9e-d12f8a8b7f9b0e808a9b51d2aa458db0 avia-buttonrow-center  avia-builder-el-13  avia-builder-el-no-sibling '>\n\n<style type=\"text\/css\" data-created_by=\"avia_inline_auto\" id=\"style-css-av-tdg1s-0e93c3287fe4154a5960206ec9f8fd95\">\n#top #wrap_all .avia-button.av-tdg1s-0e93c3287fe4154a5960206ec9f8fd95{\nbackground-color:#09afd0;\nborder-color:#09afd0;\ncolor:#ffffff;\ntransition:all 0.4s ease-in-out;\nmargin-bottom:5px;\nmargin-right:3px;\nmargin-left:3px;\n}\n#top #wrap_all .avia-button.av-tdg1s-0e93c3287fe4154a5960206ec9f8fd95 .avia-svg-icon svg:first-child{\nfill:#ffffff;\nstroke:#ffffff;\n}\n<\/style>\n<a href='https:\/\/www.sparcraft.com\/fr\/halebas-tangons-boutdehors\/halebas-et-accessoires\/gamme-de-halebas\/'  class='avia-button av-tdg1s-0e93c3287fe4154a5960206ec9f8fd95 avia-icon_select-yes-left-icon avia-size-small'   aria-label=\"HALEBAS\"><span class='avia_button_icon avia_button_icon_left avia-iconfont avia-font-entypo-fontello' data-av_icon='\ue832' data-av_iconfont='entypo-fontello' ><\/span><span class='avia_iconbox_title' >HALEBAS<\/span><\/a>\n\n<style type=\"text\/css\" data-created_by=\"avia_inline_auto\" id=\"style-css-av-ilxfk-c2b6974b4b068df149212cfd9eb19ccb\">\n#top #wrap_all .avia-button.av-ilxfk-c2b6974b4b068df149212cfd9eb19ccb{\nbackground-color:#09afd0;\nborder-color:#09afd0;\ncolor:#ffffff;\ntransition:all 0.4s ease-in-out;\nmargin-bottom:5px;\nmargin-right:3px;\nmargin-left:3px;\n}\n#top #wrap_all .avia-button.av-ilxfk-c2b6974b4b068df149212cfd9eb19ccb .avia-svg-icon svg:first-child{\nfill:#ffffff;\nstroke:#ffffff;\n}\n<\/style>\n<a href='https:\/\/www.sparcraft.com\/fr\/bomes-et-accessoires\/support-technique-bomes\/faq-astuces-bomes\/'  class='avia-button av-ilxfk-c2b6974b4b068df149212cfd9eb19ccb avia-icon_select-yes-left-icon avia-size-small'  target=\"_blank\"  rel=\"noopener noreferrer\"  aria-label=\"FAQ B\u00d4MES &amp; ACCESSOIRES\"><span class='avia_button_icon avia_button_icon_left avia-iconfont avia-font-entypo-fontello' data-av_icon='\ue81d' data-av_iconfont='entypo-fontello' ><\/span><span class='avia_iconbox_title' >FAQ B\u00d4MES &amp; ACCESSOIRES<\/span><\/a>\n\n<style type=\"text\/css\" data-created_by=\"avia_inline_auto\" id=\"style-css-av-vq4g-eacbd353cd80cec71b76770fc8d34a9a\">\n#top #wrap_all .avia-button.av-vq4g-eacbd353cd80cec71b76770fc8d34a9a{\nbackground-color:#09afd0;\nborder-color:#09afd0;\ncolor:#ffffff;\ntransition:all 0.4s ease-in-out;\nmargin-bottom:5px;\nmargin-right:3px;\nmargin-left:3px;\n}\n#top #wrap_all .avia-button.av-vq4g-eacbd353cd80cec71b76770fc8d34a9a .avia-svg-icon svg:first-child{\nfill:#ffffff;\nstroke:#ffffff;\n}\n<\/style>\n<a href='https:\/\/www.sparcraft.com\/wp-content\/uploads\/2022\/04\/Accessoires_Bomes_Booms_sparcraft_2022-2.pdf'  class='avia-button av-vq4g-eacbd353cd80cec71b76770fc8d34a9a avia-icon_select-yes-left-icon avia-size-small'  target=\"_blank\"  rel=\"noopener noreferrer\"  aria-label=\"FICHE COMMERCIALE\"><span class='avia_button_icon avia_button_icon_left avia-iconfont avia-font-entypo-fontello' data-av_icon='\ue84b' data-av_iconfont='entypo-fontello' ><\/span><span class='avia_iconbox_title' >FICHE COMMERCIALE<\/span><\/a>\n\n<style type=\"text\/css\" data-created_by=\"avia_inline_auto\" id=\"style-css-av-9rdu8-7edc9dcf5392dd66792a0cce69c0e9c2\">\n#top #wrap_all .avia-button.av-9rdu8-7edc9dcf5392dd66792a0cce69c0e9c2{\nbackground-color:#09afd0;\nborder-color:#09afd0;\ncolor:#ffffff;\ntransition:all 0.4s ease-in-out;\nmargin-bottom:5px;\nmargin-right:3px;\nmargin-left:3px;\n}\n#top #wrap_all .avia-button.av-9rdu8-7edc9dcf5392dd66792a0cce69c0e9c2 .avia-svg-icon svg:first-child{\nfill:#ffffff;\nstroke:#ffffff;\n}\n<\/style>\n<a href='https:\/\/www.sparcraft.com\/fr\/revendeurs\/'  class='avia-button av-9rdu8-7edc9dcf5392dd66792a0cce69c0e9c2 avia-icon_select-yes-left-icon avia-size-small'   aria-label=\"CONTACTER UN REVENDEUR\"><span class='avia_button_icon avia_button_icon_left avia-iconfont avia-font-entypo-fontello' data-av_icon='\ue80a' data-av_iconfont='entypo-fontello' ><\/span><span class='avia_iconbox_title' >CONTACTER UN REVENDEUR<\/span><\/a>\n<\/div><\/div>\n<style type=\"text\/css\" data-created_by=\"avia_inline_auto\" id=\"style-css-av-eufo7-4e80f01e91adeb4483d457fbb972545b\">\n.flex_column.av-eufo7-4e80f01e91adeb4483d457fbb972545b{\nborder-radius:0px 0px 0px 0px;\npadding:0px 0px 0px 0px;\n}\n<\/style>\n<div  class='flex_column av-eufo7-4e80f01e91adeb4483d457fbb972545b av_one_full  avia-builder-el-14  el_after_av_one_full  avia-builder-el-last  first flex_column_div av-zero-column-padding  column-top-margin'     ><p>\n<style type=\"text\/css\" data-created_by=\"avia_inline_auto\" id=\"style-css-av-8q7fj-421c88a668f3fab3d02d9fb47f8638df\">\n#top .av-special-heading.av-8q7fj-421c88a668f3fab3d02d9fb47f8638df{\npadding-bottom:3px;\ncolor:#022972;\n}\nbody .av-special-heading.av-8q7fj-421c88a668f3fab3d02d9fb47f8638df .av-special-heading-tag .heading-char{\nfont-size:25px;\n}\n.av-special-heading.av-8q7fj-421c88a668f3fab3d02d9fb47f8638df .special-heading-inner-border{\nborder-color:#022972;\n}\n.av-special-heading.av-8q7fj-421c88a668f3fab3d02d9fb47f8638df .av-subheading{\nfont-size:15px;\n}\n\n@media only screen and (min-width: 768px) and (max-width: 989px){ \n#top #wrap_all .av-special-heading.av-8q7fj-421c88a668f3fab3d02d9fb47f8638df .av-special-heading-tag{\nfont-size:12px;\n}\n}\n<\/style>\n<div  class='av-special-heading av-8q7fj-421c88a668f3fab3d02d9fb47f8638df av-special-heading-h3 custom-color-heading  avia-builder-el-15  el_before_av_social_share  avia-builder-el-first  av-linked-heading'><h3 class='av-special-heading-tag '  itemprop=\"headline\"  >PARTAGEZ LE CONTENU DE CETTE PAGE<\/h3><div class=\"special-heading-border\"><div class=\"special-heading-inner-border\"><\/div><\/div><\/div><br \/>\n<div  class='av-social-sharing-box av-jxugcbjf-1b1b753827f0a4b17bd435b61c5d3eb0 av-social-sharing-box-default  avia-builder-el-16  el_after_av_heading  avia-builder-el-last  av-social-sharing-box-fullwidth'><div class=\"av-share-box\"><ul class=\"av-share-box-list noLightbox\"><li class='av-share-link av-social-link-facebook avia_social_iconfont' ><a target=\"_blank\" aria-label=\"Partager sur Facebook\" href='https:\/\/www.facebook.com\/sharer.php?u=https:\/\/www.sparcraft.com\/fr\/bomes-et-accessoires\/accessoires-de-bome\/accessoires-de-bomes-pontets-germansystems-ferrures-halebas\/&#038;t=Pontets%2C%20german%20systems%2C%20ferrures%20de%20HB' data-av_icon='\ue8f3' data-av_iconfont='entypo-fontello'  title='' data-avia-related-tooltip='Partager sur Facebook'><span class='avia_hidden_link_text'>Partager sur Facebook<\/span><\/a><\/li><li class='av-share-link av-social-link-twitter avia_social_iconfont' ><a target=\"_blank\" aria-label=\"Partager sur X\" href='https:\/\/twitter.com\/share?text=Pontets%2C%20german%20systems%2C%20ferrures%20de%20HB&#038;url=https:\/\/www.sparcraft.com\/fr\/?p=31647' data-av_icon='\ue932' data-av_iconfont='entypo-fontello'  title='' data-avia-related-tooltip='Partager sur X'><span class='avia_hidden_link_text'>Partager sur X<\/span><\/a><\/li><li class='av-share-link av-social-link-linkedin avia_social_iconfont' ><a target=\"_blank\" aria-label=\"Partager sur LinkedIn\" href='https:\/\/linkedin.com\/shareArticle?mini=true&#038;title=Pontets%2C%20german%20systems%2C%20ferrures%20de%20HB&#038;url=https:\/\/www.sparcraft.com\/fr\/bomes-et-accessoires\/accessoires-de-bome\/accessoires-de-bomes-pontets-germansystems-ferrures-halebas\/' data-av_icon='\ue8fc' data-av_iconfont='entypo-fontello'  title='' data-avia-related-tooltip='Partager sur LinkedIn'><span class='avia_hidden_link_text'>Partager sur LinkedIn<\/span><\/a><\/li><li class='av-share-link av-social-link-mail avia_social_iconfont' ><a  aria-label=\"Partager par Mail\" href='mailto:?subject=Pontets%2C%20german%20systems%2C%20ferrures%20de%20HB&#038;body=https:\/\/www.sparcraft.com\/fr\/bomes-et-accessoires\/accessoires-de-bome\/accessoires-de-bomes-pontets-germansystems-ferrures-halebas\/' data-av_icon='\ue805' data-av_iconfont='entypo-fontello'  title='' data-avia-related-tooltip='Partager par Mail'><span class='avia_hidden_link_text'>Partager par Mail<\/span><\/a><\/li><\/ul><\/div><\/div><\/p><\/div><\/p>\n","protected":false},"excerpt":{"rendered":"","protected":false},"author":2,"featured_media":0,"parent":32734,"menu_order":20,"comment_status":"closed","ping_status":"closed","template":"","meta":{"footnotes":""},"class_list":["post-31647","page","type-page","status-publish","hentry"],"yoast_head":"<!-- This site is optimized with the Yoast SEO plugin v27.5 - https:\/\/yoast.com\/product\/yoast-seo-wordpress\/ -->\n<title>Pontets, german systems, ferrures de HB - Sparcraft<\/title>\n<meta name=\"description\" content=\"Accessoires de b\u00f4mes Sparcraft : Pontets d&#039;\u00e9coutes et de ris, German systems, ferrures de halebas sur b\u00f4mes,...\" \/>\n<meta name=\"robots\" content=\"index, follow, max-snippet:-1, max-image-preview:large, max-video-preview:-1\" \/>\n<link rel=\"canonical\" href=\"https:\/\/www.sparcraft.com\/fr\/bomes-et-accessoires\/accessoires-de-bome\/accessoires-de-bomes-pontets-germansystems-ferrures-halebas\/\" \/>\n<meta property=\"og:locale\" content=\"fr_FR\" \/>\n<meta property=\"og:type\" content=\"article\" \/>\n<meta property=\"og:title\" content=\"Pontets, german systems, ferrures de HB - Sparcraft\" \/>\n<meta property=\"og:description\" content=\"Accessoires de b\u00f4mes Sparcraft : Pontets d&#039;\u00e9coutes et de ris, German systems, ferrures de halebas sur b\u00f4mes,...\" \/>\n<meta property=\"og:url\" content=\"https:\/\/www.sparcraft.com\/fr\/bomes-et-accessoires\/accessoires-de-bome\/accessoires-de-bomes-pontets-germansystems-ferrures-halebas\/\" \/>\n<meta property=\"og:site_name\" content=\"Sparcraft\" \/>\n<meta property=\"article:modified_time\" content=\"2023-04-17T14:57:40+00:00\" \/>\n<meta name=\"twitter:card\" content=\"summary_large_image\" \/>\n<meta name=\"twitter:label1\" content=\"Dur\u00e9e de lecture estim\u00e9e\" \/>\n\t<meta name=\"twitter:data1\" content=\"5 minutes\" \/>\n<script type=\"application\/ld+json\" class=\"yoast-schema-graph\">{\"@context\":\"https:\\\/\\\/schema.org\",\"@graph\":[{\"@type\":\"WebPage\",\"@id\":\"https:\\\/\\\/www.sparcraft.com\\\/fr\\\/bomes-et-accessoires\\\/accessoires-de-bome\\\/accessoires-de-bomes-pontets-germansystems-ferrures-halebas\\\/\",\"url\":\"https:\\\/\\\/www.sparcraft.com\\\/fr\\\/bomes-et-accessoires\\\/accessoires-de-bome\\\/accessoires-de-bomes-pontets-germansystems-ferrures-halebas\\\/\",\"name\":\"Pontets, german systems, ferrures de HB - Sparcraft\",\"isPartOf\":{\"@id\":\"https:\\\/\\\/www.sparcraft.com\\\/fr\\\/#website\"},\"datePublished\":\"2020-07-29T11:46:41+00:00\",\"dateModified\":\"2023-04-17T14:57:40+00:00\",\"description\":\"Accessoires de b\u00f4mes Sparcraft : Pontets d'\u00e9coutes et de ris, German systems, ferrures de halebas sur b\u00f4mes,...\",\"breadcrumb\":{\"@id\":\"https:\\\/\\\/www.sparcraft.com\\\/fr\\\/bomes-et-accessoires\\\/accessoires-de-bome\\\/accessoires-de-bomes-pontets-germansystems-ferrures-halebas\\\/#breadcrumb\"},\"inLanguage\":\"fr-FR\",\"potentialAction\":[{\"@type\":\"ReadAction\",\"target\":[\"https:\\\/\\\/www.sparcraft.com\\\/fr\\\/bomes-et-accessoires\\\/accessoires-de-bome\\\/accessoires-de-bomes-pontets-germansystems-ferrures-halebas\\\/\"]}]},{\"@type\":\"BreadcrumbList\",\"@id\":\"https:\\\/\\\/www.sparcraft.com\\\/fr\\\/bomes-et-accessoires\\\/accessoires-de-bome\\\/accessoires-de-bomes-pontets-germansystems-ferrures-halebas\\\/#breadcrumb\",\"itemListElement\":[{\"@type\":\"ListItem\",\"position\":1,\"name\":\"B\u00f4mes &#038; Accessoires\",\"item\":\"https:\\\/\\\/www.sparcraft.com\\\/fr\\\/bomes-et-accessoires\\\/\"},{\"@type\":\"ListItem\",\"position\":2,\"name\":\"Accessoires de b\u00f4me\",\"item\":\"https:\\\/\\\/www.sparcraft.com\\\/fr\\\/bomes-et-accessoires\\\/accessoires-de-bome\\\/\"},{\"@type\":\"ListItem\",\"position\":3,\"name\":\"Pontets, german systems, ferrures de HB\"}]},{\"@type\":\"WebSite\",\"@id\":\"https:\\\/\\\/www.sparcraft.com\\\/fr\\\/#website\",\"url\":\"https:\\\/\\\/www.sparcraft.com\\\/fr\\\/\",\"name\":\"Sparcraft\",\"description\":\"Mast &amp; Rigging\",\"potentialAction\":[{\"@type\":\"SearchAction\",\"target\":{\"@type\":\"EntryPoint\",\"urlTemplate\":\"https:\\\/\\\/www.sparcraft.com\\\/fr\\\/?s={search_term_string}\"},\"query-input\":{\"@type\":\"PropertyValueSpecification\",\"valueRequired\":true,\"valueName\":\"search_term_string\"}}],\"inLanguage\":\"fr-FR\"}]}<\/script>\n<!-- \/ Yoast SEO plugin. -->","yoast_head_json":{"title":"Pontets, german systems, ferrures de HB - Sparcraft","description":"Accessoires de b\u00f4mes Sparcraft : Pontets d'\u00e9coutes et de ris, German systems, ferrures de halebas sur b\u00f4mes,...","robots":{"index":"index","follow":"follow","max-snippet":"max-snippet:-1","max-image-preview":"max-image-preview:large","max-video-preview":"max-video-preview:-1"},"canonical":"https:\/\/www.sparcraft.com\/fr\/bomes-et-accessoires\/accessoires-de-bome\/accessoires-de-bomes-pontets-germansystems-ferrures-halebas\/","og_locale":"fr_FR","og_type":"article","og_title":"Pontets, german systems, ferrures de HB - Sparcraft","og_description":"Accessoires de b\u00f4mes Sparcraft : Pontets d'\u00e9coutes et de ris, German systems, ferrures de halebas sur b\u00f4mes,...","og_url":"https:\/\/www.sparcraft.com\/fr\/bomes-et-accessoires\/accessoires-de-bome\/accessoires-de-bomes-pontets-germansystems-ferrures-halebas\/","og_site_name":"Sparcraft","article_modified_time":"2023-04-17T14:57:40+00:00","twitter_card":"summary_large_image","twitter_misc":{"Dur\u00e9e de lecture estim\u00e9e":"5 minutes"},"schema":{"@context":"https:\/\/schema.org","@graph":[{"@type":"WebPage","@id":"https:\/\/www.sparcraft.com\/fr\/bomes-et-accessoires\/accessoires-de-bome\/accessoires-de-bomes-pontets-germansystems-ferrures-halebas\/","url":"https:\/\/www.sparcraft.com\/fr\/bomes-et-accessoires\/accessoires-de-bome\/accessoires-de-bomes-pontets-germansystems-ferrures-halebas\/","name":"Pontets, german systems, ferrures de HB - Sparcraft","isPartOf":{"@id":"https:\/\/www.sparcraft.com\/fr\/#website"},"datePublished":"2020-07-29T11:46:41+00:00","dateModified":"2023-04-17T14:57:40+00:00","description":"Accessoires de b\u00f4mes Sparcraft : Pontets d'\u00e9coutes et de ris, German systems, ferrures de halebas sur b\u00f4mes,...","breadcrumb":{"@id":"https:\/\/www.sparcraft.com\/fr\/bomes-et-accessoires\/accessoires-de-bome\/accessoires-de-bomes-pontets-germansystems-ferrures-halebas\/#breadcrumb"},"inLanguage":"fr-FR","potentialAction":[{"@type":"ReadAction","target":["https:\/\/www.sparcraft.com\/fr\/bomes-et-accessoires\/accessoires-de-bome\/accessoires-de-bomes-pontets-germansystems-ferrures-halebas\/"]}]},{"@type":"BreadcrumbList","@id":"https:\/\/www.sparcraft.com\/fr\/bomes-et-accessoires\/accessoires-de-bome\/accessoires-de-bomes-pontets-germansystems-ferrures-halebas\/#breadcrumb","itemListElement":[{"@type":"ListItem","position":1,"name":"B\u00f4mes &#038; Accessoires","item":"https:\/\/www.sparcraft.com\/fr\/bomes-et-accessoires\/"},{"@type":"ListItem","position":2,"name":"Accessoires de b\u00f4me","item":"https:\/\/www.sparcraft.com\/fr\/bomes-et-accessoires\/accessoires-de-bome\/"},{"@type":"ListItem","position":3,"name":"Pontets, german systems, ferrures de HB"}]},{"@type":"WebSite","@id":"https:\/\/www.sparcraft.com\/fr\/#website","url":"https:\/\/www.sparcraft.com\/fr\/","name":"Sparcraft","description":"Mast &amp; Rigging","potentialAction":[{"@type":"SearchAction","target":{"@type":"EntryPoint","urlTemplate":"https:\/\/www.sparcraft.com\/fr\/?s={search_term_string}"},"query-input":{"@type":"PropertyValueSpecification","valueRequired":true,"valueName":"search_term_string"}}],"inLanguage":"fr-FR"}]}},"_links":{"self":[{"href":"https:\/\/www.sparcraft.com\/fr\/wp-json\/wp\/v2\/pages\/31647","targetHints":{"allow":["GET"]}}],"collection":[{"href":"https:\/\/www.sparcraft.com\/fr\/wp-json\/wp\/v2\/pages"}],"about":[{"href":"https:\/\/www.sparcraft.com\/fr\/wp-json\/wp\/v2\/types\/page"}],"author":[{"embeddable":true,"href":"https:\/\/www.sparcraft.com\/fr\/wp-json\/wp\/v2\/users\/2"}],"replies":[{"embeddable":true,"href":"https:\/\/www.sparcraft.com\/fr\/wp-json\/wp\/v2\/comments?post=31647"}],"version-history":[{"count":0,"href":"https:\/\/www.sparcraft.com\/fr\/wp-json\/wp\/v2\/pages\/31647\/revisions"}],"up":[{"embeddable":true,"href":"https:\/\/www.sparcraft.com\/fr\/wp-json\/wp\/v2\/pages\/32734"}],"wp:attachment":[{"href":"https:\/\/www.sparcraft.com\/fr\/wp-json\/wp\/v2\/media?parent=31647"}],"curies":[{"name":"wp","href":"https:\/\/api.w.org\/{rel}","templated":true}]}}