{"id":31640,"date":"2020-07-29T14:59:16","date_gmt":"2020-07-29T12:59:16","guid":{"rendered":"https:\/\/www.sparcraft.com\/greement-dormant\/"},"modified":"2023-04-21T15:35:58","modified_gmt":"2023-04-21T13:35:58","slug":"greement-dormant","status":"publish","type":"page","link":"https:\/\/www.sparcraft.com\/fr\/greement-dormant-et-courant\/greement-dormant\/","title":{"rendered":"Gr\u00e9ement Dormant"},"content":{"rendered":"\n<style type=\"text\/css\" data-created_by=\"avia_inline_auto\" id=\"style-css-av-gv700-2cd728086eae8db5962ddac1504a7de4\">\n.flex_column.av-gv700-2cd728086eae8db5962ddac1504a7de4{\nborder-radius:0px 0px 0px 0px;\npadding:0px 0px 0px 0px;\n}\n<\/style>\n<div  class='flex_column av-gv700-2cd728086eae8db5962ddac1504a7de4 av_one_full  avia-builder-el-0  el_before_av_one_full  avia-builder-el-first  first flex_column_div av-zero-column-padding  '     ><style type=\"text\/css\" data-created_by=\"avia_inline_auto\" id=\"style-css-av-kff2u1qd-5ec9919c1cc835f005545c58d7415be0\">\n#top .av-special-heading.av-kff2u1qd-5ec9919c1cc835f005545c58d7415be0{\npadding-bottom:10px;\ncolor:#022972;\n}\nbody .av-special-heading.av-kff2u1qd-5ec9919c1cc835f005545c58d7415be0 .av-special-heading-tag .heading-char{\nfont-size:25px;\n}\n.av-special-heading.av-kff2u1qd-5ec9919c1cc835f005545c58d7415be0 .special-heading-inner-border{\nborder-color:#022972;\n}\n.av-special-heading.av-kff2u1qd-5ec9919c1cc835f005545c58d7415be0 .av-subheading{\nfont-size:15px;\n}\n<\/style>\n<div  class='av-special-heading av-kff2u1qd-5ec9919c1cc835f005545c58d7415be0 av-special-heading-h3 custom-color-heading  avia-builder-el-1  avia-builder-el-no-sibling '><h3 class='av-special-heading-tag '  itemprop=\"headline\"  >GR\u00c9EMENT DORMANT SPARCRAFT<\/h3><div class=\"special-heading-border\"><div class=\"special-heading-inner-border\"><\/div><\/div><\/div><\/div>\n\n<style type=\"text\/css\" data-created_by=\"avia_inline_auto\" id=\"style-css-av-7qjzc-99ad23892e53ee8ad230c3b9aacb170a\">\n.flex_column.av-7qjzc-99ad23892e53ee8ad230c3b9aacb170a{\nborder-radius:0px 0px 0px 0px;\npadding:0px 0px 0px 0px;\n}\n<\/style>\n<div  class='flex_column av-7qjzc-99ad23892e53ee8ad230c3b9aacb170a av_one_full  avia-builder-el-2  el_after_av_one_full  el_before_av_one_full  first flex_column_div av-zero-column-padding  column-top-margin'     ><section  class='av_textblock_section av-kff2dsaq-dad6fdebeddbf20351e931db4f1903a0 '   itemscope=\"itemscope\" itemtype=\"https:\/\/schema.org\/CreativeWork\" ><div class='avia_textblock'  itemprop=\"text\" ><h2><span style=\"color: #022972;\">Pour Sparcraft , votre gr\u00e9ement est unique : d\u00e8s fabrication, nous lui attribuons une identit\u00e9 permettant d&rsquo;\u00e9tablir ses origines. Cette tra\u00e7abilit\u00e9 est une garantie de transparence et de qualit\u00e9. Par ailleurs, notre implication forte aupr\u00e8s des chantiers nous permet d&rsquo;acqu\u00e9rir une base incomparable de plans constructeurs et un retour d&rsquo;exp\u00e9rience pr\u00e9cieux. Des atouts de performance et de fiabilit\u00e9 pour le changement de votre gr\u00e9ement.<\/span><\/h2>\n<\/div><\/section><\/div>\n\n<style type=\"text\/css\" data-created_by=\"avia_inline_auto\" id=\"style-css-av-arwpk-3da9c510bebdcfc928a6479fb2cac2b0\">\n.flex_column.av-arwpk-3da9c510bebdcfc928a6479fb2cac2b0{\nborder-radius:0px 0px 0px 0px;\npadding:0px 0px 0px 0px;\n}\n<\/style>\n<div  class='flex_column av-arwpk-3da9c510bebdcfc928a6479fb2cac2b0 av_one_full  avia-builder-el-4  el_after_av_one_full  el_before_av_one_full  first flex_column_div av-zero-column-padding  column-top-margin'     ><style type=\"text\/css\" data-created_by=\"avia_inline_auto\" id=\"style-css-av-kff2u1qd-3-2de7b6c2dc2e92946625d48cb9c92dea\">\n#top .av-special-heading.av-kff2u1qd-3-2de7b6c2dc2e92946625d48cb9c92dea{\npadding-bottom:10px;\ncolor:#022972;\n}\nbody .av-special-heading.av-kff2u1qd-3-2de7b6c2dc2e92946625d48cb9c92dea .av-special-heading-tag .heading-char{\nfont-size:25px;\n}\n.av-special-heading.av-kff2u1qd-3-2de7b6c2dc2e92946625d48cb9c92dea .special-heading-inner-border{\nborder-color:#022972;\n}\n.av-special-heading.av-kff2u1qd-3-2de7b6c2dc2e92946625d48cb9c92dea .av-subheading{\nfont-size:15px;\n}\n<\/style>\n<div  class='av-special-heading av-kff2u1qd-3-2de7b6c2dc2e92946625d48cb9c92dea av-special-heading-h3 custom-color-heading  avia-builder-el-5  avia-builder-el-no-sibling '><h3 class='av-special-heading-tag '  itemprop=\"headline\"  >C\u00c2BLES<\/h3><div class=\"special-heading-border\"><div class=\"special-heading-inner-border\"><\/div><\/div><\/div><\/div>\n\n<style type=\"text\/css\" data-created_by=\"avia_inline_auto\" id=\"style-css-av-4255ih-ab08e0dffe29e3ed41ed64cb17831e94\">\n.flex_column.av-4255ih-ab08e0dffe29e3ed41ed64cb17831e94{\nborder-radius:0px 0px 0px 0px;\npadding:0px 0px 0px 0px;\n}\n<\/style>\n<div  class='flex_column av-4255ih-ab08e0dffe29e3ed41ed64cb17831e94 av_one_full  avia-builder-el-6  el_after_av_one_full  el_before_av_one_full  first flex_column_div av-zero-column-padding  column-top-margin'     ><section  class='av_textblock_section av-gcvcp-3b9ff3cac2f1d418e61226ece3caee9d '   itemscope=\"itemscope\" itemtype=\"https:\/\/schema.org\/CreativeWork\" ><div class='avia_textblock'  itemprop=\"text\" ><a href=\"https:\/\/www.sparcraft.com\/wp-content\/uploads\/2022\/09\/standing_Rigging_cable.pdf\" class=\"pdfemb-viewer\" style=\"width:900px;\" data-width=\"900\" data-height=\"max\" data-toolbar=\"bottom\" data-toolbar-fixed=\"off\">standing_Rigging_cable<\/a>\n<\/div><\/section><\/div>\n<style type=\"text\/css\" data-created_by=\"avia_inline_auto\" id=\"style-css-av-ens7c-db51b5804363f019e8a91a39c14350c7\">\n.flex_column.av-ens7c-db51b5804363f019e8a91a39c14350c7{\nborder-radius:0px 0px 0px 0px;\npadding:0px 0px 0px 0px;\n}\n<\/style>\n<div  class='flex_column av-ens7c-db51b5804363f019e8a91a39c14350c7 av_one_full  avia-builder-el-8  el_after_av_one_full  el_before_av_one_full  first flex_column_div av-zero-column-padding  column-top-margin'     ><style type=\"text\/css\" data-created_by=\"avia_inline_auto\" id=\"style-css-av-l84hgxsn-455c914a08a830a294407177f373fdd6\">\n#top .av-special-heading.av-l84hgxsn-455c914a08a830a294407177f373fdd6{\npadding-bottom:10px;\ncolor:#022972;\n}\nbody .av-special-heading.av-l84hgxsn-455c914a08a830a294407177f373fdd6 .av-special-heading-tag .heading-char{\nfont-size:25px;\n}\n.av-special-heading.av-l84hgxsn-455c914a08a830a294407177f373fdd6 .special-heading-inner-border{\nborder-color:#022972;\n}\n.av-special-heading.av-l84hgxsn-455c914a08a830a294407177f373fdd6 .av-subheading{\nfont-size:15px;\n}\n<\/style>\n<div  class='av-special-heading av-l84hgxsn-455c914a08a830a294407177f373fdd6 av-special-heading-h3 custom-color-heading  avia-builder-el-9  avia-builder-el-no-sibling '><h3 class='av-special-heading-tag '  itemprop=\"headline\"  >TERMINAISONS<\/h3><div class=\"special-heading-border\"><div class=\"special-heading-inner-border\"><\/div><\/div><\/div><\/div><\/p>\n\n<style type=\"text\/css\" data-created_by=\"avia_inline_auto\" id=\"style-css-av-8pt9s-803ce5d3d355f80ab38b535a3dff1077\">\n.flex_column.av-8pt9s-803ce5d3d355f80ab38b535a3dff1077{\nborder-radius:0px 0px 0px 0px;\npadding:0px 0px 0px 0px;\n}\n<\/style>\n<div  class='flex_column av-8pt9s-803ce5d3d355f80ab38b535a3dff1077 av_one_full  avia-builder-el-10  el_after_av_one_full  el_before_av_one_full  first flex_column_div av-zero-column-padding  column-top-margin'     ><section  class='av_textblock_section av-l84hhgbh-0c55eaadd4ada275ebeb60f636740608 '   itemscope=\"itemscope\" itemtype=\"https:\/\/schema.org\/CreativeWork\" ><div class='avia_textblock'  itemprop=\"text\" ><a href=\"https:\/\/www.sparcraft.com\/wp-content\/uploads\/2022\/09\/standing_Rigging_embouts.pdf\" class=\"pdfemb-viewer\" style=\"width:900px;\" data-width=\"900\" data-height=\"max\" data-toolbar=\"bottom\" data-toolbar-fixed=\"off\">standing_Rigging_embouts<\/a>\n<\/div><\/section><\/div>\n<style type=\"text\/css\" data-created_by=\"avia_inline_auto\" id=\"style-css-av-dycb4-922b0d5bac0b954135093960d09254ab\">\n.flex_column.av-dycb4-922b0d5bac0b954135093960d09254ab{\nborder-radius:0px 0px 0px 0px;\npadding:0px 0px 0px 0px;\n}\n<\/style>\n<div  class='flex_column av-dycb4-922b0d5bac0b954135093960d09254ab av_one_full  avia-builder-el-12  el_after_av_one_full  el_before_av_one_full  first flex_column_div av-zero-column-padding  column-top-margin'     ><style type=\"text\/css\" data-created_by=\"avia_inline_auto\" id=\"style-css-av-l84l6giz-d423631ed46f3fc84743253478aacfab\">\n#top .av-special-heading.av-l84l6giz-d423631ed46f3fc84743253478aacfab{\npadding-bottom:10px;\ncolor:#022972;\n}\nbody .av-special-heading.av-l84l6giz-d423631ed46f3fc84743253478aacfab .av-special-heading-tag .heading-char{\nfont-size:25px;\n}\n.av-special-heading.av-l84l6giz-d423631ed46f3fc84743253478aacfab .special-heading-inner-border{\nborder-color:#022972;\n}\n.av-special-heading.av-l84l6giz-d423631ed46f3fc84743253478aacfab .av-subheading{\nfont-size:15px;\n}\n<\/style>\n<div  class='av-special-heading av-l84l6giz-d423631ed46f3fc84743253478aacfab av-special-heading-h3 custom-color-heading  avia-builder-el-13  avia-builder-el-no-sibling '><h3 class='av-special-heading-tag '  itemprop=\"headline\"  >ACCESSOIRES<\/h3><div class=\"special-heading-border\"><div class=\"special-heading-inner-border\"><\/div><\/div><\/div><\/div><\/p>\n\n<style type=\"text\/css\" data-created_by=\"avia_inline_auto\" id=\"style-css-av-ahfe8-1de39ccd42f4bc60497ef692ed247c85\">\n.flex_column.av-ahfe8-1de39ccd42f4bc60497ef692ed247c85{\nborder-radius:0px 0px 0px 0px;\npadding:0px 0px 0px 0px;\n}\n<\/style>\n<div  class='flex_column av-ahfe8-1de39ccd42f4bc60497ef692ed247c85 av_one_full  avia-builder-el-14  el_after_av_one_full  el_before_av_one_full  first flex_column_div av-zero-column-padding  column-top-margin'     ><section  class='av_textblock_section av-l84l76k0-7b642fb30af7d15afb8aea3c9e51f767 '   itemscope=\"itemscope\" itemtype=\"https:\/\/schema.org\/CreativeWork\" ><div class='avia_textblock'  itemprop=\"text\" ><a href=\"https:\/\/www.sparcraft.com\/wp-content\/uploads\/2022\/09\/Rig_accessoires_2022.pdf\" class=\"pdfemb-viewer\" style=\"width:900px;\" data-width=\"900\" data-height=\"max\" data-toolbar=\"bottom\" data-toolbar-fixed=\"off\">Rig_accessoires_2022<\/a>\n<\/div><\/section><\/div>\n<style type=\"text\/css\" data-created_by=\"avia_inline_auto\" id=\"style-css-av-6od21-f8629f809f4ab6d9af379077255002d9\">\n.flex_column.av-6od21-f8629f809f4ab6d9af379077255002d9{\nborder-radius:0px 0px 0px 0px;\npadding:0px 0px 0px 0px;\n}\n<\/style>\n<div  class='flex_column av-6od21-f8629f809f4ab6d9af379077255002d9 av_one_full  avia-builder-el-16  el_after_av_one_full  el_before_av_one_full  first flex_column_div av-zero-column-padding  column-top-margin'     ><div  class='avia-buttonrow-wrap av-k0f20u9e-d12f8a8b7f9b0e808a9b51d2aa458db0 avia-buttonrow-center  avia-builder-el-17  avia-builder-el-no-sibling '>\n\n<style type=\"text\/css\" data-created_by=\"avia_inline_auto\" id=\"style-css-av-8b03c-966e1564a55653777405ca734d29ad23\">\n#top #wrap_all .avia-button.av-8b03c-966e1564a55653777405ca734d29ad23{\nbackground-color:#09afd0;\nborder-color:#09afd0;\ncolor:#ffffff;\ntransition:all 0.4s ease-in-out;\nmargin-bottom:5px;\nmargin-right:3px;\nmargin-left:3px;\n}\n#top #wrap_all .avia-button.av-8b03c-966e1564a55653777405ca734d29ad23 .avia-svg-icon svg:first-child{\nfill:#ffffff;\nstroke:#ffffff;\n}\n<\/style>\n<a href='https:\/\/www.sparcraft.com\/fr\/configurateur-de-greement\/'  class='avia-button av-8b03c-966e1564a55653777405ca734d29ad23 avia-icon_select-yes-left-icon avia-size-small'   aria-label=\"ACC\u00c8S PRO CONFIGURATEUR\"><span class='avia_button_icon avia_button_icon_left avia-iconfont avia-font-entypo-fontello' data-av_icon='\ue856' data-av_iconfont='entypo-fontello' ><\/span><span class='avia_iconbox_title' >ACC\u00c8S PRO CONFIGURATEUR<\/span><\/a>\n\n<style type=\"text\/css\" data-created_by=\"avia_inline_auto\" id=\"style-css-av-10nxy8-228bb77a0663db4c9d2102ee47182eaa\">\n#top #wrap_all .avia-button.av-10nxy8-228bb77a0663db4c9d2102ee47182eaa{\nbackground-color:#09afd0;\nborder-color:#09afd0;\ncolor:#ffffff;\ntransition:all 0.4s ease-in-out;\nmargin-bottom:5px;\nmargin-right:3px;\nmargin-left:3px;\n}\n#top #wrap_all .avia-button.av-10nxy8-228bb77a0663db4c9d2102ee47182eaa .avia-svg-icon svg:first-child{\nfill:#ffffff;\nstroke:#ffffff;\n}\n<\/style>\n<a href='https:\/\/www.sparcraft.com\/fr\/greement-dormant-et-courant\/departement-rigging\/'  class='avia-button av-10nxy8-228bb77a0663db4c9d2102ee47182eaa avia-icon_select-yes-left-icon avia-size-small'   aria-label=\"DPT RIGGING\"><span class='avia_button_icon avia_button_icon_left avia-iconfont avia-font-entypo-fontello' data-av_icon='\ue832' data-av_iconfont='entypo-fontello' ><\/span><span class='avia_iconbox_title' >DPT RIGGING<\/span><\/a>\n\n<style type=\"text\/css\" data-created_by=\"avia_inline_auto\" id=\"style-css-av-rvubk-46504602dac1f24153ca29e2c0dae27e\">\n#top #wrap_all .avia-button.av-rvubk-46504602dac1f24153ca29e2c0dae27e{\nbackground-color:#09afd0;\nborder-color:#09afd0;\ncolor:#ffffff;\ntransition:all 0.4s ease-in-out;\nmargin-bottom:5px;\nmargin-right:3px;\nmargin-left:3px;\n}\n#top #wrap_all .avia-button.av-rvubk-46504602dac1f24153ca29e2c0dae27e .avia-svg-icon svg:first-child{\nfill:#ffffff;\nstroke:#ffffff;\n}\n<\/style>\n<a href='https:\/\/www.sparcraft.com\/fr\/greement-dormant-et-courant\/greement-courant-divers\/'  class='avia-button av-rvubk-46504602dac1f24153ca29e2c0dae27e avia-icon_select-yes-left-icon avia-size-small'   aria-label=\"GR\u00c9EMENT COURANT\"><span class='avia_button_icon avia_button_icon_left avia-iconfont avia-font-entypo-fontello' data-av_icon='\ue832' data-av_iconfont='entypo-fontello' ><\/span><span class='avia_iconbox_title' >GR\u00c9EMENT COURANT<\/span><\/a>\n\n<style type=\"text\/css\" data-created_by=\"avia_inline_auto\" id=\"style-css-av-eux5c-80126dbbfa4c4b3ec0d7531ddbf096ef\">\n#top #wrap_all .avia-button.av-eux5c-80126dbbfa4c4b3ec0d7531ddbf096ef{\nbackground-color:#09afd0;\nborder-color:#09afd0;\ncolor:#ffffff;\ntransition:all 0.4s ease-in-out;\nmargin-bottom:5px;\nmargin-right:3px;\nmargin-left:3px;\n}\n#top #wrap_all .avia-button.av-eux5c-80126dbbfa4c4b3ec0d7531ddbf096ef .avia-svg-icon svg:first-child{\nfill:#ffffff;\nstroke:#ffffff;\n}\n<\/style>\n<a href='https:\/\/www.sparcraft.com\/fr\/catalogue-tarifs\/'  class='avia-button av-eux5c-80126dbbfa4c4b3ec0d7531ddbf096ef avia-icon_select-yes-left-icon avia-size-small'   aria-label=\"CATALOGUE RIGGING\"><span class='avia_button_icon avia_button_icon_left avia-iconfont avia-font-entypo-fontello' data-av_icon='\ue84e' data-av_iconfont='entypo-fontello' ><\/span><span class='avia_iconbox_title' >CATALOGUE RIGGING<\/span><\/a>\n\n<style type=\"text\/css\" data-created_by=\"avia_inline_auto\" id=\"style-css-av-8b03c-1-3f950f2c122674f6334bb8e01d764a0c\">\n#top #wrap_all .avia-button.av-8b03c-1-3f950f2c122674f6334bb8e01d764a0c{\nbackground-color:#09afd0;\nborder-color:#09afd0;\ncolor:#ffffff;\ntransition:all 0.4s ease-in-out;\nmargin-bottom:5px;\nmargin-right:3px;\nmargin-left:3px;\n}\n#top #wrap_all .avia-button.av-8b03c-1-3f950f2c122674f6334bb8e01d764a0c .avia-svg-icon svg:first-child{\nfill:#ffffff;\nstroke:#ffffff;\n}\n<\/style>\n<a href='https:\/\/www.sparcraft.com\/fr\/revendeurs\/'  class='avia-button av-8b03c-1-3f950f2c122674f6334bb8e01d764a0c avia-icon_select-yes-left-icon avia-size-small'   aria-label=\"CONTACTER UN REVENDEUR\"><span class='avia_button_icon avia_button_icon_left avia-iconfont avia-font-entypo-fontello' data-av_icon='\ue80b' data-av_iconfont='entypo-fontello' ><\/span><span class='avia_iconbox_title' >CONTACTER UN REVENDEUR<\/span><\/a>\n<\/div><\/div><\/p>\n\n<style type=\"text\/css\" data-created_by=\"avia_inline_auto\" id=\"style-css-av-eufo7-4e80f01e91adeb4483d457fbb972545b\">\n.flex_column.av-eufo7-4e80f01e91adeb4483d457fbb972545b{\nborder-radius:0px 0px 0px 0px;\npadding:0px 0px 0px 0px;\n}\n<\/style>\n<div  class='flex_column av-eufo7-4e80f01e91adeb4483d457fbb972545b av_one_full  avia-builder-el-18  el_after_av_one_full  avia-builder-el-last  first flex_column_div av-zero-column-padding  column-top-margin'     ><p>\n<style type=\"text\/css\" data-created_by=\"avia_inline_auto\" id=\"style-css-av-8q7fj-421c88a668f3fab3d02d9fb47f8638df\">\n#top .av-special-heading.av-8q7fj-421c88a668f3fab3d02d9fb47f8638df{\npadding-bottom:3px;\ncolor:#022972;\n}\nbody .av-special-heading.av-8q7fj-421c88a668f3fab3d02d9fb47f8638df .av-special-heading-tag .heading-char{\nfont-size:25px;\n}\n.av-special-heading.av-8q7fj-421c88a668f3fab3d02d9fb47f8638df .special-heading-inner-border{\nborder-color:#022972;\n}\n.av-special-heading.av-8q7fj-421c88a668f3fab3d02d9fb47f8638df .av-subheading{\nfont-size:15px;\n}\n\n@media only screen and (min-width: 768px) and (max-width: 989px){ \n#top #wrap_all .av-special-heading.av-8q7fj-421c88a668f3fab3d02d9fb47f8638df .av-special-heading-tag{\nfont-size:12px;\n}\n}\n<\/style>\n<div  class='av-special-heading av-8q7fj-421c88a668f3fab3d02d9fb47f8638df av-special-heading-h3 custom-color-heading  avia-builder-el-19  el_before_av_social_share  avia-builder-el-first  av-linked-heading'><h3 class='av-special-heading-tag '  itemprop=\"headline\"  >PARTAGEZ LE CONTENU DE CETTE PAGE<\/h3><div class=\"special-heading-border\"><div class=\"special-heading-inner-border\"><\/div><\/div><\/div><br \/>\n<div  class='av-social-sharing-box av-jxugcbjf-1b1b753827f0a4b17bd435b61c5d3eb0 av-social-sharing-box-default  avia-builder-el-20  el_after_av_heading  avia-builder-el-last  av-social-sharing-box-fullwidth'><div class=\"av-share-box\"><ul class=\"av-share-box-list noLightbox\"><li class='av-share-link av-social-link-facebook avia_social_iconfont' ><a target=\"_blank\" aria-label=\"Partager sur Facebook\" href='https:\/\/www.facebook.com\/sharer.php?u=https:\/\/www.sparcraft.com\/fr\/greement-dormant-et-courant\/greement-dormant\/&#038;t=Gr%C3%A9ement%20Dormant' data-av_icon='\ue8f3' data-av_iconfont='entypo-fontello'  title='' data-avia-related-tooltip='Partager sur Facebook'><span class='avia_hidden_link_text'>Partager sur Facebook<\/span><\/a><\/li><li class='av-share-link av-social-link-twitter avia_social_iconfont' ><a target=\"_blank\" aria-label=\"Partager sur X\" href='https:\/\/twitter.com\/share?text=Gr%C3%A9ement%20Dormant&#038;url=https:\/\/www.sparcraft.com\/fr\/?p=31640' data-av_icon='\ue932' data-av_iconfont='entypo-fontello'  title='' data-avia-related-tooltip='Partager sur X'><span class='avia_hidden_link_text'>Partager sur X<\/span><\/a><\/li><li class='av-share-link av-social-link-linkedin avia_social_iconfont' ><a target=\"_blank\" aria-label=\"Partager sur LinkedIn\" href='https:\/\/linkedin.com\/shareArticle?mini=true&#038;title=Gr%C3%A9ement%20Dormant&#038;url=https:\/\/www.sparcraft.com\/fr\/greement-dormant-et-courant\/greement-dormant\/' data-av_icon='\ue8fc' data-av_iconfont='entypo-fontello'  title='' data-avia-related-tooltip='Partager sur LinkedIn'><span class='avia_hidden_link_text'>Partager sur LinkedIn<\/span><\/a><\/li><li class='av-share-link av-social-link-mail avia_social_iconfont' ><a  aria-label=\"Partager par Mail\" href='mailto:?subject=Gr%C3%A9ement%20Dormant&#038;body=https:\/\/www.sparcraft.com\/fr\/greement-dormant-et-courant\/greement-dormant\/' data-av_icon='\ue805' data-av_iconfont='entypo-fontello'  title='' data-avia-related-tooltip='Partager par Mail'><span class='avia_hidden_link_text'>Partager par Mail<\/span><\/a><\/li><\/ul><\/div><\/div><\/p><\/div>\n","protected":false},"excerpt":{"rendered":"","protected":false},"author":2,"featured_media":0,"parent":31683,"menu_order":60,"comment_status":"closed","ping_status":"closed","template":"","meta":{"footnotes":""},"class_list":["post-31640","page","type-page","status-publish","hentry"],"yoast_head":"<!-- This site is optimized with the Yoast SEO plugin v27.4 - https:\/\/yoast.com\/product\/yoast-seo-wordpress\/ -->\n<title>Gr\u00e9ement Dormant - Sparcraft<\/title>\n<meta name=\"description\" content=\"Gr\u00e9ement dormant sparcraft : une exigence de qualit\u00e9, de performance et de fiabilit\u00e9.\" \/>\n<meta name=\"robots\" content=\"index, follow, max-snippet:-1, max-image-preview:large, max-video-preview:-1\" \/>\n<link rel=\"canonical\" href=\"https:\/\/www.sparcraft.com\/fr\/greement-dormant-et-courant\/greement-dormant\/\" \/>\n<meta property=\"og:locale\" content=\"fr_FR\" \/>\n<meta property=\"og:type\" content=\"article\" \/>\n<meta property=\"og:title\" content=\"Gr\u00e9ement Dormant - Sparcraft\" \/>\n<meta property=\"og:description\" content=\"Gr\u00e9ement dormant sparcraft : une exigence de qualit\u00e9, de performance et de fiabilit\u00e9.\" \/>\n<meta property=\"og:url\" content=\"https:\/\/www.sparcraft.com\/fr\/greement-dormant-et-courant\/greement-dormant\/\" \/>\n<meta property=\"og:site_name\" content=\"Sparcraft\" \/>\n<meta property=\"article:modified_time\" content=\"2023-04-21T13:35:58+00:00\" \/>\n<meta name=\"twitter:card\" content=\"summary_large_image\" \/>\n<meta name=\"twitter:label1\" content=\"Dur\u00e9e de lecture estim\u00e9e\" \/>\n\t<meta name=\"twitter:data1\" content=\"6 minutes\" \/>\n<script type=\"application\/ld+json\" class=\"yoast-schema-graph\">{\"@context\":\"https:\\\/\\\/schema.org\",\"@graph\":[{\"@type\":\"WebPage\",\"@id\":\"https:\\\/\\\/www.sparcraft.com\\\/fr\\\/greement-dormant-et-courant\\\/greement-dormant\\\/\",\"url\":\"https:\\\/\\\/www.sparcraft.com\\\/fr\\\/greement-dormant-et-courant\\\/greement-dormant\\\/\",\"name\":\"Gr\u00e9ement Dormant - Sparcraft\",\"isPartOf\":{\"@id\":\"https:\\\/\\\/www.sparcraft.com\\\/fr\\\/#website\"},\"datePublished\":\"2020-07-29T12:59:16+00:00\",\"dateModified\":\"2023-04-21T13:35:58+00:00\",\"description\":\"Gr\u00e9ement dormant sparcraft : une exigence de qualit\u00e9, de performance et de fiabilit\u00e9.\",\"breadcrumb\":{\"@id\":\"https:\\\/\\\/www.sparcraft.com\\\/fr\\\/greement-dormant-et-courant\\\/greement-dormant\\\/#breadcrumb\"},\"inLanguage\":\"fr-FR\",\"potentialAction\":[{\"@type\":\"ReadAction\",\"target\":[\"https:\\\/\\\/www.sparcraft.com\\\/fr\\\/greement-dormant-et-courant\\\/greement-dormant\\\/\"]}]},{\"@type\":\"BreadcrumbList\",\"@id\":\"https:\\\/\\\/www.sparcraft.com\\\/fr\\\/greement-dormant-et-courant\\\/greement-dormant\\\/#breadcrumb\",\"itemListElement\":[{\"@type\":\"ListItem\",\"position\":1,\"name\":\"Gr\u00e9ement dormant &#038; courant\",\"item\":\"https:\\\/\\\/www.sparcraft.com\\\/fr\\\/greement-dormant-et-courant\\\/\"},{\"@type\":\"ListItem\",\"position\":2,\"name\":\"Gr\u00e9ement Dormant\"}]},{\"@type\":\"WebSite\",\"@id\":\"https:\\\/\\\/www.sparcraft.com\\\/fr\\\/#website\",\"url\":\"https:\\\/\\\/www.sparcraft.com\\\/fr\\\/\",\"name\":\"Sparcraft\",\"description\":\"Mast &amp; Rigging\",\"potentialAction\":[{\"@type\":\"SearchAction\",\"target\":{\"@type\":\"EntryPoint\",\"urlTemplate\":\"https:\\\/\\\/www.sparcraft.com\\\/fr\\\/?s={search_term_string}\"},\"query-input\":{\"@type\":\"PropertyValueSpecification\",\"valueRequired\":true,\"valueName\":\"search_term_string\"}}],\"inLanguage\":\"fr-FR\"}]}<\/script>\n<!-- \/ Yoast SEO plugin. -->","yoast_head_json":{"title":"Gr\u00e9ement Dormant - Sparcraft","description":"Gr\u00e9ement dormant sparcraft : une exigence de qualit\u00e9, de performance et de fiabilit\u00e9.","robots":{"index":"index","follow":"follow","max-snippet":"max-snippet:-1","max-image-preview":"max-image-preview:large","max-video-preview":"max-video-preview:-1"},"canonical":"https:\/\/www.sparcraft.com\/fr\/greement-dormant-et-courant\/greement-dormant\/","og_locale":"fr_FR","og_type":"article","og_title":"Gr\u00e9ement Dormant - Sparcraft","og_description":"Gr\u00e9ement dormant sparcraft : une exigence de qualit\u00e9, de performance et de fiabilit\u00e9.","og_url":"https:\/\/www.sparcraft.com\/fr\/greement-dormant-et-courant\/greement-dormant\/","og_site_name":"Sparcraft","article_modified_time":"2023-04-21T13:35:58+00:00","twitter_card":"summary_large_image","twitter_misc":{"Dur\u00e9e de lecture estim\u00e9e":"6 minutes"},"schema":{"@context":"https:\/\/schema.org","@graph":[{"@type":"WebPage","@id":"https:\/\/www.sparcraft.com\/fr\/greement-dormant-et-courant\/greement-dormant\/","url":"https:\/\/www.sparcraft.com\/fr\/greement-dormant-et-courant\/greement-dormant\/","name":"Gr\u00e9ement Dormant - Sparcraft","isPartOf":{"@id":"https:\/\/www.sparcraft.com\/fr\/#website"},"datePublished":"2020-07-29T12:59:16+00:00","dateModified":"2023-04-21T13:35:58+00:00","description":"Gr\u00e9ement dormant sparcraft : une exigence de qualit\u00e9, de performance et de fiabilit\u00e9.","breadcrumb":{"@id":"https:\/\/www.sparcraft.com\/fr\/greement-dormant-et-courant\/greement-dormant\/#breadcrumb"},"inLanguage":"fr-FR","potentialAction":[{"@type":"ReadAction","target":["https:\/\/www.sparcraft.com\/fr\/greement-dormant-et-courant\/greement-dormant\/"]}]},{"@type":"BreadcrumbList","@id":"https:\/\/www.sparcraft.com\/fr\/greement-dormant-et-courant\/greement-dormant\/#breadcrumb","itemListElement":[{"@type":"ListItem","position":1,"name":"Gr\u00e9ement dormant &#038; courant","item":"https:\/\/www.sparcraft.com\/fr\/greement-dormant-et-courant\/"},{"@type":"ListItem","position":2,"name":"Gr\u00e9ement Dormant"}]},{"@type":"WebSite","@id":"https:\/\/www.sparcraft.com\/fr\/#website","url":"https:\/\/www.sparcraft.com\/fr\/","name":"Sparcraft","description":"Mast &amp; Rigging","potentialAction":[{"@type":"SearchAction","target":{"@type":"EntryPoint","urlTemplate":"https:\/\/www.sparcraft.com\/fr\/?s={search_term_string}"},"query-input":{"@type":"PropertyValueSpecification","valueRequired":true,"valueName":"search_term_string"}}],"inLanguage":"fr-FR"}]}},"_links":{"self":[{"href":"https:\/\/www.sparcraft.com\/fr\/wp-json\/wp\/v2\/pages\/31640","targetHints":{"allow":["GET"]}}],"collection":[{"href":"https:\/\/www.sparcraft.com\/fr\/wp-json\/wp\/v2\/pages"}],"about":[{"href":"https:\/\/www.sparcraft.com\/fr\/wp-json\/wp\/v2\/types\/page"}],"author":[{"embeddable":true,"href":"https:\/\/www.sparcraft.com\/fr\/wp-json\/wp\/v2\/users\/2"}],"replies":[{"embeddable":true,"href":"https:\/\/www.sparcraft.com\/fr\/wp-json\/wp\/v2\/comments?post=31640"}],"version-history":[{"count":0,"href":"https:\/\/www.sparcraft.com\/fr\/wp-json\/wp\/v2\/pages\/31640\/revisions"}],"up":[{"embeddable":true,"href":"https:\/\/www.sparcraft.com\/fr\/wp-json\/wp\/v2\/pages\/31683"}],"wp:attachment":[{"href":"https:\/\/www.sparcraft.com\/fr\/wp-json\/wp\/v2\/media?parent=31640"}],"curies":[{"name":"wp","href":"https:\/\/api.w.org\/{rel}","templated":true}]}}