{"id":31638,"date":"2020-07-29T15:03:48","date_gmt":"2020-07-29T13:03:48","guid":{"rendered":"https:\/\/www.sparcraft.com\/reseau-de-greeurs\/"},"modified":"2023-03-20T14:01:36","modified_gmt":"2023-03-20T13:01:36","slug":"reseau-de-greeurs","status":"publish","type":"page","link":"https:\/\/www.sparcraft.com\/fr\/greement-dormant-et-courant\/departement-rigging\/reseau-de-greeurs\/","title":{"rendered":"Le r\u00e9seau de gr\u00e9eurs"},"content":{"rendered":"<section  class='av_textblock_section av-l8tz17ao-d1a8367267f5866cd6bafb82171f0447 '   itemscope=\"itemscope\" itemtype=\"https:\/\/schema.org\/CreativeWork\" ><div class='avia_textblock'  itemprop=\"text\" ><a href=\"https:\/\/www.sparcraft.com\/wp-content\/uploads\/2022\/10\/RESEAU_SPARCRAFT_2022_fr.pdf\" class=\"pdfemb-viewer\" style=\"width:900px;\" data-width=\"900\" data-height=\"max\" data-toolbar=\"bottom\" data-toolbar-fixed=\"off\">RESEAU_SPARCRAFT_2022_fr<\/a>\n<\/div><\/section>\n","protected":false},"excerpt":{"rendered":"","protected":false},"author":2,"featured_media":0,"parent":31641,"menu_order":10,"comment_status":"closed","ping_status":"closed","template":"","meta":{"footnotes":""},"class_list":["post-31638","page","type-page","status-publish","hentry"],"yoast_head":"<!-- This site is optimized with the Yoast SEO plugin v27.5 - https:\/\/yoast.com\/product\/yoast-seo-wordpress\/ -->\n<title>Le r\u00e9seau de gr\u00e9eurs - Sparcraft<\/title>\n<meta name=\"description\" content=\"r\u00e9seau gr\u00e9eurs sparcraft\" \/>\n<meta name=\"robots\" content=\"index, follow, max-snippet:-1, max-image-preview:large, max-video-preview:-1\" \/>\n<link rel=\"canonical\" href=\"https:\/\/www.sparcraft.com\/fr\/greement-dormant-et-courant\/departement-rigging\/reseau-de-greeurs\/\" \/>\n<meta property=\"og:locale\" content=\"fr_FR\" \/>\n<meta property=\"og:type\" content=\"article\" \/>\n<meta property=\"og:title\" content=\"Le r\u00e9seau de gr\u00e9eurs - Sparcraft\" \/>\n<meta property=\"og:description\" content=\"r\u00e9seau gr\u00e9eurs sparcraft\" \/>\n<meta property=\"og:url\" content=\"https:\/\/www.sparcraft.com\/fr\/greement-dormant-et-courant\/departement-rigging\/reseau-de-greeurs\/\" \/>\n<meta property=\"og:site_name\" content=\"Sparcraft\" \/>\n<meta property=\"article:modified_time\" content=\"2023-03-20T13:01:36+00:00\" \/>\n<meta name=\"twitter:card\" content=\"summary_large_image\" \/>\n<meta name=\"twitter:label1\" content=\"Dur\u00e9e de lecture estim\u00e9e\" \/>\n\t<meta name=\"twitter:data1\" content=\"1 minute\" \/>\n<script type=\"application\/ld+json\" class=\"yoast-schema-graph\">{\"@context\":\"https:\\\/\\\/schema.org\",\"@graph\":[{\"@type\":\"WebPage\",\"@id\":\"https:\\\/\\\/www.sparcraft.com\\\/fr\\\/greement-dormant-et-courant\\\/departement-rigging\\\/reseau-de-greeurs\\\/\",\"url\":\"https:\\\/\\\/www.sparcraft.com\\\/fr\\\/greement-dormant-et-courant\\\/departement-rigging\\\/reseau-de-greeurs\\\/\",\"name\":\"Le r\u00e9seau de gr\u00e9eurs - Sparcraft\",\"isPartOf\":{\"@id\":\"https:\\\/\\\/www.sparcraft.com\\\/fr\\\/#website\"},\"datePublished\":\"2020-07-29T13:03:48+00:00\",\"dateModified\":\"2023-03-20T13:01:36+00:00\",\"description\":\"r\u00e9seau gr\u00e9eurs sparcraft\",\"breadcrumb\":{\"@id\":\"https:\\\/\\\/www.sparcraft.com\\\/fr\\\/greement-dormant-et-courant\\\/departement-rigging\\\/reseau-de-greeurs\\\/#breadcrumb\"},\"inLanguage\":\"fr-FR\",\"potentialAction\":[{\"@type\":\"ReadAction\",\"target\":[\"https:\\\/\\\/www.sparcraft.com\\\/fr\\\/greement-dormant-et-courant\\\/departement-rigging\\\/reseau-de-greeurs\\\/\"]}]},{\"@type\":\"BreadcrumbList\",\"@id\":\"https:\\\/\\\/www.sparcraft.com\\\/fr\\\/greement-dormant-et-courant\\\/departement-rigging\\\/reseau-de-greeurs\\\/#breadcrumb\",\"itemListElement\":[{\"@type\":\"ListItem\",\"position\":1,\"name\":\"Gr\u00e9ement dormant &#038; courant\",\"item\":\"https:\\\/\\\/www.sparcraft.com\\\/fr\\\/greement-dormant-et-courant\\\/\"},{\"@type\":\"ListItem\",\"position\":2,\"name\":\"D\u00e9partement Rigging\",\"item\":\"https:\\\/\\\/www.sparcraft.com\\\/fr\\\/greement-dormant-et-courant\\\/departement-rigging\\\/\"},{\"@type\":\"ListItem\",\"position\":3,\"name\":\"Le r\u00e9seau de gr\u00e9eurs\"}]},{\"@type\":\"WebSite\",\"@id\":\"https:\\\/\\\/www.sparcraft.com\\\/fr\\\/#website\",\"url\":\"https:\\\/\\\/www.sparcraft.com\\\/fr\\\/\",\"name\":\"Sparcraft\",\"description\":\"Mast &amp; Rigging\",\"potentialAction\":[{\"@type\":\"SearchAction\",\"target\":{\"@type\":\"EntryPoint\",\"urlTemplate\":\"https:\\\/\\\/www.sparcraft.com\\\/fr\\\/?s={search_term_string}\"},\"query-input\":{\"@type\":\"PropertyValueSpecification\",\"valueRequired\":true,\"valueName\":\"search_term_string\"}}],\"inLanguage\":\"fr-FR\"}]}<\/script>\n<!-- \/ Yoast SEO plugin. -->","yoast_head_json":{"title":"Le r\u00e9seau de gr\u00e9eurs - Sparcraft","description":"r\u00e9seau gr\u00e9eurs sparcraft","robots":{"index":"index","follow":"follow","max-snippet":"max-snippet:-1","max-image-preview":"max-image-preview:large","max-video-preview":"max-video-preview:-1"},"canonical":"https:\/\/www.sparcraft.com\/fr\/greement-dormant-et-courant\/departement-rigging\/reseau-de-greeurs\/","og_locale":"fr_FR","og_type":"article","og_title":"Le r\u00e9seau de gr\u00e9eurs - Sparcraft","og_description":"r\u00e9seau gr\u00e9eurs sparcraft","og_url":"https:\/\/www.sparcraft.com\/fr\/greement-dormant-et-courant\/departement-rigging\/reseau-de-greeurs\/","og_site_name":"Sparcraft","article_modified_time":"2023-03-20T13:01:36+00:00","twitter_card":"summary_large_image","twitter_misc":{"Dur\u00e9e de lecture estim\u00e9e":"1 minute"},"schema":{"@context":"https:\/\/schema.org","@graph":[{"@type":"WebPage","@id":"https:\/\/www.sparcraft.com\/fr\/greement-dormant-et-courant\/departement-rigging\/reseau-de-greeurs\/","url":"https:\/\/www.sparcraft.com\/fr\/greement-dormant-et-courant\/departement-rigging\/reseau-de-greeurs\/","name":"Le r\u00e9seau de gr\u00e9eurs - Sparcraft","isPartOf":{"@id":"https:\/\/www.sparcraft.com\/fr\/#website"},"datePublished":"2020-07-29T13:03:48+00:00","dateModified":"2023-03-20T13:01:36+00:00","description":"r\u00e9seau gr\u00e9eurs sparcraft","breadcrumb":{"@id":"https:\/\/www.sparcraft.com\/fr\/greement-dormant-et-courant\/departement-rigging\/reseau-de-greeurs\/#breadcrumb"},"inLanguage":"fr-FR","potentialAction":[{"@type":"ReadAction","target":["https:\/\/www.sparcraft.com\/fr\/greement-dormant-et-courant\/departement-rigging\/reseau-de-greeurs\/"]}]},{"@type":"BreadcrumbList","@id":"https:\/\/www.sparcraft.com\/fr\/greement-dormant-et-courant\/departement-rigging\/reseau-de-greeurs\/#breadcrumb","itemListElement":[{"@type":"ListItem","position":1,"name":"Gr\u00e9ement dormant &#038; courant","item":"https:\/\/www.sparcraft.com\/fr\/greement-dormant-et-courant\/"},{"@type":"ListItem","position":2,"name":"D\u00e9partement Rigging","item":"https:\/\/www.sparcraft.com\/fr\/greement-dormant-et-courant\/departement-rigging\/"},{"@type":"ListItem","position":3,"name":"Le r\u00e9seau de gr\u00e9eurs"}]},{"@type":"WebSite","@id":"https:\/\/www.sparcraft.com\/fr\/#website","url":"https:\/\/www.sparcraft.com\/fr\/","name":"Sparcraft","description":"Mast &amp; Rigging","potentialAction":[{"@type":"SearchAction","target":{"@type":"EntryPoint","urlTemplate":"https:\/\/www.sparcraft.com\/fr\/?s={search_term_string}"},"query-input":{"@type":"PropertyValueSpecification","valueRequired":true,"valueName":"search_term_string"}}],"inLanguage":"fr-FR"}]}},"_links":{"self":[{"href":"https:\/\/www.sparcraft.com\/fr\/wp-json\/wp\/v2\/pages\/31638","targetHints":{"allow":["GET"]}}],"collection":[{"href":"https:\/\/www.sparcraft.com\/fr\/wp-json\/wp\/v2\/pages"}],"about":[{"href":"https:\/\/www.sparcraft.com\/fr\/wp-json\/wp\/v2\/types\/page"}],"author":[{"embeddable":true,"href":"https:\/\/www.sparcraft.com\/fr\/wp-json\/wp\/v2\/users\/2"}],"replies":[{"embeddable":true,"href":"https:\/\/www.sparcraft.com\/fr\/wp-json\/wp\/v2\/comments?post=31638"}],"version-history":[{"count":0,"href":"https:\/\/www.sparcraft.com\/fr\/wp-json\/wp\/v2\/pages\/31638\/revisions"}],"up":[{"embeddable":true,"href":"https:\/\/www.sparcraft.com\/fr\/wp-json\/wp\/v2\/pages\/31641"}],"wp:attachment":[{"href":"https:\/\/www.sparcraft.com\/fr\/wp-json\/wp\/v2\/media?parent=31638"}],"curies":[{"name":"wp","href":"https:\/\/api.w.org\/{rel}","templated":true}]}}