{"id":31630,"date":"2020-08-24T15:23:02","date_gmt":"2020-08-24T13:23:02","guid":{"rendered":"https:\/\/www.sparcraft.com\/politique-de-confidentialite-2\/"},"modified":"2023-06-12T16:14:08","modified_gmt":"2023-06-12T14:14:08","slug":"politique-de-confidentialite","status":"publish","type":"page","link":"https:\/\/www.sparcraft.com\/fr\/politique-de-confidentialite\/","title":{"rendered":"Politique de confidentialit\u00e9"},"content":{"rendered":"\n<style type=\"text\/css\" data-created_by=\"avia_inline_auto\" id=\"style-css-av-r2dlw-fb3426a401161106aa6315d44df37b71\">\n.flex_column.av-r2dlw-fb3426a401161106aa6315d44df37b71{\nborder-radius:0px 0px 0px 0px;\npadding:0px 0px 0px 0px;\n}\n<\/style>\n<div  class='flex_column av-r2dlw-fb3426a401161106aa6315d44df37b71 av_one_third  avia-builder-el-0  el_before_av_one_third  avia-builder-el-first  first flex_column_div av-zero-column-padding  '     ><section  class='av_textblock_section av-kcbzb0ea-d34dbb1055d00ad9b60727faf794e312 '   itemscope=\"itemscope\" itemtype=\"https:\/\/schema.org\/CreativeWork\" ><div class='avia_textblock'  itemprop=\"text\" ><p style=\"text-align: center;\"><span style=\"color: #005299;\">POLITIQUE DE CONFIDENTIALIT\u00c9<\/span><\/p>\n<\/div><\/section><\/div>\n\n<style type=\"text\/css\" data-created_by=\"avia_inline_auto\" id=\"style-css-av-nb8n0-44af5112039ba9905fdc14ffadb9e73b\">\n.flex_column.av-nb8n0-44af5112039ba9905fdc14ffadb9e73b{\nborder-radius:0px 0px 0px 0px;\npadding:0px 0px 0px 0px;\n}\n<\/style>\n<div  class='flex_column av-nb8n0-44af5112039ba9905fdc14ffadb9e73b av_one_third  avia-builder-el-2  el_after_av_one_third  el_before_av_one_third  flex_column_div av-zero-column-padding  '     ><style type=\"text\/css\" data-created_by=\"avia_inline_auto\" id=\"style-css-av-kcbywgjq-1c834f659a4ae2f52d56318c8004bf4d\">\n.av_font_icon.av-kcbywgjq-1c834f659a4ae2f52d56318c8004bf4d{\ncolor:#005299;\nborder-color:#005299;\n}\n.avia-svg-icon.av-kcbywgjq-1c834f659a4ae2f52d56318c8004bf4d svg:first-child{\nstroke:#005299;\nfill:#005299;\n}\n.av_font_icon.av-kcbywgjq-1c834f659a4ae2f52d56318c8004bf4d .av-icon-char{\nfont-size:60px;\nline-height:60px;\nwidth:60px;\n}\n<\/style>\n<span  class='av_font_icon av-kcbywgjq-1c834f659a4ae2f52d56318c8004bf4d avia_animate_when_visible av-icon-style-border avia-icon-pos-center avia-iconfont avia-font-entypo-fontello'><span class='av-icon-char' data-av_icon='\ue851' data-av_iconfont='entypo-fontello' aria-hidden=\"true\" data-avia-icon-tooltip=\"&lt;br \/&gt;\nPOLITIQUE DE CONFIDENTIALIT\u00c9 SPARCRAFT&lt;br \/&gt;\n\"><\/span><\/span><\/div>\n\n<style type=\"text\/css\" data-created_by=\"avia_inline_auto\" id=\"style-css-av-gxpis-624a65119313e952d98cd0b9664a3751\">\n.flex_column.av-gxpis-624a65119313e952d98cd0b9664a3751{\nborder-radius:0px 0px 0px 0px;\npadding:0px 0px 0px 0px;\n}\n<\/style>\n<div  class='flex_column av-gxpis-624a65119313e952d98cd0b9664a3751 av_one_third  avia-builder-el-4  el_after_av_one_third  el_before_av_one_full  flex_column_div av-zero-column-padding  '     ><section  class='av_textblock_section av-kcbzb0ea-2-10f2d9f9917049783def8f98a3939b7a '   itemscope=\"itemscope\" itemtype=\"https:\/\/schema.org\/CreativeWork\" ><div class='avia_textblock'  itemprop=\"text\" ><p style=\"text-align: center;\"><span style=\"color: #005299;\">SPARCRAFT<\/span><\/p>\n<\/div><\/section><\/div>\n\n<style type=\"text\/css\" data-created_by=\"avia_inline_auto\" id=\"style-css-av-74vd0-fec984835197f018b63b09b6a51d6ca6\">\n.flex_column.av-74vd0-fec984835197f018b63b09b6a51d6ca6{\nborder-radius:0px 0px 0px 0px;\npadding:0px 0px 0px 0px;\n}\n<\/style>\n<div  class='flex_column av-74vd0-fec984835197f018b63b09b6a51d6ca6 av_one_full  avia-builder-el-6  el_after_av_one_third  avia-builder-el-last  first flex_column_div av-zero-column-padding  column-top-margin'     ><p><section  class='av_textblock_section av-kcbymn79-9a2a260bd835346a3342e94f6213c2a4 '   itemscope=\"itemscope\" itemtype=\"https:\/\/schema.org\/CreativeWork\" ><div class='avia_textblock'  itemprop=\"text\" ><p><strong>Informatique et Libert\u00e9s et Collecte des donn\u00e9es personnelles &#8211; RGPD<\/strong><\/p>\n<\/div><\/section><br \/>\n<section  class='av_textblock_section av-kcbymn79-1-a31284e0acb66904e088459c44eb80be '   itemscope=\"itemscope\" itemtype=\"https:\/\/schema.org\/CreativeWork\" ><div class='avia_textblock'  itemprop=\"text\" ><p><strong>\u00a0<\/strong>Par \u00ab\u00a0Donn\u00e9es Personnelles\u00a0\u00bb, il faut entendre toute information qui permet d&rsquo;identifier une personne. Il s&rsquo;agira le plus souvent d&rsquo;un nom, d&rsquo;une adresse, d&rsquo;un num\u00e9ro de t\u00e9l\u00e9phone ou d&rsquo;une adresse \u00e9lectronique.<br \/>\nVous disposez d&rsquo;un droit d&rsquo;acc\u00e8s, de modification, de rectification et de suppression des donn\u00e9es qui vous concernent (art.39 et 40\u00a0de la loi \u00ab\u00a0Informatique et Libert\u00e9s\u00a0\u00bb\u00a0du 16\u00a0janvier 1978 modifi\u00e9e par la loi du 6 ao\u00fbt 2004).<br \/>\nPour toute information ou exercice de vos droits Informatique et Libert\u00e9s sur les traitements de donn\u00e9es personnelles \u2013 RGPD &#8211; g\u00e9r\u00e9s par <strong>SPARCRAFT<\/strong>, vous pouvez contacter le d\u00e9l\u00e9gu\u00e9 \u00e0 la protection des donn\u00e9es &#8211; DPO :<br \/>\nvia ce formulaire <strong>LIEN VERS LE FORMULAIRE DE CONTACT<\/strong><br \/>\npar courrier sign\u00e9 accompagn\u00e9 de la copie d\u2019un titre d\u2019identit\u00e9 \u00e0 l&rsquo;adresse suivante :<br \/>\n<strong>SPARCRAFT<\/strong><br \/>\n<strong>A l\u2019attention du d\u00e9l\u00e9gu\u00e9 \u00e0 la protection des donn\u00e9es<\/strong><br \/>\nZA 10 rue du pont des Bernes<br \/>\n<strong>ADRESSE MAIL DU DPO OU ADRESSE GENERALE<\/strong><br \/>\nNos serveurs ne sont pas configur\u00e9s pour collecter des informations personnelles sur les visiteurs du site en dehors des donn\u00e9es techniques suivantes : provenance des connexions (fournisseur d&rsquo;acc\u00e8s), adresse IP, type et version du navigateur utilis\u00e9. En aucun cas, nous ne collectons l&rsquo;adresse e-mail des visiteurs sans que ces derniers ne nous la communiquent d\u00e9lib\u00e9r\u00e9ment.<br \/>\nVos donn\u00e9es sont trait\u00e9es de fa\u00e7on \u00e9lectronique et\/ou manuelle, de fa\u00e7on \u00e0 ce que leur s\u00e9curit\u00e9, protection et confidentialit\u00e9 soient assur\u00e9es au regard de leur niveau de sensibilit\u00e9, via des mesures administratives, techniques et physiques pour pr\u00e9venir la perte, le vol, l\u2019utilisation, la divulgation ou encore la modification non-autoris\u00e9es.<br \/>\n<strong>SPARCRAFT<\/strong> utilise vos donn\u00e9es personnelles uniquement pour des besoins de communication avec vous.<br \/>\nDur\u00e9e de conservation des donn\u00e9es personnelles\u00a0:<br \/>\nchoisir ci-dessous la dur\u00e9e ou indiquer celle mise en place dans votre structure, ci-dessous des exemples<br \/>\nVos donn\u00e9es personnelles sont conserv\u00e9es le temps n\u00e9cessaire \u00e0 la gestion de votre demande de contact et permettant les \u00e9changes mails, puis supprim\u00e9es.<br \/>\nVos donn\u00e9es personnelles sont conserv\u00e9es 1 an, en date du dernier mail \u00e9chang\u00e9, puis supprim\u00e9es.<br \/>\nVos donn\u00e9es personnelles sont conserv\u00e9es 3 ans (pr\u00e9conis\u00e9 par la CNIL), en date du dernier mail \u00e9chang\u00e9, puis supprim\u00e9es.<br \/>\nVos donn\u00e9es personnelles peuvent \u00eatre supprim\u00e9es ou modifi\u00e9es sur simple demande de votre part (Cf Paragraphe pr\u00e9c\u00e9dent) .<br \/>\nM\u00c9THODE DE CONSERVATION DES DONN\u00c9ES :<br \/>\nIndiquer ici comment vous conserver les donn\u00e9es personnelles, ci-dessous 2 exemples<br \/>\nVos donn\u00e9es personnelles ne sont pas conserv\u00e9es dans un fichier (base de donn\u00e9es, fichier tableur ou autre) mais uniquement dans notre logiciel de messagerie (et\/ou dans l\u2019administration du site) permettant les \u00e9changes suite \u00e0 votre de demande de contact.<br \/>\nVos donn\u00e9es personnelles sont conserv\u00e9es dans un fichier informatique de type base de donn\u00e9es, fichier tableur ou autre. (indiquer lequel).<br \/>\n<strong>SPARCRAFT<\/strong> pourra \u00e9galement utiliser vos donn\u00e9es afin de respecter ses obligations l\u00e9gales (incluant les lois anti-fraude, les lois sur le blanchiment d\u2019argent et les dispositions concernant le retard ou l\u2019absence de paiement par l\u2019abonn\u00e9) et\/ou pour r\u00e9pondre aux demandes des autorit\u00e9s publiques et gouvernementales.<br \/>\nVos donn\u00e9es personnelles sont trait\u00e9es uniquement par <strong>SPARCRAFT.<\/strong><br \/>\nEn aucun cas vos donn\u00e9es ne seront \u00eatre transf\u00e9r\u00e9es \u00e0 des prestataires de services tiers.<br \/>\nGESTION DES COOKIES<br \/>\nLa soci\u00e9t\u00e9 <strong>SPARCRAFT<\/strong> vous informe que le site www.facnor.fr utilise diff\u00e9rents cookies sur le site pour am\u00e9liorer l\u2019interactivit\u00e9 du site et de nos services.<br \/>\nUn \u00ab\u00a0cookie\u00a0\u00bb est un fichier de taille limit\u00e9e, g\u00e9n\u00e9ralement constitu\u00e9 de lettres et de chiffres, envoy\u00e9 par le serveur internet au fichier cookie du navigateur situ\u00e9 sur le disque dur de votre ordinateur.<br \/>\nVous pouvez configurer votre navigateur internet pour refuser l\u2019utilisation de cookies.<br \/>\nVous pouvez installer et configurer des extensions dans votre navigateur internet permettant de bloquer les diff\u00e9rents traceurs et les communications avec les r\u00e9seaux sociaux.<br \/>\nVous pouvez configurer votre navigateur internet ou installer une extension pour refuser l\u2019utilisation le tra\u00e7age de Adobe Flash.<br \/>\nPour information l\u2019opposition et la suppression en utilisant les param\u00e8tres de votre navigateur, risquent de d\u00e9grader la consultation du site.<br \/>\nLes donn\u00e9es de trafic et les fichiers de cookies que nous implantons sur votre ordinateur ont uniquement pour finalit\u00e9 de nous permettre d\u2019analyser la fr\u00e9quentation de nos pages d&rsquo;information afin d&rsquo;en am\u00e9liorer le contenu. Les donn\u00e9es relatives \u00e0 la navigation des visiteurs ne sont pas exploit\u00e9es nominativement. Il s&rsquo;agit de statistiques agr\u00e9g\u00e9es permettant de conna\u00eetre les pages les plus et les moins populaires, les chemins pr\u00e9f\u00e9r\u00e9s, les niveaux d&rsquo;activit\u00e9 par jour de la semaine et par heure de la journ\u00e9e, les principales erreurs clients ou serveur.<br \/>\nNous vous rappelons que vous disposez, dans votre logiciel de navigation, de la possibilit\u00e9 de bloquer l&rsquo;implantation de cookies sur votre ordinateur.<br \/>\nEVOLUTION DE LA POLITIQUE DE CONFIDENTIALITE<br \/>\nLa pr\u00e9sente Politique de confidentialit\u00e9 peut \u00eatre amen\u00e9e \u00e0 \u00e9voluer, notamment en raison des \u00e9volutions l\u00e9gislatives et r\u00e9glementaires.<br \/>\nLa pr\u00e9sente politique de confidentialit\u00e9 d\u00e9finit et vous informe de la mani\u00e8re dont <strong>SPARCRAFT<\/strong> utilise et prot\u00e8ge les informations que vous nous transmettez, le cas \u00e9ch\u00e9ant, lorsque vous utilisez le pr\u00e9sent site accessible \u00e0 partir de l\u2019URL suivante : www.facnor.com.<br \/>\nVeuillez noter que cette politique de confidentialit\u00e9 est susceptible d\u2019\u00eatre modifi\u00e9e ou compl\u00e9t\u00e9e \u00e0 tout moment par <strong>SPARCRAFT<\/strong>, notamment en vue de se conformer \u00e0 toute \u00e9volution l\u00e9gislative, r\u00e8glementaire, jurisprudentielle ou technologique. Dans un tel cas, la date de sa mise \u00e0 jour sera clairement identifi\u00e9e en t\u00eate de la pr\u00e9sente politique. Ces modifications engagent l\u2019Utilisateur d\u00e8s leur mise en ligne. Il convient par cons\u00e9quent que l\u2019Utilisateur consulte r\u00e9guli\u00e8rement la pr\u00e9sente politique de confidentialit\u00e9 et d\u2019utilisation des cookies afin de prendre connaissance de ses \u00e9ventuelles modifications.<br \/>\nDate de mise \u00e0 jour\u00a0: 31\/06\/2020<\/p>\n<\/div><\/section><\/p><\/div>\n","protected":false},"excerpt":{"rendered":"","protected":false},"author":2,"featured_media":0,"parent":0,"menu_order":998,"comment_status":"closed","ping_status":"closed","template":"","meta":{"footnotes":""},"class_list":["post-31630","page","type-page","status-publish","hentry"],"yoast_head":"<!-- This site is optimized with the Yoast SEO plugin v27.4 - https:\/\/yoast.com\/product\/yoast-seo-wordpress\/ -->\n<title>Politique de confidentialit\u00e9 - Sparcraft<\/title>\n<meta name=\"description\" content=\"Politique de confidentialit\u00e9 Sparcraft\" \/>\n<meta name=\"robots\" content=\"index, follow, max-snippet:-1, max-image-preview:large, max-video-preview:-1\" \/>\n<link rel=\"canonical\" href=\"https:\/\/www.sparcraft.com\/fr\/politique-de-confidentialite\/\" \/>\n<meta property=\"og:locale\" content=\"fr_FR\" \/>\n<meta property=\"og:type\" content=\"article\" \/>\n<meta property=\"og:title\" content=\"Politique de confidentialit\u00e9 - Sparcraft\" \/>\n<meta property=\"og:description\" content=\"Politique de confidentialit\u00e9 Sparcraft\" \/>\n<meta property=\"og:url\" content=\"https:\/\/www.sparcraft.com\/fr\/politique-de-confidentialite\/\" \/>\n<meta property=\"og:site_name\" content=\"Sparcraft\" \/>\n<meta property=\"article:modified_time\" content=\"2023-06-12T14:14:08+00:00\" \/>\n<meta name=\"twitter:card\" content=\"summary_large_image\" \/>\n<meta name=\"twitter:label1\" content=\"Dur\u00e9e de lecture estim\u00e9e\" \/>\n\t<meta name=\"twitter:data1\" content=\"6 minutes\" \/>\n<script type=\"application\/ld+json\" class=\"yoast-schema-graph\">{\"@context\":\"https:\\\/\\\/schema.org\",\"@graph\":[{\"@type\":\"WebPage\",\"@id\":\"https:\\\/\\\/www.sparcraft.com\\\/fr\\\/politique-de-confidentialite\\\/\",\"url\":\"https:\\\/\\\/www.sparcraft.com\\\/fr\\\/politique-de-confidentialite\\\/\",\"name\":\"Politique de confidentialit\u00e9 - Sparcraft\",\"isPartOf\":{\"@id\":\"https:\\\/\\\/www.sparcraft.com\\\/fr\\\/#website\"},\"datePublished\":\"2020-08-24T13:23:02+00:00\",\"dateModified\":\"2023-06-12T14:14:08+00:00\",\"description\":\"Politique de confidentialit\u00e9 Sparcraft\",\"inLanguage\":\"fr-FR\",\"potentialAction\":[{\"@type\":\"ReadAction\",\"target\":[\"https:\\\/\\\/www.sparcraft.com\\\/fr\\\/politique-de-confidentialite\\\/\"]}]},{\"@type\":\"WebSite\",\"@id\":\"https:\\\/\\\/www.sparcraft.com\\\/fr\\\/#website\",\"url\":\"https:\\\/\\\/www.sparcraft.com\\\/fr\\\/\",\"name\":\"Sparcraft\",\"description\":\"Mast &amp; Rigging\",\"potentialAction\":[{\"@type\":\"SearchAction\",\"target\":{\"@type\":\"EntryPoint\",\"urlTemplate\":\"https:\\\/\\\/www.sparcraft.com\\\/fr\\\/?s={search_term_string}\"},\"query-input\":{\"@type\":\"PropertyValueSpecification\",\"valueRequired\":true,\"valueName\":\"search_term_string\"}}],\"inLanguage\":\"fr-FR\"}]}<\/script>\n<!-- \/ Yoast SEO plugin. -->","yoast_head_json":{"title":"Politique de confidentialit\u00e9 - Sparcraft","description":"Politique de confidentialit\u00e9 Sparcraft","robots":{"index":"index","follow":"follow","max-snippet":"max-snippet:-1","max-image-preview":"max-image-preview:large","max-video-preview":"max-video-preview:-1"},"canonical":"https:\/\/www.sparcraft.com\/fr\/politique-de-confidentialite\/","og_locale":"fr_FR","og_type":"article","og_title":"Politique de confidentialit\u00e9 - Sparcraft","og_description":"Politique de confidentialit\u00e9 Sparcraft","og_url":"https:\/\/www.sparcraft.com\/fr\/politique-de-confidentialite\/","og_site_name":"Sparcraft","article_modified_time":"2023-06-12T14:14:08+00:00","twitter_card":"summary_large_image","twitter_misc":{"Dur\u00e9e de lecture estim\u00e9e":"6 minutes"},"schema":{"@context":"https:\/\/schema.org","@graph":[{"@type":"WebPage","@id":"https:\/\/www.sparcraft.com\/fr\/politique-de-confidentialite\/","url":"https:\/\/www.sparcraft.com\/fr\/politique-de-confidentialite\/","name":"Politique de confidentialit\u00e9 - Sparcraft","isPartOf":{"@id":"https:\/\/www.sparcraft.com\/fr\/#website"},"datePublished":"2020-08-24T13:23:02+00:00","dateModified":"2023-06-12T14:14:08+00:00","description":"Politique de confidentialit\u00e9 Sparcraft","inLanguage":"fr-FR","potentialAction":[{"@type":"ReadAction","target":["https:\/\/www.sparcraft.com\/fr\/politique-de-confidentialite\/"]}]},{"@type":"WebSite","@id":"https:\/\/www.sparcraft.com\/fr\/#website","url":"https:\/\/www.sparcraft.com\/fr\/","name":"Sparcraft","description":"Mast &amp; Rigging","potentialAction":[{"@type":"SearchAction","target":{"@type":"EntryPoint","urlTemplate":"https:\/\/www.sparcraft.com\/fr\/?s={search_term_string}"},"query-input":{"@type":"PropertyValueSpecification","valueRequired":true,"valueName":"search_term_string"}}],"inLanguage":"fr-FR"}]}},"_links":{"self":[{"href":"https:\/\/www.sparcraft.com\/fr\/wp-json\/wp\/v2\/pages\/31630","targetHints":{"allow":["GET"]}}],"collection":[{"href":"https:\/\/www.sparcraft.com\/fr\/wp-json\/wp\/v2\/pages"}],"about":[{"href":"https:\/\/www.sparcraft.com\/fr\/wp-json\/wp\/v2\/types\/page"}],"author":[{"embeddable":true,"href":"https:\/\/www.sparcraft.com\/fr\/wp-json\/wp\/v2\/users\/2"}],"replies":[{"embeddable":true,"href":"https:\/\/www.sparcraft.com\/fr\/wp-json\/wp\/v2\/comments?post=31630"}],"version-history":[{"count":0,"href":"https:\/\/www.sparcraft.com\/fr\/wp-json\/wp\/v2\/pages\/31630\/revisions"}],"wp:attachment":[{"href":"https:\/\/www.sparcraft.com\/fr\/wp-json\/wp\/v2\/media?parent=31630"}],"curies":[{"name":"wp","href":"https:\/\/api.w.org\/{rel}","templated":true}]}}