{"id":31629,"date":"2020-08-24T15:23:27","date_gmt":"2020-08-24T13:23:27","guid":{"rendered":"https:\/\/www.sparcraft.com\/mentions-legales\/"},"modified":"2025-10-22T11:23:34","modified_gmt":"2025-10-22T09:23:34","slug":"mentions-legales","status":"publish","type":"page","link":"https:\/\/www.sparcraft.com\/fr\/mentions-legales\/","title":{"rendered":"Mentions l\u00e9gales"},"content":{"rendered":"\n<style type=\"text\/css\" data-created_by=\"avia_inline_auto\" id=\"style-css-av-d4mc6-5cd2291e3f8fe68f23b2a6e26e0a93a9\">\n.flex_column.av-d4mc6-5cd2291e3f8fe68f23b2a6e26e0a93a9{\nborder-radius:0px 0px 0px 0px;\npadding:0px 0px 0px 0px;\n}\n<\/style>\n<div  class='flex_column av-d4mc6-5cd2291e3f8fe68f23b2a6e26e0a93a9 av_one_full  avia-builder-el-0  avia-builder-el-no-sibling  first flex_column_div av-zero-column-padding  '     ><section  class='av_textblock_section av-80wwu-5c2905622102d9b0d8f65625385ce153 '   itemscope=\"itemscope\" itemtype=\"https:\/\/schema.org\/CreativeWork\" ><div class='avia_textblock'  itemprop=\"text\" ><p>Le site www.sparcraft.fr est la propri\u00e9t\u00e9 de Sparcraft<br \/>\n<strong>Coordonn\u00e9es de l\u2019\u00e9diteur du site :<\/strong><br \/>\nSi\u00e8ge social : ZA 10 rue du pont des Bernes<br \/>\nT\u00e9l. : 02 33 88 50 22<br \/>\nCourriel : <a href=\"mailto:info@facnor.com\">info@sparcraft.com<\/a><br \/>\nSARL au capital de 500.000 euros<br \/>\nRCS N\u00b0793 265 422 RCS Cherbourg<br \/>\nN\u00b0 TVA Intracommunautaire : T.V.A. CEE FR 24 793 265 422<br \/>\nAPE: 3011 Z<br \/>\nSiret : 793 265 422 00048<br \/>\nDirecteur de la publication : William Thomas<br \/>\n<strong>Conception du site : <\/strong><strong>Objectif Multim\u00e9dia\u00a0<\/strong> &#8211; CHERBOURG-EN-COTENTIN<\/p>\n<p><strong>Coordonn\u00e9es de l\u2019h\u00e9bergeur du site :<\/strong><br \/>\nH\u00e9bergeur : <strong>Agence Nouveau Regard<\/strong> \u2013 9 rue Jean Baptiste Colbert 14000 CaenT\u00e9l : 02 33 42 38 12<br \/>\nSite internet : <a href=\"https:\/\/www.nouveau-regard.fr\">https:\/\/www.nouveau-regard.fr<\/a><br \/>\nCourriel : Agence Nouveau Regard \u2013\u00a0<a href=\"mailto:info@nouveau-regard.fr\">info@nouveau-regard.fr<\/a><br \/>\n<strong>Informatique et Libert\u00e9s, et Collecte des donn\u00e9es personnelles &#8211; RGPD<\/strong><br \/>\nPar \u00ab\u00a0Donn\u00e9es Personnelles\u00a0\u00bb, il faut entendre toute information qui permet d&rsquo;identifier une personne. Il s&rsquo;agira le plus souvent d&rsquo;un nom, d&rsquo;une adresse, d&rsquo;un num\u00e9ro de t\u00e9l\u00e9phone ou d&rsquo;une adresse \u00e9lectronique.<br \/>\nVous disposez d&rsquo;un droit d&rsquo;acc\u00e8s, de modification, de rectification et de suppression des donn\u00e9es qui vous concernent (art.39 et 40\u00a0de la loi \u00ab\u00a0Informatique et Libert\u00e9s\u00a0\u00bb\u00a0du 16\u00a0janvier 1978 modifi\u00e9e par la loi du 6 ao\u00fbt 2004).<br \/>\nPour toute information ou exercice de vos droits Informatique et Libert\u00e9s sur les traitements de donn\u00e9es personnelles \u2013 RGPD &#8211; g\u00e9r\u00e9s par Dominique Yon, vous pouvez contacter le d\u00e9l\u00e9gu\u00e9 \u00e0 la protection des donn\u00e9es &#8211; DPO : via ce formulaire : <a href=\"https:\/\/www.sparcraft.com\/fr\/nous-contacter\/\" target=\"_blank\" rel=\"noopener\">LIEN VERS LE FORMULAIRE DE CONTACT<\/a><br \/>\nou par courrier sign\u00e9 accompagn\u00e9 de la copie d\u2019un titre d\u2019identit\u00e9 \u00e0 l&rsquo;adresse suivante :<br \/>\nSoci\u00e9t\u00e9 Sparcraft<br \/>\nA l\u2019attention du d\u00e9l\u00e9gu\u00e9 \u00e0 la protection des donn\u00e9es<br \/>\nSPARCRAFT ZA 10 rue du pont des Bernes<br \/>\nNos serveurs ne sont pas configur\u00e9s pour collecter des informations personnelles sur les visiteurs du site en dehors des donn\u00e9es techniques suivantes : provenance des connexions (fournisseur d&rsquo;acc\u00e8s), adresse IP, type et version du navigateur utilis\u00e9. En aucun cas, nous ne collectons l&rsquo;adresse e-mail des visiteurs sans que ces derniers ne nous la communiquent d\u00e9lib\u00e9r\u00e9ment.<br \/>\n<strong>Propri\u00e9t\u00e9 intellectuelle et droit de reproduction<\/strong><br \/>\nL&rsquo;ensemble de ce site rel\u00e8ve de la l\u00e9gislation fran\u00e7aise et internationale sur le droit d&rsquo;auteur et la propri\u00e9t\u00e9 intellectuelle. Tous les droits de reproduction sont r\u00e9serv\u00e9s, y compris pour les documents t\u00e9l\u00e9chargeables et les repr\u00e9sentations iconographiques et photographiques.<br \/>\nToute repr\u00e9sentation et\/ou reproduction et\/ou exploitation partielle ou totale de ce site, par quelques proc\u00e9d\u00e9s que se soient, sans l&rsquo;autorisation expresse et pr\u00e9alable de SPARCRAFT est interdite et constituerait une contrefa\u00e7on au sens des articles L 335-2 et suivants du code de la propri\u00e9t\u00e9 intellectuelle.<br \/>\nPar d\u00e9rogation aux dispositions pr\u00e9c\u00e9dentes et particuli\u00e8rement pour un usage p\u00e9dagogique, la reproduction des textes de ce site sur un support papier est autoris\u00e9e, sous r\u00e9serve du respect des trois conditions suivantes :<br \/>\ngratuit\u00e9 de la diffusion, respect de l&rsquo;int\u00e9grit\u00e9 des documents reproduits : pas de modification ni alt\u00e9ration d&rsquo;aucune sorte, respect du droit d&rsquo;auteur, citation claire et lisible de la source mentionnant imp\u00e9rativement l&rsquo;adresse internet du site.<br \/>\nLes Logos sont des marques d\u00e9pos\u00e9es. Toute repr\u00e9sentation et\/ou reproduction et\/ou exploitation partielle ou totale de ces marques est donc prohib\u00e9e sans l&rsquo;accord pr\u00e9alable \u00e9crit de\u00a0 SPARCRAFT.<br \/>\nLes liens hypertextes mis en \u0153uvre au sein du site en direction d&rsquo;autres sites et\/ou de pages personnelles et d&rsquo;une mani\u00e8re g\u00e9n\u00e9rale vers toutes ressources existantes sur internet ne sauraient engager la responsabilit\u00e9 de SPARCRAFT.<br \/>\nLa capture d&rsquo;informations nominatives pour enrichir des bases de donn\u00e9es, par exemple \u00e0 des fins commerciales ou publicitaires, est interdite.<br \/>\n<strong>Photographies<\/strong><br \/>\nCREDITS PHOTOS : \u00a9 Sparcraft, sauf mentions contraires.<br \/>\n<strong>Messagerie et envoi de courriels<\/strong><br \/>\nLes messages que vous faites parvenir par l&rsquo;interm\u00e9diaire de l&rsquo;Internet peuvent \u00eatre intercept\u00e9s sur le r\u00e9seau. Leur confidentialit\u00e9 ne peut pas \u00eatre int\u00e9gralement garantie.<br \/>\nAussi, prenez garde \u00e0 ne pas divulguer inutilement des informations personnelles ou sensibles dans vos courriels.<br \/>\n<strong>Mise en garde g\u00e9n\u00e9rale<\/strong><br \/>\nLa SOCIETE SPARCRAFT met tout en \u0153uvre pour offrir aux visiteurs de son site Web des informations fiables et v\u00e9rifi\u00e9s. \u00a0Cependant, malgr\u00e9 tous les soins apport\u00e9s, le site peut comporter des inexactitudes, des d\u00e9fauts de mise \u00e0 jour ou des erreurs typographiques.<br \/>\nNous remercions les utilisateurs du site de nous faire part d\u2019\u00e9ventuelles omissions, erreurs ou corrections, en adressant un courriel \u00e0\u00a0 <a href=\"mailto:ebeauge@sparcraft.com\">ebeauge@sparcraft.com<\/a><br \/>\nLes prix affich\u00e9s sur ce site \u2013 lorsqu\u2019il y en a &#8211; sont donn\u00e9s \u00e0 titre indicatif et n&rsquo;engagent pas la responsabilit\u00e9 de l&rsquo;\u00e9diteur du site.<br \/>\n<strong>Liens vers www.sparcraft.fr<\/strong><br \/>\nVous avez la facult\u00e9, sans autorisation pr\u00e9alable, de faire, depuis un autre site, un lien vers www.facnor.fr. Toutefois, SPARCRAFT r\u00e9cuse l&rsquo;utilisation de \u00ab\u00a0frames\u00a0\u00bb qui laissent supposer aux internautes qu&rsquo;ils consultent un autre site que www.facnor.fr<br \/>\nNous vous remercions d&rsquo;informer le webmestre Eric Beaug\u00e9 (ebeauge@sparcraft.com)<br \/>\n&#8211; du lien que vous avez r\u00e9alis\u00e9.<br \/>\n<strong>Prix (vente uniquement aux professionnels) :<\/strong><br \/>\nLe prix des articles a \u00e9t\u00e9 fix\u00e9 librement par le vendeur, dans le respect des lois et r\u00e8glements applicables.<br \/>\nLe prix des articles est indiqu\u00e9 en Euros toutes taxes comprises, ils sont fermes et d\u00e9finitifs et s&rsquo;entendent hors frais de livraison.<br \/>\nLe prix indiqu\u00e9 sur les articles est non n\u00e9gociable par l&rsquo;acheteur.<br \/>\nToutefois, l&rsquo;acheteur est inform\u00e9 que le prix pourra \u00eatre modifi\u00e9 par le vendeur \u00e0 tout moment sans que le nouveau prix ne soit applicable \u00e0 la commande d\u00e9j\u00e0 valid\u00e9e par l&rsquo;acheteur.<br \/>\nIndiqu\u00e9 que les prix sont TTC et\/ou\u00a0 hors taxes et\/ou hors frais de livraison.<\/p>\n<\/div><\/section><\/div>\n","protected":false},"excerpt":{"rendered":"","protected":false},"author":2,"featured_media":0,"parent":0,"menu_order":997,"comment_status":"closed","ping_status":"closed","template":"","meta":{"footnotes":""},"class_list":["post-31629","page","type-page","status-publish","hentry"],"yoast_head":"<!-- This site is optimized with the Yoast SEO plugin v27.5 - https:\/\/yoast.com\/product\/yoast-seo-wordpress\/ -->\n<title>Mentions l\u00e9gales - Sparcraft<\/title>\n<meta name=\"description\" content=\"mentions l\u00e9gales site web Sparcraft\" \/>\n<meta name=\"robots\" content=\"index, follow, max-snippet:-1, max-image-preview:large, max-video-preview:-1\" \/>\n<link rel=\"canonical\" href=\"https:\/\/www.sparcraft.com\/fr\/mentions-legales\/\" \/>\n<meta property=\"og:locale\" content=\"fr_FR\" \/>\n<meta property=\"og:type\" content=\"article\" \/>\n<meta property=\"og:title\" content=\"Mentions l\u00e9gales - Sparcraft\" \/>\n<meta property=\"og:description\" content=\"mentions l\u00e9gales site web Sparcraft\" \/>\n<meta property=\"og:url\" content=\"https:\/\/www.sparcraft.com\/fr\/mentions-legales\/\" \/>\n<meta property=\"og:site_name\" content=\"Sparcraft\" \/>\n<meta property=\"article:modified_time\" content=\"2025-10-22T09:23:34+00:00\" \/>\n<meta name=\"twitter:card\" content=\"summary_large_image\" \/>\n<meta name=\"twitter:label1\" content=\"Dur\u00e9e de lecture estim\u00e9e\" \/>\n\t<meta name=\"twitter:data1\" content=\"5 minutes\" \/>\n<script type=\"application\/ld+json\" class=\"yoast-schema-graph\">{\"@context\":\"https:\\\/\\\/schema.org\",\"@graph\":[{\"@type\":\"WebPage\",\"@id\":\"https:\\\/\\\/www.sparcraft.com\\\/fr\\\/mentions-legales\\\/\",\"url\":\"https:\\\/\\\/www.sparcraft.com\\\/fr\\\/mentions-legales\\\/\",\"name\":\"Mentions l\u00e9gales - Sparcraft\",\"isPartOf\":{\"@id\":\"https:\\\/\\\/www.sparcraft.com\\\/fr\\\/#website\"},\"datePublished\":\"2020-08-24T13:23:27+00:00\",\"dateModified\":\"2025-10-22T09:23:34+00:00\",\"description\":\"mentions l\u00e9gales site web Sparcraft\",\"inLanguage\":\"fr-FR\",\"potentialAction\":[{\"@type\":\"ReadAction\",\"target\":[\"https:\\\/\\\/www.sparcraft.com\\\/fr\\\/mentions-legales\\\/\"]}]},{\"@type\":\"WebSite\",\"@id\":\"https:\\\/\\\/www.sparcraft.com\\\/fr\\\/#website\",\"url\":\"https:\\\/\\\/www.sparcraft.com\\\/fr\\\/\",\"name\":\"Sparcraft\",\"description\":\"Mast &amp; Rigging\",\"potentialAction\":[{\"@type\":\"SearchAction\",\"target\":{\"@type\":\"EntryPoint\",\"urlTemplate\":\"https:\\\/\\\/www.sparcraft.com\\\/fr\\\/?s={search_term_string}\"},\"query-input\":{\"@type\":\"PropertyValueSpecification\",\"valueRequired\":true,\"valueName\":\"search_term_string\"}}],\"inLanguage\":\"fr-FR\"}]}<\/script>\n<!-- \/ Yoast SEO plugin. -->","yoast_head_json":{"title":"Mentions l\u00e9gales - Sparcraft","description":"mentions l\u00e9gales site web Sparcraft","robots":{"index":"index","follow":"follow","max-snippet":"max-snippet:-1","max-image-preview":"max-image-preview:large","max-video-preview":"max-video-preview:-1"},"canonical":"https:\/\/www.sparcraft.com\/fr\/mentions-legales\/","og_locale":"fr_FR","og_type":"article","og_title":"Mentions l\u00e9gales - Sparcraft","og_description":"mentions l\u00e9gales site web Sparcraft","og_url":"https:\/\/www.sparcraft.com\/fr\/mentions-legales\/","og_site_name":"Sparcraft","article_modified_time":"2025-10-22T09:23:34+00:00","twitter_card":"summary_large_image","twitter_misc":{"Dur\u00e9e de lecture estim\u00e9e":"5 minutes"},"schema":{"@context":"https:\/\/schema.org","@graph":[{"@type":"WebPage","@id":"https:\/\/www.sparcraft.com\/fr\/mentions-legales\/","url":"https:\/\/www.sparcraft.com\/fr\/mentions-legales\/","name":"Mentions l\u00e9gales - Sparcraft","isPartOf":{"@id":"https:\/\/www.sparcraft.com\/fr\/#website"},"datePublished":"2020-08-24T13:23:27+00:00","dateModified":"2025-10-22T09:23:34+00:00","description":"mentions l\u00e9gales site web Sparcraft","inLanguage":"fr-FR","potentialAction":[{"@type":"ReadAction","target":["https:\/\/www.sparcraft.com\/fr\/mentions-legales\/"]}]},{"@type":"WebSite","@id":"https:\/\/www.sparcraft.com\/fr\/#website","url":"https:\/\/www.sparcraft.com\/fr\/","name":"Sparcraft","description":"Mast &amp; Rigging","potentialAction":[{"@type":"SearchAction","target":{"@type":"EntryPoint","urlTemplate":"https:\/\/www.sparcraft.com\/fr\/?s={search_term_string}"},"query-input":{"@type":"PropertyValueSpecification","valueRequired":true,"valueName":"search_term_string"}}],"inLanguage":"fr-FR"}]}},"_links":{"self":[{"href":"https:\/\/www.sparcraft.com\/fr\/wp-json\/wp\/v2\/pages\/31629","targetHints":{"allow":["GET"]}}],"collection":[{"href":"https:\/\/www.sparcraft.com\/fr\/wp-json\/wp\/v2\/pages"}],"about":[{"href":"https:\/\/www.sparcraft.com\/fr\/wp-json\/wp\/v2\/types\/page"}],"author":[{"embeddable":true,"href":"https:\/\/www.sparcraft.com\/fr\/wp-json\/wp\/v2\/users\/2"}],"replies":[{"embeddable":true,"href":"https:\/\/www.sparcraft.com\/fr\/wp-json\/wp\/v2\/comments?post=31629"}],"version-history":[{"count":0,"href":"https:\/\/www.sparcraft.com\/fr\/wp-json\/wp\/v2\/pages\/31629\/revisions"}],"wp:attachment":[{"href":"https:\/\/www.sparcraft.com\/fr\/wp-json\/wp\/v2\/media?parent=31629"}],"curies":[{"name":"wp","href":"https:\/\/api.w.org\/{rel}","templated":true}]}}