{"id":31627,"date":"2020-08-24T15:24:26","date_gmt":"2020-08-24T13:24:26","guid":{"rendered":"https:\/\/www.sparcraft.com\/nos-references\/"},"modified":"2023-06-05T14:28:29","modified_gmt":"2023-06-05T12:28:29","slug":"nos-references","status":"publish","type":"page","link":"https:\/\/www.sparcraft.com\/fr\/nos-references\/","title":{"rendered":"Nos r\u00e9f\u00e9rences"},"content":{"rendered":"\n<style type=\"text\/css\" data-created_by=\"avia_inline_auto\" id=\"style-css-av-big7e-09950e2d1f36a4774f77353dbe7a00de\">\n.flex_column.av-big7e-09950e2d1f36a4774f77353dbe7a00de{\nborder-radius:0px 0px 0px 0px;\npadding:0px 0px 0px 0px;\n}\n<\/style>\n<div  class='flex_column av-big7e-09950e2d1f36a4774f77353dbe7a00de av_one_full  avia-builder-el-0  el_before_av_one_half  avia-builder-el-first  first flex_column_div av-zero-column-padding  '     ><style type=\"text\/css\" data-created_by=\"avia_inline_auto\" id=\"style-css-av-krc5zz2u-12349e3404219fe3a608763bd5f091b8\">\n.avia-image-container.av-krc5zz2u-12349e3404219fe3a608763bd5f091b8 img.avia_image{\nbox-shadow:none;\n}\n.avia-image-container.av-krc5zz2u-12349e3404219fe3a608763bd5f091b8 .av-image-caption-overlay-center{\ncolor:#ffffff;\n}\n<\/style>\n<div  class='avia-image-container av-krc5zz2u-12349e3404219fe3a608763bd5f091b8 av-styling- avia-align-center  avia-builder-el-1  avia-builder-el-no-sibling '   itemprop=\"image\" itemscope=\"itemscope\" itemtype=\"https:\/\/schema.org\/ImageObject\" ><div class=\"avia-image-container-inner\"><div class=\"avia-image-overlay-wrap\"><img decoding=\"async\" fetchpriority=\"high\" class='wp-image-28177 avia-img-lazy-loading-not-28177 avia_image ' src=\"https:\/\/www.sparcraft.com\/wp-content\/uploads\/2021\/06\/Sparcraft_slide2-1210x423.jpg\" alt='' title='Sparcraft_slide2'  height=\"423\" width=\"1210\"  itemprop=\"thumbnailUrl\"  \/><\/div><\/div><\/div><\/div>\n\n<style type=\"text\/css\" data-created_by=\"avia_inline_auto\" id=\"style-css-av-gj3cz-ae12fcc402d04421a416dcb663a09010\">\n.flex_column.av-gj3cz-ae12fcc402d04421a416dcb663a09010{\nborder-radius:0px 0px 0px 0px;\npadding:0px 0px 0px 0px;\n}\n<\/style>\n<div  class='flex_column av-gj3cz-ae12fcc402d04421a416dcb663a09010 av_one_half  avia-builder-el-2  el_after_av_one_full  el_before_av_one_half  first flex_column_div av-zero-column-padding  column-top-margin'     ><section  class='av_textblock_section av-11l363-ba07f9885b7bbdefa6b170cd43186764 '   itemscope=\"itemscope\" itemtype=\"https:\/\/schema.org\/CreativeWork\" ><div class='avia_textblock'  itemprop=\"text\" ><h5 align=\"justify\"><span style=\"color: #005299;\">\u00a0Comp\u00e9tence &amp; R\u00e9activit\u00e9<br \/>\n<\/span><\/h5>\n<p align=\"justify\"><strong>FOURNISSEUR DES CHANTIERS DEPUIS 50 ANS :<\/strong><\/p>\n<p align=\"justify\">Allures, Arcona, C&amp;C, Catalina, Comar, Dufour, Feeling, First, Fountaine-Pajot, Garcia,<br \/>\nGibsea, Grand Soleil,Island Packet, Jboat, JPK, Lagoon,<br \/>\nOceanis, Outremer, Ovni, Pilot Saloon,Spirit, Solaris, Sunbeam,<br \/>\nSunfast, Sun Odyssey, Tartan, Xcess catamarans, X-Yacht,Wauquiez, Windelo<br \/>\nWinner, Sly, B\u00e9n\u00e9teau 25, Dragon, Etchells 22, Figaro B\u00e9n\u00e9teaU,<br \/>\nJ24, J80, J105, J109, Jod 24 &amp; 35,Ideal18, Selection,<br \/>\nSun Fast 3200,Sonar, 747, &#8230;<\/p>\n<\/div><\/section><\/div>\n\n<style type=\"text\/css\" data-created_by=\"avia_inline_auto\" id=\"style-css-av-aserv-bc04277e32824f7512843e2eeef5ed15\">\n.flex_column.av-aserv-bc04277e32824f7512843e2eeef5ed15{\nborder-radius:0px 0px 0px 0px;\npadding:0px 0px 0px 0px;\n}\n<\/style>\n<div  class='flex_column av-aserv-bc04277e32824f7512843e2eeef5ed15 av_one_half  avia-builder-el-4  el_after_av_one_half  el_before_av_timeline  flex_column_div av-zero-column-padding  column-top-margin'     ><section  class='av_textblock_section av-11l363-1-78bde230926c9f519855b9b89472c447 '   itemscope=\"itemscope\" itemtype=\"https:\/\/schema.org\/CreativeWork\" ><div class='avia_textblock'  itemprop=\"text\" ><h5 align=\"justify\"><span style=\"color: #005299;\">Basse de donn\u00e9es unique en m\u00e2ture et gr\u00e9ement<\/span><\/h5>\n<p align=\"justify\">&gt; <strong>SAVOIR-FAIRE SPARCRAFT<\/strong> acquis sur une exp\u00e9rience in\u00e9gal\u00e9e et un soucis cons t ant du d\u00e9tail et de la s\u00e9curit\u00e9<\/p>\n<p align=\"justify\">&gt; <strong>CAPACIT\u00c9S LOGISTIQUES DU GROUPE WICHARD<\/strong> : savoir-faire technologique dans de nombreux domaines et r\u00e9seau consolid\u00e9 \u00e0 l\u2019international<\/p>\n<p align=\"justify\">&gt; <strong>EXPERTISE<\/strong> : acquise sur le conseil et la conception sur la base d&rsquo;un historique de milliers de configurations<\/p>\n<\/div><\/section><\/div>\n\n<style type=\"text\/css\" data-created_by=\"avia_inline_auto\" id=\"style-css-av-kcao4cjm-e6f817acd5b167f09db23a82ef21f3da\">\n.avia-timeline-container.av-kcao4cjm-e6f817acd5b167f09db23a82ef21f3da .av-milestone-icon-inner{\nbackground-color:#18a4e0;\n}\n.avia-timeline-container.av-kcao4cjm-e6f817acd5b167f09db23a82ef21f3da .av-milestone-indicator{\nbackground-color:#18a4e0;\n}\n.avia-timeline-container.av-kcao4cjm-e6f817acd5b167f09db23a82ef21f3da .av-milestone-article-footer{\nbackground-color:#18a4e0;\n}\n<\/style>\n<div  id=\"avia-timeline-1\"  class='avia-timeline-container av-kcao4cjm-e6f817acd5b167f09db23a82ef21f3da av-slideshow-ui  avia-builder-el-6  el_after_av_one_half  avia-builder-el-last ' ><ul class='avia-timeline avia-timeline-vertical av-milestone-placement-alternate avia-timeline- avia_animate_when_almost_visible avia-timeline-animate'>\n<li  class='av-milestone av-grbnn-36f7fc510bad642ed89a485e8017281b av-animated-generic fade-in av-milestone-valign-baseline av-milestone-odd'><h2 class='av-milestone-date ' id='milestone-2017' ><strong>2017<span class='av-milestone-indicator'><\/span><\/strong><\/h2><div class=\"av-milestone-icon-wrap\"><span class='av-milestone-icon milestone_icon avia-font-entypo-fontello'><span class='av-milestone-icon-inner milestone_inner'><i class='milestone-char avia-iconfont avia-font-entypo-fontello' data-av_icon='' data-av_iconfont='entypo-fontello' ><\/i><\/span><\/span><\/div><article class='av-milestone-content-wrap'><div class='av-milestone-contentbox'><header class=\"entry-content-header\" aria-label=\"\u00c9tape : Lorima et Sparcraft s\u2019associent pour concevoir et fabriquer les m\u00e2ts carbone des Figaro B\u00e9n\u00e9teau 3\"><h4 class='av-milestone-title '>Lorima et Sparcraft s\u2019associent pour concevoir et fabriquer les m\u00e2ts carbone des Figaro B\u00e9n\u00e9teau 3<\/h4><\/header><div class='av-milestone-content'><\/div><\/div><footer class='av-milestone-article-footer entry-footer'><\/footer><\/article><\/li>\n<li  class='av-milestone av-crp4r-9b60bb58c45dae33b2dcfceb9ecdb1dd av-animated-generic fade-in av-milestone-valign-baseline av-milestone-even'><article class='av-milestone-content-wrap'><div class='av-milestone-contentbox'><header class=\"entry-content-header\" aria-label=\"\u00c9tape : Lorima rejoint le Groupe Wichard et apporte son expertise Carbone\"><h4 class='av-milestone-title '>Lorima rejoint le Groupe Wichard et apporte son expertise Carbone<\/h4><\/header><div class='av-milestone-content'><\/div><\/div><footer class='av-milestone-article-footer entry-footer'><\/footer><\/article><div class=\"av-milestone-icon-wrap\"><span class='av-milestone-icon milestone_icon avia-font-entypo-fontello'><span class='av-milestone-icon-inner milestone_inner'><i class='milestone-char avia-iconfont avia-font-entypo-fontello' data-av_icon='' data-av_iconfont='entypo-fontello' ><\/i><\/span><\/span><\/div><h2 class='av-milestone-date ' id='milestone-2016' ><strong>2016<span class='av-milestone-indicator'><\/span><\/strong><\/h2><\/li>\n<li  class='av-milestone av-19hmzv-18ed436995f5988f1f407d286083fd54 av-animated-generic fade-in av-milestone-valign-baseline av-milestone-odd'><h2 class='av-milestone-date ' id='milestone-2015' ><strong>2015<span class='av-milestone-indicator'><\/span><\/strong><\/h2><div class=\"av-milestone-icon-wrap\"><span class='av-milestone-icon milestone_icon avia-font-entypo-fontello'><span class='av-milestone-icon-inner milestone_inner'><i class='milestone-char avia-iconfont avia-font-entypo-fontello' data-av_icon='' data-av_iconfont='entypo-fontello' ><\/i><\/span><\/span><\/div><article class='av-milestone-content-wrap'><div class='av-milestone-contentbox'><header class=\"entry-content-header\" aria-label=\"\u00c9tape : Division Rigging int\u00e9gr\u00e9e directement \u00e0 Sparcraft\"><h4 class='av-milestone-title '>Division Rigging int\u00e9gr\u00e9e directement \u00e0 Sparcraft<\/h4><\/header><div class='av-milestone-content'><\/div><\/div><footer class='av-milestone-article-footer entry-footer'><\/footer><\/article><\/li>\n<li  class='av-milestone av-890nf-5774e87c7618e39a19307a3f4767eb07 av-animated-generic fade-in av-milestone-valign-baseline av-milestone-even'><article class='av-milestone-content-wrap'><div class='av-milestone-contentbox'><header class=\"entry-content-header\" aria-label=\"\u00c9tape : Sparcraft et Facnor rejoignent le Groupe Wichard\"><h4 class='av-milestone-title '>Sparcraft et Facnor rejoignent le Groupe Wichard<\/h4><\/header><div class='av-milestone-content'><p>(PDG : Jean-Claude Ibos)<\/p>\n<\/div><\/div><footer class='av-milestone-article-footer entry-footer'><\/footer><\/article><div class=\"av-milestone-icon-wrap\"><span class='av-milestone-icon milestone_icon avia-font-entypo-fontello'><span class='av-milestone-icon-inner milestone_inner'><i class='milestone-char avia-iconfont avia-font-entypo-fontello' data-av_icon='' data-av_iconfont='entypo-fontello' ><\/i><\/span><\/span><\/div><h2 class='av-milestone-date ' id='milestone-2013' ><strong>2013<span class='av-milestone-indicator'><\/span><\/strong><\/h2><\/li>\n<li  class='av-milestone av-iq5t7-d7f9b08fb2b4f86e7c4d28fced0ae8fe av-animated-generic fade-in av-milestone-valign-baseline av-milestone-odd'><h2 class='av-milestone-date ' id='milestone-2006' ><strong>2006<span class='av-milestone-indicator'><\/span><\/strong><\/h2><div class=\"av-milestone-icon-wrap\"><span class='av-milestone-icon milestone_icon avia-font-entypo-fontello'><span class='av-milestone-icon-inner milestone_inner'><i class='milestone-char avia-iconfont avia-font-entypo-fontello' data-av_icon='' data-av_iconfont='entypo-fontello' ><\/i><\/span><\/span><\/div><article class='av-milestone-content-wrap'><div class='av-milestone-contentbox'><header class=\"entry-content-header\" aria-label=\"\u00c9tape : Implantation d\u2019une nouvelle machine \u00e0 commande num\u00e9rique \u00e0 d\u00e9coupe plasma (St Vaast la Hougue)\"><h4 class='av-milestone-title '>Implantation d\u2019une nouvelle machine \u00e0 commande num\u00e9rique \u00e0 d\u00e9coupe plasma (St Vaast la Hougue)<\/h4><\/header><div class='av-milestone-content'><\/div><\/div><footer class='av-milestone-article-footer entry-footer'><\/footer><\/article><\/li>\n<li  class='av-milestone av-g0hlv-bd5c7dd485fb896e21032cbc1f3ae994 av-animated-generic fade-in av-milestone-valign-baseline av-milestone-even'><article class='av-milestone-content-wrap'><div class='av-milestone-contentbox'><header class=\"entry-content-header\" aria-label=\"\u00c9tape : Cr\u00e9ation de la division carbone : soci\u00e9t\u00e9 Profil \"><h4 class='av-milestone-title '>Cr\u00e9ation de la division carbone : soci\u00e9t\u00e9 Profil <\/h4><\/header><div class='av-milestone-content'><p>(M\u00e2ts carbone Figaro 2)<\/p>\n<\/div><\/div><footer class='av-milestone-article-footer entry-footer'><\/footer><\/article><div class=\"av-milestone-icon-wrap\"><span class='av-milestone-icon milestone_icon avia-font-entypo-fontello'><span class='av-milestone-icon-inner milestone_inner'><i class='milestone-char avia-iconfont avia-font-entypo-fontello' data-av_icon='' data-av_iconfont='entypo-fontello' ><\/i><\/span><\/span><\/div><h2 class='av-milestone-date ' id='milestone-2002' ><strong>2002<span class='av-milestone-indicator'><\/span><\/strong><\/h2><\/li>\n<li  class='av-milestone av-1pcv1f-4aff790bc3e83191d5011f9b30810718 av-animated-generic fade-in av-milestone-valign-baseline av-milestone-odd'><h2 class='av-milestone-date ' id='milestone-2001' ><strong>2001<span class='av-milestone-indicator'><\/span><\/strong><\/h2><div class=\"av-milestone-icon-wrap\"><span class='av-milestone-icon milestone_icon avia-font-entypo-fontello'><span class='av-milestone-icon-inner milestone_inner'><i class='milestone-char avia-iconfont avia-font-entypo-fontello' data-av_icon='' data-av_iconfont='entypo-fontello' ><\/i><\/span><\/span><\/div><article class='av-milestone-content-wrap'><div class='av-milestone-contentbox'><header class=\"entry-content-header\" aria-label=\"\u00c9tape :  Cr\u00e9ation de Sparcraft rigging\"><h4 class='av-milestone-title '> Cr\u00e9ation de Sparcraft rigging<\/h4><\/header><div class='av-milestone-content'><\/div><\/div><footer class='av-milestone-article-footer entry-footer'><\/footer><\/article><\/li>\n<li  class='av-milestone av-8t4ez-c0e63b280adde66a39a8901992f89803 av-animated-generic fade-in av-milestone-valign-baseline av-milestone-even'><article class='av-milestone-content-wrap'><div class='av-milestone-contentbox'><header class=\"entry-content-header\" aria-label=\"\u00c9tape : Mise en place d\u2019un syst\u00e8me informatique global CAO, GPAO, Gestion et Comptabilit\u00e9\"><h4 class='av-milestone-title '>Mise en place d\u2019un syst\u00e8me informatique global CAO, GPAO, Gestion et Comptabilit\u00e9<\/h4><\/header><div class='av-milestone-content'><\/div><\/div><footer class='av-milestone-article-footer entry-footer'><\/footer><\/article><div class=\"av-milestone-icon-wrap\"><span class='av-milestone-icon milestone_icon avia-font-entypo-fontello'><span class='av-milestone-icon-inner milestone_inner'><i class='milestone-char avia-iconfont avia-font-entypo-fontello' data-av_icon='' data-av_iconfont='entypo-fontello' ><\/i><\/span><\/span><\/div><h2 class='av-milestone-date ' id='milestone-1998' ><strong>1998<span class='av-milestone-indicator'><\/span><\/strong><\/h2><\/li>\n<li  class='av-milestone av-krc7kolv-8858a91cdd73bc547f22ec8d39037c53 av-animated-generic fade-in av-milestone-valign-baseline av-milestone-odd'><h2 class='av-milestone-date ' id='milestone-1997' ><strong>1997 <span class='av-milestone-indicator'><\/span><\/strong><\/h2><div class=\"av-milestone-icon-wrap\"><span class='av-milestone-icon milestone_icon avia-font-entypo-fontello'><span class='av-milestone-icon-inner milestone_inner'><i class='milestone-char avia-iconfont avia-font-entypo-fontello' data-av_icon='\ue841' data-av_iconfont='entypo-fontello' ><\/i><\/span><\/span><\/div><article class='av-milestone-content-wrap'><div class='av-milestone-contentbox'><header class=\"entry-content-header\" aria-label=\"\u00c9tape : Filiale m\u00e2ts cr\u00e9\u00e9e aux USA : Charleston Spar\"><h4 class='av-milestone-title '>Filiale m\u00e2ts cr\u00e9\u00e9e aux USA : Charleston Spar<\/h4><\/header><div class='av-milestone-content'><p>Le contenu de la P\u00e9riode va ici<\/p>\n<\/div><\/div><footer class='av-milestone-article-footer entry-footer'><\/footer><\/article><\/li>\n<li  class='av-milestone av-csfd7-721b2eae50b0c0cab1e6fe3a2473a382 av-animated-generic fade-in av-milestone-valign-baseline av-milestone-even'><article class='av-milestone-content-wrap'><div class='av-milestone-contentbox'><header class=\"entry-content-header\" aria-label=\"\u00c9tape : Cr\u00e9ation de la soci\u00e9t\u00e9 RDM \u2018Rochelaise De Mat \u00bb par le Groupe Losange\"><h4 class='av-milestone-title '>Cr\u00e9ation de la soci\u00e9t\u00e9 RDM \u2018Rochelaise De Mat \u00bb par le Groupe Losange<\/h4><\/header><div class='av-milestone-content'><\/div><\/div><footer class='av-milestone-article-footer entry-footer'><\/footer><\/article><div class=\"av-milestone-icon-wrap\"><span class='av-milestone-icon milestone_icon avia-font-entypo-fontello'><span class='av-milestone-icon-inner milestone_inner'><i class='milestone-char avia-iconfont avia-font-entypo-fontello' data-av_icon='' data-av_iconfont='entypo-fontello' ><\/i><\/span><\/span><\/div><h2 class='av-milestone-date ' id='milestone-1996' ><strong>1996<span class='av-milestone-indicator'><\/span><\/strong><\/h2><\/li>\n<li  class='av-milestone av-krc7iii4-05d3ba84f28f803e90b0d0b66879a331 av-animated-generic fade-in av-milestone-valign-baseline av-milestone-odd'><h2 class='av-milestone-date ' id='milestone-1995' ><strong>1995 <span class='av-milestone-indicator'><\/span><\/strong><\/h2><div class=\"av-milestone-icon-wrap\"><span class='av-milestone-icon milestone_icon avia-font-entypo-fontello'><span class='av-milestone-icon-inner milestone_inner'><i class='milestone-char avia-iconfont avia-font-entypo-fontello' data-av_icon='\ue841' data-av_iconfont='entypo-fontello' ><\/i><\/span><\/span><\/div><article class='av-milestone-content-wrap'><div class='av-milestone-contentbox'><header class=\"entry-content-header\" aria-label=\"\u00c9tape : Rachat SPARCRAFT (FRANCESPAR, ISOMAT, SOFERAC) bas\u00e9 \u00e0 La Rochelle\"><h4 class='av-milestone-title '>Rachat SPARCRAFT (FRANCESPAR, ISOMAT, SOFERAC) bas\u00e9 \u00e0 La Rochelle<\/h4><\/header><div class='av-milestone-content'><\/div><\/div><footer class='av-milestone-article-footer entry-footer'><\/footer><\/article><\/li>\n<li  class='av-milestone av-krc7gnmx-37177993a2c1f2cae89d16eae89aed8b av-animated-generic fade-in av-milestone-valign-baseline av-milestone-even'><article class='av-milestone-content-wrap'><div class='av-milestone-contentbox'><header class=\"entry-content-header\" aria-label=\"\u00c9tape : Elvstr\u00f6m mast \u00e0 Saint Vaast la Hougue devient Isom\u00e2t\"><h4 class='av-milestone-title '>Elvstr\u00f6m mast \u00e0 Saint Vaast la Hougue devient Isom\u00e2t<\/h4><\/header><div class='av-milestone-content'><\/div><\/div><footer class='av-milestone-article-footer entry-footer'><\/footer><\/article><div class=\"av-milestone-icon-wrap\"><span class='av-milestone-icon milestone_icon avia-font-entypo-fontello'><span class='av-milestone-icon-inner milestone_inner'><i class='milestone-char avia-iconfont avia-font-entypo-fontello' data-av_icon='\ue841' data-av_iconfont='entypo-fontello' ><\/i><\/span><\/span><\/div><h2 class='av-milestone-date ' id='milestone-1976' ><strong>1976 <span class='av-milestone-indicator'><\/span><\/strong><\/h2><\/li>\n<li  class='av-milestone av-bqj63-2573a4700a7871359071887162a608eb av-animated-generic fade-in av-milestone-valign-baseline av-milestone-odd'><h2 class='av-milestone-date ' id='milestone-1962' ><strong>1962<span class='av-milestone-indicator'><\/span><\/strong><\/h2><div class=\"av-milestone-icon-wrap\"><span class='av-milestone-icon milestone_icon avia-font-entypo-fontello'><span class='av-milestone-icon-inner milestone_inner'><i class='milestone-char avia-iconfont avia-font-entypo-fontello' data-av_icon='' data-av_iconfont='entypo-fontello' ><\/i><\/span><\/span><\/div><article class='av-milestone-content-wrap'><div class='av-milestone-contentbox'><header class=\"entry-content-header\" aria-label=\"\u00c9tape : Cr\u00e9ation marque Sparcraft aux USA\"><h4 class='av-milestone-title '>Cr\u00e9ation marque Sparcraft aux USA<\/h4><\/header><div class='av-milestone-content'><p><img loading=\"lazy\" decoding=\"async\" class=\"alignleft wp-image-30271\" src=\"https:\/\/www.sparcraft.com\/wp-content\/uploads\/2022\/09\/sparcraft_1962.jpg\" alt=\"\" width=\"183\" height=\"124\" srcset=\"https:\/\/www.sparcraft.com\/wp-content\/uploads\/2022\/09\/sparcraft_1962.jpg 394w, https:\/\/www.sparcraft.com\/wp-content\/uploads\/2022\/09\/sparcraft_1962-300x203.jpg 300w\" sizes=\"auto, (max-width: 183px) 100vw, 183px\" \/>Cr\u00e9ation de Sparcraft \u00e0 Costa Mesa en Californie dans l&rsquo;objectif de la Coupe de l&rsquo;America<\/p>\n<\/div><\/div><footer class='av-milestone-article-footer entry-footer'><\/footer><\/article><\/li>\n<\/ul><\/div>\n","protected":false},"excerpt":{"rendered":"","protected":false},"author":2,"featured_media":0,"parent":0,"menu_order":990,"comment_status":"closed","ping_status":"closed","template":"","meta":{"footnotes":""},"class_list":["post-31627","page","type-page","status-publish","hentry"],"yoast_head":"<!-- This site is optimized with the Yoast SEO plugin v27.5 - https:\/\/yoast.com\/product\/yoast-seo-wordpress\/ -->\n<title>Nos r\u00e9f\u00e9rences - Sparcraft<\/title>\n<meta name=\"description\" content=\"Expertise Sparcraft des m\u00e2ts et gr\u00e9ements acquise depuis 1962 sur la base de milliers de configurations de gr\u00e9ements et m\u00e2tures. Gage de s\u00e9curit\u00e9.\" \/>\n<meta name=\"robots\" content=\"index, follow, max-snippet:-1, max-image-preview:large, max-video-preview:-1\" \/>\n<link rel=\"canonical\" href=\"https:\/\/www.sparcraft.com\/fr\/nos-references\/\" \/>\n<meta property=\"og:locale\" content=\"fr_FR\" \/>\n<meta property=\"og:type\" content=\"article\" \/>\n<meta property=\"og:title\" content=\"Nos r\u00e9f\u00e9rences - Sparcraft\" \/>\n<meta property=\"og:description\" content=\"Expertise Sparcraft des m\u00e2ts et gr\u00e9ements acquise depuis 1962 sur la base de milliers de configurations de gr\u00e9ements et m\u00e2tures. Gage de s\u00e9curit\u00e9.\" \/>\n<meta property=\"og:url\" content=\"https:\/\/www.sparcraft.com\/fr\/nos-references\/\" \/>\n<meta property=\"og:site_name\" content=\"Sparcraft\" \/>\n<meta property=\"article:modified_time\" content=\"2023-06-05T12:28:29+00:00\" \/>\n<meta property=\"og:image\" content=\"https:\/\/www.sparcraft.com\/wp-content\/uploads\/2022\/09\/sparcraft_1962.jpg\" \/>\n<meta name=\"twitter:card\" content=\"summary_large_image\" \/>\n<meta name=\"twitter:label1\" content=\"Dur\u00e9e de lecture estim\u00e9e\" \/>\n\t<meta name=\"twitter:data1\" content=\"5 minutes\" \/>\n<script type=\"application\/ld+json\" class=\"yoast-schema-graph\">{\"@context\":\"https:\\\/\\\/schema.org\",\"@graph\":[{\"@type\":\"WebPage\",\"@id\":\"https:\\\/\\\/www.sparcraft.com\\\/fr\\\/nos-references\\\/\",\"url\":\"https:\\\/\\\/www.sparcraft.com\\\/fr\\\/nos-references\\\/\",\"name\":\"Nos r\u00e9f\u00e9rences - Sparcraft\",\"isPartOf\":{\"@id\":\"https:\\\/\\\/www.sparcraft.com\\\/fr\\\/#website\"},\"primaryImageOfPage\":{\"@id\":\"https:\\\/\\\/www.sparcraft.com\\\/fr\\\/nos-references\\\/#primaryimage\"},\"image\":{\"@id\":\"https:\\\/\\\/www.sparcraft.com\\\/fr\\\/nos-references\\\/#primaryimage\"},\"thumbnailUrl\":\"https:\\\/\\\/www.sparcraft.com\\\/wp-content\\\/uploads\\\/2022\\\/09\\\/sparcraft_1962.jpg\",\"datePublished\":\"2020-08-24T13:24:26+00:00\",\"dateModified\":\"2023-06-05T12:28:29+00:00\",\"description\":\"Expertise Sparcraft des m\u00e2ts et gr\u00e9ements acquise depuis 1962 sur la base de milliers de configurations de gr\u00e9ements et m\u00e2tures. Gage de s\u00e9curit\u00e9.\",\"inLanguage\":\"fr-FR\",\"potentialAction\":[{\"@type\":\"ReadAction\",\"target\":[\"https:\\\/\\\/www.sparcraft.com\\\/fr\\\/nos-references\\\/\"]}]},{\"@type\":\"ImageObject\",\"inLanguage\":\"fr-FR\",\"@id\":\"https:\\\/\\\/www.sparcraft.com\\\/fr\\\/nos-references\\\/#primaryimage\",\"url\":\"https:\\\/\\\/www.sparcraft.com\\\/wp-content\\\/uploads\\\/2022\\\/09\\\/sparcraft_1962.jpg\",\"contentUrl\":\"https:\\\/\\\/www.sparcraft.com\\\/wp-content\\\/uploads\\\/2022\\\/09\\\/sparcraft_1962.jpg\"},{\"@type\":\"WebSite\",\"@id\":\"https:\\\/\\\/www.sparcraft.com\\\/fr\\\/#website\",\"url\":\"https:\\\/\\\/www.sparcraft.com\\\/fr\\\/\",\"name\":\"Sparcraft\",\"description\":\"Mast &amp; Rigging\",\"potentialAction\":[{\"@type\":\"SearchAction\",\"target\":{\"@type\":\"EntryPoint\",\"urlTemplate\":\"https:\\\/\\\/www.sparcraft.com\\\/fr\\\/?s={search_term_string}\"},\"query-input\":{\"@type\":\"PropertyValueSpecification\",\"valueRequired\":true,\"valueName\":\"search_term_string\"}}],\"inLanguage\":\"fr-FR\"}]}<\/script>\n<!-- \/ Yoast SEO plugin. -->","yoast_head_json":{"title":"Nos r\u00e9f\u00e9rences - Sparcraft","description":"Expertise Sparcraft des m\u00e2ts et gr\u00e9ements acquise depuis 1962 sur la base de milliers de configurations de gr\u00e9ements et m\u00e2tures. Gage de s\u00e9curit\u00e9.","robots":{"index":"index","follow":"follow","max-snippet":"max-snippet:-1","max-image-preview":"max-image-preview:large","max-video-preview":"max-video-preview:-1"},"canonical":"https:\/\/www.sparcraft.com\/fr\/nos-references\/","og_locale":"fr_FR","og_type":"article","og_title":"Nos r\u00e9f\u00e9rences - Sparcraft","og_description":"Expertise Sparcraft des m\u00e2ts et gr\u00e9ements acquise depuis 1962 sur la base de milliers de configurations de gr\u00e9ements et m\u00e2tures. Gage de s\u00e9curit\u00e9.","og_url":"https:\/\/www.sparcraft.com\/fr\/nos-references\/","og_site_name":"Sparcraft","article_modified_time":"2023-06-05T12:28:29+00:00","og_image":[{"url":"https:\/\/www.sparcraft.com\/wp-content\/uploads\/2022\/09\/sparcraft_1962.jpg","type":"","width":"","height":""}],"twitter_card":"summary_large_image","twitter_misc":{"Dur\u00e9e de lecture estim\u00e9e":"5 minutes"},"schema":{"@context":"https:\/\/schema.org","@graph":[{"@type":"WebPage","@id":"https:\/\/www.sparcraft.com\/fr\/nos-references\/","url":"https:\/\/www.sparcraft.com\/fr\/nos-references\/","name":"Nos r\u00e9f\u00e9rences - Sparcraft","isPartOf":{"@id":"https:\/\/www.sparcraft.com\/fr\/#website"},"primaryImageOfPage":{"@id":"https:\/\/www.sparcraft.com\/fr\/nos-references\/#primaryimage"},"image":{"@id":"https:\/\/www.sparcraft.com\/fr\/nos-references\/#primaryimage"},"thumbnailUrl":"https:\/\/www.sparcraft.com\/wp-content\/uploads\/2022\/09\/sparcraft_1962.jpg","datePublished":"2020-08-24T13:24:26+00:00","dateModified":"2023-06-05T12:28:29+00:00","description":"Expertise Sparcraft des m\u00e2ts et gr\u00e9ements acquise depuis 1962 sur la base de milliers de configurations de gr\u00e9ements et m\u00e2tures. Gage de s\u00e9curit\u00e9.","inLanguage":"fr-FR","potentialAction":[{"@type":"ReadAction","target":["https:\/\/www.sparcraft.com\/fr\/nos-references\/"]}]},{"@type":"ImageObject","inLanguage":"fr-FR","@id":"https:\/\/www.sparcraft.com\/fr\/nos-references\/#primaryimage","url":"https:\/\/www.sparcraft.com\/wp-content\/uploads\/2022\/09\/sparcraft_1962.jpg","contentUrl":"https:\/\/www.sparcraft.com\/wp-content\/uploads\/2022\/09\/sparcraft_1962.jpg"},{"@type":"WebSite","@id":"https:\/\/www.sparcraft.com\/fr\/#website","url":"https:\/\/www.sparcraft.com\/fr\/","name":"Sparcraft","description":"Mast &amp; Rigging","potentialAction":[{"@type":"SearchAction","target":{"@type":"EntryPoint","urlTemplate":"https:\/\/www.sparcraft.com\/fr\/?s={search_term_string}"},"query-input":{"@type":"PropertyValueSpecification","valueRequired":true,"valueName":"search_term_string"}}],"inLanguage":"fr-FR"}]}},"_links":{"self":[{"href":"https:\/\/www.sparcraft.com\/fr\/wp-json\/wp\/v2\/pages\/31627","targetHints":{"allow":["GET"]}}],"collection":[{"href":"https:\/\/www.sparcraft.com\/fr\/wp-json\/wp\/v2\/pages"}],"about":[{"href":"https:\/\/www.sparcraft.com\/fr\/wp-json\/wp\/v2\/types\/page"}],"author":[{"embeddable":true,"href":"https:\/\/www.sparcraft.com\/fr\/wp-json\/wp\/v2\/users\/2"}],"replies":[{"embeddable":true,"href":"https:\/\/www.sparcraft.com\/fr\/wp-json\/wp\/v2\/comments?post=31627"}],"version-history":[{"count":0,"href":"https:\/\/www.sparcraft.com\/fr\/wp-json\/wp\/v2\/pages\/31627\/revisions"}],"wp:attachment":[{"href":"https:\/\/www.sparcraft.com\/fr\/wp-json\/wp\/v2\/media?parent=31627"}],"curies":[{"name":"wp","href":"https:\/\/api.w.org\/{rel}","templated":true}]}}