{"id":31621,"date":"2020-09-15T15:46:43","date_gmt":"2020-09-15T13:46:43","guid":{"rendered":"https:\/\/www.sparcraft.com\/identifier-la-piece-detachee\/"},"modified":"2023-05-05T14:46:45","modified_gmt":"2023-05-05T12:46:45","slug":"identifier-la-piece-detachee","status":"publish","type":"page","link":"https:\/\/www.sparcraft.com\/fr\/accessoires-pieces-detachees\/identifier-le-produit-sparcraft\/identifier-la-piece-detachee\/","title":{"rendered":"Identifier la pi\u00e8ce d\u00e9tach\u00e9e"},"content":{"rendered":"\n<style type=\"text\/css\" data-created_by=\"avia_inline_auto\" id=\"style-css-av-15ip1ax-c3397646d2880957cc918c5758faa5b1\">\n.flex_column.av-15ip1ax-c3397646d2880957cc918c5758faa5b1{\nborder-radius:0px 0px 0px 0px;\npadding:0px 0px 0px 0px;\n}\n<\/style>\n<div  class='flex_column av-15ip1ax-c3397646d2880957cc918c5758faa5b1 av_one_full  avia-builder-el-0  el_before_av_textblock  avia-builder-el-first  first flex_column_div av-zero-column-padding  '     ><section  class='av_textblock_section av-kf40macs-db3ef4724c3ce759c10cdb27598e93aa '   itemscope=\"itemscope\" itemtype=\"https:\/\/schema.org\/CreativeWork\" ><div class='avia_textblock'  itemprop=\"text\" ><h2><span style=\"color: #022972;\">Vous pourrez retrouver les r\u00e9f\u00e9rences et certains tarifs de pi\u00e8ces d\u00e9tach\u00e9es disponibles sur le catalogue Sparcraft ainsi que sur le livret tarifs gr\u00e2ce au lien ci-dessous\u00a0 :<\/span><\/h2>\n<p><a href=\"https:\/\/www.sparcraft.com\/fr\/catalogue-tarifs\/\"><span style=\"color: #005299;\"><strong><span style=\"color: #022972;\">CATALOGUE &amp; TARIFS\u00a0 SPARCRAFT<\/span><\/strong><\/span><\/a><\/p>\n<p><span style=\"color: #333333;\">Pour faciliter le travail de nos agents Sparcraft :<\/span><\/p>\n<p>&#8211; Certaines pi\u00e8ces d\u00e9tach\u00e9es sont marqu\u00e9es : r\u00e9f\u00e9rence \u00e0 11 chiffres. Mais la plupart ne sont pas marqu\u00e9es.<\/p>\n<p><span style=\"color: #333333;\">&#8211; Pour toute demande de renseignement, merci donc d&rsquo;envoyer des photos basse d\u00e9finition. Sparcraft poss\u00e8de en effet des milliers de r\u00e9f\u00e9rences de pi\u00e8ces.<\/span><\/p>\n<p><span style=\"color: #333333;\">&#8211; merci de bien remplir \u00e9galement le formulaire de contact (type de bateau,&#8230;).<\/span><\/p>\n<\/div><\/section><\/div><section  class='av_textblock_section av-kf40macs-1-412c095ba16f3422d3f3cdd98c2880aa '   itemscope=\"itemscope\" itemtype=\"https:\/\/schema.org\/CreativeWork\" ><div class='avia_textblock'  itemprop=\"text\" ><h2><span style=\"color: #022972;\">NOTA IMPORTANT :<br \/>\n<\/span><\/h2>\n<p><span style=\"color: #022972;\"><strong>Les informations \u00e0 propos des pi\u00e8ces d\u00e9tach\u00e9es ne sont donn\u00e9es qu&rsquo;\u00e0 titre d&rsquo;information. <\/strong><\/span><\/p>\n<p><span style=\"color: #022972;\"><strong>Sparcraft ne vend pas en direct de pi\u00e8ces d\u00e9tach\u00e9es au particulier. Vous devrez passer par un <a href=\"https:\/\/www.sparcraft.com\/revendeurs\/\" target=\"_blank\" rel=\"noopener\">revendeur Sparcraft<\/a><\/strong><\/span><\/p>\n<\/div><\/section><\/p>\n","protected":false},"excerpt":{"rendered":"","protected":false},"author":2,"featured_media":0,"parent":31637,"menu_order":20,"comment_status":"closed","ping_status":"closed","template":"","meta":{"footnotes":""},"class_list":["post-31621","page","type-page","status-publish","hentry"],"yoast_head":"<!-- This site is optimized with the Yoast SEO plugin v27.5 - https:\/\/yoast.com\/product\/yoast-seo-wordpress\/ -->\n<title>Identifier la pi\u00e8ce d\u00e9tach\u00e9e - Sparcraft<\/title>\n<meta name=\"description\" content=\"pi\u00e8ce d\u00e9tach\u00e9e sparcraft\" \/>\n<meta name=\"robots\" content=\"index, follow, max-snippet:-1, max-image-preview:large, max-video-preview:-1\" \/>\n<link rel=\"canonical\" href=\"https:\/\/www.sparcraft.com\/fr\/accessoires-pieces-detachees\/identifier-le-produit-sparcraft\/identifier-la-piece-detachee\/\" \/>\n<meta property=\"og:locale\" content=\"fr_FR\" \/>\n<meta property=\"og:type\" content=\"article\" \/>\n<meta property=\"og:title\" content=\"Identifier la pi\u00e8ce d\u00e9tach\u00e9e - Sparcraft\" \/>\n<meta property=\"og:description\" content=\"pi\u00e8ce d\u00e9tach\u00e9e sparcraft\" \/>\n<meta property=\"og:url\" content=\"https:\/\/www.sparcraft.com\/fr\/accessoires-pieces-detachees\/identifier-le-produit-sparcraft\/identifier-la-piece-detachee\/\" \/>\n<meta property=\"og:site_name\" content=\"Sparcraft\" \/>\n<meta property=\"article:modified_time\" content=\"2023-05-05T12:46:45+00:00\" \/>\n<meta name=\"twitter:card\" content=\"summary_large_image\" \/>\n<meta name=\"twitter:label1\" content=\"Dur\u00e9e de lecture estim\u00e9e\" \/>\n\t<meta name=\"twitter:data1\" content=\"2 minutes\" \/>\n<script type=\"application\/ld+json\" class=\"yoast-schema-graph\">{\"@context\":\"https:\\\/\\\/schema.org\",\"@graph\":[{\"@type\":\"WebPage\",\"@id\":\"https:\\\/\\\/www.sparcraft.com\\\/fr\\\/accessoires-pieces-detachees\\\/identifier-le-produit-sparcraft\\\/identifier-la-piece-detachee\\\/\",\"url\":\"https:\\\/\\\/www.sparcraft.com\\\/fr\\\/accessoires-pieces-detachees\\\/identifier-le-produit-sparcraft\\\/identifier-la-piece-detachee\\\/\",\"name\":\"Identifier la pi\u00e8ce d\u00e9tach\u00e9e - Sparcraft\",\"isPartOf\":{\"@id\":\"https:\\\/\\\/www.sparcraft.com\\\/fr\\\/#website\"},\"datePublished\":\"2020-09-15T13:46:43+00:00\",\"dateModified\":\"2023-05-05T12:46:45+00:00\",\"description\":\"pi\u00e8ce d\u00e9tach\u00e9e sparcraft\",\"breadcrumb\":{\"@id\":\"https:\\\/\\\/www.sparcraft.com\\\/fr\\\/accessoires-pieces-detachees\\\/identifier-le-produit-sparcraft\\\/identifier-la-piece-detachee\\\/#breadcrumb\"},\"inLanguage\":\"fr-FR\",\"potentialAction\":[{\"@type\":\"ReadAction\",\"target\":[\"https:\\\/\\\/www.sparcraft.com\\\/fr\\\/accessoires-pieces-detachees\\\/identifier-le-produit-sparcraft\\\/identifier-la-piece-detachee\\\/\"]}]},{\"@type\":\"BreadcrumbList\",\"@id\":\"https:\\\/\\\/www.sparcraft.com\\\/fr\\\/accessoires-pieces-detachees\\\/identifier-le-produit-sparcraft\\\/identifier-la-piece-detachee\\\/#breadcrumb\",\"itemListElement\":[{\"@type\":\"ListItem\",\"position\":1,\"name\":\"Accessoires &#038; pi\u00e8ces d\u00e9tach\u00e9es\",\"item\":\"https:\\\/\\\/www.sparcraft.com\\\/fr\\\/accessoires-pieces-detachees\\\/\"},{\"@type\":\"ListItem\",\"position\":2,\"name\":\"Identifier le produit Sparcraft\",\"item\":\"https:\\\/\\\/www.sparcraft.com\\\/fr\\\/accessoires-pieces-detachees\\\/identifier-le-produit-sparcraft\\\/\"},{\"@type\":\"ListItem\",\"position\":3,\"name\":\"Identifier la pi\u00e8ce d\u00e9tach\u00e9e\"}]},{\"@type\":\"WebSite\",\"@id\":\"https:\\\/\\\/www.sparcraft.com\\\/fr\\\/#website\",\"url\":\"https:\\\/\\\/www.sparcraft.com\\\/fr\\\/\",\"name\":\"Sparcraft\",\"description\":\"Mast &amp; Rigging\",\"potentialAction\":[{\"@type\":\"SearchAction\",\"target\":{\"@type\":\"EntryPoint\",\"urlTemplate\":\"https:\\\/\\\/www.sparcraft.com\\\/fr\\\/?s={search_term_string}\"},\"query-input\":{\"@type\":\"PropertyValueSpecification\",\"valueRequired\":true,\"valueName\":\"search_term_string\"}}],\"inLanguage\":\"fr-FR\"}]}<\/script>\n<!-- \/ Yoast SEO plugin. -->","yoast_head_json":{"title":"Identifier la pi\u00e8ce d\u00e9tach\u00e9e - Sparcraft","description":"pi\u00e8ce d\u00e9tach\u00e9e sparcraft","robots":{"index":"index","follow":"follow","max-snippet":"max-snippet:-1","max-image-preview":"max-image-preview:large","max-video-preview":"max-video-preview:-1"},"canonical":"https:\/\/www.sparcraft.com\/fr\/accessoires-pieces-detachees\/identifier-le-produit-sparcraft\/identifier-la-piece-detachee\/","og_locale":"fr_FR","og_type":"article","og_title":"Identifier la pi\u00e8ce d\u00e9tach\u00e9e - Sparcraft","og_description":"pi\u00e8ce d\u00e9tach\u00e9e sparcraft","og_url":"https:\/\/www.sparcraft.com\/fr\/accessoires-pieces-detachees\/identifier-le-produit-sparcraft\/identifier-la-piece-detachee\/","og_site_name":"Sparcraft","article_modified_time":"2023-05-05T12:46:45+00:00","twitter_card":"summary_large_image","twitter_misc":{"Dur\u00e9e de lecture estim\u00e9e":"2 minutes"},"schema":{"@context":"https:\/\/schema.org","@graph":[{"@type":"WebPage","@id":"https:\/\/www.sparcraft.com\/fr\/accessoires-pieces-detachees\/identifier-le-produit-sparcraft\/identifier-la-piece-detachee\/","url":"https:\/\/www.sparcraft.com\/fr\/accessoires-pieces-detachees\/identifier-le-produit-sparcraft\/identifier-la-piece-detachee\/","name":"Identifier la pi\u00e8ce d\u00e9tach\u00e9e - Sparcraft","isPartOf":{"@id":"https:\/\/www.sparcraft.com\/fr\/#website"},"datePublished":"2020-09-15T13:46:43+00:00","dateModified":"2023-05-05T12:46:45+00:00","description":"pi\u00e8ce d\u00e9tach\u00e9e sparcraft","breadcrumb":{"@id":"https:\/\/www.sparcraft.com\/fr\/accessoires-pieces-detachees\/identifier-le-produit-sparcraft\/identifier-la-piece-detachee\/#breadcrumb"},"inLanguage":"fr-FR","potentialAction":[{"@type":"ReadAction","target":["https:\/\/www.sparcraft.com\/fr\/accessoires-pieces-detachees\/identifier-le-produit-sparcraft\/identifier-la-piece-detachee\/"]}]},{"@type":"BreadcrumbList","@id":"https:\/\/www.sparcraft.com\/fr\/accessoires-pieces-detachees\/identifier-le-produit-sparcraft\/identifier-la-piece-detachee\/#breadcrumb","itemListElement":[{"@type":"ListItem","position":1,"name":"Accessoires &#038; pi\u00e8ces d\u00e9tach\u00e9es","item":"https:\/\/www.sparcraft.com\/fr\/accessoires-pieces-detachees\/"},{"@type":"ListItem","position":2,"name":"Identifier le produit Sparcraft","item":"https:\/\/www.sparcraft.com\/fr\/accessoires-pieces-detachees\/identifier-le-produit-sparcraft\/"},{"@type":"ListItem","position":3,"name":"Identifier la pi\u00e8ce d\u00e9tach\u00e9e"}]},{"@type":"WebSite","@id":"https:\/\/www.sparcraft.com\/fr\/#website","url":"https:\/\/www.sparcraft.com\/fr\/","name":"Sparcraft","description":"Mast &amp; Rigging","potentialAction":[{"@type":"SearchAction","target":{"@type":"EntryPoint","urlTemplate":"https:\/\/www.sparcraft.com\/fr\/?s={search_term_string}"},"query-input":{"@type":"PropertyValueSpecification","valueRequired":true,"valueName":"search_term_string"}}],"inLanguage":"fr-FR"}]}},"_links":{"self":[{"href":"https:\/\/www.sparcraft.com\/fr\/wp-json\/wp\/v2\/pages\/31621","targetHints":{"allow":["GET"]}}],"collection":[{"href":"https:\/\/www.sparcraft.com\/fr\/wp-json\/wp\/v2\/pages"}],"about":[{"href":"https:\/\/www.sparcraft.com\/fr\/wp-json\/wp\/v2\/types\/page"}],"author":[{"embeddable":true,"href":"https:\/\/www.sparcraft.com\/fr\/wp-json\/wp\/v2\/users\/2"}],"replies":[{"embeddable":true,"href":"https:\/\/www.sparcraft.com\/fr\/wp-json\/wp\/v2\/comments?post=31621"}],"version-history":[{"count":0,"href":"https:\/\/www.sparcraft.com\/fr\/wp-json\/wp\/v2\/pages\/31621\/revisions"}],"up":[{"embeddable":true,"href":"https:\/\/www.sparcraft.com\/fr\/wp-json\/wp\/v2\/pages\/31637"}],"wp:attachment":[{"href":"https:\/\/www.sparcraft.com\/fr\/wp-json\/wp\/v2\/media?parent=31621"}],"curies":[{"name":"wp","href":"https:\/\/api.w.org\/{rel}","templated":true}]}}