{"id":31620,"date":"2020-09-16T09:36:47","date_gmt":"2020-09-16T07:36:47","guid":{"rendered":"https:\/\/www.sparcraft.com\/faq\/"},"modified":"2023-05-04T12:28:52","modified_gmt":"2023-05-04T10:28:52","slug":"faq","status":"publish","type":"page","link":"https:\/\/www.sparcraft.com\/fr\/faq\/","title":{"rendered":"FAQ"},"content":{"rendered":"<p>32189<\/p>\n","protected":false},"excerpt":{"rendered":"<p>32189<\/p>\n","protected":false},"author":2,"featured_media":0,"parent":0,"menu_order":5,"comment_status":"closed","ping_status":"closed","template":"","meta":{"footnotes":""},"class_list":["post-31620","page","type-page","status-publish","hentry"],"yoast_head":"<!-- This site is optimized with the Yoast SEO plugin v27.4 - https:\/\/yoast.com\/product\/yoast-seo-wordpress\/ -->\n<title>FAQ - Sparcraft<\/title>\n<meta name=\"description\" content=\"Foire aux questions et r\u00e9ponses au sujet des produits con\u00e7us par Sparcraft : M\u00e2ts, gr\u00e9ements, \u00e9quipement et options...\" \/>\n<meta name=\"robots\" content=\"index, follow, max-snippet:-1, max-image-preview:large, max-video-preview:-1\" \/>\n<link rel=\"canonical\" href=\"https:\/\/www.sparcraft.com\/fr\/faq\/\" \/>\n<meta property=\"og:locale\" content=\"fr_FR\" \/>\n<meta property=\"og:type\" content=\"article\" \/>\n<meta property=\"og:title\" content=\"FAQ - Sparcraft\" \/>\n<meta property=\"og:description\" content=\"Foire aux questions et r\u00e9ponses au sujet des produits con\u00e7us par Sparcraft : M\u00e2ts, gr\u00e9ements, \u00e9quipement et options...\" \/>\n<meta property=\"og:url\" content=\"https:\/\/www.sparcraft.com\/fr\/faq\/\" \/>\n<meta property=\"og:site_name\" content=\"Sparcraft\" \/>\n<meta property=\"article:modified_time\" content=\"2023-05-04T10:28:52+00:00\" \/>\n<meta name=\"twitter:card\" content=\"summary_large_image\" \/>\n<meta name=\"twitter:label1\" content=\"Dur\u00e9e de lecture estim\u00e9e\" \/>\n\t<meta name=\"twitter:data1\" content=\"1 minute\" \/>\n<script type=\"application\/ld+json\" class=\"yoast-schema-graph\">{\"@context\":\"https:\\\/\\\/schema.org\",\"@graph\":[{\"@type\":\"WebPage\",\"@id\":\"https:\\\/\\\/www.sparcraft.com\\\/fr\\\/faq\\\/\",\"url\":\"https:\\\/\\\/www.sparcraft.com\\\/fr\\\/faq\\\/\",\"name\":\"FAQ - Sparcraft\",\"isPartOf\":{\"@id\":\"https:\\\/\\\/www.sparcraft.com\\\/fr\\\/#website\"},\"datePublished\":\"2020-09-16T07:36:47+00:00\",\"dateModified\":\"2023-05-04T10:28:52+00:00\",\"description\":\"Foire aux questions et r\u00e9ponses au sujet des produits con\u00e7us par Sparcraft : M\u00e2ts, gr\u00e9ements, \u00e9quipement et options...\",\"inLanguage\":\"fr-FR\",\"potentialAction\":[{\"@type\":\"ReadAction\",\"target\":[\"https:\\\/\\\/www.sparcraft.com\\\/fr\\\/faq\\\/\"]}]},{\"@type\":\"WebSite\",\"@id\":\"https:\\\/\\\/www.sparcraft.com\\\/fr\\\/#website\",\"url\":\"https:\\\/\\\/www.sparcraft.com\\\/fr\\\/\",\"name\":\"Sparcraft\",\"description\":\"Mast &amp; Rigging\",\"potentialAction\":[{\"@type\":\"SearchAction\",\"target\":{\"@type\":\"EntryPoint\",\"urlTemplate\":\"https:\\\/\\\/www.sparcraft.com\\\/fr\\\/?s={search_term_string}\"},\"query-input\":{\"@type\":\"PropertyValueSpecification\",\"valueRequired\":true,\"valueName\":\"search_term_string\"}}],\"inLanguage\":\"fr-FR\"}]}<\/script>\n<!-- \/ Yoast SEO plugin. -->","yoast_head_json":{"title":"FAQ - Sparcraft","description":"Foire aux questions et r\u00e9ponses au sujet des produits con\u00e7us par Sparcraft : M\u00e2ts, gr\u00e9ements, \u00e9quipement et options...","robots":{"index":"index","follow":"follow","max-snippet":"max-snippet:-1","max-image-preview":"max-image-preview:large","max-video-preview":"max-video-preview:-1"},"canonical":"https:\/\/www.sparcraft.com\/fr\/faq\/","og_locale":"fr_FR","og_type":"article","og_title":"FAQ - Sparcraft","og_description":"Foire aux questions et r\u00e9ponses au sujet des produits con\u00e7us par Sparcraft : M\u00e2ts, gr\u00e9ements, \u00e9quipement et options...","og_url":"https:\/\/www.sparcraft.com\/fr\/faq\/","og_site_name":"Sparcraft","article_modified_time":"2023-05-04T10:28:52+00:00","twitter_card":"summary_large_image","twitter_misc":{"Dur\u00e9e de lecture estim\u00e9e":"1 minute"},"schema":{"@context":"https:\/\/schema.org","@graph":[{"@type":"WebPage","@id":"https:\/\/www.sparcraft.com\/fr\/faq\/","url":"https:\/\/www.sparcraft.com\/fr\/faq\/","name":"FAQ - Sparcraft","isPartOf":{"@id":"https:\/\/www.sparcraft.com\/fr\/#website"},"datePublished":"2020-09-16T07:36:47+00:00","dateModified":"2023-05-04T10:28:52+00:00","description":"Foire aux questions et r\u00e9ponses au sujet des produits con\u00e7us par Sparcraft : M\u00e2ts, gr\u00e9ements, \u00e9quipement et options...","inLanguage":"fr-FR","potentialAction":[{"@type":"ReadAction","target":["https:\/\/www.sparcraft.com\/fr\/faq\/"]}]},{"@type":"WebSite","@id":"https:\/\/www.sparcraft.com\/fr\/#website","url":"https:\/\/www.sparcraft.com\/fr\/","name":"Sparcraft","description":"Mast &amp; Rigging","potentialAction":[{"@type":"SearchAction","target":{"@type":"EntryPoint","urlTemplate":"https:\/\/www.sparcraft.com\/fr\/?s={search_term_string}"},"query-input":{"@type":"PropertyValueSpecification","valueRequired":true,"valueName":"search_term_string"}}],"inLanguage":"fr-FR"}]}},"_links":{"self":[{"href":"https:\/\/www.sparcraft.com\/fr\/wp-json\/wp\/v2\/pages\/31620","targetHints":{"allow":["GET"]}}],"collection":[{"href":"https:\/\/www.sparcraft.com\/fr\/wp-json\/wp\/v2\/pages"}],"about":[{"href":"https:\/\/www.sparcraft.com\/fr\/wp-json\/wp\/v2\/types\/page"}],"author":[{"embeddable":true,"href":"https:\/\/www.sparcraft.com\/fr\/wp-json\/wp\/v2\/users\/2"}],"replies":[{"embeddable":true,"href":"https:\/\/www.sparcraft.com\/fr\/wp-json\/wp\/v2\/comments?post=31620"}],"version-history":[{"count":1,"href":"https:\/\/www.sparcraft.com\/fr\/wp-json\/wp\/v2\/pages\/31620\/revisions"}],"predecessor-version":[{"id":60191,"href":"https:\/\/www.sparcraft.com\/fr\/wp-json\/wp\/v2\/pages\/31620\/revisions\/60191"}],"wp:attachment":[{"href":"https:\/\/www.sparcraft.com\/fr\/wp-json\/wp\/v2\/media?parent=31620"}],"curies":[{"name":"wp","href":"https:\/\/api.w.org\/{rel}","templated":true}]}}