{"id":31619,"date":"2020-10-09T15:14:41","date_gmt":"2020-10-09T13:14:41","guid":{"rendered":"https:\/\/www.sparcraft.com\/support-technique-bomes\/infos-techniques-bomes\/"},"modified":"2023-03-20T11:16:40","modified_gmt":"2023-03-20T10:16:40","slug":"infos-techniques-bomes","status":"publish","type":"page","link":"https:\/\/www.sparcraft.com\/fr\/bomes-et-accessoires\/support-technique-bomes\/infos-techniques-bomes\/","title":{"rendered":"Infos Techniques B\u00f4mes"},"content":{"rendered":"\n<style type=\"text\/css\" data-created_by=\"avia_inline_auto\" id=\"style-css-av-18endy-2d8b3e5e090f79e89613ed54fe5ee3e6\">\n.flex_column.av-18endy-2d8b3e5e090f79e89613ed54fe5ee3e6{\nborder-radius:0px 0px 0px 0px;\npadding:0px 0px 0px 0px;\n}\n<\/style>\n<div  class='flex_column av-18endy-2d8b3e5e090f79e89613ed54fe5ee3e6 av_one_full  avia-builder-el-0  el_before_av_one_half  avia-builder-el-first  first flex_column_div av-zero-column-padding  '     ><style type=\"text\/css\" data-created_by=\"avia_inline_auto\" id=\"style-css-av-kel26kdn-76661e41edc2bde9b737604112b5dd6c\">\n.avia-image-container.av-kel26kdn-76661e41edc2bde9b737604112b5dd6c img.avia_image{\nbox-shadow:none;\n}\n.avia-image-container.av-kel26kdn-76661e41edc2bde9b737604112b5dd6c .av-image-caption-overlay-center{\ncolor:#ffffff;\n}\n<\/style>\n<div  class='avia-image-container av-kel26kdn-76661e41edc2bde9b737604112b5dd6c av-styling- avia-align-center  avia-builder-el-1  avia-builder-el-no-sibling '   itemprop=\"image\" itemscope=\"itemscope\" itemtype=\"https:\/\/schema.org\/ImageObject\" ><div class=\"avia-image-container-inner\"><div class=\"avia-image-overlay-wrap\"><img decoding=\"async\" fetchpriority=\"high\" class='wp-image-29003 avia-img-lazy-loading-not-29003 avia_image ' src=\"https:\/\/www.sparcraft.com\/wp-content\/uploads\/2022\/01\/bome-211x300.jpg\" alt='boom' title='bome_boom'  height=\"300\" width=\"211\"  itemprop=\"thumbnailUrl\" srcset=\"https:\/\/www.sparcraft.com\/wp-content\/uploads\/2022\/01\/bome-211x300.jpg 211w, https:\/\/www.sparcraft.com\/wp-content\/uploads\/2022\/01\/bome.jpg 400w\" sizes=\"(max-width: 211px) 100vw, 211px\" \/><\/div><\/div><\/div><\/div>\n\n<style type=\"text\/css\" data-created_by=\"avia_inline_auto\" id=\"style-css-av-6im3k6-fc0ea157c9a04a21e5276a8655c65975\">\n.flex_column.av-6im3k6-fc0ea157c9a04a21e5276a8655c65975{\nborder-radius:0px 0px 0px 0px;\npadding:0px 0px 0px 0px;\n}\n<\/style>\n<div  class='flex_column av-6im3k6-fc0ea157c9a04a21e5276a8655c65975 av_one_half  avia-builder-el-2  el_after_av_one_full  el_before_av_one_half  first flex_column_div av-zero-column-padding  column-top-margin'     ><p>\n<style type=\"text\/css\" data-created_by=\"avia_inline_auto\" id=\"style-css-av-k0po2a-0c72d4f1dcf0af5bbb6f0cfcaf95ca85\">\n#top .av-special-heading.av-k0po2a-0c72d4f1dcf0af5bbb6f0cfcaf95ca85{\npadding-bottom:3px;\ncolor:#022972;\n}\nbody .av-special-heading.av-k0po2a-0c72d4f1dcf0af5bbb6f0cfcaf95ca85 .av-special-heading-tag .heading-char{\nfont-size:25px;\n}\n.av-special-heading.av-k0po2a-0c72d4f1dcf0af5bbb6f0cfcaf95ca85 .special-heading-inner-border{\nborder-color:#022972;\n}\n.av-special-heading.av-k0po2a-0c72d4f1dcf0af5bbb6f0cfcaf95ca85 .av-subheading{\nfont-size:15px;\n}\n\n@media only screen and (min-width: 768px) and (max-width: 989px){ \n#top #wrap_all .av-special-heading.av-k0po2a-0c72d4f1dcf0af5bbb6f0cfcaf95ca85 .av-special-heading-tag{\nfont-size:12px;\n}\n}\n<\/style>\n<div  class='av-special-heading av-k0po2a-0c72d4f1dcf0af5bbb6f0cfcaf95ca85 av-special-heading-h3 custom-color-heading  avia-builder-el-3  el_before_av_hr  avia-builder-el-first  av-linked-heading'><h3 class='av-special-heading-tag '  itemprop=\"headline\"  >NON DISPONIBLE ACTUELLEMENT<\/h3><div class=\"special-heading-border\"><div class=\"special-heading-inner-border\"><\/div><\/div><\/div><br \/>\n<div  class='hr av-7k9z82-a8badaf1b7f0cff85a3a10d1e035944a hr-default  avia-builder-el-4  el_after_av_heading  avia-builder-el-last '><span class='hr-inner '><span class=\"hr-inner-style\"><\/span><\/span><\/div><\/p><\/div>\n\n<style type=\"text\/css\" data-created_by=\"avia_inline_auto\" id=\"style-css-av-2jzhvq-309dff8265289fea73077759fc3a5e1a\">\n.flex_column.av-2jzhvq-309dff8265289fea73077759fc3a5e1a{\nborder-radius:0px 0px 0px 0px;\npadding:0px 0px 0px 0px;\n}\n<\/style>\n<div  class='flex_column av-2jzhvq-309dff8265289fea73077759fc3a5e1a av_one_half  avia-builder-el-5  el_after_av_one_half  el_before_av_one_full  flex_column_div av-zero-column-padding  column-top-margin'     ><p>\n<style type=\"text\/css\" data-created_by=\"avia_inline_auto\" id=\"style-css-av-14gcv4i-283aeeb23b57de52f92e18af38035ba3\">\n#top .av-special-heading.av-14gcv4i-283aeeb23b57de52f92e18af38035ba3{\npadding-bottom:3px;\ncolor:#022972;\n}\nbody .av-special-heading.av-14gcv4i-283aeeb23b57de52f92e18af38035ba3 .av-special-heading-tag .heading-char{\nfont-size:25px;\n}\n.av-special-heading.av-14gcv4i-283aeeb23b57de52f92e18af38035ba3 .special-heading-inner-border{\nborder-color:#022972;\n}\n.av-special-heading.av-14gcv4i-283aeeb23b57de52f92e18af38035ba3 .av-subheading{\nfont-size:15px;\n}\n\n@media only screen and (min-width: 768px) and (max-width: 989px){ \n#top #wrap_all .av-special-heading.av-14gcv4i-283aeeb23b57de52f92e18af38035ba3 .av-special-heading-tag{\nfont-size:12px;\n}\n}\n<\/style>\n<div  class='av-special-heading av-14gcv4i-283aeeb23b57de52f92e18af38035ba3 av-special-heading-h3 custom-color-heading  avia-builder-el-6  el_before_av_hr  avia-builder-el-first  av-linked-heading'><h3 class='av-special-heading-tag '  itemprop=\"headline\"  >SUPPORT TECHNIQUE GLOBAL<\/h3><div class=\"special-heading-border\"><div class=\"special-heading-inner-border\"><\/div><\/div><\/div><br \/>\n<div  class='hr av-1aymxo2-c6fcd9c9b84f0d4769fa8bd58daf1562 hr-default  avia-builder-el-7  el_after_av_heading  avia-builder-el-last '><span class='hr-inner '><span class=\"hr-inner-style\"><\/span><\/span><\/div><\/p><\/div>\n\n<style type=\"text\/css\" data-created_by=\"avia_inline_auto\" id=\"style-css-av-afr5v-2517e7aaa3106390d6dac45687c1e3d3\">\n.flex_column.av-afr5v-2517e7aaa3106390d6dac45687c1e3d3{\nborder-radius:0px 0px 0px 0px;\npadding:0px 0px 0px 0px;\n}\n<\/style>\n<div  class='flex_column av-afr5v-2517e7aaa3106390d6dac45687c1e3d3 av_one_full  avia-builder-el-8  el_after_av_one_half  el_before_av_one_half  first flex_column_div av-zero-column-padding  column-top-margin'     ><\/div>\n\n<style type=\"text\/css\" data-created_by=\"avia_inline_auto\" id=\"style-css-av-7oksn9-4b31b11be9d54c73970fe0471f6ab82e\">\n.flex_column.av-7oksn9-4b31b11be9d54c73970fe0471f6ab82e{\nborder-radius:0px 0px 0px 0px;\npadding:0px 0px 0px 0px;\n}\n<\/style>\n<div  class='flex_column av-7oksn9-4b31b11be9d54c73970fe0471f6ab82e av_one_half  avia-builder-el-9  el_after_av_one_full  el_before_av_one_half  first flex_column_div av-zero-column-padding  column-top-margin'     ><style type=\"text\/css\" data-created_by=\"avia_inline_auto\" id=\"style-css-av-k6w61m4w-007940fef624fc80dd69d3673a5d7820\">\n.iconbox.av-k6w61m4w-007940fef624fc80dd69d3673a5d7820 .iconbox_icon{\nbackground-color:#ffffff;\ncolor:#129cb7;\n}\n.iconbox.av-k6w61m4w-007940fef624fc80dd69d3673a5d7820 .iconbox_icon.avia-svg-icon svg:first-child{\nfill:#129cb7;\nstroke:#129cb7;\n}\n#top #wrap_all .iconbox.av-k6w61m4w-007940fef624fc80dd69d3673a5d7820 .iconbox_content_title{\ncolor:#09afd0;\n}\n.iconbox.av-k6w61m4w-007940fef624fc80dd69d3673a5d7820 .iconbox_content_container{\ncolor:#005299;\n}\n<\/style>\n<article  class='iconbox iconbox_left_content av-k6w61m4w-007940fef624fc80dd69d3673a5d7820 av-icon-style-no-border  avia-builder-el-10  avia-builder-el-no-sibling '  itemscope=\"itemscope\" itemtype=\"https:\/\/schema.org\/CreativeWork\" ><div class='iconbox_icon heading-color avia-iconfont avia-font-entypo-fontello' data-av_icon='\ue81d' data-av_iconfont='entypo-fontello'  ><\/div><div class=\"iconbox_content\"><header class=\"entry-content-header\" aria-label=\"Ic\u00f4ne : QUESTIONS R\u00c9PONSES LES PLUS FR\u00c9QUENTES\"><h3 class='iconbox_content_title '  itemprop=\"headline\" >QUESTIONS R\u00c9PONSES LES PLUS FR\u00c9QUENTES<\/h3><\/header><div class='iconbox_content_container av_inherit_color'  itemprop=\"text\" ><\/div><\/div><footer class=\"entry-footer\"><\/footer><\/article><\/div>\n\n<style type=\"text\/css\" data-created_by=\"avia_inline_auto\" id=\"style-css-av-5cmocl-488f358456c18c05949f52e800550241\">\n.flex_column.av-5cmocl-488f358456c18c05949f52e800550241{\nborder-radius:0px 0px 0px 0px;\npadding:0px 0px 0px 0px;\n}\n<\/style>\n<div  class='flex_column av-5cmocl-488f358456c18c05949f52e800550241 av_one_half  avia-builder-el-11  el_after_av_one_half  el_before_av_one_full  flex_column_div av-zero-column-padding  column-top-margin'     ><style type=\"text\/css\" data-created_by=\"avia_inline_auto\" id=\"style-css-av-k6w61m4w-1-cb08441265d87f3ff14d8db5e32ce8be\">\n.iconbox.av-k6w61m4w-1-cb08441265d87f3ff14d8db5e32ce8be .iconbox_icon{\nbackground-color:#ffffff;\ncolor:#129cb7;\n}\n.iconbox.av-k6w61m4w-1-cb08441265d87f3ff14d8db5e32ce8be .iconbox_icon.avia-svg-icon svg:first-child{\nfill:#129cb7;\nstroke:#129cb7;\n}\n#top #wrap_all .iconbox.av-k6w61m4w-1-cb08441265d87f3ff14d8db5e32ce8be .iconbox_content_title{\ncolor:#09afd0;\n}\n.iconbox.av-k6w61m4w-1-cb08441265d87f3ff14d8db5e32ce8be .iconbox_content_container{\ncolor:#005299;\n}\n<\/style>\n<article  class='iconbox iconbox_left_content av-k6w61m4w-1-cb08441265d87f3ff14d8db5e32ce8be av-icon-style-no-border  avia-builder-el-12  avia-builder-el-no-sibling '  itemscope=\"itemscope\" itemtype=\"https:\/\/schema.org\/CreativeWork\" ><a href='https:\/\/www.sparcraft.com\/wp-content\/uploads\/2023\/01\/BOME_PRECAUTIONS-copie.jpg' title='PR\u00c9CAUTIONS \u00c0 PRENDRE' aria-label='PR\u00c9CAUTIONS \u00c0 PRENDRE'  target=\"_blank\"  rel=\"noopener noreferrer\" class='iconbox_icon heading-color avia-iconfont avia-font-entypo-fontello' data-av_icon='\ue81f' data-av_iconfont='entypo-fontello' title=\"PR\u00c9CAUTIONS \u00c0 PRENDRE\" desc=\"PR\u00c9CAUTIONS \u00c0 PRENDRE\" ><\/a><div class=\"iconbox_content\"><header class=\"entry-content-header\" aria-label=\"Ic\u00f4ne : PR\u00c9CAUTIONS \u00c0 PRENDRE\"><h3 class='iconbox_content_title '  itemprop=\"headline\" ><a href='https:\/\/www.sparcraft.com\/wp-content\/uploads\/2023\/01\/BOME_PRECAUTIONS-copie.jpg' title='PR\u00c9CAUTIONS \u00c0 PRENDRE'  target=\"_blank\"  rel=\"noopener noreferrer\">PR\u00c9CAUTIONS \u00c0 PRENDRE<\/a><\/h3><\/header><div class='iconbox_content_container av_inherit_color'  itemprop=\"text\" ><\/div><\/div><footer class=\"entry-footer\"><\/footer><\/article><\/div>\n<style type=\"text\/css\" data-created_by=\"avia_inline_auto\" id=\"style-css-av-p5vkk-cf0d10b63a0f6ca9da9dabacd257fcf8\">\n.flex_column.av-p5vkk-cf0d10b63a0f6ca9da9dabacd257fcf8{\nborder-radius:0px 0px 0px 0px;\npadding:0px 0px 0px 0px;\n}\n<\/style>\n<div  class='flex_column av-p5vkk-cf0d10b63a0f6ca9da9dabacd257fcf8 av_one_full  avia-builder-el-13  el_after_av_one_half  el_before_av_textblock  first flex_column_div av-zero-column-padding  column-top-margin'     ><div  class='avia-buttonrow-wrap av-k0grgnbk-32db8b95ccdb2bd4332ad57070c8a64a avia-buttonrow-center  avia-builder-el-14  avia-builder-el-no-sibling '>\n\n<style type=\"text\/css\" data-created_by=\"avia_inline_auto\" id=\"style-css-av-d753f-a6f840b2e28c0d546fd654f8935250bc\">\n#top #wrap_all .avia-button.av-d753f-a6f840b2e28c0d546fd654f8935250bc{\nbackground-color:#09afd0;\nborder-color:#09afd0;\ncolor:#ffffff;\ntransition:all 0.4s ease-in-out;\nmargin-bottom:5px;\nmargin-right:3px;\nmargin-left:3px;\n}\n#top #wrap_all .avia-button.av-d753f-a6f840b2e28c0d546fd654f8935250bc .avia-svg-icon svg:first-child{\nfill:#ffffff;\nstroke:#ffffff;\n}\n<\/style>\n<a href='https:\/\/www.sparcraft.com\/wp-content\/uploads\/2021\/07\/couvNOTICESPARCRAFTUKFR2015_uk.jpg'  class='avia-button av-d753f-a6f840b2e28c0d546fd654f8935250bc avia-icon_select-no avia-size-small av-icon-on-hover'  target=\"_blank\"  rel=\"noopener noreferrer\"  aria-label=\"NOTICE M\u00c2TAGE\"><span class='avia_iconbox_title' >NOTICE M\u00c2TAGE<\/span><\/a>\n\n<style type=\"text\/css\" data-created_by=\"avia_inline_auto\" id=\"style-css-av-bcocj-bbc6ddac3e8bbd2e307f5f284a1c7af2\">\n#top #wrap_all .avia-button.av-bcocj-bbc6ddac3e8bbd2e307f5f284a1c7af2{\nbackground-color:#09afd0;\nborder-color:#09afd0;\ncolor:#ffffff;\ntransition:all 0.4s ease-in-out;\nmargin-bottom:5px;\nmargin-right:3px;\nmargin-left:3px;\n}\n#top #wrap_all .avia-button.av-bcocj-bbc6ddac3e8bbd2e307f5f284a1c7af2 .avia-svg-icon svg:first-child{\nfill:#ffffff;\nstroke:#ffffff;\n}\n<\/style>\n<a href=''  class='avia-button av-bcocj-bbc6ddac3e8bbd2e307f5f284a1c7af2 avia-icon_select-no avia-size-small av-icon-on-hover'   aria-label=\"BOMES\"><span class='avia_iconbox_title' >BOMES<\/span><\/a>\n<\/div><\/div><\/p>\n<section  class='av_textblock_section av-k6arvvv8-2d719a502f444d3ebedc478c081e26d2 '   itemscope=\"itemscope\" itemtype=\"https:\/\/schema.org\/CreativeWork\" ><div class='avia_textblock'  itemprop=\"text\" ><\/div><\/section>\n\n<style type=\"text\/css\" data-created_by=\"avia_inline_auto\" id=\"style-css-av-eufo7-4e80f01e91adeb4483d457fbb972545b\">\n.flex_column.av-eufo7-4e80f01e91adeb4483d457fbb972545b{\nborder-radius:0px 0px 0px 0px;\npadding:0px 0px 0px 0px;\n}\n<\/style>\n<div  class='flex_column av-eufo7-4e80f01e91adeb4483d457fbb972545b av_one_full  avia-builder-el-16  el_after_av_textblock  avia-builder-el-last  first flex_column_div av-zero-column-padding  column-top-margin'     ><p>\n<style type=\"text\/css\" data-created_by=\"avia_inline_auto\" id=\"style-css-av-kg2e348v-9dfc87fed7cb4584ae2c116cf1ed7806\">\n#top .av-special-heading.av-kg2e348v-9dfc87fed7cb4584ae2c116cf1ed7806{\npadding-bottom:3px;\ncolor:#022972;\n}\nbody .av-special-heading.av-kg2e348v-9dfc87fed7cb4584ae2c116cf1ed7806 .av-special-heading-tag .heading-char{\nfont-size:25px;\n}\n.av-special-heading.av-kg2e348v-9dfc87fed7cb4584ae2c116cf1ed7806 .special-heading-inner-border{\nborder-color:#022972;\n}\n.av-special-heading.av-kg2e348v-9dfc87fed7cb4584ae2c116cf1ed7806 .av-subheading{\nfont-size:15px;\n}\n\n@media only screen and (min-width: 768px) and (max-width: 989px){ \n#top #wrap_all .av-special-heading.av-kg2e348v-9dfc87fed7cb4584ae2c116cf1ed7806 .av-special-heading-tag{\nfont-size:12px;\n}\n}\n<\/style>\n<div  class='av-special-heading av-kg2e348v-9dfc87fed7cb4584ae2c116cf1ed7806 av-special-heading-h3 custom-color-heading  avia-builder-el-17  el_before_av_social_share  avia-builder-el-first  av-linked-heading'><h3 class='av-special-heading-tag '  itemprop=\"headline\"  >PARTAGEZ LE CONTENU DE CETTE PAGE<\/h3><div class=\"special-heading-border\"><div class=\"special-heading-inner-border\"><\/div><\/div><\/div><br \/>\n<div  class='av-social-sharing-box av-jxugcbjf-1b1b753827f0a4b17bd435b61c5d3eb0 av-social-sharing-box-default  avia-builder-el-18  el_after_av_heading  avia-builder-el-last  av-social-sharing-box-fullwidth'><div class=\"av-share-box\"><ul class=\"av-share-box-list noLightbox\"><li class='av-share-link av-social-link-facebook avia_social_iconfont' ><a target=\"_blank\" aria-label=\"Partager sur Facebook\" href='https:\/\/www.facebook.com\/sharer.php?u=https:\/\/www.sparcraft.com\/fr\/bomes-et-accessoires\/support-technique-bomes\/infos-techniques-bomes\/&#038;t=Infos%20Techniques%20B%C3%B4mes' data-av_icon='\ue8f3' data-av_iconfont='entypo-fontello'  title='' data-avia-related-tooltip='Partager sur Facebook'><span class='avia_hidden_link_text'>Partager sur Facebook<\/span><\/a><\/li><li class='av-share-link av-social-link-twitter avia_social_iconfont' ><a target=\"_blank\" aria-label=\"Partager sur X\" href='https:\/\/twitter.com\/share?text=Infos%20Techniques%20B%C3%B4mes&#038;url=https:\/\/www.sparcraft.com\/fr\/?p=31619' data-av_icon='\ue932' data-av_iconfont='entypo-fontello'  title='' data-avia-related-tooltip='Partager sur X'><span class='avia_hidden_link_text'>Partager sur X<\/span><\/a><\/li><li class='av-share-link av-social-link-linkedin avia_social_iconfont' ><a target=\"_blank\" aria-label=\"Partager sur LinkedIn\" href='https:\/\/linkedin.com\/shareArticle?mini=true&#038;title=Infos%20Techniques%20B%C3%B4mes&#038;url=https:\/\/www.sparcraft.com\/fr\/bomes-et-accessoires\/support-technique-bomes\/infos-techniques-bomes\/' data-av_icon='\ue8fc' data-av_iconfont='entypo-fontello'  title='' data-avia-related-tooltip='Partager sur LinkedIn'><span class='avia_hidden_link_text'>Partager sur LinkedIn<\/span><\/a><\/li><li class='av-share-link av-social-link-mail avia_social_iconfont' ><a  aria-label=\"Partager par Mail\" href='mailto:?subject=Infos%20Techniques%20B%C3%B4mes&#038;body=https:\/\/www.sparcraft.com\/fr\/bomes-et-accessoires\/support-technique-bomes\/infos-techniques-bomes\/' data-av_icon='\ue805' data-av_iconfont='entypo-fontello'  title='' data-avia-related-tooltip='Partager par Mail'><span class='avia_hidden_link_text'>Partager par Mail<\/span><\/a><\/li><\/ul><\/div><\/div><\/p><\/div>\n","protected":false},"excerpt":{"rendered":"","protected":false},"author":2,"featured_media":0,"parent":31600,"menu_order":61,"comment_status":"closed","ping_status":"closed","template":"","meta":{"footnotes":""},"class_list":["post-31619","page","type-page","status-publish","hentry"],"yoast_head":"<!-- This site is optimized with the Yoast SEO plugin v27.4 - https:\/\/yoast.com\/product\/yoast-seo-wordpress\/ -->\n<title>Infos Techniques B\u00f4mes - Sparcraft<\/title>\n<meta name=\"description\" content=\"Emmagasineurs Facnor pour voiles volantes FX+. Facnor poss\u00e8de plus de 30 ans d&#039;exp\u00e9rience dans le domaine des emmagasineurs.\" \/>\n<meta name=\"robots\" content=\"index, follow, max-snippet:-1, max-image-preview:large, max-video-preview:-1\" \/>\n<link rel=\"canonical\" href=\"https:\/\/www.sparcraft.com\/fr\/bomes-et-accessoires\/support-technique-bomes\/infos-techniques-bomes\/\" \/>\n<meta property=\"og:locale\" content=\"fr_FR\" \/>\n<meta property=\"og:type\" content=\"article\" \/>\n<meta property=\"og:title\" content=\"Infos Techniques B\u00f4mes - Sparcraft\" \/>\n<meta property=\"og:description\" content=\"Emmagasineurs Facnor pour voiles volantes FX+. Facnor poss\u00e8de plus de 30 ans d&#039;exp\u00e9rience dans le domaine des emmagasineurs.\" \/>\n<meta property=\"og:url\" content=\"https:\/\/www.sparcraft.com\/fr\/bomes-et-accessoires\/support-technique-bomes\/infos-techniques-bomes\/\" \/>\n<meta property=\"og:site_name\" content=\"Sparcraft\" \/>\n<meta property=\"article:modified_time\" content=\"2023-03-20T10:16:40+00:00\" \/>\n<meta name=\"twitter:card\" content=\"summary_large_image\" \/>\n<meta name=\"twitter:label1\" content=\"Dur\u00e9e de lecture estim\u00e9e\" \/>\n\t<meta name=\"twitter:data1\" content=\"4 minutes\" \/>\n<script type=\"application\/ld+json\" class=\"yoast-schema-graph\">{\"@context\":\"https:\\\/\\\/schema.org\",\"@graph\":[{\"@type\":\"WebPage\",\"@id\":\"https:\\\/\\\/www.sparcraft.com\\\/fr\\\/bomes-et-accessoires\\\/support-technique-bomes\\\/infos-techniques-bomes\\\/\",\"url\":\"https:\\\/\\\/www.sparcraft.com\\\/fr\\\/bomes-et-accessoires\\\/support-technique-bomes\\\/infos-techniques-bomes\\\/\",\"name\":\"Infos Techniques B\u00f4mes - Sparcraft\",\"isPartOf\":{\"@id\":\"https:\\\/\\\/www.sparcraft.com\\\/fr\\\/#website\"},\"datePublished\":\"2020-10-09T13:14:41+00:00\",\"dateModified\":\"2023-03-20T10:16:40+00:00\",\"description\":\"Emmagasineurs Facnor pour voiles volantes FX+. Facnor poss\u00e8de plus de 30 ans d'exp\u00e9rience dans le domaine des emmagasineurs.\",\"breadcrumb\":{\"@id\":\"https:\\\/\\\/www.sparcraft.com\\\/fr\\\/bomes-et-accessoires\\\/support-technique-bomes\\\/infos-techniques-bomes\\\/#breadcrumb\"},\"inLanguage\":\"fr-FR\",\"potentialAction\":[{\"@type\":\"ReadAction\",\"target\":[\"https:\\\/\\\/www.sparcraft.com\\\/fr\\\/bomes-et-accessoires\\\/support-technique-bomes\\\/infos-techniques-bomes\\\/\"]}]},{\"@type\":\"BreadcrumbList\",\"@id\":\"https:\\\/\\\/www.sparcraft.com\\\/fr\\\/bomes-et-accessoires\\\/support-technique-bomes\\\/infos-techniques-bomes\\\/#breadcrumb\",\"itemListElement\":[{\"@type\":\"ListItem\",\"position\":1,\"name\":\"B\u00f4mes &#038; Accessoires\",\"item\":\"https:\\\/\\\/www.sparcraft.com\\\/fr\\\/bomes-et-accessoires\\\/\"},{\"@type\":\"ListItem\",\"position\":2,\"name\":\"Support technique b\u00f4mes\",\"item\":\"https:\\\/\\\/www.sparcraft.com\\\/fr\\\/bomes-et-accessoires\\\/support-technique-bomes\\\/\"},{\"@type\":\"ListItem\",\"position\":3,\"name\":\"Infos Techniques B\u00f4mes\"}]},{\"@type\":\"WebSite\",\"@id\":\"https:\\\/\\\/www.sparcraft.com\\\/fr\\\/#website\",\"url\":\"https:\\\/\\\/www.sparcraft.com\\\/fr\\\/\",\"name\":\"Sparcraft\",\"description\":\"Mast &amp; Rigging\",\"potentialAction\":[{\"@type\":\"SearchAction\",\"target\":{\"@type\":\"EntryPoint\",\"urlTemplate\":\"https:\\\/\\\/www.sparcraft.com\\\/fr\\\/?s={search_term_string}\"},\"query-input\":{\"@type\":\"PropertyValueSpecification\",\"valueRequired\":true,\"valueName\":\"search_term_string\"}}],\"inLanguage\":\"fr-FR\"}]}<\/script>\n<!-- \/ Yoast SEO plugin. -->","yoast_head_json":{"title":"Infos Techniques B\u00f4mes - Sparcraft","description":"Emmagasineurs Facnor pour voiles volantes FX+. Facnor poss\u00e8de plus de 30 ans d'exp\u00e9rience dans le domaine des emmagasineurs.","robots":{"index":"index","follow":"follow","max-snippet":"max-snippet:-1","max-image-preview":"max-image-preview:large","max-video-preview":"max-video-preview:-1"},"canonical":"https:\/\/www.sparcraft.com\/fr\/bomes-et-accessoires\/support-technique-bomes\/infos-techniques-bomes\/","og_locale":"fr_FR","og_type":"article","og_title":"Infos Techniques B\u00f4mes - Sparcraft","og_description":"Emmagasineurs Facnor pour voiles volantes FX+. Facnor poss\u00e8de plus de 30 ans d'exp\u00e9rience dans le domaine des emmagasineurs.","og_url":"https:\/\/www.sparcraft.com\/fr\/bomes-et-accessoires\/support-technique-bomes\/infos-techniques-bomes\/","og_site_name":"Sparcraft","article_modified_time":"2023-03-20T10:16:40+00:00","twitter_card":"summary_large_image","twitter_misc":{"Dur\u00e9e de lecture estim\u00e9e":"4 minutes"},"schema":{"@context":"https:\/\/schema.org","@graph":[{"@type":"WebPage","@id":"https:\/\/www.sparcraft.com\/fr\/bomes-et-accessoires\/support-technique-bomes\/infos-techniques-bomes\/","url":"https:\/\/www.sparcraft.com\/fr\/bomes-et-accessoires\/support-technique-bomes\/infos-techniques-bomes\/","name":"Infos Techniques B\u00f4mes - Sparcraft","isPartOf":{"@id":"https:\/\/www.sparcraft.com\/fr\/#website"},"datePublished":"2020-10-09T13:14:41+00:00","dateModified":"2023-03-20T10:16:40+00:00","description":"Emmagasineurs Facnor pour voiles volantes FX+. Facnor poss\u00e8de plus de 30 ans d'exp\u00e9rience dans le domaine des emmagasineurs.","breadcrumb":{"@id":"https:\/\/www.sparcraft.com\/fr\/bomes-et-accessoires\/support-technique-bomes\/infos-techniques-bomes\/#breadcrumb"},"inLanguage":"fr-FR","potentialAction":[{"@type":"ReadAction","target":["https:\/\/www.sparcraft.com\/fr\/bomes-et-accessoires\/support-technique-bomes\/infos-techniques-bomes\/"]}]},{"@type":"BreadcrumbList","@id":"https:\/\/www.sparcraft.com\/fr\/bomes-et-accessoires\/support-technique-bomes\/infos-techniques-bomes\/#breadcrumb","itemListElement":[{"@type":"ListItem","position":1,"name":"B\u00f4mes &#038; Accessoires","item":"https:\/\/www.sparcraft.com\/fr\/bomes-et-accessoires\/"},{"@type":"ListItem","position":2,"name":"Support technique b\u00f4mes","item":"https:\/\/www.sparcraft.com\/fr\/bomes-et-accessoires\/support-technique-bomes\/"},{"@type":"ListItem","position":3,"name":"Infos Techniques B\u00f4mes"}]},{"@type":"WebSite","@id":"https:\/\/www.sparcraft.com\/fr\/#website","url":"https:\/\/www.sparcraft.com\/fr\/","name":"Sparcraft","description":"Mast &amp; Rigging","potentialAction":[{"@type":"SearchAction","target":{"@type":"EntryPoint","urlTemplate":"https:\/\/www.sparcraft.com\/fr\/?s={search_term_string}"},"query-input":{"@type":"PropertyValueSpecification","valueRequired":true,"valueName":"search_term_string"}}],"inLanguage":"fr-FR"}]}},"_links":{"self":[{"href":"https:\/\/www.sparcraft.com\/fr\/wp-json\/wp\/v2\/pages\/31619","targetHints":{"allow":["GET"]}}],"collection":[{"href":"https:\/\/www.sparcraft.com\/fr\/wp-json\/wp\/v2\/pages"}],"about":[{"href":"https:\/\/www.sparcraft.com\/fr\/wp-json\/wp\/v2\/types\/page"}],"author":[{"embeddable":true,"href":"https:\/\/www.sparcraft.com\/fr\/wp-json\/wp\/v2\/users\/2"}],"replies":[{"embeddable":true,"href":"https:\/\/www.sparcraft.com\/fr\/wp-json\/wp\/v2\/comments?post=31619"}],"version-history":[{"count":0,"href":"https:\/\/www.sparcraft.com\/fr\/wp-json\/wp\/v2\/pages\/31619\/revisions"}],"up":[{"embeddable":true,"href":"https:\/\/www.sparcraft.com\/fr\/wp-json\/wp\/v2\/pages\/31600"}],"wp:attachment":[{"href":"https:\/\/www.sparcraft.com\/fr\/wp-json\/wp\/v2\/media?parent=31619"}],"curies":[{"name":"wp","href":"https:\/\/api.w.org\/{rel}","templated":true}]}}