{"id":31615,"date":"2021-01-06T15:02:05","date_gmt":"2021-01-06T14:02:05","guid":{"rendered":"https:\/\/www.sparcraft.com\/catalogue-tarifs\/"},"modified":"2026-01-16T17:12:27","modified_gmt":"2026-01-16T16:12:27","slug":"catalogue-tarifs","status":"publish","type":"page","link":"https:\/\/www.sparcraft.com\/fr\/catalogue-tarifs\/","title":{"rendered":"CATALOGUE &#038; TARIFS"},"content":{"rendered":"\n<style type=\"text\/css\" data-created_by=\"avia_inline_auto\" id=\"style-css-av-2eekzf-3bbee0a2608f6811064ad0f3b267ea7c\">\n.flex_column.av-2eekzf-3bbee0a2608f6811064ad0f3b267ea7c{\nborder-radius:0px 0px 0px 0px;\npadding:0px 0px 0px 0px;\n}\n<\/style>\n<div  class='flex_column av-2eekzf-3bbee0a2608f6811064ad0f3b267ea7c av_one_full  avia-builder-el-0  el_before_av_one_half  avia-builder-el-first  first flex_column_div av-zero-column-padding  '     ><p><div  class='avia-buttonrow-wrap av-kjli0107-73dfa9577971dcd64012ed0f43300f8d avia-buttonrow-center  avia-builder-el-1  el_before_av_hr  avia-builder-el-first '>\n\n<style type=\"text\/css\" data-created_by=\"avia_inline_auto\" id=\"style-css-av-3nisejf-bf67aef0bb75b52a39aacde95be6eb87\">\n#top #wrap_all .avia-button.av-3nisejf-bf67aef0bb75b52a39aacde95be6eb87{\nbackground-color:#09afd0;\nborder-color:#09afd0;\ncolor:#ffffff;\ntransition:all 0.4s ease-in-out;\nmargin-bottom:5px;\nmargin-right:3px;\nmargin-left:3px;\n}\n#top #wrap_all .avia-button.av-3nisejf-bf67aef0bb75b52a39aacde95be6eb87 .avia-svg-icon svg:first-child{\nfill:#ffffff;\nstroke:#ffffff;\n}\n<\/style>\n<a href='https:\/\/drive.google.com\/file\/d\/1Yb1wK1VkMWR-3nsCjTrzX3jhxsD3I-Jt\/view?usp=sharing'  class='avia-button av-3nisejf-bf67aef0bb75b52a39aacde95be6eb87 avia-icon_select-yes-left-icon avia-size-large'  target=\"_blank\"  rel=\"noopener noreferrer\"  aria-label=\"CATALOGUE\"><span class='avia_button_icon avia_button_icon_left avia-iconfont avia-font-entypo-fontello' data-av_icon='\ue84e' data-av_iconfont='entypo-fontello' ><\/span><span class='avia_iconbox_title' >CATALOGUE<\/span><\/a>\n\n<style type=\"text\/css\" data-created_by=\"avia_inline_auto\" id=\"style-css-av-2sz2n23-1-ccbaa1fae47d2a7b5b90c7cfde45c856\">\n#top #wrap_all .avia-button.av-2sz2n23-1-ccbaa1fae47d2a7b5b90c7cfde45c856{\nbackground-color:#09afd0;\nborder-color:#09afd0;\ncolor:#ffffff;\ntransition:all 0.4s ease-in-out;\nmargin-bottom:5px;\nmargin-right:3px;\nmargin-left:3px;\n}\n#top #wrap_all .avia-button.av-2sz2n23-1-ccbaa1fae47d2a7b5b90c7cfde45c856 .avia-svg-icon svg:first-child{\nfill:#ffffff;\nstroke:#ffffff;\n}\n<\/style>\n<a href='https:\/\/drive.google.com\/file\/d\/15ACjaxgeX1wl9qpVwCCFnG4CByHrAwf8\/view?usp=share_link'  class='avia-button av-2sz2n23-1-ccbaa1fae47d2a7b5b90c7cfde45c856 avia-icon_select-yes-left-icon avia-size-large'  target=\"_blank\"  rel=\"noopener noreferrer\"  aria-label=\"TARIFS 2026\"><span class='avia_button_icon avia_button_icon_left avia-iconfont avia-font-entypo-fontello' data-av_icon='\ue84e' data-av_iconfont='entypo-fontello' ><\/span><span class='avia_iconbox_title' >TARIFS 2026<\/span><\/a>\n\n<style type=\"text\/css\" data-created_by=\"avia_inline_auto\" id=\"style-css-av-2sz2n23-1-1-ea73af9990e5ec3030cfd670f6fdd0d1\">\n#top #wrap_all .avia-button.av-2sz2n23-1-1-ea73af9990e5ec3030cfd670f6fdd0d1{\nbackground-color:#09afd0;\nborder-color:#09afd0;\ncolor:#ffffff;\ntransition:all 0.4s ease-in-out;\nmargin-bottom:5px;\nmargin-right:3px;\nmargin-left:3px;\n}\n#top #wrap_all .avia-button.av-2sz2n23-1-1-ea73af9990e5ec3030cfd670f6fdd0d1 .avia-svg-icon svg:first-child{\nfill:#ffffff;\nstroke:#ffffff;\n}\n<\/style>\n<a href='https:\/\/www.sparcraft.com\/wp-content\/uploads\/2025\/07\/catalogue_Sparcraftrigging_2025_web.pdf'  class='avia-button av-2sz2n23-1-1-ea73af9990e5ec3030cfd670f6fdd0d1 avia-icon_select-yes-left-icon avia-size-large'  target=\"_blank\"  rel=\"noopener noreferrer\"  aria-label=\"CATALOGUE RIGGING\"><span class='avia_button_icon avia_button_icon_left avia-iconfont avia-font-entypo-fontello' data-av_icon='\ue84e' data-av_iconfont='entypo-fontello' ><\/span><span class='avia_iconbox_title' >CATALOGUE RIGGING<\/span><\/a>\n<\/div><br \/>\n<div  class='hr av-m3bezf-cfcc930523d214a5bb1e7e13b3396d39 hr-default  avia-builder-el-2  el_after_av_buttonrow  el_before_av_textblock '><span class='hr-inner '><span class=\"hr-inner-style\"><\/span><\/span><\/div><br \/>\n<section  class='av_textblock_section av-kjlicfpd-a0b307c9aa014f4646cdb7c8ec450ee4 '   itemscope=\"itemscope\" itemtype=\"https:\/\/schema.org\/CreativeWork\" ><div class='avia_textblock'  itemprop=\"text\" ><p style=\"text-align: center;\"><span style=\"color: #022972;\">LES CATALOGUES ET LES INFORMATIONS PRODUITS NE SONT DONN\u00c9ES QU&rsquo;\u00c0 TITRE INDICATIF.<\/span><\/p>\n<p style=\"text-align: center;\"><span style=\"color: #022972;\">VOUS DEVEZ VOUS RAPPROCHER DE NOS AGENTS POUR TOUTE COMMANDE.<\/span><\/p>\n<\/div><\/section><\/p><\/div><div  class='flex_column av-17tgke3-b67a7dff525d5254661f0dd6d5f64e43 av_one_half  avia-builder-el-4  el_after_av_one_full  el_before_av_one_half  first flex_column_div  column-top-margin'     ><section  class='av_textblock_section av-kb9e5tqp-3f8c25035f4fba6d0e202e62e85ea28e '   itemscope=\"itemscope\" itemtype=\"https:\/\/schema.org\/CreativeWork\" ><div class='avia_textblock'  itemprop=\"text\" ><h2><span style=\"color: #005299;\"><strong>Service clients<\/strong><\/span><\/h2>\n<p><strong>&gt;<\/strong> Un r\u00e9seau commercial international offrant un service apr\u00e8s-vente rapide et efficace dans 35 pays;<\/p>\n<p><strong>&gt;<\/strong> Un r\u00e9seau \u00e9tendu de professionnels sur les c\u00f4tes Fran\u00e7aises.<\/p>\n<p><strong>&gt; <\/strong>L&rsquo;appui logistique d&rsquo;un Groupe tr\u00e8s pr\u00e9sent \u00e0 l&rsquo;international<\/p>\n<p style=\"text-align: right;\"><a href=\"https:\/\/www.sparcraft.com\/revendeurs\/\"><span style=\"color: #005299;\">Voir R\u00e9seau d&rsquo;agents Sparcraft<\/span><\/a><\/p>\n<\/div><\/section><\/div><\/p>\n<div  class='flex_column av-vxswkb-a79e2148469e70d83b441066d94622d1 av_one_half  avia-builder-el-6  el_after_av_one_half  el_before_av_one_full  flex_column_div  column-top-margin'     ><section  class='av_textblock_section av-lausa7bp-70e52f03575b074d98650d34b53eef69 '   itemscope=\"itemscope\" itemtype=\"https:\/\/schema.org\/CreativeWork\" ><div class='avia_textblock'  itemprop=\"text\" ><p><a href=\"https:\/\/www.sparcraft.com\/revendeurs\/\"><img loading=\"lazy\" decoding=\"async\" class=\"aligncenter wp-image-30595 size-medium\" src=\"https:\/\/www.sparcraft.com\/wp-content\/uploads\/2022\/11\/revendeur-300x300.jpg\" alt=\"\" width=\"300\" height=\"300\" srcset=\"https:\/\/www.sparcraft.com\/wp-content\/uploads\/2022\/11\/revendeur-300x300.jpg 300w, https:\/\/www.sparcraft.com\/wp-content\/uploads\/2022\/11\/revendeur-80x80.jpg 80w, https:\/\/www.sparcraft.com\/wp-content\/uploads\/2022\/11\/revendeur-768x768.jpg 768w, https:\/\/www.sparcraft.com\/wp-content\/uploads\/2022\/11\/revendeur-36x36.jpg 36w, https:\/\/www.sparcraft.com\/wp-content\/uploads\/2022\/11\/revendeur-180x180.jpg 180w, https:\/\/www.sparcraft.com\/wp-content\/uploads\/2022\/11\/revendeur-705x705.jpg 705w, https:\/\/www.sparcraft.com\/wp-content\/uploads\/2022\/11\/revendeur-120x120.jpg 120w, https:\/\/www.sparcraft.com\/wp-content\/uploads\/2022\/11\/revendeur-450x450.jpg 450w, https:\/\/www.sparcraft.com\/wp-content\/uploads\/2022\/11\/revendeur-600x600.jpg 600w, https:\/\/www.sparcraft.com\/wp-content\/uploads\/2022\/11\/revendeur-100x100.jpg 100w, https:\/\/www.sparcraft.com\/wp-content\/uploads\/2022\/11\/revendeur.jpg 787w\" sizes=\"auto, (max-width: 300px) 100vw, 300px\" \/><\/a><\/p>\n<\/div><\/section><\/div>\n\n<style type=\"text\/css\" data-created_by=\"avia_inline_auto\" id=\"style-css-av-2qzpry-76c1fec0a15103334ffc35dd29c65c41\">\n.flex_column.av-2qzpry-76c1fec0a15103334ffc35dd29c65c41{\nborder-radius:0px 0px 0px 0px;\npadding:0px 0px 0px 0px;\n}\n<\/style>\n<div  class='flex_column av-2qzpry-76c1fec0a15103334ffc35dd29c65c41 av_one_full  avia-builder-el-8  el_after_av_one_half  el_before_av_one_full  first flex_column_div av-zero-column-padding  column-top-margin'     ><\/div>\n\n<style type=\"text\/css\" data-created_by=\"avia_inline_auto\" id=\"style-css-av-eufo7-4e80f01e91adeb4483d457fbb972545b\">\n.flex_column.av-eufo7-4e80f01e91adeb4483d457fbb972545b{\nborder-radius:0px 0px 0px 0px;\npadding:0px 0px 0px 0px;\n}\n<\/style>\n<div  class='flex_column av-eufo7-4e80f01e91adeb4483d457fbb972545b av_one_full  avia-builder-el-9  el_after_av_one_full  avia-builder-el-last  first flex_column_div av-zero-column-padding  column-top-margin'     ><p>\n<style type=\"text\/css\" data-created_by=\"avia_inline_auto\" id=\"style-css-av-8q7fj-421c88a668f3fab3d02d9fb47f8638df\">\n#top .av-special-heading.av-8q7fj-421c88a668f3fab3d02d9fb47f8638df{\npadding-bottom:3px;\ncolor:#022972;\n}\nbody .av-special-heading.av-8q7fj-421c88a668f3fab3d02d9fb47f8638df .av-special-heading-tag .heading-char{\nfont-size:25px;\n}\n.av-special-heading.av-8q7fj-421c88a668f3fab3d02d9fb47f8638df .special-heading-inner-border{\nborder-color:#022972;\n}\n.av-special-heading.av-8q7fj-421c88a668f3fab3d02d9fb47f8638df .av-subheading{\nfont-size:15px;\n}\n\n@media only screen and (min-width: 768px) and (max-width: 989px){ \n#top #wrap_all .av-special-heading.av-8q7fj-421c88a668f3fab3d02d9fb47f8638df .av-special-heading-tag{\nfont-size:12px;\n}\n}\n<\/style>\n<div  class='av-special-heading av-8q7fj-421c88a668f3fab3d02d9fb47f8638df av-special-heading-h3 custom-color-heading  avia-builder-el-10  el_before_av_social_share  avia-builder-el-first  av-linked-heading'><h3 class='av-special-heading-tag '  itemprop=\"headline\"  >PARTAGEZ LE CONTENU DE CETTE PAGE<\/h3><div class=\"special-heading-border\"><div class=\"special-heading-inner-border\"><\/div><\/div><\/div><br \/>\n<div  class='av-social-sharing-box av-jxugcbjf-1b1b753827f0a4b17bd435b61c5d3eb0 av-social-sharing-box-default  avia-builder-el-11  el_after_av_heading  avia-builder-el-last  av-social-sharing-box-fullwidth'><div class=\"av-share-box\"><ul class=\"av-share-box-list noLightbox\"><li class='av-share-link av-social-link-facebook avia_social_iconfont' ><a target=\"_blank\" aria-label=\"Partager sur Facebook\" href='https:\/\/www.facebook.com\/sharer.php?u=https:\/\/www.sparcraft.com\/fr\/catalogue-tarifs\/&#038;t=CATALOGUE%20%26%20TARIFS' data-av_icon='\ue8f3' data-av_iconfont='entypo-fontello'  title='' data-avia-related-tooltip='Partager sur Facebook'><span class='avia_hidden_link_text'>Partager sur Facebook<\/span><\/a><\/li><li class='av-share-link av-social-link-twitter avia_social_iconfont' ><a target=\"_blank\" aria-label=\"Partager sur X\" href='https:\/\/twitter.com\/share?text=CATALOGUE%20%26%20TARIFS&#038;url=https:\/\/www.sparcraft.com\/fr\/?p=31615' data-av_icon='\ue932' data-av_iconfont='entypo-fontello'  title='' data-avia-related-tooltip='Partager sur X'><span class='avia_hidden_link_text'>Partager sur X<\/span><\/a><\/li><li class='av-share-link av-social-link-linkedin avia_social_iconfont' ><a target=\"_blank\" aria-label=\"Partager sur LinkedIn\" href='https:\/\/linkedin.com\/shareArticle?mini=true&#038;title=CATALOGUE%20%26%20TARIFS&#038;url=https:\/\/www.sparcraft.com\/fr\/catalogue-tarifs\/' data-av_icon='\ue8fc' data-av_iconfont='entypo-fontello'  title='' data-avia-related-tooltip='Partager sur LinkedIn'><span class='avia_hidden_link_text'>Partager sur LinkedIn<\/span><\/a><\/li><li class='av-share-link av-social-link-mail avia_social_iconfont' ><a  aria-label=\"Partager par Mail\" href='mailto:?subject=CATALOGUE%20%26%20TARIFS&#038;body=https:\/\/www.sparcraft.com\/fr\/catalogue-tarifs\/' data-av_icon='\ue805' data-av_iconfont='entypo-fontello'  title='' data-avia-related-tooltip='Partager par Mail'><span class='avia_hidden_link_text'>Partager par Mail<\/span><\/a><\/li><\/ul><\/div><\/div><\/p><\/div>\n","protected":false},"excerpt":{"rendered":"","protected":false},"author":2,"featured_media":0,"parent":0,"menu_order":42,"comment_status":"closed","ping_status":"closed","template":"","meta":{"footnotes":""},"class_list":["post-31615","page","type-page","status-publish","hentry"],"yoast_head":"<!-- This site is optimized with the Yoast SEO plugin v27.5 - https:\/\/yoast.com\/product\/yoast-seo-wordpress\/ -->\n<title>CATALOGUE &amp; TARIFS - Sparcraft<\/title>\n<meta name=\"description\" content=\"Catalogue et tarifs Sparcraft, l&#039;un des leader mondiaux des m\u00e2ts et gr\u00e9ements. cr\u00e9\u00e9 en 1962 l&#039;entreprise fran\u00e7aise a ax\u00e9 son d\u00e9veloppement sur la performance et la qualit\u00e9.\" \/>\n<meta name=\"robots\" content=\"index, follow, max-snippet:-1, max-image-preview:large, max-video-preview:-1\" \/>\n<link rel=\"canonical\" href=\"https:\/\/www.sparcraft.com\/fr\/catalogue-tarifs\/\" \/>\n<meta property=\"og:locale\" content=\"fr_FR\" \/>\n<meta property=\"og:type\" content=\"article\" \/>\n<meta property=\"og:title\" content=\"CATALOGUE &amp; TARIFS - Sparcraft\" \/>\n<meta property=\"og:description\" content=\"Catalogue et tarifs Sparcraft, l&#039;un des leader mondiaux des m\u00e2ts et gr\u00e9ements. cr\u00e9\u00e9 en 1962 l&#039;entreprise fran\u00e7aise a ax\u00e9 son d\u00e9veloppement sur la performance et la qualit\u00e9.\" \/>\n<meta property=\"og:url\" content=\"https:\/\/www.sparcraft.com\/fr\/catalogue-tarifs\/\" \/>\n<meta property=\"og:site_name\" content=\"Sparcraft\" \/>\n<meta property=\"article:modified_time\" content=\"2026-01-16T16:12:27+00:00\" \/>\n<meta property=\"og:image\" content=\"https:\/\/www.sparcraft.com\/wp-content\/uploads\/2022\/11\/revendeur.jpg\" \/>\n\t<meta property=\"og:image:width\" content=\"787\" \/>\n\t<meta property=\"og:image:height\" content=\"787\" \/>\n\t<meta property=\"og:image:type\" content=\"image\/jpeg\" \/>\n<meta name=\"twitter:card\" content=\"summary_large_image\" \/>\n<meta name=\"twitter:label1\" content=\"Dur\u00e9e de lecture estim\u00e9e\" \/>\n\t<meta name=\"twitter:data1\" content=\"1 minute\" \/>\n<script type=\"application\/ld+json\" class=\"yoast-schema-graph\">{\"@context\":\"https:\\\/\\\/schema.org\",\"@graph\":[{\"@type\":\"WebPage\",\"@id\":\"https:\\\/\\\/www.sparcraft.com\\\/fr\\\/catalogue-tarifs\\\/\",\"url\":\"https:\\\/\\\/www.sparcraft.com\\\/fr\\\/catalogue-tarifs\\\/\",\"name\":\"CATALOGUE & TARIFS - Sparcraft\",\"isPartOf\":{\"@id\":\"https:\\\/\\\/www.sparcraft.com\\\/fr\\\/#website\"},\"primaryImageOfPage\":{\"@id\":\"https:\\\/\\\/www.sparcraft.com\\\/fr\\\/catalogue-tarifs\\\/#primaryimage\"},\"image\":{\"@id\":\"https:\\\/\\\/www.sparcraft.com\\\/fr\\\/catalogue-tarifs\\\/#primaryimage\"},\"thumbnailUrl\":\"https:\\\/\\\/www.sparcraft.com\\\/wp-content\\\/uploads\\\/2022\\\/11\\\/revendeur-300x300.jpg\",\"datePublished\":\"2021-01-06T14:02:05+00:00\",\"dateModified\":\"2026-01-16T16:12:27+00:00\",\"description\":\"Catalogue et tarifs Sparcraft, l'un des leader mondiaux des m\u00e2ts et gr\u00e9ements. cr\u00e9\u00e9 en 1962 l'entreprise fran\u00e7aise a ax\u00e9 son d\u00e9veloppement sur la performance et la qualit\u00e9.\",\"inLanguage\":\"fr-FR\",\"potentialAction\":[{\"@type\":\"ReadAction\",\"target\":[\"https:\\\/\\\/www.sparcraft.com\\\/fr\\\/catalogue-tarifs\\\/\"]}]},{\"@type\":\"ImageObject\",\"inLanguage\":\"fr-FR\",\"@id\":\"https:\\\/\\\/www.sparcraft.com\\\/fr\\\/catalogue-tarifs\\\/#primaryimage\",\"url\":\"https:\\\/\\\/www.sparcraft.com\\\/wp-content\\\/uploads\\\/2022\\\/11\\\/revendeur-300x300.jpg\",\"contentUrl\":\"https:\\\/\\\/www.sparcraft.com\\\/wp-content\\\/uploads\\\/2022\\\/11\\\/revendeur-300x300.jpg\"},{\"@type\":\"WebSite\",\"@id\":\"https:\\\/\\\/www.sparcraft.com\\\/fr\\\/#website\",\"url\":\"https:\\\/\\\/www.sparcraft.com\\\/fr\\\/\",\"name\":\"Sparcraft\",\"description\":\"Mast &amp; Rigging\",\"potentialAction\":[{\"@type\":\"SearchAction\",\"target\":{\"@type\":\"EntryPoint\",\"urlTemplate\":\"https:\\\/\\\/www.sparcraft.com\\\/fr\\\/?s={search_term_string}\"},\"query-input\":{\"@type\":\"PropertyValueSpecification\",\"valueRequired\":true,\"valueName\":\"search_term_string\"}}],\"inLanguage\":\"fr-FR\"}]}<\/script>\n<!-- \/ Yoast SEO plugin. -->","yoast_head_json":{"title":"CATALOGUE & TARIFS - Sparcraft","description":"Catalogue et tarifs Sparcraft, l'un des leader mondiaux des m\u00e2ts et gr\u00e9ements. cr\u00e9\u00e9 en 1962 l'entreprise fran\u00e7aise a ax\u00e9 son d\u00e9veloppement sur la performance et la qualit\u00e9.","robots":{"index":"index","follow":"follow","max-snippet":"max-snippet:-1","max-image-preview":"max-image-preview:large","max-video-preview":"max-video-preview:-1"},"canonical":"https:\/\/www.sparcraft.com\/fr\/catalogue-tarifs\/","og_locale":"fr_FR","og_type":"article","og_title":"CATALOGUE & TARIFS - Sparcraft","og_description":"Catalogue et tarifs Sparcraft, l'un des leader mondiaux des m\u00e2ts et gr\u00e9ements. cr\u00e9\u00e9 en 1962 l'entreprise fran\u00e7aise a ax\u00e9 son d\u00e9veloppement sur la performance et la qualit\u00e9.","og_url":"https:\/\/www.sparcraft.com\/fr\/catalogue-tarifs\/","og_site_name":"Sparcraft","article_modified_time":"2026-01-16T16:12:27+00:00","og_image":[{"width":787,"height":787,"url":"https:\/\/www.sparcraft.com\/wp-content\/uploads\/2022\/11\/revendeur.jpg","type":"image\/jpeg"}],"twitter_card":"summary_large_image","twitter_misc":{"Dur\u00e9e de lecture estim\u00e9e":"1 minute"},"schema":{"@context":"https:\/\/schema.org","@graph":[{"@type":"WebPage","@id":"https:\/\/www.sparcraft.com\/fr\/catalogue-tarifs\/","url":"https:\/\/www.sparcraft.com\/fr\/catalogue-tarifs\/","name":"CATALOGUE & TARIFS - Sparcraft","isPartOf":{"@id":"https:\/\/www.sparcraft.com\/fr\/#website"},"primaryImageOfPage":{"@id":"https:\/\/www.sparcraft.com\/fr\/catalogue-tarifs\/#primaryimage"},"image":{"@id":"https:\/\/www.sparcraft.com\/fr\/catalogue-tarifs\/#primaryimage"},"thumbnailUrl":"https:\/\/www.sparcraft.com\/wp-content\/uploads\/2022\/11\/revendeur-300x300.jpg","datePublished":"2021-01-06T14:02:05+00:00","dateModified":"2026-01-16T16:12:27+00:00","description":"Catalogue et tarifs Sparcraft, l'un des leader mondiaux des m\u00e2ts et gr\u00e9ements. cr\u00e9\u00e9 en 1962 l'entreprise fran\u00e7aise a ax\u00e9 son d\u00e9veloppement sur la performance et la qualit\u00e9.","inLanguage":"fr-FR","potentialAction":[{"@type":"ReadAction","target":["https:\/\/www.sparcraft.com\/fr\/catalogue-tarifs\/"]}]},{"@type":"ImageObject","inLanguage":"fr-FR","@id":"https:\/\/www.sparcraft.com\/fr\/catalogue-tarifs\/#primaryimage","url":"https:\/\/www.sparcraft.com\/wp-content\/uploads\/2022\/11\/revendeur-300x300.jpg","contentUrl":"https:\/\/www.sparcraft.com\/wp-content\/uploads\/2022\/11\/revendeur-300x300.jpg"},{"@type":"WebSite","@id":"https:\/\/www.sparcraft.com\/fr\/#website","url":"https:\/\/www.sparcraft.com\/fr\/","name":"Sparcraft","description":"Mast &amp; Rigging","potentialAction":[{"@type":"SearchAction","target":{"@type":"EntryPoint","urlTemplate":"https:\/\/www.sparcraft.com\/fr\/?s={search_term_string}"},"query-input":{"@type":"PropertyValueSpecification","valueRequired":true,"valueName":"search_term_string"}}],"inLanguage":"fr-FR"}]}},"_links":{"self":[{"href":"https:\/\/www.sparcraft.com\/fr\/wp-json\/wp\/v2\/pages\/31615","targetHints":{"allow":["GET"]}}],"collection":[{"href":"https:\/\/www.sparcraft.com\/fr\/wp-json\/wp\/v2\/pages"}],"about":[{"href":"https:\/\/www.sparcraft.com\/fr\/wp-json\/wp\/v2\/types\/page"}],"author":[{"embeddable":true,"href":"https:\/\/www.sparcraft.com\/fr\/wp-json\/wp\/v2\/users\/2"}],"replies":[{"embeddable":true,"href":"https:\/\/www.sparcraft.com\/fr\/wp-json\/wp\/v2\/comments?post=31615"}],"version-history":[{"count":2,"href":"https:\/\/www.sparcraft.com\/fr\/wp-json\/wp\/v2\/pages\/31615\/revisions"}],"predecessor-version":[{"id":57755,"href":"https:\/\/www.sparcraft.com\/fr\/wp-json\/wp\/v2\/pages\/31615\/revisions\/57755"}],"wp:attachment":[{"href":"https:\/\/www.sparcraft.com\/fr\/wp-json\/wp\/v2\/media?parent=31615"}],"curies":[{"name":"wp","href":"https:\/\/api.w.org\/{rel}","templated":true}]}}