{"id":31607,"date":"2022-04-14T11:50:21","date_gmt":"2022-04-14T09:50:21","guid":{"rendered":"https:\/\/www.sparcraft.com\/?page_id=31607"},"modified":"2023-05-24T10:05:20","modified_gmt":"2023-05-24T08:05:20","slug":"accessoires-pieds-de-mat","status":"publish","type":"page","link":"https:\/\/www.sparcraft.com\/fr\/mats-sparcraft\/pieds-de-mat\/accessoires-pieds-de-mat\/","title":{"rendered":"Accessoires pieds de m\u00e2t"},"content":{"rendered":"\n<style type=\"text\/css\" data-created_by=\"avia_inline_auto\" id=\"style-css-av-kxel9z-8d9ebeaf085198dc46e34f885ab4ccd6\">\n.flex_column.av-kxel9z-8d9ebeaf085198dc46e34f885ab4ccd6{\nborder-radius:0px 0px 0px 0px;\npadding:0px 0px 0px 0px;\n}\n<\/style>\n<div  class='flex_column av-kxel9z-8d9ebeaf085198dc46e34f885ab4ccd6 av_one_full  avia-builder-el-0  el_before_av_one_half  avia-builder-el-first  first flex_column_div av-zero-column-padding  '     ><style type=\"text\/css\" data-created_by=\"avia_inline_auto\" id=\"style-css-av-lgc9zzir-902bc3f259f3d3781471f64778c18d83\">\n#top .av-special-heading.av-lgc9zzir-902bc3f259f3d3781471f64778c18d83{\npadding-bottom:3px;\ncolor:#022972;\n}\nbody .av-special-heading.av-lgc9zzir-902bc3f259f3d3781471f64778c18d83 .av-special-heading-tag .heading-char{\nfont-size:25px;\n}\n.av-special-heading.av-lgc9zzir-902bc3f259f3d3781471f64778c18d83 .special-heading-inner-border{\nborder-color:#022972;\n}\n.av-special-heading.av-lgc9zzir-902bc3f259f3d3781471f64778c18d83 .av-subheading{\nfont-size:15px;\n}\n\n@media only screen and (min-width: 768px) and (max-width: 989px){ \n#top #wrap_all .av-special-heading.av-lgc9zzir-902bc3f259f3d3781471f64778c18d83 .av-special-heading-tag{\nfont-size:12px;\n}\n}\n<\/style>\n<div  class='av-special-heading av-lgc9zzir-902bc3f259f3d3781471f64778c18d83 av-special-heading-h3 custom-color-heading  avia-builder-el-1  avia-builder-el-no-sibling  av-linked-heading'><h3 class='av-special-heading-tag '  itemprop=\"headline\"  >SOUFFLETS D\u2019\u00c9TANCH\u00c9IT\u00c9<\/h3><div class=\"special-heading-border\"><div class=\"special-heading-inner-border\"><\/div><\/div><\/div><\/div>\n<div  class='flex_column av-t0yilw-20f6808e276c923413364458e0ae198f av_one_half  avia-builder-el-2  el_after_av_one_full  el_before_av_one_half  first flex_column_div  column-top-margin'     ><\/div>\n<div  class='flex_column av-jnx2nr-4deecd28cd4e48e45f45258494c05e0f av_one_half  avia-builder-el-4  el_after_av_one_half  el_before_av_one_full  flex_column_div  column-top-margin'     ><p>\n<style type=\"text\/css\" data-created_by=\"avia_inline_auto\" id=\"style-css-av-lgc9g4wo-d7132e10b74e0148a5d8914efe4c9f4f\">\n.avia-image-container.av-lgc9g4wo-d7132e10b74e0148a5d8914efe4c9f4f img.avia_image{\nbox-shadow:none;\n}\n.avia-image-container.av-lgc9g4wo-d7132e10b74e0148a5d8914efe4c9f4f .av-image-caption-overlay-center{\ncolor:#ffffff;\n}\n<\/style>\n<div  class='avia-image-container av-lgc9g4wo-d7132e10b74e0148a5d8914efe4c9f4f av-styling- avia-align-center  avia-builder-el-5  el_before_av_textblock  avia-builder-el-first '   itemprop=\"image\" itemscope=\"itemscope\" itemtype=\"https:\/\/schema.org\/ImageObject\" ><div class=\"avia-image-container-inner\"><div class=\"avia-image-overlay-wrap\"><img decoding=\"async\" fetchpriority=\"high\" class='wp-image-32625 avia-img-lazy-loading-not-32625 avia_image ' src=\"https:\/\/www.sparcraft.com\/wp-content\/uploads\/2023\/04\/soufflet-237x300.jpg\" alt='' title='soufflet'  height=\"300\" width=\"237\"  itemprop=\"thumbnailUrl\" srcset=\"https:\/\/www.sparcraft.com\/wp-content\/uploads\/2023\/04\/soufflet-237x300.jpg 237w, https:\/\/www.sparcraft.com\/wp-content\/uploads\/2023\/04\/soufflet-558x705.jpg 558w, https:\/\/www.sparcraft.com\/wp-content\/uploads\/2023\/04\/soufflet-450x568.jpg 450w, https:\/\/www.sparcraft.com\/wp-content\/uploads\/2023\/04\/soufflet-600x758.jpg 600w, https:\/\/www.sparcraft.com\/wp-content\/uploads\/2023\/04\/soufflet.jpg 676w\" sizes=\"(max-width: 237px) 100vw, 237px\" \/><\/div><\/div><\/div><br \/>\n<section  class='av_textblock_section av-lgc9x9q8-9df0357f5b2a89c4101c372a0a8f3d39 '   itemscope=\"itemscope\" itemtype=\"https:\/\/schema.org\/CreativeWork\" ><div class='avia_textblock'  itemprop=\"text\" ><p style=\"text-align: right;\">Colliers de serrage inox 14 mm : 36071225010<\/p>\n<p style=\"text-align: right;\">T\u00eate de collier \u00f8 14 : 36071200000<\/p>\n<\/div><\/section><\/p><\/div>\n\n<style type=\"text\/css\" data-created_by=\"avia_inline_auto\" id=\"style-css-av-le0jet-b067109b734738dcba023be2c8e64191\">\n.flex_column.av-le0jet-b067109b734738dcba023be2c8e64191{\nborder-radius:0px 0px 0px 0px;\npadding:0px 0px 0px 0px;\n}\n<\/style>\n<div  class='flex_column av-le0jet-b067109b734738dcba023be2c8e64191 av_one_full  avia-builder-el-7  el_after_av_one_half  el_before_av_one_full  first flex_column_div av-zero-column-padding  column-top-margin'     ><style type=\"text\/css\" data-created_by=\"avia_inline_auto\" id=\"style-css-av-l1euks7x-fac78a0a4f174bc32b597821271d7771\">\n#top .av-special-heading.av-l1euks7x-fac78a0a4f174bc32b597821271d7771{\npadding-bottom:3px;\ncolor:#022972;\n}\nbody .av-special-heading.av-l1euks7x-fac78a0a4f174bc32b597821271d7771 .av-special-heading-tag .heading-char{\nfont-size:25px;\n}\n.av-special-heading.av-l1euks7x-fac78a0a4f174bc32b597821271d7771 .special-heading-inner-border{\nborder-color:#022972;\n}\n.av-special-heading.av-l1euks7x-fac78a0a4f174bc32b597821271d7771 .av-subheading{\nfont-size:15px;\n}\n\n@media only screen and (min-width: 768px) and (max-width: 989px){ \n#top #wrap_all .av-special-heading.av-l1euks7x-fac78a0a4f174bc32b597821271d7771 .av-special-heading-tag{\nfont-size:12px;\n}\n}\n<\/style>\n<div  class='av-special-heading av-l1euks7x-fac78a0a4f174bc32b597821271d7771 av-special-heading-h3 custom-color-heading  avia-builder-el-8  avia-builder-el-no-sibling  av-linked-heading'><h3 class='av-special-heading-tag '  itemprop=\"headline\"  >AXES <span class='special_amp'>&amp;<\/span> PONTETS<\/h3><div class=\"special-heading-border\"><div class=\"special-heading-inner-border\"><\/div><\/div><\/div><\/div>\n\n<style type=\"text\/css\" data-created_by=\"avia_inline_auto\" id=\"style-css-av-1850gt3-a00fa878c8d0c908e4a93b73c643d17f\">\n.flex_column.av-1850gt3-a00fa878c8d0c908e4a93b73c643d17f{\nborder-radius:0px 0px 0px 0px;\npadding:0px 0px 0px 0px;\n}\n<\/style>\n<div  class='flex_column av-1850gt3-a00fa878c8d0c908e4a93b73c643d17f av_one_full  avia-builder-el-9  el_after_av_one_full  el_before_av_one_full  first flex_column_div av-zero-column-padding  column-top-margin'     ><\/div>\n\n<style type=\"text\/css\" data-created_by=\"avia_inline_auto\" id=\"style-css-av-1aikgfr-6ac89581cfb83ac5bf591fffa06e883b\">\n.flex_column.av-1aikgfr-6ac89581cfb83ac5bf591fffa06e883b{\nborder-radius:0px 0px 0px 0px;\npadding:0px 0px 0px 0px;\n}\n<\/style>\n<div  class='flex_column av-1aikgfr-6ac89581cfb83ac5bf591fffa06e883b av_one_full  avia-builder-el-11  el_after_av_one_full  el_before_av_three_fifth  first flex_column_div av-zero-column-padding  column-top-margin'     ><style type=\"text\/css\" data-created_by=\"avia_inline_auto\" id=\"style-css-av-lgey5k8n-76f5dfc8b883a50bbbb49987508b8162\">\n#top .av-special-heading.av-lgey5k8n-76f5dfc8b883a50bbbb49987508b8162{\npadding-bottom:3px;\ncolor:#022972;\n}\nbody .av-special-heading.av-lgey5k8n-76f5dfc8b883a50bbbb49987508b8162 .av-special-heading-tag .heading-char{\nfont-size:25px;\n}\n.av-special-heading.av-lgey5k8n-76f5dfc8b883a50bbbb49987508b8162 .special-heading-inner-border{\nborder-color:#022972;\n}\n.av-special-heading.av-lgey5k8n-76f5dfc8b883a50bbbb49987508b8162 .av-subheading{\nfont-size:15px;\n}\n\n@media only screen and (min-width: 768px) and (max-width: 989px){ \n#top #wrap_all .av-special-heading.av-lgey5k8n-76f5dfc8b883a50bbbb49987508b8162 .av-special-heading-tag{\nfont-size:12px;\n}\n}\n<\/style>\n<div  class='av-special-heading av-lgey5k8n-76f5dfc8b883a50bbbb49987508b8162 av-special-heading-h3 custom-color-heading  avia-builder-el-12  avia-builder-el-no-sibling  av-linked-heading'><h3 class='av-special-heading-tag '  itemprop=\"headline\"  >POULIES DE PIED DE M\u00c2TS<\/h3><div class=\"special-heading-border\"><div class=\"special-heading-inner-border\"><\/div><\/div><\/div><\/div>\n<div  class='flex_column av-z653g7-651cb1f612bf6d5824050c86242fffc9 av_three_fifth  avia-builder-el-13  el_after_av_one_full  el_before_av_two_fifth  first flex_column_div  column-top-margin'     ><\/div>\n<div  class='flex_column av-r740pj-dceea2fd2330fc166f297cee07a3aa0d av_two_fifth  avia-builder-el-15  el_after_av_three_fifth  el_before_av_one_full  flex_column_div  column-top-margin'     ><section  class='av_textblock_section av-lgf4vc1b-822a975dc2f41a9d05447727bfe3b44a '   itemscope=\"itemscope\" itemtype=\"https:\/\/schema.org\/CreativeWork\" ><div class='avia_textblock'  itemprop=\"text\" ><p>&#8211; Ces poulies sont r\u00e9alis\u00e9es en mat\u00e9riau GVX<\/p>\n<p>(\u00e0 partir de fibres de verre haute r\u00e9sistance).<\/p>\n<p>&#8211; Syst\u00e8me d&rsquo;accroche \u00e0 chape, \u00e9merillon, ou manille.<\/p>\n<\/div><\/section><\/div><div  class='flex_column av-av_one_full-7714eba142aeda1f8b5272a3c372b279 av_one_full  avia-builder-el-17  el_after_av_two_fifth  el_before_av_one_full  first flex_column_div  '     ><\/div><\/p>\n\n<style type=\"text\/css\" data-created_by=\"avia_inline_auto\" id=\"style-css-av-r3u4vr-86988bde7c55e05fb056b9acc57d8169\">\n.flex_column.av-r3u4vr-86988bde7c55e05fb056b9acc57d8169{\nborder-radius:0px 0px 0px 0px;\npadding:0px 0px 0px 0px;\n}\n<\/style>\n<div  class='flex_column av-r3u4vr-86988bde7c55e05fb056b9acc57d8169 av_one_full  avia-builder-el-18  el_after_av_one_full  el_before_av_one_full  first flex_column_div av-zero-column-padding  column-top-margin'     ><style type=\"text\/css\" data-created_by=\"avia_inline_auto\" id=\"style-css-av-lgf43ki2-6294c238e3f2777b93c747938e0c9805\">\n#top .av-special-heading.av-lgf43ki2-6294c238e3f2777b93c747938e0c9805{\npadding-bottom:3px;\ncolor:#022972;\n}\nbody .av-special-heading.av-lgf43ki2-6294c238e3f2777b93c747938e0c9805 .av-special-heading-tag .heading-char{\nfont-size:25px;\n}\n.av-special-heading.av-lgf43ki2-6294c238e3f2777b93c747938e0c9805 .special-heading-inner-border{\nborder-color:#022972;\n}\n.av-special-heading.av-lgf43ki2-6294c238e3f2777b93c747938e0c9805 .av-subheading{\nfont-size:15px;\n}\n\n@media only screen and (min-width: 768px) and (max-width: 989px){ \n#top #wrap_all .av-special-heading.av-lgf43ki2-6294c238e3f2777b93c747938e0c9805 .av-special-heading-tag{\nfont-size:12px;\n}\n}\n<\/style>\n<div  class='av-special-heading av-lgf43ki2-6294c238e3f2777b93c747938e0c9805 av-special-heading-h3 custom-color-heading  avia-builder-el-19  avia-builder-el-no-sibling  av-linked-heading'><h3 class='av-special-heading-tag '  itemprop=\"headline\"  >ADAPTATEURS POULIES <\/h3><div class=\"special-heading-border\"><div class=\"special-heading-inner-border\"><\/div><\/div><\/div><\/div>\n\n<style type=\"text\/css\" data-created_by=\"avia_inline_auto\" id=\"style-css-av-yuakif-5693b328e810c0f722db6da3e47f6914\">\n.flex_column.av-yuakif-5693b328e810c0f722db6da3e47f6914{\nborder-radius:0px 0px 0px 0px;\npadding:0px 0px 0px 0px;\n}\n<\/style>\n<div  class='flex_column av-yuakif-5693b328e810c0f722db6da3e47f6914 av_one_full  avia-builder-el-20  el_after_av_one_full  el_before_av_one_full  first flex_column_div av-zero-column-padding  column-top-margin'     ><\/div>\n\n<style type=\"text\/css\" data-created_by=\"avia_inline_auto\" id=\"style-css-av-1rfhcj-1edbdd12568265647df1733e28142343\">\n.flex_column.av-1rfhcj-1edbdd12568265647df1733e28142343{\nborder-radius:0px 0px 0px 0px;\npadding:0px 0px 0px 0px;\n}\n<\/style>\n<div  class='flex_column av-1rfhcj-1edbdd12568265647df1733e28142343 av_one_full  avia-builder-el-22  el_after_av_one_full  el_before_av_one_full  first flex_column_div av-zero-column-padding  column-top-margin'     ><div  class='avia-buttonrow-wrap av-1m7ojn-ae569def247ce77966a8a5308a492109 avia-buttonrow-center  avia-builder-el-23  avia-builder-el-no-sibling '>\n\n<style type=\"text\/css\" data-created_by=\"avia_inline_auto\" id=\"style-css-av-zb6g3-1-bc60a87c8d30be1f4f96a6f0de441787\">\n#top #wrap_all .avia-button.av-zb6g3-1-bc60a87c8d30be1f4f96a6f0de441787{\nbackground-color:#09afd0;\nborder-color:#09afd0;\ncolor:#ffffff;\ntransition:all 0.4s ease-in-out;\nmargin-bottom:5px;\nmargin-right:3px;\nmargin-left:3px;\n}\n#top #wrap_all .avia-button.av-zb6g3-1-bc60a87c8d30be1f4f96a6f0de441787 .avia-svg-icon svg:first-child{\nfill:#ffffff;\nstroke:#ffffff;\n}\n<\/style>\n<a href='https:\/\/www.sparcraft.com\/wp-content\/uploads\/2023\/04\/SOUFFLETS.pdf'  class='avia-button av-zb6g3-1-bc60a87c8d30be1f4f96a6f0de441787 avia-icon_select-yes-left-icon avia-size-small'  target=\"_blank\"  rel=\"noopener noreferrer\"  aria-label=\"SOUFFLETS (PDF)\"><span class='avia_button_icon avia_button_icon_left avia-iconfont avia-font-entypo-fontello' data-av_icon='\ue84b' data-av_iconfont='entypo-fontello' ><\/span><span class='avia_iconbox_title' >SOUFFLETS (PDF)<\/span><\/a>\n\n<style type=\"text\/css\" data-created_by=\"avia_inline_auto\" id=\"style-css-av-zb6g3-ee89fe78c9985a557635b825319aed88\">\n#top #wrap_all .avia-button.av-zb6g3-ee89fe78c9985a557635b825319aed88{\nbackground-color:#09afd0;\nborder-color:#09afd0;\ncolor:#ffffff;\ntransition:all 0.4s ease-in-out;\nmargin-bottom:5px;\nmargin-right:3px;\nmargin-left:3px;\n}\n#top #wrap_all .avia-button.av-zb6g3-ee89fe78c9985a557635b825319aed88 .avia-svg-icon svg:first-child{\nfill:#ffffff;\nstroke:#ffffff;\n}\n<\/style>\n<a href='https:\/\/www.sparcraft.com\/wp-content\/uploads\/2023\/04\/poulies_PDM_page.pdf'  class='avia-button av-zb6g3-ee89fe78c9985a557635b825319aed88 avia-icon_select-yes-left-icon avia-size-small'  target=\"_blank\"  rel=\"noopener noreferrer\"  aria-label=\"POULIES &amp; ADAPTATEURS (PDF)\"><span class='avia_button_icon avia_button_icon_left avia-iconfont avia-font-entypo-fontello' data-av_icon='\ue84b' data-av_iconfont='entypo-fontello' ><\/span><span class='avia_iconbox_title' >POULIES &amp; ADAPTATEURS (PDF)<\/span><\/a>\n\n<style type=\"text\/css\" data-created_by=\"avia_inline_auto\" id=\"style-css-av-zb6g3-1-1-bb4d1ed0ad2ec113c509c44aa754ab9d\">\n#top #wrap_all .avia-button.av-zb6g3-1-1-bb4d1ed0ad2ec113c509c44aa754ab9d{\nbackground-color:#09afd0;\nborder-color:#09afd0;\ncolor:#ffffff;\ntransition:all 0.4s ease-in-out;\nmargin-bottom:5px;\nmargin-right:3px;\nmargin-left:3px;\n}\n#top #wrap_all .avia-button.av-zb6g3-1-1-bb4d1ed0ad2ec113c509c44aa754ab9d .avia-svg-icon svg:first-child{\nfill:#ffffff;\nstroke:#ffffff;\n}\n<\/style>\n<a href='https:\/\/www.sparcraft.com\/wp-content\/uploads\/2023\/04\/PONTETS.pdf'  class='avia-button av-zb6g3-1-1-bb4d1ed0ad2ec113c509c44aa754ab9d avia-icon_select-yes-left-icon avia-size-small'  target=\"_blank\"  rel=\"noopener noreferrer\"  aria-label=\"AXE &amp; PONTETS (PDF)\"><span class='avia_button_icon avia_button_icon_left avia-iconfont avia-font-entypo-fontello' data-av_icon='\ue84b' data-av_iconfont='entypo-fontello' ><\/span><span class='avia_iconbox_title' >AXE &amp; PONTETS (PDF)<\/span><\/a>\n\n<style type=\"text\/css\" data-created_by=\"avia_inline_auto\" id=\"style-css-av-qusvv-cffd28d57afa10e1c327a4947d0818b1\">\n#top #wrap_all .avia-button.av-qusvv-cffd28d57afa10e1c327a4947d0818b1{\nbackground-color:#09afd0;\nborder-color:#09afd0;\ncolor:#ffffff;\ntransition:all 0.4s ease-in-out;\nmargin-bottom:5px;\nmargin-right:3px;\nmargin-left:3px;\n}\n#top #wrap_all .avia-button.av-qusvv-cffd28d57afa10e1c327a4947d0818b1 .avia-svg-icon svg:first-child{\nfill:#ffffff;\nstroke:#ffffff;\n}\n<\/style>\n<a href='https:\/\/www.sparcraft.com\/fr\/revendeurs\/'  class='avia-button av-qusvv-cffd28d57afa10e1c327a4947d0818b1 avia-icon_select-yes-left-icon avia-size-small'   aria-label=\"CONTACTER UN REVENDEUR\"><span class='avia_button_icon avia_button_icon_left avia-iconfont avia-font-entypo-fontello' data-av_icon='\ue80a' data-av_iconfont='entypo-fontello' ><\/span><span class='avia_iconbox_title' >CONTACTER UN REVENDEUR<\/span><\/a>\n<\/div><\/div>\n\n<style type=\"text\/css\" data-created_by=\"avia_inline_auto\" id=\"style-css-av-j6tp7-f4fe7aad6ad6088ee5603a12db0031dc\">\n.flex_column.av-j6tp7-f4fe7aad6ad6088ee5603a12db0031dc{\nborder-radius:0px 0px 0px 0px;\npadding:0px 0px 0px 0px;\n}\n<\/style>\n<div  class='flex_column av-j6tp7-f4fe7aad6ad6088ee5603a12db0031dc av_one_full  avia-builder-el-24  el_after_av_one_full  avia-builder-el-last  first flex_column_div av-zero-column-padding  column-top-margin'     ><p>\n<style type=\"text\/css\" data-created_by=\"avia_inline_auto\" id=\"style-css-av-ewv9f-889267fa7ad44daa0787dec30397dc09\">\n#top .av-special-heading.av-ewv9f-889267fa7ad44daa0787dec30397dc09{\npadding-bottom:3px;\ncolor:#022972;\n}\nbody .av-special-heading.av-ewv9f-889267fa7ad44daa0787dec30397dc09 .av-special-heading-tag .heading-char{\nfont-size:25px;\n}\n.av-special-heading.av-ewv9f-889267fa7ad44daa0787dec30397dc09 .special-heading-inner-border{\nborder-color:#022972;\n}\n.av-special-heading.av-ewv9f-889267fa7ad44daa0787dec30397dc09 .av-subheading{\nfont-size:15px;\n}\n\n@media only screen and (min-width: 768px) and (max-width: 989px){ \n#top #wrap_all .av-special-heading.av-ewv9f-889267fa7ad44daa0787dec30397dc09 .av-special-heading-tag{\nfont-size:12px;\n}\n}\n<\/style>\n<div  class='av-special-heading av-ewv9f-889267fa7ad44daa0787dec30397dc09 av-special-heading-h3 custom-color-heading  avia-builder-el-25  el_before_av_social_share  avia-builder-el-first  av-linked-heading'><h3 class='av-special-heading-tag '  itemprop=\"headline\"  >PARTAGEZ LE CONTENU DE CETTE PAGE<\/h3><div class=\"special-heading-border\"><div class=\"special-heading-inner-border\"><\/div><\/div><\/div><br \/>\n<div  class='av-social-sharing-box av-8hyrf-0add17718e66e68ca70642d26c559835 av-social-sharing-box-default  avia-builder-el-26  el_after_av_heading  avia-builder-el-last  av-social-sharing-box-fullwidth'><div class=\"av-share-box\"><ul class=\"av-share-box-list noLightbox\"><li class='av-share-link av-social-link-facebook avia_social_iconfont' ><a target=\"_blank\" aria-label=\"Partager sur Facebook\" href='https:\/\/www.facebook.com\/sharer.php?u=https:\/\/www.sparcraft.com\/fr\/mats-sparcraft\/pieds-de-mat\/accessoires-pieds-de-mat\/&#038;t=Accessoires%20pieds%20de%20m%C3%A2t' data-av_icon='\ue8f3' data-av_iconfont='entypo-fontello'  title='' data-avia-related-tooltip='Partager sur Facebook'><span class='avia_hidden_link_text'>Partager sur Facebook<\/span><\/a><\/li><li class='av-share-link av-social-link-twitter avia_social_iconfont' ><a target=\"_blank\" aria-label=\"Partager sur X\" href='https:\/\/twitter.com\/share?text=Accessoires%20pieds%20de%20m%C3%A2t&#038;url=https:\/\/www.sparcraft.com\/fr\/?p=31607' data-av_icon='\ue932' data-av_iconfont='entypo-fontello'  title='' data-avia-related-tooltip='Partager sur X'><span class='avia_hidden_link_text'>Partager sur X<\/span><\/a><\/li><li class='av-share-link av-social-link-linkedin avia_social_iconfont' ><a target=\"_blank\" aria-label=\"Partager sur LinkedIn\" href='https:\/\/linkedin.com\/shareArticle?mini=true&#038;title=Accessoires%20pieds%20de%20m%C3%A2t&#038;url=https:\/\/www.sparcraft.com\/fr\/mats-sparcraft\/pieds-de-mat\/accessoires-pieds-de-mat\/' data-av_icon='\ue8fc' data-av_iconfont='entypo-fontello'  title='' data-avia-related-tooltip='Partager sur LinkedIn'><span class='avia_hidden_link_text'>Partager sur LinkedIn<\/span><\/a><\/li><li class='av-share-link av-social-link-mail avia_social_iconfont' ><a  aria-label=\"Partager par Mail\" href='mailto:?subject=Accessoires%20pieds%20de%20m%C3%A2t&#038;body=https:\/\/www.sparcraft.com\/fr\/mats-sparcraft\/pieds-de-mat\/accessoires-pieds-de-mat\/' data-av_icon='\ue805' data-av_iconfont='entypo-fontello'  title='' data-avia-related-tooltip='Partager par Mail'><span class='avia_hidden_link_text'>Partager par Mail<\/span><\/a><\/li><\/ul><\/div><\/div><\/p><\/div>\n","protected":false},"excerpt":{"rendered":"","protected":false},"author":2,"featured_media":0,"parent":31599,"menu_order":78,"comment_status":"closed","ping_status":"closed","template":"","meta":{"footnotes":""},"class_list":["post-31607","page","type-page","status-publish","hentry"],"yoast_head":"<!-- This site is optimized with the Yoast SEO plugin v27.4 - https:\/\/yoast.com\/product\/yoast-seo-wordpress\/ -->\n<title>Accessoires pieds de m\u00e2t - Sparcraft<\/title>\n<meta name=\"description\" content=\"soufflets axes pontets poulies de pied de m\u00e2t\" \/>\n<meta name=\"robots\" content=\"index, follow, max-snippet:-1, max-image-preview:large, max-video-preview:-1\" \/>\n<link rel=\"canonical\" href=\"https:\/\/www.sparcraft.com\/fr\/mats-sparcraft\/pieds-de-mat\/accessoires-pieds-de-mat\/\" \/>\n<meta property=\"og:locale\" content=\"fr_FR\" \/>\n<meta property=\"og:type\" content=\"article\" \/>\n<meta property=\"og:title\" content=\"Accessoires pieds de m\u00e2t - Sparcraft\" \/>\n<meta property=\"og:description\" content=\"soufflets axes pontets poulies de pied de m\u00e2t\" \/>\n<meta property=\"og:url\" content=\"https:\/\/www.sparcraft.com\/fr\/mats-sparcraft\/pieds-de-mat\/accessoires-pieds-de-mat\/\" \/>\n<meta property=\"og:site_name\" content=\"Sparcraft\" \/>\n<meta property=\"article:modified_time\" content=\"2023-05-24T08:05:20+00:00\" \/>\n<meta name=\"twitter:card\" content=\"summary_large_image\" \/>\n<meta name=\"twitter:label1\" content=\"Dur\u00e9e de lecture estim\u00e9e\" \/>\n\t<meta name=\"twitter:data1\" content=\"9 minutes\" \/>\n<script type=\"application\/ld+json\" class=\"yoast-schema-graph\">{\"@context\":\"https:\\\/\\\/schema.org\",\"@graph\":[{\"@type\":\"WebPage\",\"@id\":\"https:\\\/\\\/www.sparcraft.com\\\/fr\\\/mats-sparcraft\\\/pieds-de-mat\\\/accessoires-pieds-de-mat\\\/\",\"url\":\"https:\\\/\\\/www.sparcraft.com\\\/fr\\\/mats-sparcraft\\\/pieds-de-mat\\\/accessoires-pieds-de-mat\\\/\",\"name\":\"Accessoires pieds de m\u00e2t - Sparcraft\",\"isPartOf\":{\"@id\":\"https:\\\/\\\/www.sparcraft.com\\\/fr\\\/#website\"},\"datePublished\":\"2022-04-14T09:50:21+00:00\",\"dateModified\":\"2023-05-24T08:05:20+00:00\",\"description\":\"soufflets axes pontets poulies de pied de m\u00e2t\",\"breadcrumb\":{\"@id\":\"https:\\\/\\\/www.sparcraft.com\\\/fr\\\/mats-sparcraft\\\/pieds-de-mat\\\/accessoires-pieds-de-mat\\\/#breadcrumb\"},\"inLanguage\":\"fr-FR\",\"potentialAction\":[{\"@type\":\"ReadAction\",\"target\":[\"https:\\\/\\\/www.sparcraft.com\\\/fr\\\/mats-sparcraft\\\/pieds-de-mat\\\/accessoires-pieds-de-mat\\\/\"]}]},{\"@type\":\"BreadcrumbList\",\"@id\":\"https:\\\/\\\/www.sparcraft.com\\\/fr\\\/mats-sparcraft\\\/pieds-de-mat\\\/accessoires-pieds-de-mat\\\/#breadcrumb\",\"itemListElement\":[{\"@type\":\"ListItem\",\"position\":1,\"name\":\"M\u00e2ts Sparcraft\",\"item\":\"https:\\\/\\\/www.sparcraft.com\\\/fr\\\/mats-sparcraft\\\/\"},{\"@type\":\"ListItem\",\"position\":2,\"name\":\"Pieds de m\u00e2t\",\"item\":\"https:\\\/\\\/www.sparcraft.com\\\/fr\\\/mats-sparcraft\\\/pieds-de-mat\\\/\"},{\"@type\":\"ListItem\",\"position\":3,\"name\":\"Accessoires pieds de m\u00e2t\"}]},{\"@type\":\"WebSite\",\"@id\":\"https:\\\/\\\/www.sparcraft.com\\\/fr\\\/#website\",\"url\":\"https:\\\/\\\/www.sparcraft.com\\\/fr\\\/\",\"name\":\"Sparcraft\",\"description\":\"Mast &amp; Rigging\",\"potentialAction\":[{\"@type\":\"SearchAction\",\"target\":{\"@type\":\"EntryPoint\",\"urlTemplate\":\"https:\\\/\\\/www.sparcraft.com\\\/fr\\\/?s={search_term_string}\"},\"query-input\":{\"@type\":\"PropertyValueSpecification\",\"valueRequired\":true,\"valueName\":\"search_term_string\"}}],\"inLanguage\":\"fr-FR\"}]}<\/script>\n<!-- \/ Yoast SEO plugin. -->","yoast_head_json":{"title":"Accessoires pieds de m\u00e2t - Sparcraft","description":"soufflets axes pontets poulies de pied de m\u00e2t","robots":{"index":"index","follow":"follow","max-snippet":"max-snippet:-1","max-image-preview":"max-image-preview:large","max-video-preview":"max-video-preview:-1"},"canonical":"https:\/\/www.sparcraft.com\/fr\/mats-sparcraft\/pieds-de-mat\/accessoires-pieds-de-mat\/","og_locale":"fr_FR","og_type":"article","og_title":"Accessoires pieds de m\u00e2t - Sparcraft","og_description":"soufflets axes pontets poulies de pied de m\u00e2t","og_url":"https:\/\/www.sparcraft.com\/fr\/mats-sparcraft\/pieds-de-mat\/accessoires-pieds-de-mat\/","og_site_name":"Sparcraft","article_modified_time":"2023-05-24T08:05:20+00:00","twitter_card":"summary_large_image","twitter_misc":{"Dur\u00e9e de lecture estim\u00e9e":"9 minutes"},"schema":{"@context":"https:\/\/schema.org","@graph":[{"@type":"WebPage","@id":"https:\/\/www.sparcraft.com\/fr\/mats-sparcraft\/pieds-de-mat\/accessoires-pieds-de-mat\/","url":"https:\/\/www.sparcraft.com\/fr\/mats-sparcraft\/pieds-de-mat\/accessoires-pieds-de-mat\/","name":"Accessoires pieds de m\u00e2t - Sparcraft","isPartOf":{"@id":"https:\/\/www.sparcraft.com\/fr\/#website"},"datePublished":"2022-04-14T09:50:21+00:00","dateModified":"2023-05-24T08:05:20+00:00","description":"soufflets axes pontets poulies de pied de m\u00e2t","breadcrumb":{"@id":"https:\/\/www.sparcraft.com\/fr\/mats-sparcraft\/pieds-de-mat\/accessoires-pieds-de-mat\/#breadcrumb"},"inLanguage":"fr-FR","potentialAction":[{"@type":"ReadAction","target":["https:\/\/www.sparcraft.com\/fr\/mats-sparcraft\/pieds-de-mat\/accessoires-pieds-de-mat\/"]}]},{"@type":"BreadcrumbList","@id":"https:\/\/www.sparcraft.com\/fr\/mats-sparcraft\/pieds-de-mat\/accessoires-pieds-de-mat\/#breadcrumb","itemListElement":[{"@type":"ListItem","position":1,"name":"M\u00e2ts Sparcraft","item":"https:\/\/www.sparcraft.com\/fr\/mats-sparcraft\/"},{"@type":"ListItem","position":2,"name":"Pieds de m\u00e2t","item":"https:\/\/www.sparcraft.com\/fr\/mats-sparcraft\/pieds-de-mat\/"},{"@type":"ListItem","position":3,"name":"Accessoires pieds de m\u00e2t"}]},{"@type":"WebSite","@id":"https:\/\/www.sparcraft.com\/fr\/#website","url":"https:\/\/www.sparcraft.com\/fr\/","name":"Sparcraft","description":"Mast &amp; Rigging","potentialAction":[{"@type":"SearchAction","target":{"@type":"EntryPoint","urlTemplate":"https:\/\/www.sparcraft.com\/fr\/?s={search_term_string}"},"query-input":{"@type":"PropertyValueSpecification","valueRequired":true,"valueName":"search_term_string"}}],"inLanguage":"fr-FR"}]}},"_links":{"self":[{"href":"https:\/\/www.sparcraft.com\/fr\/wp-json\/wp\/v2\/pages\/31607","targetHints":{"allow":["GET"]}}],"collection":[{"href":"https:\/\/www.sparcraft.com\/fr\/wp-json\/wp\/v2\/pages"}],"about":[{"href":"https:\/\/www.sparcraft.com\/fr\/wp-json\/wp\/v2\/types\/page"}],"author":[{"embeddable":true,"href":"https:\/\/www.sparcraft.com\/fr\/wp-json\/wp\/v2\/users\/2"}],"replies":[{"embeddable":true,"href":"https:\/\/www.sparcraft.com\/fr\/wp-json\/wp\/v2\/comments?post=31607"}],"version-history":[{"count":0,"href":"https:\/\/www.sparcraft.com\/fr\/wp-json\/wp\/v2\/pages\/31607\/revisions"}],"up":[{"embeddable":true,"href":"https:\/\/www.sparcraft.com\/fr\/wp-json\/wp\/v2\/pages\/31599"}],"wp:attachment":[{"href":"https:\/\/www.sparcraft.com\/fr\/wp-json\/wp\/v2\/media?parent=31607"}],"curies":[{"name":"wp","href":"https:\/\/api.w.org\/{rel}","templated":true}]}}