{"id":31600,"date":"2022-11-09T15:45:45","date_gmt":"2022-11-09T14:45:45","guid":{"rendered":"https:\/\/www.sparcraft.com\/support-technique-bomes\/"},"modified":"2023-03-20T11:14:24","modified_gmt":"2023-03-20T10:14:24","slug":"support-technique-bomes","status":"publish","type":"page","link":"https:\/\/www.sparcraft.com\/fr\/bomes-et-accessoires\/support-technique-bomes\/","title":{"rendered":"Support technique b\u00f4mes"},"content":{"rendered":"\n<style type=\"text\/css\" data-created_by=\"avia_inline_auto\" id=\"style-css-av-afr5v-2517e7aaa3106390d6dac45687c1e3d3\">\n.flex_column.av-afr5v-2517e7aaa3106390d6dac45687c1e3d3{\nborder-radius:0px 0px 0px 0px;\npadding:0px 0px 0px 0px;\n}\n<\/style>\n<div  class='flex_column av-afr5v-2517e7aaa3106390d6dac45687c1e3d3 av_one_full  avia-builder-el-0  el_before_av_textblock  avia-builder-el-first  first flex_column_div av-zero-column-padding  '     ><section  class='av_textblock_section av-lbap5nif-6449a3e0fe829ac0af1e633654624f73 '   itemscope=\"itemscope\" itemtype=\"https:\/\/schema.org\/CreativeWork\" ><div class='avia_textblock'  itemprop=\"text\" ><p>SECTION PAS ENCORE DISPONIBLE<\/p>\n<\/div><\/section><\/div><section  class='av_textblock_section av-k6arvvv8-2d719a502f444d3ebedc478c081e26d2 '   itemscope=\"itemscope\" itemtype=\"https:\/\/schema.org\/CreativeWork\" ><div class='avia_textblock'  itemprop=\"text\" ><\/div><\/section><\/p>\n\n<style type=\"text\/css\" data-created_by=\"avia_inline_auto\" id=\"style-css-av-eufo7-4e80f01e91adeb4483d457fbb972545b\">\n.flex_column.av-eufo7-4e80f01e91adeb4483d457fbb972545b{\nborder-radius:0px 0px 0px 0px;\npadding:0px 0px 0px 0px;\n}\n<\/style>\n<div  class='flex_column av-eufo7-4e80f01e91adeb4483d457fbb972545b av_one_full  avia-builder-el-3  el_after_av_textblock  avia-builder-el-last  first flex_column_div av-zero-column-padding  column-top-margin'     ><p>\n<style type=\"text\/css\" data-created_by=\"avia_inline_auto\" id=\"style-css-av-kg2e348v-9dfc87fed7cb4584ae2c116cf1ed7806\">\n#top .av-special-heading.av-kg2e348v-9dfc87fed7cb4584ae2c116cf1ed7806{\npadding-bottom:3px;\ncolor:#022972;\n}\nbody .av-special-heading.av-kg2e348v-9dfc87fed7cb4584ae2c116cf1ed7806 .av-special-heading-tag .heading-char{\nfont-size:25px;\n}\n.av-special-heading.av-kg2e348v-9dfc87fed7cb4584ae2c116cf1ed7806 .special-heading-inner-border{\nborder-color:#022972;\n}\n.av-special-heading.av-kg2e348v-9dfc87fed7cb4584ae2c116cf1ed7806 .av-subheading{\nfont-size:15px;\n}\n\n@media only screen and (min-width: 768px) and (max-width: 989px){ \n#top #wrap_all .av-special-heading.av-kg2e348v-9dfc87fed7cb4584ae2c116cf1ed7806 .av-special-heading-tag{\nfont-size:12px;\n}\n}\n<\/style>\n<div  class='av-special-heading av-kg2e348v-9dfc87fed7cb4584ae2c116cf1ed7806 av-special-heading-h3 custom-color-heading  avia-builder-el-4  el_before_av_social_share  avia-builder-el-first  av-linked-heading'><h3 class='av-special-heading-tag '  itemprop=\"headline\"  >PARTAGEZ LE CONTENU DE CETTE PAGE<\/h3><div class=\"special-heading-border\"><div class=\"special-heading-inner-border\"><\/div><\/div><\/div><br \/>\n<div  class='av-social-sharing-box av-jxugcbjf-1b1b753827f0a4b17bd435b61c5d3eb0 av-social-sharing-box-default  avia-builder-el-5  el_after_av_heading  avia-builder-el-last  av-social-sharing-box-fullwidth'><div class=\"av-share-box\"><ul class=\"av-share-box-list noLightbox\"><li class='av-share-link av-social-link-facebook avia_social_iconfont' ><a target=\"_blank\" aria-label=\"Partager sur Facebook\" href='https:\/\/www.facebook.com\/sharer.php?u=https:\/\/www.sparcraft.com\/fr\/bomes-et-accessoires\/support-technique-bomes\/&#038;t=Support%20technique%20b%C3%B4mes' data-av_icon='\ue8f3' data-av_iconfont='entypo-fontello'  title='' data-avia-related-tooltip='Partager sur Facebook'><span class='avia_hidden_link_text'>Partager sur Facebook<\/span><\/a><\/li><li class='av-share-link av-social-link-twitter avia_social_iconfont' ><a target=\"_blank\" aria-label=\"Partager sur X\" href='https:\/\/twitter.com\/share?text=Support%20technique%20b%C3%B4mes&#038;url=https:\/\/www.sparcraft.com\/fr\/?p=31600' data-av_icon='\ue932' data-av_iconfont='entypo-fontello'  title='' data-avia-related-tooltip='Partager sur X'><span class='avia_hidden_link_text'>Partager sur X<\/span><\/a><\/li><li class='av-share-link av-social-link-linkedin avia_social_iconfont' ><a target=\"_blank\" aria-label=\"Partager sur LinkedIn\" href='https:\/\/linkedin.com\/shareArticle?mini=true&#038;title=Support%20technique%20b%C3%B4mes&#038;url=https:\/\/www.sparcraft.com\/fr\/bomes-et-accessoires\/support-technique-bomes\/' data-av_icon='\ue8fc' data-av_iconfont='entypo-fontello'  title='' data-avia-related-tooltip='Partager sur LinkedIn'><span class='avia_hidden_link_text'>Partager sur LinkedIn<\/span><\/a><\/li><li class='av-share-link av-social-link-mail avia_social_iconfont' ><a  aria-label=\"Partager par Mail\" href='mailto:?subject=Support%20technique%20b%C3%B4mes&#038;body=https:\/\/www.sparcraft.com\/fr\/bomes-et-accessoires\/support-technique-bomes\/' data-av_icon='\ue805' data-av_iconfont='entypo-fontello'  title='' data-avia-related-tooltip='Partager par Mail'><span class='avia_hidden_link_text'>Partager par Mail<\/span><\/a><\/li><\/ul><\/div><\/div><\/p><\/div>\n","protected":false},"excerpt":{"rendered":"","protected":false},"author":2,"featured_media":0,"parent":31686,"menu_order":60,"comment_status":"closed","ping_status":"closed","template":"","meta":{"footnotes":""},"class_list":["post-31600","page","type-page","status-publish","hentry"],"yoast_head":"<!-- This site is optimized with the Yoast SEO plugin v27.4 - https:\/\/yoast.com\/product\/yoast-seo-wordpress\/ -->\n<title>Support technique b\u00f4mes - Sparcraft<\/title>\n<meta name=\"description\" content=\"Emmagasineurs Facnor pour voiles volantes FX+. Facnor poss\u00e8de plus de 30 ans d&#039;exp\u00e9rience dans le domaine des emmagasineurs.\" \/>\n<meta name=\"robots\" content=\"index, follow, max-snippet:-1, max-image-preview:large, max-video-preview:-1\" \/>\n<link rel=\"canonical\" href=\"https:\/\/www.sparcraft.com\/fr\/bomes-et-accessoires\/support-technique-bomes\/\" \/>\n<meta property=\"og:locale\" content=\"fr_FR\" \/>\n<meta property=\"og:type\" content=\"article\" \/>\n<meta property=\"og:title\" content=\"Support technique b\u00f4mes - Sparcraft\" \/>\n<meta property=\"og:description\" content=\"Emmagasineurs Facnor pour voiles volantes FX+. Facnor poss\u00e8de plus de 30 ans d&#039;exp\u00e9rience dans le domaine des emmagasineurs.\" \/>\n<meta property=\"og:url\" content=\"https:\/\/www.sparcraft.com\/fr\/bomes-et-accessoires\/support-technique-bomes\/\" \/>\n<meta property=\"og:site_name\" content=\"Sparcraft\" \/>\n<meta property=\"article:modified_time\" content=\"2023-03-20T10:14:24+00:00\" \/>\n<meta name=\"twitter:card\" content=\"summary_large_image\" \/>\n<meta name=\"twitter:label1\" content=\"Dur\u00e9e de lecture estim\u00e9e\" \/>\n\t<meta name=\"twitter:data1\" content=\"1 minute\" \/>\n<script type=\"application\/ld+json\" class=\"yoast-schema-graph\">{\"@context\":\"https:\\\/\\\/schema.org\",\"@graph\":[{\"@type\":\"WebPage\",\"@id\":\"https:\\\/\\\/www.sparcraft.com\\\/fr\\\/bomes-et-accessoires\\\/support-technique-bomes\\\/\",\"url\":\"https:\\\/\\\/www.sparcraft.com\\\/fr\\\/bomes-et-accessoires\\\/support-technique-bomes\\\/\",\"name\":\"Support technique b\u00f4mes - Sparcraft\",\"isPartOf\":{\"@id\":\"https:\\\/\\\/www.sparcraft.com\\\/fr\\\/#website\"},\"datePublished\":\"2022-11-09T14:45:45+00:00\",\"dateModified\":\"2023-03-20T10:14:24+00:00\",\"description\":\"Emmagasineurs Facnor pour voiles volantes FX+. Facnor poss\u00e8de plus de 30 ans d'exp\u00e9rience dans le domaine des emmagasineurs.\",\"breadcrumb\":{\"@id\":\"https:\\\/\\\/www.sparcraft.com\\\/fr\\\/bomes-et-accessoires\\\/support-technique-bomes\\\/#breadcrumb\"},\"inLanguage\":\"fr-FR\",\"potentialAction\":[{\"@type\":\"ReadAction\",\"target\":[\"https:\\\/\\\/www.sparcraft.com\\\/fr\\\/bomes-et-accessoires\\\/support-technique-bomes\\\/\"]}]},{\"@type\":\"BreadcrumbList\",\"@id\":\"https:\\\/\\\/www.sparcraft.com\\\/fr\\\/bomes-et-accessoires\\\/support-technique-bomes\\\/#breadcrumb\",\"itemListElement\":[{\"@type\":\"ListItem\",\"position\":1,\"name\":\"B\u00f4mes &#038; Accessoires\",\"item\":\"https:\\\/\\\/www.sparcraft.com\\\/fr\\\/bomes-et-accessoires\\\/\"},{\"@type\":\"ListItem\",\"position\":2,\"name\":\"Support technique b\u00f4mes\"}]},{\"@type\":\"WebSite\",\"@id\":\"https:\\\/\\\/www.sparcraft.com\\\/fr\\\/#website\",\"url\":\"https:\\\/\\\/www.sparcraft.com\\\/fr\\\/\",\"name\":\"Sparcraft\",\"description\":\"Mast &amp; Rigging\",\"potentialAction\":[{\"@type\":\"SearchAction\",\"target\":{\"@type\":\"EntryPoint\",\"urlTemplate\":\"https:\\\/\\\/www.sparcraft.com\\\/fr\\\/?s={search_term_string}\"},\"query-input\":{\"@type\":\"PropertyValueSpecification\",\"valueRequired\":true,\"valueName\":\"search_term_string\"}}],\"inLanguage\":\"fr-FR\"}]}<\/script>\n<!-- \/ Yoast SEO plugin. -->","yoast_head_json":{"title":"Support technique b\u00f4mes - Sparcraft","description":"Emmagasineurs Facnor pour voiles volantes FX+. Facnor poss\u00e8de plus de 30 ans d'exp\u00e9rience dans le domaine des emmagasineurs.","robots":{"index":"index","follow":"follow","max-snippet":"max-snippet:-1","max-image-preview":"max-image-preview:large","max-video-preview":"max-video-preview:-1"},"canonical":"https:\/\/www.sparcraft.com\/fr\/bomes-et-accessoires\/support-technique-bomes\/","og_locale":"fr_FR","og_type":"article","og_title":"Support technique b\u00f4mes - Sparcraft","og_description":"Emmagasineurs Facnor pour voiles volantes FX+. Facnor poss\u00e8de plus de 30 ans d'exp\u00e9rience dans le domaine des emmagasineurs.","og_url":"https:\/\/www.sparcraft.com\/fr\/bomes-et-accessoires\/support-technique-bomes\/","og_site_name":"Sparcraft","article_modified_time":"2023-03-20T10:14:24+00:00","twitter_card":"summary_large_image","twitter_misc":{"Dur\u00e9e de lecture estim\u00e9e":"1 minute"},"schema":{"@context":"https:\/\/schema.org","@graph":[{"@type":"WebPage","@id":"https:\/\/www.sparcraft.com\/fr\/bomes-et-accessoires\/support-technique-bomes\/","url":"https:\/\/www.sparcraft.com\/fr\/bomes-et-accessoires\/support-technique-bomes\/","name":"Support technique b\u00f4mes - Sparcraft","isPartOf":{"@id":"https:\/\/www.sparcraft.com\/fr\/#website"},"datePublished":"2022-11-09T14:45:45+00:00","dateModified":"2023-03-20T10:14:24+00:00","description":"Emmagasineurs Facnor pour voiles volantes FX+. Facnor poss\u00e8de plus de 30 ans d'exp\u00e9rience dans le domaine des emmagasineurs.","breadcrumb":{"@id":"https:\/\/www.sparcraft.com\/fr\/bomes-et-accessoires\/support-technique-bomes\/#breadcrumb"},"inLanguage":"fr-FR","potentialAction":[{"@type":"ReadAction","target":["https:\/\/www.sparcraft.com\/fr\/bomes-et-accessoires\/support-technique-bomes\/"]}]},{"@type":"BreadcrumbList","@id":"https:\/\/www.sparcraft.com\/fr\/bomes-et-accessoires\/support-technique-bomes\/#breadcrumb","itemListElement":[{"@type":"ListItem","position":1,"name":"B\u00f4mes &#038; Accessoires","item":"https:\/\/www.sparcraft.com\/fr\/bomes-et-accessoires\/"},{"@type":"ListItem","position":2,"name":"Support technique b\u00f4mes"}]},{"@type":"WebSite","@id":"https:\/\/www.sparcraft.com\/fr\/#website","url":"https:\/\/www.sparcraft.com\/fr\/","name":"Sparcraft","description":"Mast &amp; Rigging","potentialAction":[{"@type":"SearchAction","target":{"@type":"EntryPoint","urlTemplate":"https:\/\/www.sparcraft.com\/fr\/?s={search_term_string}"},"query-input":{"@type":"PropertyValueSpecification","valueRequired":true,"valueName":"search_term_string"}}],"inLanguage":"fr-FR"}]}},"_links":{"self":[{"href":"https:\/\/www.sparcraft.com\/fr\/wp-json\/wp\/v2\/pages\/31600","targetHints":{"allow":["GET"]}}],"collection":[{"href":"https:\/\/www.sparcraft.com\/fr\/wp-json\/wp\/v2\/pages"}],"about":[{"href":"https:\/\/www.sparcraft.com\/fr\/wp-json\/wp\/v2\/types\/page"}],"author":[{"embeddable":true,"href":"https:\/\/www.sparcraft.com\/fr\/wp-json\/wp\/v2\/users\/2"}],"replies":[{"embeddable":true,"href":"https:\/\/www.sparcraft.com\/fr\/wp-json\/wp\/v2\/comments?post=31600"}],"version-history":[{"count":0,"href":"https:\/\/www.sparcraft.com\/fr\/wp-json\/wp\/v2\/pages\/31600\/revisions"}],"up":[{"embeddable":true,"href":"https:\/\/www.sparcraft.com\/fr\/wp-json\/wp\/v2\/pages\/31686"}],"wp:attachment":[{"href":"https:\/\/www.sparcraft.com\/fr\/wp-json\/wp\/v2\/media?parent=31600"}],"curies":[{"name":"wp","href":"https:\/\/api.w.org\/{rel}","templated":true}]}}