{"id":31555,"date":"2021-02-05T14:58:49","date_gmt":"2021-02-05T13:58:49","guid":{"rendered":"https:\/\/www.sparcraft.com\/rigging-configurator\/"},"modified":"2023-03-20T18:03:45","modified_gmt":"2023-03-20T17:03:45","slug":"configurateur-de-greement","status":"publish","type":"page","link":"https:\/\/www.sparcraft.com\/fr\/configurateur-de-greement\/","title":{"rendered":"Configurateur de gr\u00e9ement"},"content":{"rendered":"\n<style type=\"text\/css\" data-created_by=\"avia_inline_auto\" id=\"style-css-av-15jhj-323d78f9e407be7104ce3e34761f76c1\">\n.flex_column.av-15jhj-323d78f9e407be7104ce3e34761f76c1{\nborder-radius:0px 0px 0px 0px;\npadding:0px 0px 0px 0px;\n}\n<\/style>\n<div  class='flex_column av-15jhj-323d78f9e407be7104ce3e34761f76c1 av_one_full  avia-builder-el-0  el_before_av_one_full  avia-builder-el-first  first flex_column_div av-zero-column-padding  '     ><\/div>\n\n<style type=\"text\/css\" data-created_by=\"avia_inline_auto\" id=\"style-css-av-oo5n-8eedebc211ca17c395a4e3508594274d\">\n.flex_column.av-oo5n-8eedebc211ca17c395a4e3508594274d{\nborder-radius:0px 0px 0px 0px;\npadding:0px 0px 0px 0px;\n}\n<\/style>\n<div  class='flex_column av-oo5n-8eedebc211ca17c395a4e3508594274d av_one_full  avia-builder-el-2  el_after_av_one_full  avia-builder-el-last  first flex_column_div av-zero-column-padding  column-top-margin'     ><section  class='av_textblock_section av-3nfz-596e55e9c334c4477678ba62a32ac7ef '   itemscope=\"itemscope\" itemtype=\"https:\/\/schema.org\/CreativeWork\" ><div class='avia_textblock'  itemprop=\"text\" ><h5>Avant de proc\u00e9der \u00e0 la configuration de votre gr\u00e9ement, vous pouvez consulter le <a href=\"https:\/\/www.sparcraft.com\/wp-content\/uploads\/2022\/11\/catalogue_Sparcraftrigging_2025_web.pdf\" target=\"_blank\" rel=\"noopener\"><span style=\"color: #005299;\">Catalogue Rigging<\/span><\/a>.<\/h5>\n<h5>&#8211; informations gr\u00e9ement continu \/ discontinu :<a href=\"https:\/\/www.sparcraft.com\/wp-content\/uploads\/2021\/09\/BDF_GREEEMENT_2023.pdf\" target=\"_blank\" rel=\"noopener\"> <span style=\"color: #005299;\">voir pdf<\/span><\/a><\/h5>\n<h5>&#8211; informations ancrages lat\u00e9raux : <a href=\"https:\/\/www.sparcraft.com\/wp-content\/uploads\/2021\/09\/catalogue_spar_CAPELAGES.pdf\" target=\"_blank\" rel=\"noopener\"><span style=\"color: #005299;\">voir pdf<\/span><\/a><\/h5>\n<h5><span style=\"color: #005299;\">&#8211; Rod au del\u00e0 du \u00f8 48 = nous consulter.<\/span><\/h5>\n<\/div><\/section><\/div>\n","protected":false},"excerpt":{"rendered":"","protected":false},"author":1,"featured_media":0,"parent":0,"menu_order":10,"comment_status":"closed","ping_status":"closed","template":"","meta":{"footnotes":""},"class_list":["post-31555","page","type-page","status-publish","hentry"],"yoast_head":"<!-- This site is optimized with the Yoast SEO plugin v27.4 - https:\/\/yoast.com\/product\/yoast-seo-wordpress\/ -->\n<title>Configurateur de gr\u00e9ement - Sparcraft<\/title>\n<meta name=\"description\" content=\"Le configurateur de gr\u00e9ements Sparcraft permet aux professionnels de g\u00e9n\u00e9rer un devis pour une configuration de gr\u00e9ement.\" \/>\n<meta name=\"robots\" content=\"index, follow, max-snippet:-1, max-image-preview:large, max-video-preview:-1\" \/>\n<link rel=\"canonical\" href=\"https:\/\/www.sparcraft.com\/fr\/configurateur-de-greement\/\" \/>\n<meta property=\"og:locale\" content=\"fr_FR\" \/>\n<meta property=\"og:type\" content=\"article\" \/>\n<meta property=\"og:title\" content=\"Configurateur de gr\u00e9ement - Sparcraft\" \/>\n<meta property=\"og:description\" content=\"Le configurateur de gr\u00e9ements Sparcraft permet aux professionnels de g\u00e9n\u00e9rer un devis pour une configuration de gr\u00e9ement.\" \/>\n<meta property=\"og:url\" content=\"https:\/\/www.sparcraft.com\/fr\/configurateur-de-greement\/\" \/>\n<meta property=\"og:site_name\" content=\"Sparcraft\" \/>\n<meta property=\"article:modified_time\" content=\"2023-03-20T17:03:45+00:00\" \/>\n<meta name=\"twitter:card\" content=\"summary_large_image\" \/>\n<meta name=\"twitter:label1\" content=\"Dur\u00e9e de lecture estim\u00e9e\" \/>\n\t<meta name=\"twitter:data1\" content=\"1 minute\" \/>\n<script type=\"application\/ld+json\" class=\"yoast-schema-graph\">{\"@context\":\"https:\\\/\\\/schema.org\",\"@graph\":[{\"@type\":\"WebPage\",\"@id\":\"https:\\\/\\\/www.sparcraft.com\\\/fr\\\/configurateur-de-greement\\\/\",\"url\":\"https:\\\/\\\/www.sparcraft.com\\\/fr\\\/configurateur-de-greement\\\/\",\"name\":\"Configurateur de gr\u00e9ement - Sparcraft\",\"isPartOf\":{\"@id\":\"https:\\\/\\\/www.sparcraft.com\\\/fr\\\/#website\"},\"datePublished\":\"2021-02-05T13:58:49+00:00\",\"dateModified\":\"2023-03-20T17:03:45+00:00\",\"description\":\"Le configurateur de gr\u00e9ements Sparcraft permet aux professionnels de g\u00e9n\u00e9rer un devis pour une configuration de gr\u00e9ement.\",\"inLanguage\":\"fr-FR\",\"potentialAction\":[{\"@type\":\"ReadAction\",\"target\":[\"https:\\\/\\\/www.sparcraft.com\\\/fr\\\/configurateur-de-greement\\\/\"]}]},{\"@type\":\"WebSite\",\"@id\":\"https:\\\/\\\/www.sparcraft.com\\\/fr\\\/#website\",\"url\":\"https:\\\/\\\/www.sparcraft.com\\\/fr\\\/\",\"name\":\"Sparcraft\",\"description\":\"Mast &amp; Rigging\",\"potentialAction\":[{\"@type\":\"SearchAction\",\"target\":{\"@type\":\"EntryPoint\",\"urlTemplate\":\"https:\\\/\\\/www.sparcraft.com\\\/fr\\\/?s={search_term_string}\"},\"query-input\":{\"@type\":\"PropertyValueSpecification\",\"valueRequired\":true,\"valueName\":\"search_term_string\"}}],\"inLanguage\":\"fr-FR\"}]}<\/script>\n<!-- \/ Yoast SEO plugin. -->","yoast_head_json":{"title":"Configurateur de gr\u00e9ement - Sparcraft","description":"Le configurateur de gr\u00e9ements Sparcraft permet aux professionnels de g\u00e9n\u00e9rer un devis pour une configuration de gr\u00e9ement.","robots":{"index":"index","follow":"follow","max-snippet":"max-snippet:-1","max-image-preview":"max-image-preview:large","max-video-preview":"max-video-preview:-1"},"canonical":"https:\/\/www.sparcraft.com\/fr\/configurateur-de-greement\/","og_locale":"fr_FR","og_type":"article","og_title":"Configurateur de gr\u00e9ement - Sparcraft","og_description":"Le configurateur de gr\u00e9ements Sparcraft permet aux professionnels de g\u00e9n\u00e9rer un devis pour une configuration de gr\u00e9ement.","og_url":"https:\/\/www.sparcraft.com\/fr\/configurateur-de-greement\/","og_site_name":"Sparcraft","article_modified_time":"2023-03-20T17:03:45+00:00","twitter_card":"summary_large_image","twitter_misc":{"Dur\u00e9e de lecture estim\u00e9e":"1 minute"},"schema":{"@context":"https:\/\/schema.org","@graph":[{"@type":"WebPage","@id":"https:\/\/www.sparcraft.com\/fr\/configurateur-de-greement\/","url":"https:\/\/www.sparcraft.com\/fr\/configurateur-de-greement\/","name":"Configurateur de gr\u00e9ement - Sparcraft","isPartOf":{"@id":"https:\/\/www.sparcraft.com\/fr\/#website"},"datePublished":"2021-02-05T13:58:49+00:00","dateModified":"2023-03-20T17:03:45+00:00","description":"Le configurateur de gr\u00e9ements Sparcraft permet aux professionnels de g\u00e9n\u00e9rer un devis pour une configuration de gr\u00e9ement.","inLanguage":"fr-FR","potentialAction":[{"@type":"ReadAction","target":["https:\/\/www.sparcraft.com\/fr\/configurateur-de-greement\/"]}]},{"@type":"WebSite","@id":"https:\/\/www.sparcraft.com\/fr\/#website","url":"https:\/\/www.sparcraft.com\/fr\/","name":"Sparcraft","description":"Mast &amp; Rigging","potentialAction":[{"@type":"SearchAction","target":{"@type":"EntryPoint","urlTemplate":"https:\/\/www.sparcraft.com\/fr\/?s={search_term_string}"},"query-input":{"@type":"PropertyValueSpecification","valueRequired":true,"valueName":"search_term_string"}}],"inLanguage":"fr-FR"}]}},"_links":{"self":[{"href":"https:\/\/www.sparcraft.com\/fr\/wp-json\/wp\/v2\/pages\/31555","targetHints":{"allow":["GET"]}}],"collection":[{"href":"https:\/\/www.sparcraft.com\/fr\/wp-json\/wp\/v2\/pages"}],"about":[{"href":"https:\/\/www.sparcraft.com\/fr\/wp-json\/wp\/v2\/types\/page"}],"author":[{"embeddable":true,"href":"https:\/\/www.sparcraft.com\/fr\/wp-json\/wp\/v2\/users\/1"}],"replies":[{"embeddable":true,"href":"https:\/\/www.sparcraft.com\/fr\/wp-json\/wp\/v2\/comments?post=31555"}],"version-history":[{"count":0,"href":"https:\/\/www.sparcraft.com\/fr\/wp-json\/wp\/v2\/pages\/31555\/revisions"}],"wp:attachment":[{"href":"https:\/\/www.sparcraft.com\/fr\/wp-json\/wp\/v2\/media?parent=31555"}],"curies":[{"name":"wp","href":"https:\/\/api.w.org\/{rel}","templated":true}]}}