{"id":37522,"date":"2025-03-18T11:26:37","date_gmt":"2025-03-18T10:26:37","guid":{"rendered":"https:\/\/www.sparcraft.com\/produit\/toggle-o8-toggle-for-masthead-30024008025\/"},"modified":"2026-04-20T04:04:53","modified_gmt":"2026-04-20T02:04:53","slug":"toggle-o8-toggle-for-masthead-30024008025","status":"publish","type":"product","link":"https:\/\/www.sparcraft.com\/en\/product\/toggle-o8-toggle-for-masthead-30024008025\/","title":{"rendered":"TOGGLE \u00d88 TOGGLE FOR MASTHEAD"},"content":{"rendered":"<p>  <P><SPAN><SPAN><SPAN>The toggles are adapted to the mastheads section (n\u00b03 and n\u00b04) and to the diameters of the wires.<\/SPAN><\/SPAN><\/SPAN><\/P><\/p>\n","protected":false},"excerpt":{"rendered":"<p>  <P><SPAN><SPAN><SPAN>&#8211;&nbsp;Pin \u00d88mm<\/SPAN><\/SPAN><\/SPAN><\/P> <P><SPAN><SPAN><SPAN>&#8211;&nbsp;Wire \u00d8 4-5mm<\/SPAN><\/SPAN><\/SPAN><\/P> <P><SPAN><SPAN><SPAN>&#8211;&nbsp;Upper pin&nbsp;(L): 10&#215;40 <\/SPAN><\/SPAN><\/SPAN><A href=\"http:\/\/www.sparcraft.fr\/sku\/40020210040\"><SPAN><SPAN><SPAN>40020210040<\/SPAN><\/SPAN><\/SPAN><\/A><\/P> <P><SPAN><SPAN><SPAN>&#8211;&nbsp;Toggle (M): Thick. 2 <\/SPAN><\/SPAN><\/SPAN><A href=\"http:\/\/www.sparcraft.fr\/sku\/41410100841\"><SPAN>41410100841<\/SPAN><\/A><\/P> <P><SPAN><SPAN><SPAN>&#8211;&nbsp;Cotter pin&nbsp;X2&nbsp;(N) &nbsp;\u00d82&#215;18 <\/SPAN><\/SPAN><\/SPAN><A href=\"http:\/\/www.sparcraft.fr\/sku\/28803020180\"><SPAN><SPAN><SPAN>28803020180<\/SPAN><\/SPAN><\/SPAN><\/A><SPAN><SPAN><SPAN>&nbsp;&nbsp; \u00d83.2&#215;20&nbsp;<\/SPAN><\/SPAN><\/SPAN><A href=\"http:\/\/www.sparcraft.fr\/sku\/28803032200\"><SPAN><SPAN><SPAN>28803032200<\/SPAN><\/SPAN><\/SPAN><\/A><\/P> <P><SPAN><SPAN><SPAN>&#8211;&nbsp;Lower pin&nbsp;(O) \u00d88&#215;18 <\/SPAN><\/SPAN><\/SPAN><A href=\"http:\/\/www.sparcraft.fr\/sku\/40020208018\"><SPAN>40020208018<\/SPAN><\/A><\/P><\/p>\n","protected":false},"featured_media":0,"comment_status":"open","ping_status":"closed","template":"","meta":[],"product_brand":[],"product_cat":[17],"product_tag":[],"class_list":{"0":"post-37522","1":"product","2":"type-product","3":"status-publish","5":"product_cat-product","7":"first","8":"instock","9":"taxable","10":"shipping-taxable","11":"purchasable","12":"product-type-simple"},"yoast_head":"<!-- This site is optimized with the Yoast SEO plugin v27.4 - https:\/\/yoast.com\/product\/yoast-seo-wordpress\/ -->\n<title>TOGGLE \u00d88 TOGGLE FOR MASTHEAD - Sparcraft<\/title>\n<meta name=\"robots\" content=\"index, follow, max-snippet:-1, max-image-preview:large, max-video-preview:-1\" \/>\n<link rel=\"canonical\" href=\"https:\/\/www.sparcraft.com\/en\/product\/toggle-o8-toggle-for-masthead-30024008025\/\" \/>\n<meta property=\"og:locale\" content=\"en_US\" \/>\n<meta property=\"og:type\" content=\"article\" \/>\n<meta property=\"og:title\" content=\"TOGGLE \u00d88 TOGGLE FOR MASTHEAD - Sparcraft\" \/>\n<meta property=\"og:description\" content=\"-&nbsp;Pin \u00d88mm -&nbsp;Wire \u00d8 4-5mm -&nbsp;Upper pin&nbsp;(L): 10x40 40020210040 -&nbsp;Toggle (M): Thick. 2 41410100841 -&nbsp;Cotter pin&nbsp;X2&nbsp;(N) &nbsp;\u00d82x18 28803020180&nbsp;&nbsp; \u00d83.2x20&nbsp;28803032200 -&nbsp;Lower pin&nbsp;(O) \u00d88x18 40020208018\" \/>\n<meta property=\"og:url\" content=\"https:\/\/www.sparcraft.com\/en\/product\/toggle-o8-toggle-for-masthead-30024008025\/\" \/>\n<meta property=\"og:site_name\" content=\"Sparcraft\" \/>\n<meta property=\"article:modified_time\" content=\"2026-04-20T02:04:53+00:00\" \/>\n<meta name=\"twitter:card\" content=\"summary_large_image\" \/>\n<script type=\"application\/ld+json\" class=\"yoast-schema-graph\">{\"@context\":\"https:\\\/\\\/schema.org\",\"@graph\":[{\"@type\":\"WebPage\",\"@id\":\"https:\\\/\\\/www.sparcraft.com\\\/en\\\/product\\\/toggle-o8-toggle-for-masthead-30024008025\\\/\",\"url\":\"https:\\\/\\\/www.sparcraft.com\\\/en\\\/product\\\/toggle-o8-toggle-for-masthead-30024008025\\\/\",\"name\":\"TOGGLE \u00d88 TOGGLE FOR MASTHEAD - Sparcraft\",\"isPartOf\":{\"@id\":\"https:\\\/\\\/www.sparcraft.com\\\/en\\\/#website\"},\"datePublished\":\"2025-03-18T10:26:37+00:00\",\"dateModified\":\"2026-04-20T02:04:53+00:00\",\"breadcrumb\":{\"@id\":\"https:\\\/\\\/www.sparcraft.com\\\/en\\\/product\\\/toggle-o8-toggle-for-masthead-30024008025\\\/#breadcrumb\"},\"inLanguage\":\"en-US\",\"potentialAction\":[{\"@type\":\"ReadAction\",\"target\":[\"https:\\\/\\\/www.sparcraft.com\\\/en\\\/product\\\/toggle-o8-toggle-for-masthead-30024008025\\\/\"]}]},{\"@type\":\"BreadcrumbList\",\"@id\":\"https:\\\/\\\/www.sparcraft.com\\\/en\\\/product\\\/toggle-o8-toggle-for-masthead-30024008025\\\/#breadcrumb\",\"itemListElement\":[{\"@type\":\"ListItem\",\"position\":1,\"name\":\"Boutique\",\"item\":\"https:\\\/\\\/www.sparcraft.com\\\/fr\\\/boutique\\\/\"},{\"@type\":\"ListItem\",\"position\":2,\"name\":\"TOGGLE \u00d88 TOGGLE FOR MASTHEAD\"}]},{\"@type\":\"WebSite\",\"@id\":\"https:\\\/\\\/www.sparcraft.com\\\/en\\\/#website\",\"url\":\"https:\\\/\\\/www.sparcraft.com\\\/en\\\/\",\"name\":\"Sparcraft\",\"description\":\"Mast &amp; Rigging\",\"potentialAction\":[{\"@type\":\"SearchAction\",\"target\":{\"@type\":\"EntryPoint\",\"urlTemplate\":\"https:\\\/\\\/www.sparcraft.com\\\/en\\\/?s={search_term_string}\"},\"query-input\":{\"@type\":\"PropertyValueSpecification\",\"valueRequired\":true,\"valueName\":\"search_term_string\"}}],\"inLanguage\":\"en-US\"}]}<\/script>\n<!-- \/ Yoast SEO plugin. -->","yoast_head_json":{"title":"TOGGLE \u00d88 TOGGLE FOR MASTHEAD - Sparcraft","robots":{"index":"index","follow":"follow","max-snippet":"max-snippet:-1","max-image-preview":"max-image-preview:large","max-video-preview":"max-video-preview:-1"},"canonical":"https:\/\/www.sparcraft.com\/en\/product\/toggle-o8-toggle-for-masthead-30024008025\/","og_locale":"en_US","og_type":"article","og_title":"TOGGLE \u00d88 TOGGLE FOR MASTHEAD - Sparcraft","og_description":"-&nbsp;Pin \u00d88mm -&nbsp;Wire \u00d8 4-5mm -&nbsp;Upper pin&nbsp;(L): 10x40 40020210040 -&nbsp;Toggle (M): Thick. 2 41410100841 -&nbsp;Cotter pin&nbsp;X2&nbsp;(N) &nbsp;\u00d82x18 28803020180&nbsp;&nbsp; \u00d83.2x20&nbsp;28803032200 -&nbsp;Lower pin&nbsp;(O) \u00d88x18 40020208018","og_url":"https:\/\/www.sparcraft.com\/en\/product\/toggle-o8-toggle-for-masthead-30024008025\/","og_site_name":"Sparcraft","article_modified_time":"2026-04-20T02:04:53+00:00","twitter_card":"summary_large_image","schema":{"@context":"https:\/\/schema.org","@graph":[{"@type":"WebPage","@id":"https:\/\/www.sparcraft.com\/en\/product\/toggle-o8-toggle-for-masthead-30024008025\/","url":"https:\/\/www.sparcraft.com\/en\/product\/toggle-o8-toggle-for-masthead-30024008025\/","name":"TOGGLE \u00d88 TOGGLE FOR MASTHEAD - Sparcraft","isPartOf":{"@id":"https:\/\/www.sparcraft.com\/en\/#website"},"datePublished":"2025-03-18T10:26:37+00:00","dateModified":"2026-04-20T02:04:53+00:00","breadcrumb":{"@id":"https:\/\/www.sparcraft.com\/en\/product\/toggle-o8-toggle-for-masthead-30024008025\/#breadcrumb"},"inLanguage":"en-US","potentialAction":[{"@type":"ReadAction","target":["https:\/\/www.sparcraft.com\/en\/product\/toggle-o8-toggle-for-masthead-30024008025\/"]}]},{"@type":"BreadcrumbList","@id":"https:\/\/www.sparcraft.com\/en\/product\/toggle-o8-toggle-for-masthead-30024008025\/#breadcrumb","itemListElement":[{"@type":"ListItem","position":1,"name":"Boutique","item":"https:\/\/www.sparcraft.com\/fr\/boutique\/"},{"@type":"ListItem","position":2,"name":"TOGGLE \u00d88 TOGGLE FOR MASTHEAD"}]},{"@type":"WebSite","@id":"https:\/\/www.sparcraft.com\/en\/#website","url":"https:\/\/www.sparcraft.com\/en\/","name":"Sparcraft","description":"Mast &amp; Rigging","potentialAction":[{"@type":"SearchAction","target":{"@type":"EntryPoint","urlTemplate":"https:\/\/www.sparcraft.com\/en\/?s={search_term_string}"},"query-input":{"@type":"PropertyValueSpecification","valueRequired":true,"valueName":"search_term_string"}}],"inLanguage":"en-US"}]}},"_links":{"self":[{"href":"https:\/\/www.sparcraft.com\/en\/wp-json\/wp\/v2\/product\/37522","targetHints":{"allow":["GET"]}}],"collection":[{"href":"https:\/\/www.sparcraft.com\/en\/wp-json\/wp\/v2\/product"}],"about":[{"href":"https:\/\/www.sparcraft.com\/en\/wp-json\/wp\/v2\/types\/product"}],"replies":[{"embeddable":true,"href":"https:\/\/www.sparcraft.com\/en\/wp-json\/wp\/v2\/comments?post=37522"}],"wp:attachment":[{"href":"https:\/\/www.sparcraft.com\/en\/wp-json\/wp\/v2\/media?parent=37522"}],"wp:term":[{"taxonomy":"product_brand","embeddable":true,"href":"https:\/\/www.sparcraft.com\/en\/wp-json\/wp\/v2\/product_brand?post=37522"},{"taxonomy":"product_cat","embeddable":true,"href":"https:\/\/www.sparcraft.com\/en\/wp-json\/wp\/v2\/product_cat?post=37522"},{"taxonomy":"product_tag","embeddable":true,"href":"https:\/\/www.sparcraft.com\/en\/wp-json\/wp\/v2\/product_tag?post=37522"}],"curies":[{"name":"wp","href":"https:\/\/api.w.org\/{rel}","templated":true}]}}