{"id":36849,"date":"2023-07-13T12:45:50","date_gmt":"2023-07-13T10:45:50","guid":{"rendered":"https:\/\/www.sparcraft.com\/produit\/stainless-steel-big-bolt-rope-complete-34203000055\/"},"modified":"2026-04-15T04:06:09","modified_gmt":"2026-04-15T02:06:09","slug":"stainless-steel-big-bolt-rope-complete-34203000055","status":"publish","type":"product","link":"https:\/\/www.sparcraft.com\/en\/product\/stainless-steel-big-bolt-rope-complete-34203000055\/","title":{"rendered":"STAINLESS STEEL BIG BOLT ROPE COMPLETE"},"content":{"rendered":"<p>  <UL> <LI>Bolt rope feeder<\/LI> <LI>Very resistant to the usury and corrosion<\/LI> <LI>Perfect adaptation to the Sparcraft sections<\/LI> <LI>Easy to install<\/LI><\/UL><\/p>\n","protected":false},"excerpt":{"rendered":"<p>  <P>Complete big bolt rope for sail gates<\/P> <P>Bolt diameter: <STRONG>\u00d8&nbsp;8 et&nbsp;10 mm<\/STRONG><\/P> <P>Dimensions :&nbsp;<STRONG>88 x&nbsp;58 mm<\/STRONG><\/P> <P>Installation&nbsp;:&nbsp;<STRONG>6<STRONG>&nbsp;<\/STRONG>holes \u00d8 5 mm<\/STRONG><\/P> <P>Rivets included : <STRONG>6<\/STRONG><\/P> <P>Rivets dimensions&nbsp;<STRONG>: 4.8 x 14 mm<\/STRONG><\/P> <P>For mast sections&nbsp; : <STRONG>S400 \u00e0 S622<\/STRONG><\/P> <P>Material : <STRONG>stainless steel<\/STRONG><\/P><\/p>\n","protected":false},"featured_media":0,"comment_status":"open","ping_status":"closed","template":"","meta":[],"product_brand":[],"product_cat":[17],"product_tag":[],"class_list":{"0":"post-36849","1":"product","2":"type-product","3":"status-publish","5":"product_cat-product","7":"first","8":"instock","9":"taxable","10":"shipping-taxable","11":"purchasable","12":"product-type-simple"},"yoast_head":"<!-- This site is optimized with the Yoast SEO plugin v27.4 - https:\/\/yoast.com\/product\/yoast-seo-wordpress\/ -->\n<title>STAINLESS STEEL BIG BOLT ROPE COMPLETE - Sparcraft<\/title>\n<meta name=\"robots\" content=\"index, follow, max-snippet:-1, max-image-preview:large, max-video-preview:-1\" \/>\n<link rel=\"canonical\" href=\"https:\/\/www.sparcraft.com\/en\/product\/stainless-steel-big-bolt-rope-complete-34203000055\/\" \/>\n<meta property=\"og:locale\" content=\"en_US\" \/>\n<meta property=\"og:type\" content=\"article\" \/>\n<meta property=\"og:title\" content=\"STAINLESS STEEL BIG BOLT ROPE COMPLETE - Sparcraft\" \/>\n<meta property=\"og:description\" content=\"Complete big bolt rope for sail gates Bolt diameter: \u00d8&nbsp;8 et&nbsp;10 mm Dimensions :&nbsp;88 x&nbsp;58 mm Installation&nbsp;:&nbsp;6&nbsp;holes \u00d8 5 mm Rivets included : 6 Rivets dimensions&nbsp;: 4.8 x 14 mm For mast sections&nbsp; : S400 \u00e0 S622 Material : stainless steel\" \/>\n<meta property=\"og:url\" content=\"https:\/\/www.sparcraft.com\/en\/product\/stainless-steel-big-bolt-rope-complete-34203000055\/\" \/>\n<meta property=\"og:site_name\" content=\"Sparcraft\" \/>\n<meta property=\"article:modified_time\" content=\"2026-04-15T02:06:09+00:00\" \/>\n<meta name=\"twitter:card\" content=\"summary_large_image\" \/>\n<script type=\"application\/ld+json\" class=\"yoast-schema-graph\">{\"@context\":\"https:\\\/\\\/schema.org\",\"@graph\":[{\"@type\":\"WebPage\",\"@id\":\"https:\\\/\\\/www.sparcraft.com\\\/en\\\/product\\\/stainless-steel-big-bolt-rope-complete-34203000055\\\/\",\"url\":\"https:\\\/\\\/www.sparcraft.com\\\/en\\\/product\\\/stainless-steel-big-bolt-rope-complete-34203000055\\\/\",\"name\":\"STAINLESS STEEL BIG BOLT ROPE COMPLETE - Sparcraft\",\"isPartOf\":{\"@id\":\"https:\\\/\\\/www.sparcraft.com\\\/en\\\/#website\"},\"datePublished\":\"2023-07-13T10:45:50+00:00\",\"dateModified\":\"2026-04-15T02:06:09+00:00\",\"breadcrumb\":{\"@id\":\"https:\\\/\\\/www.sparcraft.com\\\/en\\\/product\\\/stainless-steel-big-bolt-rope-complete-34203000055\\\/#breadcrumb\"},\"inLanguage\":\"en-US\",\"potentialAction\":[{\"@type\":\"ReadAction\",\"target\":[\"https:\\\/\\\/www.sparcraft.com\\\/en\\\/product\\\/stainless-steel-big-bolt-rope-complete-34203000055\\\/\"]}]},{\"@type\":\"BreadcrumbList\",\"@id\":\"https:\\\/\\\/www.sparcraft.com\\\/en\\\/product\\\/stainless-steel-big-bolt-rope-complete-34203000055\\\/#breadcrumb\",\"itemListElement\":[{\"@type\":\"ListItem\",\"position\":1,\"name\":\"Boutique\",\"item\":\"https:\\\/\\\/www.sparcraft.com\\\/fr\\\/boutique\\\/\"},{\"@type\":\"ListItem\",\"position\":2,\"name\":\"STAINLESS STEEL BIG BOLT ROPE COMPLETE\"}]},{\"@type\":\"WebSite\",\"@id\":\"https:\\\/\\\/www.sparcraft.com\\\/en\\\/#website\",\"url\":\"https:\\\/\\\/www.sparcraft.com\\\/en\\\/\",\"name\":\"Sparcraft\",\"description\":\"Mast &amp; Rigging\",\"potentialAction\":[{\"@type\":\"SearchAction\",\"target\":{\"@type\":\"EntryPoint\",\"urlTemplate\":\"https:\\\/\\\/www.sparcraft.com\\\/en\\\/?s={search_term_string}\"},\"query-input\":{\"@type\":\"PropertyValueSpecification\",\"valueRequired\":true,\"valueName\":\"search_term_string\"}}],\"inLanguage\":\"en-US\"}]}<\/script>\n<!-- \/ Yoast SEO plugin. -->","yoast_head_json":{"title":"STAINLESS STEEL BIG BOLT ROPE COMPLETE - Sparcraft","robots":{"index":"index","follow":"follow","max-snippet":"max-snippet:-1","max-image-preview":"max-image-preview:large","max-video-preview":"max-video-preview:-1"},"canonical":"https:\/\/www.sparcraft.com\/en\/product\/stainless-steel-big-bolt-rope-complete-34203000055\/","og_locale":"en_US","og_type":"article","og_title":"STAINLESS STEEL BIG BOLT ROPE COMPLETE - Sparcraft","og_description":"Complete big bolt rope for sail gates Bolt diameter: \u00d8&nbsp;8 et&nbsp;10 mm Dimensions :&nbsp;88 x&nbsp;58 mm Installation&nbsp;:&nbsp;6&nbsp;holes \u00d8 5 mm Rivets included : 6 Rivets dimensions&nbsp;: 4.8 x 14 mm For mast sections&nbsp; : S400 \u00e0 S622 Material : stainless steel","og_url":"https:\/\/www.sparcraft.com\/en\/product\/stainless-steel-big-bolt-rope-complete-34203000055\/","og_site_name":"Sparcraft","article_modified_time":"2026-04-15T02:06:09+00:00","twitter_card":"summary_large_image","schema":{"@context":"https:\/\/schema.org","@graph":[{"@type":"WebPage","@id":"https:\/\/www.sparcraft.com\/en\/product\/stainless-steel-big-bolt-rope-complete-34203000055\/","url":"https:\/\/www.sparcraft.com\/en\/product\/stainless-steel-big-bolt-rope-complete-34203000055\/","name":"STAINLESS STEEL BIG BOLT ROPE COMPLETE - Sparcraft","isPartOf":{"@id":"https:\/\/www.sparcraft.com\/en\/#website"},"datePublished":"2023-07-13T10:45:50+00:00","dateModified":"2026-04-15T02:06:09+00:00","breadcrumb":{"@id":"https:\/\/www.sparcraft.com\/en\/product\/stainless-steel-big-bolt-rope-complete-34203000055\/#breadcrumb"},"inLanguage":"en-US","potentialAction":[{"@type":"ReadAction","target":["https:\/\/www.sparcraft.com\/en\/product\/stainless-steel-big-bolt-rope-complete-34203000055\/"]}]},{"@type":"BreadcrumbList","@id":"https:\/\/www.sparcraft.com\/en\/product\/stainless-steel-big-bolt-rope-complete-34203000055\/#breadcrumb","itemListElement":[{"@type":"ListItem","position":1,"name":"Boutique","item":"https:\/\/www.sparcraft.com\/fr\/boutique\/"},{"@type":"ListItem","position":2,"name":"STAINLESS STEEL BIG BOLT ROPE COMPLETE"}]},{"@type":"WebSite","@id":"https:\/\/www.sparcraft.com\/en\/#website","url":"https:\/\/www.sparcraft.com\/en\/","name":"Sparcraft","description":"Mast &amp; Rigging","potentialAction":[{"@type":"SearchAction","target":{"@type":"EntryPoint","urlTemplate":"https:\/\/www.sparcraft.com\/en\/?s={search_term_string}"},"query-input":{"@type":"PropertyValueSpecification","valueRequired":true,"valueName":"search_term_string"}}],"inLanguage":"en-US"}]}},"_links":{"self":[{"href":"https:\/\/www.sparcraft.com\/en\/wp-json\/wp\/v2\/product\/36849","targetHints":{"allow":["GET"]}}],"collection":[{"href":"https:\/\/www.sparcraft.com\/en\/wp-json\/wp\/v2\/product"}],"about":[{"href":"https:\/\/www.sparcraft.com\/en\/wp-json\/wp\/v2\/types\/product"}],"replies":[{"embeddable":true,"href":"https:\/\/www.sparcraft.com\/en\/wp-json\/wp\/v2\/comments?post=36849"}],"wp:attachment":[{"href":"https:\/\/www.sparcraft.com\/en\/wp-json\/wp\/v2\/media?parent=36849"}],"wp:term":[{"taxonomy":"product_brand","embeddable":true,"href":"https:\/\/www.sparcraft.com\/en\/wp-json\/wp\/v2\/product_brand?post=36849"},{"taxonomy":"product_cat","embeddable":true,"href":"https:\/\/www.sparcraft.com\/en\/wp-json\/wp\/v2\/product_cat?post=36849"},{"taxonomy":"product_tag","embeddable":true,"href":"https:\/\/www.sparcraft.com\/en\/wp-json\/wp\/v2\/product_tag?post=36849"}],"curies":[{"name":"wp","href":"https:\/\/api.w.org\/{rel}","templated":true}]}}