{"id":36790,"date":"2023-06-14T16:32:50","date_gmt":"2023-06-14T14:32:50","guid":{"rendered":"https:\/\/www.sparcraft.com\/produit\/double-external-tang-wire-o4-and-o5mm-pin-o8mm-31003003085\/"},"modified":"2026-05-02T04:05:30","modified_gmt":"2026-05-02T02:05:30","slug":"double-external-tang-wire-o4-and-o5mm-pin-o8mm-31003003085","status":"publish","type":"product","link":"https:\/\/www.sparcraft.com\/en\/product\/double-external-tang-wire-o4-and-o5mm-pin-o8mm-31003003085\/","title":{"rendered":"DOUBLE EXTERNAL TANG WIRE \u00d84 AND \u00d85mm PIN \u00d88mm"},"content":{"rendered":"<p>  <P><SPAN><SPAN><SPAN>&#8211; A =&nbsp;48 mm<\/SPAN><\/SPAN><\/SPAN><\/P> <P><SPAN><SPAN><SPAN>&#8211; Without threaded pin<\/SPAN><\/SPAN><\/SPAN><\/P> <P><SPAN><SPAN><SPAN>&#8211;&nbsp;Has to be associated to thread pin&nbsp;<\/SPAN><\/SPAN><A href=\"http:\/\/sparcraft.sku\/40020510138\"><SPAN><SPAN>40020510138<\/SPAN><\/SPAN><\/A><SPAN><SPAN> for S137 mast section<\/SPAN><\/SPAN><\/SPAN><\/P> <P><SPAN><SPAN><SPAN>&#8211;&nbsp;Has to be associated to thread pin<\/SPAN><\/SPAN><\/SPAN><SPAN><SPAN><SPAN>&nbsp;<\/SPAN><\/SPAN><A href=\"http:\/\/sparcraft.sku\/40020510138\"><SPAN><SPAN>40020510138<\/SPAN><\/SPAN><\/A><SPAN><SPAN>&nbsp;for S180 mast section<\/SPAN><\/SPAN><\/SPAN><\/P> <P><SPAN><SPAN><SPAN>&#8211;&nbsp;Has to be associated to thread pin&nbsp;<\/SPAN><\/SPAN><A href=\"http:\/\/sparcraft.sku\/40020510154\"><SPAN><SPAN>40020510154<\/SPAN><\/SPAN><\/A><SPAN><SPAN>&nbsp;for S260 mast section<\/SPAN><\/SPAN><\/SPAN><\/P> <P><SPAN><SPAN><SPAN>&#8211;&nbsp;Has to be associated to thread pin&nbsp;<\/SPAN><\/SPAN><A href=\"http:\/\/sparcraft.sku\/40020510154\"><SPAN><SPAN>40020510154<\/SPAN><\/SPAN><\/A><SPAN><SPAN>&nbsp;for S330 mast section<\/SPAN><\/SPAN><\/SPAN><\/P> <P><SPAN><SPAN><SPAN>&#8211;&nbsp;Has to be associated to thread pin&nbsp;<\/SPAN><\/SPAN><A href=\"http:\/\/sparcraft.sku\/40020510154\"><SPAN><SPAN>40020510154<\/SPAN><\/SPAN><\/A><SPAN><SPAN>&nbsp;for S400 mast section<\/SPAN><\/SPAN><\/SPAN><\/P> <P><SPAN><SPAN><SPAN>&#8211;&nbsp;Has to be associated to thread pin&nbsp;<\/SPAN><\/SPAN><A href=\"http:\/\/www.sparcraft.fr\/sku\/40020510162\"><SPAN><SPAN>40020510162<\/SPAN><\/SPAN><\/A><SPAN><SPAN>&nbsp;for S510 mast section<\/SPAN><\/SPAN><\/SPAN><\/P><\/p>\n","protected":false},"excerpt":{"rendered":"<p>  <P><SPAN><SPAN><SPAN>&#8211; External tangs:<\/SPAN><\/SPAN><\/SPAN><\/P> <P><SPAN><SPAN><SPAN>Single or double, with one or two thread pins. External tangs are designed to take stemball fittings which are easily exchangeable with manual fittings. Single tangs are also used for runners.<\/SPAN><\/SPAN><\/SPAN><\/P> <P><SPAN><SPAN><SPAN>&#8211;&nbsp;Double tang with pin \u00d88mm<\/SPAN><\/SPAN><\/SPAN><\/P> <P><SPAN><SPAN><SPAN>&#8211; For wires \u00d84 and \u00d85mm<\/SPAN><\/SPAN><\/SPAN><\/P><\/p>\n","protected":false},"featured_media":0,"comment_status":"open","ping_status":"closed","template":"","meta":[],"product_brand":[],"product_cat":[17],"product_tag":[],"class_list":{"0":"post-36790","1":"product","2":"type-product","3":"status-publish","5":"product_cat-product","7":"first","8":"instock","9":"taxable","10":"shipping-taxable","11":"purchasable","12":"product-type-simple"},"yoast_head":"<!-- This site is optimized with the Yoast SEO plugin v27.5 - https:\/\/yoast.com\/product\/yoast-seo-wordpress\/ -->\n<title>DOUBLE EXTERNAL TANG WIRE \u00d84 AND \u00d85mm PIN \u00d88mm - Sparcraft<\/title>\n<meta name=\"robots\" content=\"index, follow, max-snippet:-1, max-image-preview:large, max-video-preview:-1\" \/>\n<link rel=\"canonical\" href=\"https:\/\/www.sparcraft.com\/en\/product\/double-external-tang-wire-o4-and-o5mm-pin-o8mm-31003003085\/\" \/>\n<meta property=\"og:locale\" content=\"en_US\" \/>\n<meta property=\"og:type\" content=\"article\" \/>\n<meta property=\"og:title\" content=\"DOUBLE EXTERNAL TANG WIRE \u00d84 AND \u00d85mm PIN \u00d88mm - Sparcraft\" \/>\n<meta property=\"og:description\" content=\"- External tangs: Single or double, with one or two thread pins. External tangs are designed to take stemball fittings which are easily exchangeable with manual fittings. Single tangs are also used for runners. -&nbsp;Double tang with pin \u00d88mm - For wires \u00d84 and \u00d85mm\" \/>\n<meta property=\"og:url\" content=\"https:\/\/www.sparcraft.com\/en\/product\/double-external-tang-wire-o4-and-o5mm-pin-o8mm-31003003085\/\" \/>\n<meta property=\"og:site_name\" content=\"Sparcraft\" \/>\n<meta property=\"article:modified_time\" content=\"2026-05-02T02:05:30+00:00\" \/>\n<meta name=\"twitter:card\" content=\"summary_large_image\" \/>\n<script type=\"application\/ld+json\" class=\"yoast-schema-graph\">{\"@context\":\"https:\\\/\\\/schema.org\",\"@graph\":[{\"@type\":\"WebPage\",\"@id\":\"https:\\\/\\\/www.sparcraft.com\\\/en\\\/product\\\/double-external-tang-wire-o4-and-o5mm-pin-o8mm-31003003085\\\/\",\"url\":\"https:\\\/\\\/www.sparcraft.com\\\/en\\\/product\\\/double-external-tang-wire-o4-and-o5mm-pin-o8mm-31003003085\\\/\",\"name\":\"DOUBLE EXTERNAL TANG WIRE \u00d84 AND \u00d85mm PIN \u00d88mm - Sparcraft\",\"isPartOf\":{\"@id\":\"https:\\\/\\\/www.sparcraft.com\\\/en\\\/#website\"},\"datePublished\":\"2023-06-14T14:32:50+00:00\",\"dateModified\":\"2026-05-02T02:05:30+00:00\",\"breadcrumb\":{\"@id\":\"https:\\\/\\\/www.sparcraft.com\\\/en\\\/product\\\/double-external-tang-wire-o4-and-o5mm-pin-o8mm-31003003085\\\/#breadcrumb\"},\"inLanguage\":\"en-US\",\"potentialAction\":[{\"@type\":\"ReadAction\",\"target\":[\"https:\\\/\\\/www.sparcraft.com\\\/en\\\/product\\\/double-external-tang-wire-o4-and-o5mm-pin-o8mm-31003003085\\\/\"]}]},{\"@type\":\"BreadcrumbList\",\"@id\":\"https:\\\/\\\/www.sparcraft.com\\\/en\\\/product\\\/double-external-tang-wire-o4-and-o5mm-pin-o8mm-31003003085\\\/#breadcrumb\",\"itemListElement\":[{\"@type\":\"ListItem\",\"position\":1,\"name\":\"Boutique\",\"item\":\"https:\\\/\\\/www.sparcraft.com\\\/fr\\\/boutique\\\/\"},{\"@type\":\"ListItem\",\"position\":2,\"name\":\"DOUBLE EXTERNAL TANG WIRE \u00d84 AND \u00d85mm PIN \u00d88mm\"}]},{\"@type\":\"WebSite\",\"@id\":\"https:\\\/\\\/www.sparcraft.com\\\/en\\\/#website\",\"url\":\"https:\\\/\\\/www.sparcraft.com\\\/en\\\/\",\"name\":\"Sparcraft\",\"description\":\"Mast &amp; Rigging\",\"potentialAction\":[{\"@type\":\"SearchAction\",\"target\":{\"@type\":\"EntryPoint\",\"urlTemplate\":\"https:\\\/\\\/www.sparcraft.com\\\/en\\\/?s={search_term_string}\"},\"query-input\":{\"@type\":\"PropertyValueSpecification\",\"valueRequired\":true,\"valueName\":\"search_term_string\"}}],\"inLanguage\":\"en-US\"}]}<\/script>\n<!-- \/ Yoast SEO plugin. -->","yoast_head_json":{"title":"DOUBLE EXTERNAL TANG WIRE \u00d84 AND \u00d85mm PIN \u00d88mm - Sparcraft","robots":{"index":"index","follow":"follow","max-snippet":"max-snippet:-1","max-image-preview":"max-image-preview:large","max-video-preview":"max-video-preview:-1"},"canonical":"https:\/\/www.sparcraft.com\/en\/product\/double-external-tang-wire-o4-and-o5mm-pin-o8mm-31003003085\/","og_locale":"en_US","og_type":"article","og_title":"DOUBLE EXTERNAL TANG WIRE \u00d84 AND \u00d85mm PIN \u00d88mm - Sparcraft","og_description":"- External tangs: Single or double, with one or two thread pins. External tangs are designed to take stemball fittings which are easily exchangeable with manual fittings. Single tangs are also used for runners. -&nbsp;Double tang with pin \u00d88mm - For wires \u00d84 and \u00d85mm","og_url":"https:\/\/www.sparcraft.com\/en\/product\/double-external-tang-wire-o4-and-o5mm-pin-o8mm-31003003085\/","og_site_name":"Sparcraft","article_modified_time":"2026-05-02T02:05:30+00:00","twitter_card":"summary_large_image","schema":{"@context":"https:\/\/schema.org","@graph":[{"@type":"WebPage","@id":"https:\/\/www.sparcraft.com\/en\/product\/double-external-tang-wire-o4-and-o5mm-pin-o8mm-31003003085\/","url":"https:\/\/www.sparcraft.com\/en\/product\/double-external-tang-wire-o4-and-o5mm-pin-o8mm-31003003085\/","name":"DOUBLE EXTERNAL TANG WIRE \u00d84 AND \u00d85mm PIN \u00d88mm - Sparcraft","isPartOf":{"@id":"https:\/\/www.sparcraft.com\/en\/#website"},"datePublished":"2023-06-14T14:32:50+00:00","dateModified":"2026-05-02T02:05:30+00:00","breadcrumb":{"@id":"https:\/\/www.sparcraft.com\/en\/product\/double-external-tang-wire-o4-and-o5mm-pin-o8mm-31003003085\/#breadcrumb"},"inLanguage":"en-US","potentialAction":[{"@type":"ReadAction","target":["https:\/\/www.sparcraft.com\/en\/product\/double-external-tang-wire-o4-and-o5mm-pin-o8mm-31003003085\/"]}]},{"@type":"BreadcrumbList","@id":"https:\/\/www.sparcraft.com\/en\/product\/double-external-tang-wire-o4-and-o5mm-pin-o8mm-31003003085\/#breadcrumb","itemListElement":[{"@type":"ListItem","position":1,"name":"Boutique","item":"https:\/\/www.sparcraft.com\/fr\/boutique\/"},{"@type":"ListItem","position":2,"name":"DOUBLE EXTERNAL TANG WIRE \u00d84 AND \u00d85mm PIN \u00d88mm"}]},{"@type":"WebSite","@id":"https:\/\/www.sparcraft.com\/en\/#website","url":"https:\/\/www.sparcraft.com\/en\/","name":"Sparcraft","description":"Mast &amp; Rigging","potentialAction":[{"@type":"SearchAction","target":{"@type":"EntryPoint","urlTemplate":"https:\/\/www.sparcraft.com\/en\/?s={search_term_string}"},"query-input":{"@type":"PropertyValueSpecification","valueRequired":true,"valueName":"search_term_string"}}],"inLanguage":"en-US"}]}},"_links":{"self":[{"href":"https:\/\/www.sparcraft.com\/en\/wp-json\/wp\/v2\/product\/36790","targetHints":{"allow":["GET"]}}],"collection":[{"href":"https:\/\/www.sparcraft.com\/en\/wp-json\/wp\/v2\/product"}],"about":[{"href":"https:\/\/www.sparcraft.com\/en\/wp-json\/wp\/v2\/types\/product"}],"replies":[{"embeddable":true,"href":"https:\/\/www.sparcraft.com\/en\/wp-json\/wp\/v2\/comments?post=36790"}],"wp:attachment":[{"href":"https:\/\/www.sparcraft.com\/en\/wp-json\/wp\/v2\/media?parent=36790"}],"wp:term":[{"taxonomy":"product_brand","embeddable":true,"href":"https:\/\/www.sparcraft.com\/en\/wp-json\/wp\/v2\/product_brand?post=36790"},{"taxonomy":"product_cat","embeddable":true,"href":"https:\/\/www.sparcraft.com\/en\/wp-json\/wp\/v2\/product_cat?post=36790"},{"taxonomy":"product_tag","embeddable":true,"href":"https:\/\/www.sparcraft.com\/en\/wp-json\/wp\/v2\/product_tag?post=36790"}],"curies":[{"name":"wp","href":"https:\/\/api.w.org\/{rel}","templated":true}]}}