{"id":36788,"date":"2023-06-14T16:32:49","date_gmt":"2023-06-14T14:32:49","guid":{"rendered":"https:\/\/www.sparcraft.com\/produit\/single-tang-wire-o4-and-o5mm-pin-o8mm-31003002085\/"},"modified":"2026-04-20T04:04:57","modified_gmt":"2026-04-20T02:04:57","slug":"single-tang-wire-o4-and-o5mm-pin-o8mm-31003002085","status":"publish","type":"product","link":"https:\/\/www.sparcraft.com\/en\/product\/single-tang-wire-o4-and-o5mm-pin-o8mm-31003002085\/","title":{"rendered":"SINGLE TANG WIRE \u00d84 and \u00d85mm PIN \u00d88mm"},"content":{"rendered":"<p>  <P><SPAN><SPAN><SPAN>&#8211; A =&nbsp;48 mm<\/SPAN><\/SPAN><\/SPAN><\/P> <P><SPAN><SPAN><SPAN>&#8211; Without threaded pin<\/SPAN><\/SPAN><\/SPAN><\/P> <P><SPAN><SPAN><SPAN>&#8211;&nbsp;Has to be associated to thread pin&nbsp;<\/SPAN><\/SPAN><A href=\"http:\/\/sparcraft.sku\/40020510138\"><SPAN><SPAN>40020510138<\/SPAN><\/SPAN><\/A><SPAN><SPAN> for S137 mast section<\/SPAN><\/SPAN><\/SPAN><\/P> <P><SPAN><SPAN><SPAN>&#8211;&nbsp;Has to be associated to thread pin<\/SPAN><\/SPAN><\/SPAN><SPAN><SPAN><SPAN>&nbsp;<\/SPAN><\/SPAN><A href=\"http:\/\/sparcraft.sku\/40020510138\"><SPAN><SPAN>40020510138<\/SPAN><\/SPAN><\/A><SPAN><SPAN>&nbsp;for S180 mast section<\/SPAN><\/SPAN><\/SPAN><\/P> <P><SPAN><SPAN><SPAN>&#8211;&nbsp;Has to be associated to thread pin&nbsp;<\/SPAN><\/SPAN><A href=\"http:\/\/sparcraft.sku\/40020510154\"><SPAN><SPAN>40020510154<\/SPAN><\/SPAN><\/A><SPAN><SPAN>&nbsp;for S260 mast section<\/SPAN><\/SPAN><\/SPAN><\/P> <P><SPAN><SPAN><SPAN>&#8211;&nbsp;Has to be associated to thread pin&nbsp;<\/SPAN><\/SPAN><A href=\"http:\/\/sparcraft.sku\/40020510154\"><SPAN><SPAN>40020510154<\/SPAN><\/SPAN><\/A><SPAN><SPAN>&nbsp;for S330 mast section<\/SPAN><\/SPAN><\/SPAN><\/P> <P><SPAN><SPAN><SPAN>&#8211;&nbsp;Has to be associated to thread pin&nbsp;<\/SPAN><\/SPAN><A href=\"http:\/\/sparcraft.sku\/40020510154\"><SPAN><SPAN>40020510154<\/SPAN><\/SPAN><\/A><SPAN><SPAN>&nbsp;for S400 mast section<\/SPAN><\/SPAN><\/SPAN><\/P> <P><SPAN><SPAN><SPAN>&#8211;&nbsp;Has to be associated to thread pin&nbsp;<\/SPAN><\/SPAN><A href=\"http:\/\/www.sparcraft.fr\/sku\/40020510162\"><SPAN><SPAN>40020510162<\/SPAN><\/SPAN><\/A><SPAN><SPAN>&nbsp;for S510 mast section<\/SPAN><\/SPAN><\/SPAN><\/P> <P><SPAN><SPAN><SPAN>&#8211;&nbsp;Has to be associated to thread pin<\/SPAN><\/SPAN><\/SPAN><SPAN><SPAN><SPAN> <A href=\"http:\/\/www.sparcraft.fr\/sku\/40020510141\"><SPAN>40020510141<\/SPAN><\/A>&nbsp;<\/SPAN><\/SPAN><\/SPAN><SPAN><SPAN><SPAN>for S265E mast section<\/SPAN><\/SPAN><\/SPAN><\/P> <P><SPAN><SPAN><SPAN>&#8211;&nbsp;Has to be associated to thread pin <\/SPAN><\/SPAN><\/SPAN><SPAN><SPAN><SPAN><A href=\"http:\/\/www.sparcraft.fr\/sku\/40020510162\"><SPAN>40020510162<\/SPAN><\/A>&nbsp;<\/SPAN><\/SPAN><\/SPAN><SPAN><SPAN><SPAN>for S365E mast section<\/SPAN><\/SPAN><\/SPAN><\/P> <P>&nbsp;<\/P><\/p>\n","protected":false},"excerpt":{"rendered":"<p>  <P><SPAN><SPAN><SPAN>&#8211; External tangs:<\/SPAN><\/SPAN><\/SPAN><\/P> <P><SPAN><SPAN><SPAN>Single or double, with one or two thread pins. External tangs are designed to take stemball fittings which are easily exchangeable with manual fittings. Single tangs are also used for runners.<\/SPAN><\/SPAN><\/SPAN><\/P> <P><SPAN><SPAN><SPAN>&#8211; Single tang with pin \u00d88mm<\/SPAN><\/SPAN><\/SPAN><\/P> <P><SPAN><SPAN><SPAN>&#8211; For wires \u00d84 and \u00d85 mm<\/SPAN><\/SPAN><\/SPAN><\/P><\/p>\n","protected":false},"featured_media":0,"comment_status":"open","ping_status":"closed","template":"","meta":[],"product_brand":[],"product_cat":[17],"product_tag":[],"class_list":{"0":"post-36788","1":"product","2":"type-product","3":"status-publish","5":"product_cat-product","7":"first","8":"instock","9":"taxable","10":"shipping-taxable","11":"purchasable","12":"product-type-simple"},"yoast_head":"<!-- This site is optimized with the Yoast SEO plugin v27.4 - https:\/\/yoast.com\/product\/yoast-seo-wordpress\/ -->\n<title>SINGLE TANG WIRE \u00d84 and \u00d85mm PIN \u00d88mm - Sparcraft<\/title>\n<meta name=\"robots\" content=\"index, follow, max-snippet:-1, max-image-preview:large, max-video-preview:-1\" \/>\n<link rel=\"canonical\" href=\"https:\/\/www.sparcraft.com\/en\/product\/single-tang-wire-o4-and-o5mm-pin-o8mm-31003002085\/\" \/>\n<meta property=\"og:locale\" content=\"en_US\" \/>\n<meta property=\"og:type\" content=\"article\" \/>\n<meta property=\"og:title\" content=\"SINGLE TANG WIRE \u00d84 and \u00d85mm PIN \u00d88mm - Sparcraft\" \/>\n<meta property=\"og:description\" content=\"- External tangs: Single or double, with one or two thread pins. External tangs are designed to take stemball fittings which are easily exchangeable with manual fittings. Single tangs are also used for runners. - Single tang with pin \u00d88mm - For wires \u00d84 and \u00d85 mm\" \/>\n<meta property=\"og:url\" content=\"https:\/\/www.sparcraft.com\/en\/product\/single-tang-wire-o4-and-o5mm-pin-o8mm-31003002085\/\" \/>\n<meta property=\"og:site_name\" content=\"Sparcraft\" \/>\n<meta property=\"article:modified_time\" content=\"2026-04-20T02:04:57+00:00\" \/>\n<meta name=\"twitter:card\" content=\"summary_large_image\" \/>\n<meta name=\"twitter:label1\" content=\"Est. reading time\" \/>\n\t<meta name=\"twitter:data1\" content=\"1 minute\" \/>\n<script type=\"application\/ld+json\" class=\"yoast-schema-graph\">{\"@context\":\"https:\\\/\\\/schema.org\",\"@graph\":[{\"@type\":\"WebPage\",\"@id\":\"https:\\\/\\\/www.sparcraft.com\\\/en\\\/product\\\/single-tang-wire-o4-and-o5mm-pin-o8mm-31003002085\\\/\",\"url\":\"https:\\\/\\\/www.sparcraft.com\\\/en\\\/product\\\/single-tang-wire-o4-and-o5mm-pin-o8mm-31003002085\\\/\",\"name\":\"SINGLE TANG WIRE \u00d84 and \u00d85mm PIN \u00d88mm - Sparcraft\",\"isPartOf\":{\"@id\":\"https:\\\/\\\/www.sparcraft.com\\\/en\\\/#website\"},\"datePublished\":\"2023-06-14T14:32:49+00:00\",\"dateModified\":\"2026-04-20T02:04:57+00:00\",\"breadcrumb\":{\"@id\":\"https:\\\/\\\/www.sparcraft.com\\\/en\\\/product\\\/single-tang-wire-o4-and-o5mm-pin-o8mm-31003002085\\\/#breadcrumb\"},\"inLanguage\":\"en-US\",\"potentialAction\":[{\"@type\":\"ReadAction\",\"target\":[\"https:\\\/\\\/www.sparcraft.com\\\/en\\\/product\\\/single-tang-wire-o4-and-o5mm-pin-o8mm-31003002085\\\/\"]}]},{\"@type\":\"BreadcrumbList\",\"@id\":\"https:\\\/\\\/www.sparcraft.com\\\/en\\\/product\\\/single-tang-wire-o4-and-o5mm-pin-o8mm-31003002085\\\/#breadcrumb\",\"itemListElement\":[{\"@type\":\"ListItem\",\"position\":1,\"name\":\"Boutique\",\"item\":\"https:\\\/\\\/www.sparcraft.com\\\/fr\\\/boutique\\\/\"},{\"@type\":\"ListItem\",\"position\":2,\"name\":\"SINGLE TANG WIRE \u00d84 and \u00d85mm PIN \u00d88mm\"}]},{\"@type\":\"WebSite\",\"@id\":\"https:\\\/\\\/www.sparcraft.com\\\/en\\\/#website\",\"url\":\"https:\\\/\\\/www.sparcraft.com\\\/en\\\/\",\"name\":\"Sparcraft\",\"description\":\"Mast &amp; Rigging\",\"potentialAction\":[{\"@type\":\"SearchAction\",\"target\":{\"@type\":\"EntryPoint\",\"urlTemplate\":\"https:\\\/\\\/www.sparcraft.com\\\/en\\\/?s={search_term_string}\"},\"query-input\":{\"@type\":\"PropertyValueSpecification\",\"valueRequired\":true,\"valueName\":\"search_term_string\"}}],\"inLanguage\":\"en-US\"}]}<\/script>\n<!-- \/ Yoast SEO plugin. -->","yoast_head_json":{"title":"SINGLE TANG WIRE \u00d84 and \u00d85mm PIN \u00d88mm - Sparcraft","robots":{"index":"index","follow":"follow","max-snippet":"max-snippet:-1","max-image-preview":"max-image-preview:large","max-video-preview":"max-video-preview:-1"},"canonical":"https:\/\/www.sparcraft.com\/en\/product\/single-tang-wire-o4-and-o5mm-pin-o8mm-31003002085\/","og_locale":"en_US","og_type":"article","og_title":"SINGLE TANG WIRE \u00d84 and \u00d85mm PIN \u00d88mm - Sparcraft","og_description":"- External tangs: Single or double, with one or two thread pins. External tangs are designed to take stemball fittings which are easily exchangeable with manual fittings. Single tangs are also used for runners. - Single tang with pin \u00d88mm - For wires \u00d84 and \u00d85 mm","og_url":"https:\/\/www.sparcraft.com\/en\/product\/single-tang-wire-o4-and-o5mm-pin-o8mm-31003002085\/","og_site_name":"Sparcraft","article_modified_time":"2026-04-20T02:04:57+00:00","twitter_card":"summary_large_image","twitter_misc":{"Est. reading time":"1 minute"},"schema":{"@context":"https:\/\/schema.org","@graph":[{"@type":"WebPage","@id":"https:\/\/www.sparcraft.com\/en\/product\/single-tang-wire-o4-and-o5mm-pin-o8mm-31003002085\/","url":"https:\/\/www.sparcraft.com\/en\/product\/single-tang-wire-o4-and-o5mm-pin-o8mm-31003002085\/","name":"SINGLE TANG WIRE \u00d84 and \u00d85mm PIN \u00d88mm - Sparcraft","isPartOf":{"@id":"https:\/\/www.sparcraft.com\/en\/#website"},"datePublished":"2023-06-14T14:32:49+00:00","dateModified":"2026-04-20T02:04:57+00:00","breadcrumb":{"@id":"https:\/\/www.sparcraft.com\/en\/product\/single-tang-wire-o4-and-o5mm-pin-o8mm-31003002085\/#breadcrumb"},"inLanguage":"en-US","potentialAction":[{"@type":"ReadAction","target":["https:\/\/www.sparcraft.com\/en\/product\/single-tang-wire-o4-and-o5mm-pin-o8mm-31003002085\/"]}]},{"@type":"BreadcrumbList","@id":"https:\/\/www.sparcraft.com\/en\/product\/single-tang-wire-o4-and-o5mm-pin-o8mm-31003002085\/#breadcrumb","itemListElement":[{"@type":"ListItem","position":1,"name":"Boutique","item":"https:\/\/www.sparcraft.com\/fr\/boutique\/"},{"@type":"ListItem","position":2,"name":"SINGLE TANG WIRE \u00d84 and \u00d85mm PIN \u00d88mm"}]},{"@type":"WebSite","@id":"https:\/\/www.sparcraft.com\/en\/#website","url":"https:\/\/www.sparcraft.com\/en\/","name":"Sparcraft","description":"Mast &amp; Rigging","potentialAction":[{"@type":"SearchAction","target":{"@type":"EntryPoint","urlTemplate":"https:\/\/www.sparcraft.com\/en\/?s={search_term_string}"},"query-input":{"@type":"PropertyValueSpecification","valueRequired":true,"valueName":"search_term_string"}}],"inLanguage":"en-US"}]}},"_links":{"self":[{"href":"https:\/\/www.sparcraft.com\/en\/wp-json\/wp\/v2\/product\/36788","targetHints":{"allow":["GET"]}}],"collection":[{"href":"https:\/\/www.sparcraft.com\/en\/wp-json\/wp\/v2\/product"}],"about":[{"href":"https:\/\/www.sparcraft.com\/en\/wp-json\/wp\/v2\/types\/product"}],"replies":[{"embeddable":true,"href":"https:\/\/www.sparcraft.com\/en\/wp-json\/wp\/v2\/comments?post=36788"}],"wp:attachment":[{"href":"https:\/\/www.sparcraft.com\/en\/wp-json\/wp\/v2\/media?parent=36788"}],"wp:term":[{"taxonomy":"product_brand","embeddable":true,"href":"https:\/\/www.sparcraft.com\/en\/wp-json\/wp\/v2\/product_brand?post=36788"},{"taxonomy":"product_cat","embeddable":true,"href":"https:\/\/www.sparcraft.com\/en\/wp-json\/wp\/v2\/product_cat?post=36788"},{"taxonomy":"product_tag","embeddable":true,"href":"https:\/\/www.sparcraft.com\/en\/wp-json\/wp\/v2\/product_tag?post=36788"}],"curies":[{"name":"wp","href":"https:\/\/api.w.org\/{rel}","templated":true}]}}