{"id":35701,"date":"2024-05-31T00:43:22","date_gmt":"2024-05-30T22:43:22","guid":{"rendered":"https:\/\/www.sparcraft.com\/produit\/bout-dehors-o80-alu-l1800-2600-amovible-cplt-lg-spec-54830802600\/"},"modified":"2026-04-19T04:03:26","modified_gmt":"2026-04-19T02:03:26","slug":"bout-dehors-o80-alu-l1800-2600-amovible-cplt-lg-spec-54830802600","status":"publish","type":"product","link":"https:\/\/www.sparcraft.com\/en\/product\/bout-dehors-o80-alu-l1800-2600-amovible-cplt-lg-spec-54830802600\/","title":{"rendered":"BOUT DEHORS \u00d880 ALU L1800-2600 AMOVIBLE CPLT LG SPEC"},"content":{"rendered":"<p>  <P><STRONG>Extra-longueur :<\/STRONG><\/P> <P><STRONG>Longueur&nbsp;maxi \u00e0 l&#8217;ext\u00e9rieur&nbsp;:&nbsp;800 max<\/STRONG><\/P> <P>La plus grande longeur permet d&#8217;adapter les plots plus en arri\u00e8re au besoin mais la longueur&nbsp;maxi \u00e0 l&#8217;ext\u00e9rieur&nbsp;reste la m\u00eame que sur la version standard =&nbsp;800 mm maxl<\/P> <P>Sous-barbe \u00e0 pr\u00e9voir.<\/P> <P><STRONG>Utilisation simple et efficace : <\/STRONG><\/P> <P>Le bout dehors permet de d\u00e9gager les voiles l\u00e9g\u00e8res&nbsp;vers l&#8217;avant, donc avancer le centre de voilure et&nbsp;faciliter leur utilisation. L&#8217;Installlation est facilit\u00e9e par un syst\u00e8me Sparcraft de verrouillage automatique sur plots de pont.<\/P> <P><STRONG>Le kit complet comprend :<\/STRONG><\/P> <P>&#8211; 1 tube D80 mm en aluminium anodis\u00e9 \u00e9quip\u00e9 d&#8217;un embout avant avec attache de sous-barbe et d&#8217;un embout arri\u00e8re avec crochet de maintien (pr\u00e9-mont\u00e9s)<\/P> <P>&#8211; 2 plots de travail, 1 plot de parking (permettant un stockage&nbsp; le long des fili\u00e8res) et 2 contre-plaques<\/P> <P><SPAN>&#8211; 1 Coinceur int\u00e9gr\u00e9 amovible pour bloquer l&#8217;amure<\/SPAN><\/P> <P>&#8211; 1 collier de fixation central dissociable de sa base (plot) lib\u00e9rant ainsi l&#8217;\u00e9trave (collier amovible, pas d&#8217;anneau fixe sur la plage avant)<\/P> <P><STRONG>Option : <\/STRONG><\/P> <P><STRONG>&#8211; <\/STRONG>plots de parking et plots de travail suppl\u00e9mentaires.<\/P> <P>&#8211; protections plots souples<\/P> <P>&#8211; Bague d&#8217;amure sp\u00e9ciale pour l&#8217;accroche de l&#8217;emmagasineur<\/P><\/p>\n","protected":false},"excerpt":{"rendered":"<p>  <P>Adapt\u00e9 \u00e0 un voilier <STRONG>de&nbsp;36 \u00e0 40&#8242;<\/STRONG><\/P> <P><STRONG>Surfaces&nbsp;:<\/STRONG> Spi asym\u00e9trique&nbsp;max.&nbsp;82 m<SUP>2<\/SUP> \/&nbsp; Code Sail &#8211; Gennaker max&nbsp;52 m<SUP>2<\/SUP><\/P> <P>kit sous-barbe \u00e0 pr\u00e9voir<\/P> <P><STRONG>Extra-Longueur hors tout =&nbsp;2400-3200 mm<\/STRONG><\/P> <P><STRONG>Longueur maxi \u00e0 l&#8217;ext\u00e9rieur :&nbsp;900 mm<\/STRONG><\/P><\/p>\n","protected":false},"featured_media":0,"comment_status":"open","ping_status":"closed","template":"","meta":[],"product_brand":[],"product_cat":[17],"product_tag":[],"class_list":{"0":"post-35701","1":"product","2":"type-product","3":"status-publish","5":"product_cat-product","7":"first","8":"instock","9":"taxable","10":"shipping-taxable","11":"purchasable","12":"product-type-simple"},"yoast_head":"<!-- This site is optimized with the Yoast SEO plugin v27.4 - https:\/\/yoast.com\/product\/yoast-seo-wordpress\/ -->\n<title>BOUT DEHORS \u00d880 ALU L1800-2600 AMOVIBLE CPLT LG SPEC - Sparcraft<\/title>\n<meta name=\"robots\" content=\"index, follow, max-snippet:-1, max-image-preview:large, max-video-preview:-1\" \/>\n<link rel=\"canonical\" href=\"https:\/\/www.sparcraft.com\/en\/product\/bout-dehors-o80-alu-l1800-2600-amovible-cplt-lg-spec-54830802600\/\" \/>\n<meta property=\"og:locale\" content=\"en_US\" \/>\n<meta property=\"og:type\" content=\"article\" \/>\n<meta property=\"og:title\" content=\"BOUT DEHORS \u00d880 ALU L1800-2600 AMOVIBLE CPLT LG SPEC - Sparcraft\" \/>\n<meta property=\"og:description\" content=\"Adapt\u00e9 \u00e0 un voilier de&nbsp;36 \u00e0 40&#039; Surfaces&nbsp;: Spi asym\u00e9trique&nbsp;max.&nbsp;82 m2 \/&nbsp; Code Sail - Gennaker max&nbsp;52 m2 kit sous-barbe \u00e0 pr\u00e9voir Extra-Longueur hors tout =&nbsp;2400-3200 mm Longueur maxi \u00e0 l&#039;ext\u00e9rieur :&nbsp;900 mm\" \/>\n<meta property=\"og:url\" content=\"https:\/\/www.sparcraft.com\/en\/product\/bout-dehors-o80-alu-l1800-2600-amovible-cplt-lg-spec-54830802600\/\" \/>\n<meta property=\"og:site_name\" content=\"Sparcraft\" \/>\n<meta property=\"article:modified_time\" content=\"2026-04-19T02:03:26+00:00\" \/>\n<meta name=\"twitter:card\" content=\"summary_large_image\" \/>\n<meta name=\"twitter:label1\" content=\"Est. reading time\" \/>\n\t<meta name=\"twitter:data1\" content=\"1 minute\" \/>\n<script type=\"application\/ld+json\" class=\"yoast-schema-graph\">{\"@context\":\"https:\\\/\\\/schema.org\",\"@graph\":[{\"@type\":\"WebPage\",\"@id\":\"https:\\\/\\\/www.sparcraft.com\\\/en\\\/product\\\/bout-dehors-o80-alu-l1800-2600-amovible-cplt-lg-spec-54830802600\\\/\",\"url\":\"https:\\\/\\\/www.sparcraft.com\\\/en\\\/product\\\/bout-dehors-o80-alu-l1800-2600-amovible-cplt-lg-spec-54830802600\\\/\",\"name\":\"BOUT DEHORS \u00d880 ALU L1800-2600 AMOVIBLE CPLT LG SPEC - Sparcraft\",\"isPartOf\":{\"@id\":\"https:\\\/\\\/www.sparcraft.com\\\/en\\\/#website\"},\"datePublished\":\"2024-05-30T22:43:22+00:00\",\"dateModified\":\"2026-04-19T02:03:26+00:00\",\"breadcrumb\":{\"@id\":\"https:\\\/\\\/www.sparcraft.com\\\/en\\\/product\\\/bout-dehors-o80-alu-l1800-2600-amovible-cplt-lg-spec-54830802600\\\/#breadcrumb\"},\"inLanguage\":\"en-US\",\"potentialAction\":[{\"@type\":\"ReadAction\",\"target\":[\"https:\\\/\\\/www.sparcraft.com\\\/en\\\/product\\\/bout-dehors-o80-alu-l1800-2600-amovible-cplt-lg-spec-54830802600\\\/\"]}]},{\"@type\":\"BreadcrumbList\",\"@id\":\"https:\\\/\\\/www.sparcraft.com\\\/en\\\/product\\\/bout-dehors-o80-alu-l1800-2600-amovible-cplt-lg-spec-54830802600\\\/#breadcrumb\",\"itemListElement\":[{\"@type\":\"ListItem\",\"position\":1,\"name\":\"Boutique\",\"item\":\"https:\\\/\\\/www.sparcraft.com\\\/fr\\\/boutique\\\/\"},{\"@type\":\"ListItem\",\"position\":2,\"name\":\"BOUT DEHORS \u00d880 ALU L1800-2600 AMOVIBLE CPLT LG SPEC\"}]},{\"@type\":\"WebSite\",\"@id\":\"https:\\\/\\\/www.sparcraft.com\\\/en\\\/#website\",\"url\":\"https:\\\/\\\/www.sparcraft.com\\\/en\\\/\",\"name\":\"Sparcraft\",\"description\":\"Mast &amp; Rigging\",\"potentialAction\":[{\"@type\":\"SearchAction\",\"target\":{\"@type\":\"EntryPoint\",\"urlTemplate\":\"https:\\\/\\\/www.sparcraft.com\\\/en\\\/?s={search_term_string}\"},\"query-input\":{\"@type\":\"PropertyValueSpecification\",\"valueRequired\":true,\"valueName\":\"search_term_string\"}}],\"inLanguage\":\"en-US\"}]}<\/script>\n<!-- \/ Yoast SEO plugin. -->","yoast_head_json":{"title":"BOUT DEHORS \u00d880 ALU L1800-2600 AMOVIBLE CPLT LG SPEC - Sparcraft","robots":{"index":"index","follow":"follow","max-snippet":"max-snippet:-1","max-image-preview":"max-image-preview:large","max-video-preview":"max-video-preview:-1"},"canonical":"https:\/\/www.sparcraft.com\/en\/product\/bout-dehors-o80-alu-l1800-2600-amovible-cplt-lg-spec-54830802600\/","og_locale":"en_US","og_type":"article","og_title":"BOUT DEHORS \u00d880 ALU L1800-2600 AMOVIBLE CPLT LG SPEC - Sparcraft","og_description":"Adapt\u00e9 \u00e0 un voilier de&nbsp;36 \u00e0 40' Surfaces&nbsp;: Spi asym\u00e9trique&nbsp;max.&nbsp;82 m2 \/&nbsp; Code Sail - Gennaker max&nbsp;52 m2 kit sous-barbe \u00e0 pr\u00e9voir Extra-Longueur hors tout =&nbsp;2400-3200 mm Longueur maxi \u00e0 l'ext\u00e9rieur :&nbsp;900 mm","og_url":"https:\/\/www.sparcraft.com\/en\/product\/bout-dehors-o80-alu-l1800-2600-amovible-cplt-lg-spec-54830802600\/","og_site_name":"Sparcraft","article_modified_time":"2026-04-19T02:03:26+00:00","twitter_card":"summary_large_image","twitter_misc":{"Est. reading time":"1 minute"},"schema":{"@context":"https:\/\/schema.org","@graph":[{"@type":"WebPage","@id":"https:\/\/www.sparcraft.com\/en\/product\/bout-dehors-o80-alu-l1800-2600-amovible-cplt-lg-spec-54830802600\/","url":"https:\/\/www.sparcraft.com\/en\/product\/bout-dehors-o80-alu-l1800-2600-amovible-cplt-lg-spec-54830802600\/","name":"BOUT DEHORS \u00d880 ALU L1800-2600 AMOVIBLE CPLT LG SPEC - Sparcraft","isPartOf":{"@id":"https:\/\/www.sparcraft.com\/en\/#website"},"datePublished":"2024-05-30T22:43:22+00:00","dateModified":"2026-04-19T02:03:26+00:00","breadcrumb":{"@id":"https:\/\/www.sparcraft.com\/en\/product\/bout-dehors-o80-alu-l1800-2600-amovible-cplt-lg-spec-54830802600\/#breadcrumb"},"inLanguage":"en-US","potentialAction":[{"@type":"ReadAction","target":["https:\/\/www.sparcraft.com\/en\/product\/bout-dehors-o80-alu-l1800-2600-amovible-cplt-lg-spec-54830802600\/"]}]},{"@type":"BreadcrumbList","@id":"https:\/\/www.sparcraft.com\/en\/product\/bout-dehors-o80-alu-l1800-2600-amovible-cplt-lg-spec-54830802600\/#breadcrumb","itemListElement":[{"@type":"ListItem","position":1,"name":"Boutique","item":"https:\/\/www.sparcraft.com\/fr\/boutique\/"},{"@type":"ListItem","position":2,"name":"BOUT DEHORS \u00d880 ALU L1800-2600 AMOVIBLE CPLT LG SPEC"}]},{"@type":"WebSite","@id":"https:\/\/www.sparcraft.com\/en\/#website","url":"https:\/\/www.sparcraft.com\/en\/","name":"Sparcraft","description":"Mast &amp; Rigging","potentialAction":[{"@type":"SearchAction","target":{"@type":"EntryPoint","urlTemplate":"https:\/\/www.sparcraft.com\/en\/?s={search_term_string}"},"query-input":{"@type":"PropertyValueSpecification","valueRequired":true,"valueName":"search_term_string"}}],"inLanguage":"en-US"}]}},"_links":{"self":[{"href":"https:\/\/www.sparcraft.com\/en\/wp-json\/wp\/v2\/product\/35701","targetHints":{"allow":["GET"]}}],"collection":[{"href":"https:\/\/www.sparcraft.com\/en\/wp-json\/wp\/v2\/product"}],"about":[{"href":"https:\/\/www.sparcraft.com\/en\/wp-json\/wp\/v2\/types\/product"}],"replies":[{"embeddable":true,"href":"https:\/\/www.sparcraft.com\/en\/wp-json\/wp\/v2\/comments?post=35701"}],"wp:attachment":[{"href":"https:\/\/www.sparcraft.com\/en\/wp-json\/wp\/v2\/media?parent=35701"}],"wp:term":[{"taxonomy":"product_brand","embeddable":true,"href":"https:\/\/www.sparcraft.com\/en\/wp-json\/wp\/v2\/product_brand?post=35701"},{"taxonomy":"product_cat","embeddable":true,"href":"https:\/\/www.sparcraft.com\/en\/wp-json\/wp\/v2\/product_cat?post=35701"},{"taxonomy":"product_tag","embeddable":true,"href":"https:\/\/www.sparcraft.com\/en\/wp-json\/wp\/v2\/product_tag?post=35701"}],"curies":[{"name":"wp","href":"https:\/\/api.w.org\/{rel}","templated":true}]}}