{"id":35683,"date":"2024-05-23T00:43:14","date_gmt":"2024-05-22T22:43:14","guid":{"rendered":"https:\/\/www.sparcraft.com\/produit\/bout-dehors-o90-alu-l1900-amovible-cplt-std-54830901900\/"},"modified":"2026-04-15T04:03:44","modified_gmt":"2026-04-15T02:03:44","slug":"bout-dehors-o90-alu-l1900-amovible-cplt-std-54830901900","status":"publish","type":"product","link":"https:\/\/www.sparcraft.com\/en\/product\/bout-dehors-o90-alu-l1900-amovible-cplt-std-54830901900\/","title":{"rendered":"BOUT DEHORS \u00d890 ALU L1900 AMOVIBLE CPLT STD"},"content":{"rendered":"<p>  <P><STRONG>Utilisation simple et efficace : <\/STRONG><\/P> <P>Le bout dehors permet de d\u00e9gager les voiles l\u00e9g\u00e8res&nbsp;vers l&#8217;avant, donc d&#8217;avancer le centre de voilure et de&nbsp;faciliter leur utilisation<\/P> <P>Installlation facilit\u00e9e par un syst\u00e8me Sparcraft de verrouillage automatique sur plots de pont.<\/P> <P>Coinceur int\u00e9gr\u00e9 amovible pour bloquer l&#8217;amure<\/P> <P><STRONG>Le kit complet comprend :<\/STRONG><\/P> <P>&#8211; 1 tube D90 mm en aluminium anodis\u00e9 \u00e9quip\u00e9 d&#8217;un embouty avant avec attache de sous-barbe et d&#8217;un embout arri\u00e8re avec crochet de maintien (pr\u00e9-mont\u00e9s)<\/P> <P>&#8211; 2 plots de travail, 1 plot de parking (permettant un stockage&nbsp; le long des fili\u00e8res) et 2 contre-plauqe<\/P> <P>&#8211; 1 collier de fixation centrale dissociable de sa bbase (plot) lib\u00e9rant ainsi l&#8217;\u00e9trave (collier amovible, pas d&#8217;anneau fixe sur la plage avant)<\/P> <P><STRONG>Option : <\/STRONG><\/P> <P><STRONG>&#8211; <\/STRONG>plots de parking et plots de travail suppl\u00e9mentaires.<\/P> <P>&#8211; protections souples plots<\/P> <P>&#8211; Bague d&#8217;amure sp\u00e9ciale pour l&#8217;accroche de l&#8217;emmagasineur<\/P> <P>&nbsp;<\/P><\/p>\n","protected":false},"excerpt":{"rendered":"<p>  <P>Adapt\u00e9 \u00e0 un voilier <STRONG>de 40 \u00e0 47&#8242;.<\/STRONG><\/P> <P><STRONG>Surfaces&nbsp;:<\/STRONG> Spi asym\u00e9trique&nbsp;max. 102 m<SUP>2<\/SUP> \/&nbsp; Gennaker max 65 m<SUP>2<\/SUP><\/P> <P>(kit sous barbe \u00e0 pr\u00e9voir pour Gennaker)<\/P> <P><STRONG>Longueur hors tout = 1900 mm<\/STRONG><\/P> <P><STRONG>Longueur mini. \u00e0 l&#8217;int\u00e9rieur = 950 mm<\/STRONG><\/P><\/p>\n","protected":false},"featured_media":0,"comment_status":"open","ping_status":"closed","template":"","meta":[],"product_brand":[],"product_cat":[17],"product_tag":[],"class_list":{"0":"post-35683","1":"product","2":"type-product","3":"status-publish","5":"product_cat-product","7":"first","8":"instock","9":"taxable","10":"shipping-taxable","11":"purchasable","12":"product-type-simple"},"yoast_head":"<!-- This site is optimized with the Yoast SEO plugin v27.4 - https:\/\/yoast.com\/product\/yoast-seo-wordpress\/ -->\n<title>BOUT DEHORS \u00d890 ALU L1900 AMOVIBLE CPLT STD - Sparcraft<\/title>\n<meta name=\"robots\" content=\"index, follow, max-snippet:-1, max-image-preview:large, max-video-preview:-1\" \/>\n<link rel=\"canonical\" href=\"https:\/\/www.sparcraft.com\/en\/product\/bout-dehors-o90-alu-l1900-amovible-cplt-std-54830901900\/\" \/>\n<meta property=\"og:locale\" content=\"en_US\" \/>\n<meta property=\"og:type\" content=\"article\" \/>\n<meta property=\"og:title\" content=\"BOUT DEHORS \u00d890 ALU L1900 AMOVIBLE CPLT STD - Sparcraft\" \/>\n<meta property=\"og:description\" content=\"Adapt\u00e9 \u00e0 un voilier de 40 \u00e0 47&#039;. Surfaces&nbsp;: Spi asym\u00e9trique&nbsp;max. 102 m2 \/&nbsp; Gennaker max 65 m2 (kit sous barbe \u00e0 pr\u00e9voir pour Gennaker) Longueur hors tout = 1900 mm Longueur mini. \u00e0 l&#039;int\u00e9rieur = 950 mm\" \/>\n<meta property=\"og:url\" content=\"https:\/\/www.sparcraft.com\/en\/product\/bout-dehors-o90-alu-l1900-amovible-cplt-std-54830901900\/\" \/>\n<meta property=\"og:site_name\" content=\"Sparcraft\" \/>\n<meta property=\"article:modified_time\" content=\"2026-04-15T02:03:44+00:00\" \/>\n<meta name=\"twitter:card\" content=\"summary_large_image\" \/>\n<meta name=\"twitter:label1\" content=\"Est. reading time\" \/>\n\t<meta name=\"twitter:data1\" content=\"1 minute\" \/>\n<script type=\"application\/ld+json\" class=\"yoast-schema-graph\">{\"@context\":\"https:\\\/\\\/schema.org\",\"@graph\":[{\"@type\":\"WebPage\",\"@id\":\"https:\\\/\\\/www.sparcraft.com\\\/en\\\/product\\\/bout-dehors-o90-alu-l1900-amovible-cplt-std-54830901900\\\/\",\"url\":\"https:\\\/\\\/www.sparcraft.com\\\/en\\\/product\\\/bout-dehors-o90-alu-l1900-amovible-cplt-std-54830901900\\\/\",\"name\":\"BOUT DEHORS \u00d890 ALU L1900 AMOVIBLE CPLT STD - Sparcraft\",\"isPartOf\":{\"@id\":\"https:\\\/\\\/www.sparcraft.com\\\/en\\\/#website\"},\"datePublished\":\"2024-05-22T22:43:14+00:00\",\"dateModified\":\"2026-04-15T02:03:44+00:00\",\"breadcrumb\":{\"@id\":\"https:\\\/\\\/www.sparcraft.com\\\/en\\\/product\\\/bout-dehors-o90-alu-l1900-amovible-cplt-std-54830901900\\\/#breadcrumb\"},\"inLanguage\":\"en-US\",\"potentialAction\":[{\"@type\":\"ReadAction\",\"target\":[\"https:\\\/\\\/www.sparcraft.com\\\/en\\\/product\\\/bout-dehors-o90-alu-l1900-amovible-cplt-std-54830901900\\\/\"]}]},{\"@type\":\"BreadcrumbList\",\"@id\":\"https:\\\/\\\/www.sparcraft.com\\\/en\\\/product\\\/bout-dehors-o90-alu-l1900-amovible-cplt-std-54830901900\\\/#breadcrumb\",\"itemListElement\":[{\"@type\":\"ListItem\",\"position\":1,\"name\":\"Boutique\",\"item\":\"https:\\\/\\\/www.sparcraft.com\\\/fr\\\/boutique\\\/\"},{\"@type\":\"ListItem\",\"position\":2,\"name\":\"BOUT DEHORS \u00d890 ALU L1900 AMOVIBLE CPLT STD\"}]},{\"@type\":\"WebSite\",\"@id\":\"https:\\\/\\\/www.sparcraft.com\\\/en\\\/#website\",\"url\":\"https:\\\/\\\/www.sparcraft.com\\\/en\\\/\",\"name\":\"Sparcraft\",\"description\":\"Mast &amp; Rigging\",\"potentialAction\":[{\"@type\":\"SearchAction\",\"target\":{\"@type\":\"EntryPoint\",\"urlTemplate\":\"https:\\\/\\\/www.sparcraft.com\\\/en\\\/?s={search_term_string}\"},\"query-input\":{\"@type\":\"PropertyValueSpecification\",\"valueRequired\":true,\"valueName\":\"search_term_string\"}}],\"inLanguage\":\"en-US\"}]}<\/script>\n<!-- \/ Yoast SEO plugin. -->","yoast_head_json":{"title":"BOUT DEHORS \u00d890 ALU L1900 AMOVIBLE CPLT STD - Sparcraft","robots":{"index":"index","follow":"follow","max-snippet":"max-snippet:-1","max-image-preview":"max-image-preview:large","max-video-preview":"max-video-preview:-1"},"canonical":"https:\/\/www.sparcraft.com\/en\/product\/bout-dehors-o90-alu-l1900-amovible-cplt-std-54830901900\/","og_locale":"en_US","og_type":"article","og_title":"BOUT DEHORS \u00d890 ALU L1900 AMOVIBLE CPLT STD - Sparcraft","og_description":"Adapt\u00e9 \u00e0 un voilier de 40 \u00e0 47'. Surfaces&nbsp;: Spi asym\u00e9trique&nbsp;max. 102 m2 \/&nbsp; Gennaker max 65 m2 (kit sous barbe \u00e0 pr\u00e9voir pour Gennaker) Longueur hors tout = 1900 mm Longueur mini. \u00e0 l'int\u00e9rieur = 950 mm","og_url":"https:\/\/www.sparcraft.com\/en\/product\/bout-dehors-o90-alu-l1900-amovible-cplt-std-54830901900\/","og_site_name":"Sparcraft","article_modified_time":"2026-04-15T02:03:44+00:00","twitter_card":"summary_large_image","twitter_misc":{"Est. reading time":"1 minute"},"schema":{"@context":"https:\/\/schema.org","@graph":[{"@type":"WebPage","@id":"https:\/\/www.sparcraft.com\/en\/product\/bout-dehors-o90-alu-l1900-amovible-cplt-std-54830901900\/","url":"https:\/\/www.sparcraft.com\/en\/product\/bout-dehors-o90-alu-l1900-amovible-cplt-std-54830901900\/","name":"BOUT DEHORS \u00d890 ALU L1900 AMOVIBLE CPLT STD - Sparcraft","isPartOf":{"@id":"https:\/\/www.sparcraft.com\/en\/#website"},"datePublished":"2024-05-22T22:43:14+00:00","dateModified":"2026-04-15T02:03:44+00:00","breadcrumb":{"@id":"https:\/\/www.sparcraft.com\/en\/product\/bout-dehors-o90-alu-l1900-amovible-cplt-std-54830901900\/#breadcrumb"},"inLanguage":"en-US","potentialAction":[{"@type":"ReadAction","target":["https:\/\/www.sparcraft.com\/en\/product\/bout-dehors-o90-alu-l1900-amovible-cplt-std-54830901900\/"]}]},{"@type":"BreadcrumbList","@id":"https:\/\/www.sparcraft.com\/en\/product\/bout-dehors-o90-alu-l1900-amovible-cplt-std-54830901900\/#breadcrumb","itemListElement":[{"@type":"ListItem","position":1,"name":"Boutique","item":"https:\/\/www.sparcraft.com\/fr\/boutique\/"},{"@type":"ListItem","position":2,"name":"BOUT DEHORS \u00d890 ALU L1900 AMOVIBLE CPLT STD"}]},{"@type":"WebSite","@id":"https:\/\/www.sparcraft.com\/en\/#website","url":"https:\/\/www.sparcraft.com\/en\/","name":"Sparcraft","description":"Mast &amp; Rigging","potentialAction":[{"@type":"SearchAction","target":{"@type":"EntryPoint","urlTemplate":"https:\/\/www.sparcraft.com\/en\/?s={search_term_string}"},"query-input":{"@type":"PropertyValueSpecification","valueRequired":true,"valueName":"search_term_string"}}],"inLanguage":"en-US"}]}},"_links":{"self":[{"href":"https:\/\/www.sparcraft.com\/en\/wp-json\/wp\/v2\/product\/35683","targetHints":{"allow":["GET"]}}],"collection":[{"href":"https:\/\/www.sparcraft.com\/en\/wp-json\/wp\/v2\/product"}],"about":[{"href":"https:\/\/www.sparcraft.com\/en\/wp-json\/wp\/v2\/types\/product"}],"replies":[{"embeddable":true,"href":"https:\/\/www.sparcraft.com\/en\/wp-json\/wp\/v2\/comments?post=35683"}],"wp:attachment":[{"href":"https:\/\/www.sparcraft.com\/en\/wp-json\/wp\/v2\/media?parent=35683"}],"wp:term":[{"taxonomy":"product_brand","embeddable":true,"href":"https:\/\/www.sparcraft.com\/en\/wp-json\/wp\/v2\/product_brand?post=35683"},{"taxonomy":"product_cat","embeddable":true,"href":"https:\/\/www.sparcraft.com\/en\/wp-json\/wp\/v2\/product_cat?post=35683"},{"taxonomy":"product_tag","embeddable":true,"href":"https:\/\/www.sparcraft.com\/en\/wp-json\/wp\/v2\/product_tag?post=35683"}],"curies":[{"name":"wp","href":"https:\/\/api.w.org\/{rel}","templated":true}]}}