{"id":34360,"date":"2023-06-21T12:46:58","date_gmt":"2023-06-21T10:46:58","guid":{"rendered":"https:\/\/www.sparcraft.com\/produit\/sparcraft-articulated-block-o-60-48216010603\/"},"modified":"2026-04-16T04:07:57","modified_gmt":"2026-04-16T02:07:57","slug":"sparcraft-articulated-block-o-60-48216010603","status":"publish","type":"product","link":"https:\/\/www.sparcraft.com\/en\/product\/sparcraft-articulated-block-o-60-48216010603\/","title":{"rendered":"SPARCRAFT ARTICULATED BLOCK \u00d8 60"},"content":{"rendered":"<p>  <P>These blocks are made of material <STRONG>GVX<\/STRONG>, designed from high resistance fiberglass. Hooked with<STRONG> a toggle, an articulated toggle, or a shackle.<\/STRONG><\/P> <P>&#8211; For <STRONG>pin \u00d8 12 mm<\/STRONG><\/P><\/p>\n","protected":false},"excerpt":{"rendered":"<p>  <P><STRONG>Fixed shackle block<\/STRONG> for mast base<\/P> <P>Diameter :<STRONG> <\/STRONG><STRONG>\u00d8&nbsp;60 mm<\/STRONG><\/P> <P>Working load :&nbsp;<STRONG>850 KG<\/STRONG><\/P> <P>Halyard \u00d8:<STRONG>&nbsp;6 &#8211;&nbsp;14 mm<\/STRONG><\/P> <P>Material :<STRONG> GVX<\/STRONG><\/P><\/p>\n","protected":false},"featured_media":0,"comment_status":"open","ping_status":"closed","template":"","meta":[],"product_brand":[],"product_cat":[17],"product_tag":[],"class_list":{"0":"post-34360","1":"product","2":"type-product","3":"status-publish","5":"product_cat-product","7":"first","8":"instock","9":"taxable","10":"shipping-taxable","11":"purchasable","12":"product-type-simple"},"yoast_head":"<!-- This site is optimized with the Yoast SEO plugin v27.4 - https:\/\/yoast.com\/product\/yoast-seo-wordpress\/ -->\n<title>SPARCRAFT ARTICULATED BLOCK \u00d8 60 - Sparcraft<\/title>\n<meta name=\"robots\" content=\"index, follow, max-snippet:-1, max-image-preview:large, max-video-preview:-1\" \/>\n<link rel=\"canonical\" href=\"https:\/\/www.sparcraft.com\/en\/product\/sparcraft-articulated-block-o-60-48216010603\/\" \/>\n<meta property=\"og:locale\" content=\"en_US\" \/>\n<meta property=\"og:type\" content=\"article\" \/>\n<meta property=\"og:title\" content=\"SPARCRAFT ARTICULATED BLOCK \u00d8 60 - Sparcraft\" \/>\n<meta property=\"og:description\" content=\"Fixed shackle block for mast base Diameter : \u00d8&nbsp;60 mm Working load :&nbsp;850 KG Halyard \u00d8:&nbsp;6 -&nbsp;14 mm Material : GVX\" \/>\n<meta property=\"og:url\" content=\"https:\/\/www.sparcraft.com\/en\/product\/sparcraft-articulated-block-o-60-48216010603\/\" \/>\n<meta property=\"og:site_name\" content=\"Sparcraft\" \/>\n<meta property=\"article:modified_time\" content=\"2026-04-16T02:07:57+00:00\" \/>\n<meta name=\"twitter:card\" content=\"summary_large_image\" \/>\n<script type=\"application\/ld+json\" class=\"yoast-schema-graph\">{\"@context\":\"https:\\\/\\\/schema.org\",\"@graph\":[{\"@type\":\"WebPage\",\"@id\":\"https:\\\/\\\/www.sparcraft.com\\\/en\\\/product\\\/sparcraft-articulated-block-o-60-48216010603\\\/\",\"url\":\"https:\\\/\\\/www.sparcraft.com\\\/en\\\/product\\\/sparcraft-articulated-block-o-60-48216010603\\\/\",\"name\":\"SPARCRAFT ARTICULATED BLOCK \u00d8 60 - Sparcraft\",\"isPartOf\":{\"@id\":\"https:\\\/\\\/www.sparcraft.com\\\/en\\\/#website\"},\"datePublished\":\"2023-06-21T10:46:58+00:00\",\"dateModified\":\"2026-04-16T02:07:57+00:00\",\"breadcrumb\":{\"@id\":\"https:\\\/\\\/www.sparcraft.com\\\/en\\\/product\\\/sparcraft-articulated-block-o-60-48216010603\\\/#breadcrumb\"},\"inLanguage\":\"en-US\",\"potentialAction\":[{\"@type\":\"ReadAction\",\"target\":[\"https:\\\/\\\/www.sparcraft.com\\\/en\\\/product\\\/sparcraft-articulated-block-o-60-48216010603\\\/\"]}]},{\"@type\":\"BreadcrumbList\",\"@id\":\"https:\\\/\\\/www.sparcraft.com\\\/en\\\/product\\\/sparcraft-articulated-block-o-60-48216010603\\\/#breadcrumb\",\"itemListElement\":[{\"@type\":\"ListItem\",\"position\":1,\"name\":\"Boutique\",\"item\":\"https:\\\/\\\/www.sparcraft.com\\\/fr\\\/boutique\\\/\"},{\"@type\":\"ListItem\",\"position\":2,\"name\":\"SPARCRAFT ARTICULATED BLOCK \u00d8 60\"}]},{\"@type\":\"WebSite\",\"@id\":\"https:\\\/\\\/www.sparcraft.com\\\/en\\\/#website\",\"url\":\"https:\\\/\\\/www.sparcraft.com\\\/en\\\/\",\"name\":\"Sparcraft\",\"description\":\"Mast &amp; Rigging\",\"potentialAction\":[{\"@type\":\"SearchAction\",\"target\":{\"@type\":\"EntryPoint\",\"urlTemplate\":\"https:\\\/\\\/www.sparcraft.com\\\/en\\\/?s={search_term_string}\"},\"query-input\":{\"@type\":\"PropertyValueSpecification\",\"valueRequired\":true,\"valueName\":\"search_term_string\"}}],\"inLanguage\":\"en-US\"}]}<\/script>\n<!-- \/ Yoast SEO plugin. -->","yoast_head_json":{"title":"SPARCRAFT ARTICULATED BLOCK \u00d8 60 - Sparcraft","robots":{"index":"index","follow":"follow","max-snippet":"max-snippet:-1","max-image-preview":"max-image-preview:large","max-video-preview":"max-video-preview:-1"},"canonical":"https:\/\/www.sparcraft.com\/en\/product\/sparcraft-articulated-block-o-60-48216010603\/","og_locale":"en_US","og_type":"article","og_title":"SPARCRAFT ARTICULATED BLOCK \u00d8 60 - Sparcraft","og_description":"Fixed shackle block for mast base Diameter : \u00d8&nbsp;60 mm Working load :&nbsp;850 KG Halyard \u00d8:&nbsp;6 -&nbsp;14 mm Material : GVX","og_url":"https:\/\/www.sparcraft.com\/en\/product\/sparcraft-articulated-block-o-60-48216010603\/","og_site_name":"Sparcraft","article_modified_time":"2026-04-16T02:07:57+00:00","twitter_card":"summary_large_image","schema":{"@context":"https:\/\/schema.org","@graph":[{"@type":"WebPage","@id":"https:\/\/www.sparcraft.com\/en\/product\/sparcraft-articulated-block-o-60-48216010603\/","url":"https:\/\/www.sparcraft.com\/en\/product\/sparcraft-articulated-block-o-60-48216010603\/","name":"SPARCRAFT ARTICULATED BLOCK \u00d8 60 - Sparcraft","isPartOf":{"@id":"https:\/\/www.sparcraft.com\/en\/#website"},"datePublished":"2023-06-21T10:46:58+00:00","dateModified":"2026-04-16T02:07:57+00:00","breadcrumb":{"@id":"https:\/\/www.sparcraft.com\/en\/product\/sparcraft-articulated-block-o-60-48216010603\/#breadcrumb"},"inLanguage":"en-US","potentialAction":[{"@type":"ReadAction","target":["https:\/\/www.sparcraft.com\/en\/product\/sparcraft-articulated-block-o-60-48216010603\/"]}]},{"@type":"BreadcrumbList","@id":"https:\/\/www.sparcraft.com\/en\/product\/sparcraft-articulated-block-o-60-48216010603\/#breadcrumb","itemListElement":[{"@type":"ListItem","position":1,"name":"Boutique","item":"https:\/\/www.sparcraft.com\/fr\/boutique\/"},{"@type":"ListItem","position":2,"name":"SPARCRAFT ARTICULATED BLOCK \u00d8 60"}]},{"@type":"WebSite","@id":"https:\/\/www.sparcraft.com\/en\/#website","url":"https:\/\/www.sparcraft.com\/en\/","name":"Sparcraft","description":"Mast &amp; Rigging","potentialAction":[{"@type":"SearchAction","target":{"@type":"EntryPoint","urlTemplate":"https:\/\/www.sparcraft.com\/en\/?s={search_term_string}"},"query-input":{"@type":"PropertyValueSpecification","valueRequired":true,"valueName":"search_term_string"}}],"inLanguage":"en-US"}]}},"_links":{"self":[{"href":"https:\/\/www.sparcraft.com\/en\/wp-json\/wp\/v2\/product\/34360","targetHints":{"allow":["GET"]}}],"collection":[{"href":"https:\/\/www.sparcraft.com\/en\/wp-json\/wp\/v2\/product"}],"about":[{"href":"https:\/\/www.sparcraft.com\/en\/wp-json\/wp\/v2\/types\/product"}],"replies":[{"embeddable":true,"href":"https:\/\/www.sparcraft.com\/en\/wp-json\/wp\/v2\/comments?post=34360"}],"wp:attachment":[{"href":"https:\/\/www.sparcraft.com\/en\/wp-json\/wp\/v2\/media?parent=34360"}],"wp:term":[{"taxonomy":"product_brand","embeddable":true,"href":"https:\/\/www.sparcraft.com\/en\/wp-json\/wp\/v2\/product_brand?post=34360"},{"taxonomy":"product_cat","embeddable":true,"href":"https:\/\/www.sparcraft.com\/en\/wp-json\/wp\/v2\/product_cat?post=34360"},{"taxonomy":"product_tag","embeddable":true,"href":"https:\/\/www.sparcraft.com\/en\/wp-json\/wp\/v2\/product_tag?post=34360"}],"curies":[{"name":"wp","href":"https:\/\/api.w.org\/{rel}","templated":true}]}}