{"id":33832,"date":"2020-08-24T15:24:26","date_gmt":"2020-08-24T13:24:26","guid":{"rendered":"https:\/\/www.sparcraft.com\/our-references\/"},"modified":"2023-06-05T14:27:32","modified_gmt":"2023-06-05T12:27:32","slug":"our-references","status":"publish","type":"page","link":"https:\/\/www.sparcraft.com\/en\/our-references\/","title":{"rendered":"Our references"},"content":{"rendered":"\n<style type=\"text\/css\" data-created_by=\"avia_inline_auto\" id=\"style-css-av-big7e-09950e2d1f36a4774f77353dbe7a00de\">\n.flex_column.av-big7e-09950e2d1f36a4774f77353dbe7a00de{\nborder-radius:0px 0px 0px 0px;\npadding:0px 0px 0px 0px;\n}\n<\/style>\n<div  class='flex_column av-big7e-09950e2d1f36a4774f77353dbe7a00de av_one_full  avia-builder-el-0  el_before_av_one_half  avia-builder-el-first  first flex_column_div av-zero-column-padding  '     ><style type=\"text\/css\" data-created_by=\"avia_inline_auto\" id=\"style-css-av-krc5zz2u-2f964a279fa048e757e62153512ca87d\">\n.avia-image-container.av-krc5zz2u-2f964a279fa048e757e62153512ca87d img.avia_image{\nbox-shadow:none;\n}\n.avia-image-container.av-krc5zz2u-2f964a279fa048e757e62153512ca87d .av-image-caption-overlay-center{\ncolor:#ffffff;\n}\n<\/style>\n<div  class='avia-image-container av-krc5zz2u-2f964a279fa048e757e62153512ca87d av-styling- avia-align-center  avia-builder-el-1  avia-builder-el-no-sibling '   itemprop=\"image\" itemscope=\"itemscope\" itemtype=\"https:\/\/schema.org\/ImageObject\" ><div class=\"avia-image-container-inner\"><div class=\"avia-image-overlay-wrap\"><img decoding=\"async\" fetchpriority=\"high\" class='wp-image-31204 avia-img-lazy-loading-not-31204 avia_image ' src=\"https:\/\/www.sparcraft.com\/wp-content\/uploads\/2021\/06\/Sparcraft_slide2-1210x423.jpg\" alt='' title='Sparcraft_slide2'  height=\"423\" width=\"1210\"  itemprop=\"thumbnailUrl\"  \/><\/div><\/div><\/div><\/div>\n\n<style type=\"text\/css\" data-created_by=\"avia_inline_auto\" id=\"style-css-av-gj3cz-ae12fcc402d04421a416dcb663a09010\">\n.flex_column.av-gj3cz-ae12fcc402d04421a416dcb663a09010{\nborder-radius:0px 0px 0px 0px;\npadding:0px 0px 0px 0px;\n}\n<\/style>\n<div  class='flex_column av-gj3cz-ae12fcc402d04421a416dcb663a09010 av_one_half  avia-builder-el-2  el_after_av_one_full  el_before_av_one_half  first flex_column_div av-zero-column-padding  column-top-margin'     ><section  class='av_textblock_section av-11l363-ba07f9885b7bbdefa6b170cd43186764 '   itemscope=\"itemscope\" itemtype=\"https:\/\/schema.org\/CreativeWork\" ><div class='avia_textblock'  itemprop=\"text\" ><h5 align=\"justify\"><span style=\"color: #005299;\"> Competence &amp; Reactivity<br \/>\n<\/span><\/h5>\n<p align=\"justify\"><strong>SHIPYARDS SUPPLIER FOR 50 YEARS:<\/strong><\/p>\n<p align=\"justify\">Allures, Arcona, C&amp;C, Catalina, Comar, Dufour, Feeling, First, Fountaine-Pajot, Garcia, Gibsea, Grand Soleil,Island Packet, Jboat, JPK, Lagoon, Oceanis, Outremer, Ovni, Pilot Saloon,Spirit, Solaris, Sunbeam, Sunfast, Sun Odyssey, Tartan, Xcess catamarans, X-Yacht,Wauquiez, Windelo Winner, Sly, B\u00e9n\u00e9teau 25, Dragon, Etchells 22, Figaro B\u00e9n\u00e9teaU, J24, J80, J105, J109, Jod 24 &amp; 35,Ideal18, Selection, Sun Fast 3200,Sonar, 747, &#8230;<\/p>\n<\/div><\/section><\/div>\n\n<style type=\"text\/css\" data-created_by=\"avia_inline_auto\" id=\"style-css-av-aserv-bc04277e32824f7512843e2eeef5ed15\">\n.flex_column.av-aserv-bc04277e32824f7512843e2eeef5ed15{\nborder-radius:0px 0px 0px 0px;\npadding:0px 0px 0px 0px;\n}\n<\/style>\n<div  class='flex_column av-aserv-bc04277e32824f7512843e2eeef5ed15 av_one_half  avia-builder-el-4  el_after_av_one_half  el_before_av_timeline  flex_column_div av-zero-column-padding  column-top-margin'     ><section  class='av_textblock_section av-11l363-1-78bde230926c9f519855b9b89472c447 '   itemscope=\"itemscope\" itemtype=\"https:\/\/schema.org\/CreativeWork\" ><div class='avia_textblock'  itemprop=\"text\" ><h5 align=\"justify\"><span style=\"color: #005299;\">Unique data base for masts &amp; rigging<\/span><\/h5>\n<p align=\"justify\">&gt; <strong>SPARCRAFT KNOW-HOW<\/strong> acquired from a unique experience and a thriving search for details &amp; safety<\/p>\n<p align=\"justify\">&gt; <strong>LOGISTIC CAPACITIES of the GROUPE WICHARD<\/strong> : Technologic know-how in several fieds and consolidated international network<\/p>\n<p align=\"justify\">&gt; <strong>EXPERTISE<\/strong> : acquired on advice and design based on a history of thousands of configurations<\/p>\n<\/div><\/section><\/div>\n\n<style type=\"text\/css\" data-created_by=\"avia_inline_auto\" id=\"style-css-av-kcao4cjm-e6f817acd5b167f09db23a82ef21f3da\">\n.avia-timeline-container.av-kcao4cjm-e6f817acd5b167f09db23a82ef21f3da .av-milestone-icon-inner{\nbackground-color:#18a4e0;\n}\n.avia-timeline-container.av-kcao4cjm-e6f817acd5b167f09db23a82ef21f3da .av-milestone-indicator{\nbackground-color:#18a4e0;\n}\n.avia-timeline-container.av-kcao4cjm-e6f817acd5b167f09db23a82ef21f3da .av-milestone-article-footer{\nbackground-color:#18a4e0;\n}\n<\/style>\n<div  id=\"avia-timeline-1\"  class='avia-timeline-container av-kcao4cjm-e6f817acd5b167f09db23a82ef21f3da av-slideshow-ui  avia-builder-el-6  el_after_av_one_half  avia-builder-el-last ' ><ul class='avia-timeline avia-timeline-vertical av-milestone-placement-alternate avia-timeline- avia_animate_when_almost_visible avia-timeline-animate'>\n<li  class='av-milestone av-grbnn-418172dfbf90f868af6ec3fc286ed1a3 av-animated-generic fade-in av-milestone-valign-baseline av-milestone-odd'><h2 class='av-milestone-date ' id='milestone-2017' ><strong>2017<span class='av-milestone-indicator'><\/span><\/strong><\/h2><div class=\"av-milestone-icon-wrap\"><span class='av-milestone-icon milestone_icon avia-font-entypo-fontello'><span class='av-milestone-icon-inner milestone_inner'><i class='milestone-char avia-iconfont avia-font-entypo-fontello' data-av_icon='' data-av_iconfont='entypo-fontello' ><\/i><\/span><\/span><\/div><article class='av-milestone-content-wrap'><div class='av-milestone-contentbox'><header class=\"entry-content-header\" aria-label=\"Milestone: Lorima and Sparcraft join forces to design and manufacture the carbon masts of the Figaro B\u00e9n\u00e9teau 3\"><h4 class='av-milestone-title '>Lorima and Sparcraft join forces to design and manufacture the carbon masts of the Figaro B\u00e9n\u00e9teau 3<\/h4><\/header><div class='av-milestone-content'><\/div><\/div><footer class='av-milestone-article-footer entry-footer'><\/footer><\/article><\/li>\n<li  class='av-milestone av-crp4r-ff2c87a500d158d75b55c338f08cbabe av-animated-generic fade-in av-milestone-valign-baseline av-milestone-even'><article class='av-milestone-content-wrap'><div class='av-milestone-contentbox'><header class=\"entry-content-header\" aria-label=\"Milestone: Lorima joins the Wichard Group and brings its Carbon expertise\"><h4 class='av-milestone-title '>Lorima joins the Wichard Group and brings its Carbon expertise<\/h4><\/header><div class='av-milestone-content'><\/div><\/div><footer class='av-milestone-article-footer entry-footer'><\/footer><\/article><div class=\"av-milestone-icon-wrap\"><span class='av-milestone-icon milestone_icon avia-font-entypo-fontello'><span class='av-milestone-icon-inner milestone_inner'><i class='milestone-char avia-iconfont avia-font-entypo-fontello' data-av_icon='' data-av_iconfont='entypo-fontello' ><\/i><\/span><\/span><\/div><h2 class='av-milestone-date ' id='milestone-2016' ><strong>2016<span class='av-milestone-indicator'><\/span><\/strong><\/h2><\/li>\n<li  class='av-milestone av-19hmzv-19d154914170a872914eacda98ca42a9 av-animated-generic fade-in av-milestone-valign-baseline av-milestone-odd'><h2 class='av-milestone-date ' id='milestone-2015' ><strong>2015<span class='av-milestone-indicator'><\/span><\/strong><\/h2><div class=\"av-milestone-icon-wrap\"><span class='av-milestone-icon milestone_icon avia-font-entypo-fontello'><span class='av-milestone-icon-inner milestone_inner'><i class='milestone-char avia-iconfont avia-font-entypo-fontello' data-av_icon='' data-av_iconfont='entypo-fontello' ><\/i><\/span><\/span><\/div><article class='av-milestone-content-wrap'><div class='av-milestone-contentbox'><header class=\"entry-content-header\" aria-label=\"Milestone: Rigging division integrated directly into Sparcraft\"><h4 class='av-milestone-title '>Rigging division integrated directly into Sparcraft<\/h4><\/header><div class='av-milestone-content'><\/div><\/div><footer class='av-milestone-article-footer entry-footer'><\/footer><\/article><\/li>\n<li  class='av-milestone av-890nf-aa04a9dd9bf9412e7cf8244258f5fee1 av-animated-generic fade-in av-milestone-valign-baseline av-milestone-even'><article class='av-milestone-content-wrap'><div class='av-milestone-contentbox'><header class=\"entry-content-header\" aria-label=\"Milestone: Sparcraft and Facnor joign the Wichard Group\"><h4 class='av-milestone-title '>Sparcraft and Facnor joign the Wichard Group<\/h4><\/header><div class='av-milestone-content'><p>(PDG : Jean-Claude Ibos)<\/p>\n<\/div><\/div><footer class='av-milestone-article-footer entry-footer'><\/footer><\/article><div class=\"av-milestone-icon-wrap\"><span class='av-milestone-icon milestone_icon avia-font-entypo-fontello'><span class='av-milestone-icon-inner milestone_inner'><i class='milestone-char avia-iconfont avia-font-entypo-fontello' data-av_icon='' data-av_iconfont='entypo-fontello' ><\/i><\/span><\/span><\/div><h2 class='av-milestone-date ' id='milestone-2013' ><strong>2013<span class='av-milestone-indicator'><\/span><\/strong><\/h2><\/li>\n<li  class='av-milestone av-iq5t7-ea5423c771cc9173c077320e82a6dc1a av-animated-generic fade-in av-milestone-valign-baseline av-milestone-odd'><h2 class='av-milestone-date ' id='milestone-2006' ><strong>2006<span class='av-milestone-indicator'><\/span><\/strong><\/h2><div class=\"av-milestone-icon-wrap\"><span class='av-milestone-icon milestone_icon avia-font-entypo-fontello'><span class='av-milestone-icon-inner milestone_inner'><i class='milestone-char avia-iconfont avia-font-entypo-fontello' data-av_icon='' data-av_iconfont='entypo-fontello' ><\/i><\/span><\/span><\/div><article class='av-milestone-content-wrap'><div class='av-milestone-contentbox'><header class=\"entry-content-header\" aria-label=\"Milestone: Installation of a new CNC plasma cutting machine (St Vaast la Hougue)\"><h4 class='av-milestone-title '>Installation of a new CNC plasma cutting machine (St Vaast la Hougue)<\/h4><\/header><div class='av-milestone-content'><\/div><\/div><footer class='av-milestone-article-footer entry-footer'><\/footer><\/article><\/li>\n<li  class='av-milestone av-g0hlv-98886274f8d798ed2bcda6d7c3a98964 av-animated-generic fade-in av-milestone-valign-baseline av-milestone-even'><article class='av-milestone-content-wrap'><div class='av-milestone-contentbox'><header class=\"entry-content-header\" aria-label=\"Milestone: Creation of the carbon division: Profil company \"><h4 class='av-milestone-title '>Creation of the carbon division: Profil company <\/h4><\/header><div class='av-milestone-content'><p>(Figaro 2 Carbon masts )<\/p>\n<\/div><\/div><footer class='av-milestone-article-footer entry-footer'><\/footer><\/article><div class=\"av-milestone-icon-wrap\"><span class='av-milestone-icon milestone_icon avia-font-entypo-fontello'><span class='av-milestone-icon-inner milestone_inner'><i class='milestone-char avia-iconfont avia-font-entypo-fontello' data-av_icon='' data-av_iconfont='entypo-fontello' ><\/i><\/span><\/span><\/div><h2 class='av-milestone-date ' id='milestone-2002' ><strong>2002<span class='av-milestone-indicator'><\/span><\/strong><\/h2><\/li>\n<li  class='av-milestone av-1pcv1f-f0b31034ee8de16c85d5907b70929b0b av-animated-generic fade-in av-milestone-valign-baseline av-milestone-odd'><h2 class='av-milestone-date ' id='milestone-2001' ><strong>2001<span class='av-milestone-indicator'><\/span><\/strong><\/h2><div class=\"av-milestone-icon-wrap\"><span class='av-milestone-icon milestone_icon avia-font-entypo-fontello'><span class='av-milestone-icon-inner milestone_inner'><i class='milestone-char avia-iconfont avia-font-entypo-fontello' data-av_icon='' data-av_iconfont='entypo-fontello' ><\/i><\/span><\/span><\/div><article class='av-milestone-content-wrap'><div class='av-milestone-contentbox'><header class=\"entry-content-header\" aria-label=\"Milestone:  Creation of Sparcraft rigging\"><h4 class='av-milestone-title '> Creation of Sparcraft rigging<\/h4><\/header><div class='av-milestone-content'><\/div><\/div><footer class='av-milestone-article-footer entry-footer'><\/footer><\/article><\/li>\n<li  class='av-milestone av-8t4ez-89806081f3c348e7529935b7d7013884 av-animated-generic fade-in av-milestone-valign-baseline av-milestone-even'><article class='av-milestone-content-wrap'><div class='av-milestone-contentbox'><header class=\"entry-content-header\" aria-label=\"Milestone: Implementation of a global computer system CAD, GPAO, Management and Accounting\"><h4 class='av-milestone-title '>Implementation of a global computer system CAD, GPAO, Management and Accounting<\/h4><\/header><div class='av-milestone-content'><\/div><\/div><footer class='av-milestone-article-footer entry-footer'><\/footer><\/article><div class=\"av-milestone-icon-wrap\"><span class='av-milestone-icon milestone_icon avia-font-entypo-fontello'><span class='av-milestone-icon-inner milestone_inner'><i class='milestone-char avia-iconfont avia-font-entypo-fontello' data-av_icon='' data-av_iconfont='entypo-fontello' ><\/i><\/span><\/span><\/div><h2 class='av-milestone-date ' id='milestone-1998' ><strong>1998<span class='av-milestone-indicator'><\/span><\/strong><\/h2><\/li>\n<li  class='av-milestone av-krc7kolv-6de67525027350395646b2ad8ca52898 av-animated-generic fade-in av-milestone-valign-baseline av-milestone-odd'><h2 class='av-milestone-date ' id='milestone-1997' ><strong>1997  <span class='av-milestone-indicator'><\/span><\/strong><\/h2><div class=\"av-milestone-icon-wrap\"><span class='av-milestone-icon milestone_icon avia-font-entypo-fontello'><span class='av-milestone-icon-inner milestone_inner'><i class='milestone-char avia-iconfont avia-font-entypo-fontello' data-av_icon='\ue841' data-av_iconfont='entypo-fontello' ><\/i><\/span><\/span><\/div><article class='av-milestone-content-wrap'><div class='av-milestone-contentbox'><header class=\"entry-content-header\" aria-label=\"Milestone: Mast subsidiary created in the USA: Charleston Spar\"><h4 class='av-milestone-title '>Mast subsidiary created in the USA: Charleston Spar<\/h4><\/header><div class='av-milestone-content'><p>Le contenu de la P\u00e9riode va ici<\/p>\n<\/div><\/div><footer class='av-milestone-article-footer entry-footer'><\/footer><\/article><\/li>\n<li  class='av-milestone av-csfd7-2b3dc7acfe23634a118798f1a353d3bf av-animated-generic fade-in av-milestone-valign-baseline av-milestone-even'><article class='av-milestone-content-wrap'><div class='av-milestone-contentbox'><header class=\"entry-content-header\" aria-label=\"Milestone: Creation of RDM \u2018Rochelaise De Mat \u00bb, by the Losange Group\"><h4 class='av-milestone-title '>Creation of RDM \u2018Rochelaise De Mat \u00bb, by the Losange Group<\/h4><\/header><div class='av-milestone-content'><\/div><\/div><footer class='av-milestone-article-footer entry-footer'><\/footer><\/article><div class=\"av-milestone-icon-wrap\"><span class='av-milestone-icon milestone_icon avia-font-entypo-fontello'><span class='av-milestone-icon-inner milestone_inner'><i class='milestone-char avia-iconfont avia-font-entypo-fontello' data-av_icon='' data-av_iconfont='entypo-fontello' ><\/i><\/span><\/span><\/div><h2 class='av-milestone-date ' id='milestone-1996' ><strong>1996<span class='av-milestone-indicator'><\/span><\/strong><\/h2><\/li>\n<li  class='av-milestone av-krc7iii4-494b6c73538614854d9859fb1659a2ab av-animated-generic fade-in av-milestone-valign-baseline av-milestone-odd'><h2 class='av-milestone-date ' id='milestone-1995' ><strong>1995  <span class='av-milestone-indicator'><\/span><\/strong><\/h2><div class=\"av-milestone-icon-wrap\"><span class='av-milestone-icon milestone_icon avia-font-entypo-fontello'><span class='av-milestone-icon-inner milestone_inner'><i class='milestone-char avia-iconfont avia-font-entypo-fontello' data-av_icon='\ue841' data-av_iconfont='entypo-fontello' ><\/i><\/span><\/span><\/div><article class='av-milestone-content-wrap'><div class='av-milestone-contentbox'><header class=\"entry-content-header\" aria-label=\"Milestone: Acquisition of SPARCRAFT (FRANCESPAR, ISOMAT, SOFERAC) based in La Rochelle\"><h4 class='av-milestone-title '>Acquisition of SPARCRAFT (FRANCESPAR, ISOMAT, SOFERAC) based in La Rochelle<\/h4><\/header><div class='av-milestone-content'><\/div><\/div><footer class='av-milestone-article-footer entry-footer'><\/footer><\/article><\/li>\n<li  class='av-milestone av-krc7gnmx-4985cc290b737855d24dc82867995593 av-animated-generic fade-in av-milestone-valign-baseline av-milestone-even'><article class='av-milestone-content-wrap'><div class='av-milestone-contentbox'><header class=\"entry-content-header\" aria-label=\"Milestone: Elvstr\u00f6m mast of Saint Vaast la Hougue become Isom\u00e2t\"><h4 class='av-milestone-title '>Elvstr\u00f6m mast of Saint Vaast la Hougue become Isom\u00e2t<\/h4><\/header><div class='av-milestone-content'><\/div><\/div><footer class='av-milestone-article-footer entry-footer'><\/footer><\/article><div class=\"av-milestone-icon-wrap\"><span class='av-milestone-icon milestone_icon avia-font-entypo-fontello'><span class='av-milestone-icon-inner milestone_inner'><i class='milestone-char avia-iconfont avia-font-entypo-fontello' data-av_icon='\ue841' data-av_iconfont='entypo-fontello' ><\/i><\/span><\/span><\/div><h2 class='av-milestone-date ' id='milestone-1976' ><strong>1976  <span class='av-milestone-indicator'><\/span><\/strong><\/h2><\/li>\n<li  class='av-milestone av-bqj63-19726303caee1df35defc343c3929c1e av-animated-generic fade-in av-milestone-valign-baseline av-milestone-odd'><h2 class='av-milestone-date ' id='milestone-1962' ><strong>1962<span class='av-milestone-indicator'><\/span><\/strong><\/h2><div class=\"av-milestone-icon-wrap\"><span class='av-milestone-icon milestone_icon avia-font-entypo-fontello'><span class='av-milestone-icon-inner milestone_inner'><i class='milestone-char avia-iconfont avia-font-entypo-fontello' data-av_icon='' data-av_iconfont='entypo-fontello' ><\/i><\/span><\/span><\/div><article class='av-milestone-content-wrap'><div class='av-milestone-contentbox'><header class=\"entry-content-header\" aria-label=\"Milestone: Creation of the Sparcraft brand in USA\"><h4 class='av-milestone-title '>Creation of the Sparcraft brand in USA<\/h4><\/header><div class='av-milestone-content'><p><img loading=\"lazy\" decoding=\"async\" class=\"alignleft wp-image-30271\" src=\"https:\/\/www.sparcraft.com\/wp-content\/uploads\/2022\/09\/sparcraft_1962.jpg\" alt=\"\" width=\"183\" height=\"124\" srcset=\"https:\/\/www.sparcraft.com\/wp-content\/uploads\/2022\/09\/sparcraft_1962.jpg 394w, https:\/\/www.sparcraft.com\/wp-content\/uploads\/2022\/09\/sparcraft_1962-300x203.jpg 300w\" sizes=\"auto, (max-width: 183px) 100vw, 183px\" \/>Creation of Sparcraft in Costa Mesa California for the America&#8217;s cup<\/p>\n<\/div><\/div><footer class='av-milestone-article-footer entry-footer'><\/footer><\/article><\/li>\n<\/ul><\/div>\n","protected":false},"excerpt":{"rendered":"","protected":false},"author":2,"featured_media":0,"parent":0,"menu_order":990,"comment_status":"closed","ping_status":"closed","template":"","meta":{"footnotes":""},"class_list":["post-33832","page","type-page","status-publish","hentry"],"yoast_head":"<!-- This site is optimized with the Yoast SEO plugin v27.4 - https:\/\/yoast.com\/product\/yoast-seo-wordpress\/ -->\n<title>Our references - Sparcraft<\/title>\n<meta name=\"description\" content=\"Sparcraft expertise in masts and rigging acquired since 1962 on the basis of thousands of rigging and mast configurations. Pledge of security.\" \/>\n<meta name=\"robots\" content=\"index, follow, max-snippet:-1, max-image-preview:large, max-video-preview:-1\" \/>\n<link rel=\"canonical\" href=\"https:\/\/www.sparcraft.com\/en\/our-references\/\" \/>\n<meta property=\"og:locale\" content=\"en_US\" \/>\n<meta property=\"og:type\" content=\"article\" \/>\n<meta property=\"og:title\" content=\"Our references - Sparcraft\" \/>\n<meta property=\"og:description\" content=\"Sparcraft expertise in masts and rigging acquired since 1962 on the basis of thousands of rigging and mast configurations. Pledge of security.\" \/>\n<meta property=\"og:url\" content=\"https:\/\/www.sparcraft.com\/en\/our-references\/\" \/>\n<meta property=\"og:site_name\" content=\"Sparcraft\" \/>\n<meta property=\"article:modified_time\" content=\"2023-06-05T12:27:32+00:00\" \/>\n<meta property=\"og:image\" content=\"https:\/\/www.sparcraft.com\/wp-content\/uploads\/2022\/09\/sparcraft_1962.jpg\" \/>\n<meta name=\"twitter:card\" content=\"summary_large_image\" \/>\n<meta name=\"twitter:label1\" content=\"Est. reading time\" \/>\n\t<meta name=\"twitter:data1\" content=\"10 minutes\" \/>\n<script type=\"application\/ld+json\" class=\"yoast-schema-graph\">{\"@context\":\"https:\\\/\\\/schema.org\",\"@graph\":[{\"@type\":\"WebPage\",\"@id\":\"https:\\\/\\\/www.sparcraft.com\\\/en\\\/our-references\\\/\",\"url\":\"https:\\\/\\\/www.sparcraft.com\\\/en\\\/our-references\\\/\",\"name\":\"Our references - Sparcraft\",\"isPartOf\":{\"@id\":\"https:\\\/\\\/www.sparcraft.com\\\/en\\\/#website\"},\"primaryImageOfPage\":{\"@id\":\"https:\\\/\\\/www.sparcraft.com\\\/en\\\/our-references\\\/#primaryimage\"},\"image\":{\"@id\":\"https:\\\/\\\/www.sparcraft.com\\\/en\\\/our-references\\\/#primaryimage\"},\"thumbnailUrl\":\"https:\\\/\\\/www.sparcraft.com\\\/wp-content\\\/uploads\\\/2022\\\/09\\\/sparcraft_1962.jpg\",\"datePublished\":\"2020-08-24T13:24:26+00:00\",\"dateModified\":\"2023-06-05T12:27:32+00:00\",\"description\":\"Sparcraft expertise in masts and rigging acquired since 1962 on the basis of thousands of rigging and mast configurations. Pledge of security.\",\"inLanguage\":\"en-US\",\"potentialAction\":[{\"@type\":\"ReadAction\",\"target\":[\"https:\\\/\\\/www.sparcraft.com\\\/en\\\/our-references\\\/\"]}]},{\"@type\":\"ImageObject\",\"inLanguage\":\"en-US\",\"@id\":\"https:\\\/\\\/www.sparcraft.com\\\/en\\\/our-references\\\/#primaryimage\",\"url\":\"https:\\\/\\\/www.sparcraft.com\\\/wp-content\\\/uploads\\\/2022\\\/09\\\/sparcraft_1962.jpg\",\"contentUrl\":\"https:\\\/\\\/www.sparcraft.com\\\/wp-content\\\/uploads\\\/2022\\\/09\\\/sparcraft_1962.jpg\"},{\"@type\":\"WebSite\",\"@id\":\"https:\\\/\\\/www.sparcraft.com\\\/en\\\/#website\",\"url\":\"https:\\\/\\\/www.sparcraft.com\\\/en\\\/\",\"name\":\"Sparcraft\",\"description\":\"Mast &amp; Rigging\",\"potentialAction\":[{\"@type\":\"SearchAction\",\"target\":{\"@type\":\"EntryPoint\",\"urlTemplate\":\"https:\\\/\\\/www.sparcraft.com\\\/en\\\/?s={search_term_string}\"},\"query-input\":{\"@type\":\"PropertyValueSpecification\",\"valueRequired\":true,\"valueName\":\"search_term_string\"}}],\"inLanguage\":\"en-US\"}]}<\/script>\n<!-- \/ Yoast SEO plugin. -->","yoast_head_json":{"title":"Our references - Sparcraft","description":"Sparcraft expertise in masts and rigging acquired since 1962 on the basis of thousands of rigging and mast configurations. Pledge of security.","robots":{"index":"index","follow":"follow","max-snippet":"max-snippet:-1","max-image-preview":"max-image-preview:large","max-video-preview":"max-video-preview:-1"},"canonical":"https:\/\/www.sparcraft.com\/en\/our-references\/","og_locale":"en_US","og_type":"article","og_title":"Our references - Sparcraft","og_description":"Sparcraft expertise in masts and rigging acquired since 1962 on the basis of thousands of rigging and mast configurations. Pledge of security.","og_url":"https:\/\/www.sparcraft.com\/en\/our-references\/","og_site_name":"Sparcraft","article_modified_time":"2023-06-05T12:27:32+00:00","og_image":[{"url":"https:\/\/www.sparcraft.com\/wp-content\/uploads\/2022\/09\/sparcraft_1962.jpg","type":"","width":"","height":""}],"twitter_card":"summary_large_image","twitter_misc":{"Est. reading time":"10 minutes"},"schema":{"@context":"https:\/\/schema.org","@graph":[{"@type":"WebPage","@id":"https:\/\/www.sparcraft.com\/en\/our-references\/","url":"https:\/\/www.sparcraft.com\/en\/our-references\/","name":"Our references - Sparcraft","isPartOf":{"@id":"https:\/\/www.sparcraft.com\/en\/#website"},"primaryImageOfPage":{"@id":"https:\/\/www.sparcraft.com\/en\/our-references\/#primaryimage"},"image":{"@id":"https:\/\/www.sparcraft.com\/en\/our-references\/#primaryimage"},"thumbnailUrl":"https:\/\/www.sparcraft.com\/wp-content\/uploads\/2022\/09\/sparcraft_1962.jpg","datePublished":"2020-08-24T13:24:26+00:00","dateModified":"2023-06-05T12:27:32+00:00","description":"Sparcraft expertise in masts and rigging acquired since 1962 on the basis of thousands of rigging and mast configurations. Pledge of security.","inLanguage":"en-US","potentialAction":[{"@type":"ReadAction","target":["https:\/\/www.sparcraft.com\/en\/our-references\/"]}]},{"@type":"ImageObject","inLanguage":"en-US","@id":"https:\/\/www.sparcraft.com\/en\/our-references\/#primaryimage","url":"https:\/\/www.sparcraft.com\/wp-content\/uploads\/2022\/09\/sparcraft_1962.jpg","contentUrl":"https:\/\/www.sparcraft.com\/wp-content\/uploads\/2022\/09\/sparcraft_1962.jpg"},{"@type":"WebSite","@id":"https:\/\/www.sparcraft.com\/en\/#website","url":"https:\/\/www.sparcraft.com\/en\/","name":"Sparcraft","description":"Mast &amp; Rigging","potentialAction":[{"@type":"SearchAction","target":{"@type":"EntryPoint","urlTemplate":"https:\/\/www.sparcraft.com\/en\/?s={search_term_string}"},"query-input":{"@type":"PropertyValueSpecification","valueRequired":true,"valueName":"search_term_string"}}],"inLanguage":"en-US"}]}},"_links":{"self":[{"href":"https:\/\/www.sparcraft.com\/en\/wp-json\/wp\/v2\/pages\/33832","targetHints":{"allow":["GET"]}}],"collection":[{"href":"https:\/\/www.sparcraft.com\/en\/wp-json\/wp\/v2\/pages"}],"about":[{"href":"https:\/\/www.sparcraft.com\/en\/wp-json\/wp\/v2\/types\/page"}],"author":[{"embeddable":true,"href":"https:\/\/www.sparcraft.com\/en\/wp-json\/wp\/v2\/users\/2"}],"replies":[{"embeddable":true,"href":"https:\/\/www.sparcraft.com\/en\/wp-json\/wp\/v2\/comments?post=33832"}],"version-history":[{"count":0,"href":"https:\/\/www.sparcraft.com\/en\/wp-json\/wp\/v2\/pages\/33832\/revisions"}],"wp:attachment":[{"href":"https:\/\/www.sparcraft.com\/en\/wp-json\/wp\/v2\/media?parent=33832"}],"curies":[{"name":"wp","href":"https:\/\/api.w.org\/{rel}","templated":true}]}}