{"id":33045,"date":"2020-08-24T15:23:02","date_gmt":"2020-08-24T13:23:02","guid":{"rendered":"https:\/\/www.sparcraft.com\/privacy-policy\/"},"modified":"2023-06-12T16:14:09","modified_gmt":"2023-06-12T14:14:09","slug":"privacy-policy","status":"publish","type":"page","link":"https:\/\/www.sparcraft.com\/en\/privacy-policy\/","title":{"rendered":"Privacy Policy"},"content":{"rendered":"\n<style type=\"text\/css\" data-created_by=\"avia_inline_auto\" id=\"style-css-av-r2dlw-fb3426a401161106aa6315d44df37b71\">\n.flex_column.av-r2dlw-fb3426a401161106aa6315d44df37b71{\nborder-radius:0px 0px 0px 0px;\npadding:0px 0px 0px 0px;\n}\n<\/style>\n<div  class='flex_column av-r2dlw-fb3426a401161106aa6315d44df37b71 av_one_third  avia-builder-el-0  el_before_av_one_third  avia-builder-el-first  first flex_column_div av-zero-column-padding  '     ><section  class='av_textblock_section av-kcbzb0ea-d34dbb1055d00ad9b60727faf794e312 '   itemscope=\"itemscope\" itemtype=\"https:\/\/schema.org\/CreativeWork\" ><div class='avia_textblock'  itemprop=\"text\" ><p style=\"text-align: center;\"><span style=\"color: #005299;\">PRIVACY POLICY<\/span><\/p>\n<\/div><\/section><\/div>\n\n<style type=\"text\/css\" data-created_by=\"avia_inline_auto\" id=\"style-css-av-nb8n0-44af5112039ba9905fdc14ffadb9e73b\">\n.flex_column.av-nb8n0-44af5112039ba9905fdc14ffadb9e73b{\nborder-radius:0px 0px 0px 0px;\npadding:0px 0px 0px 0px;\n}\n<\/style>\n<div  class='flex_column av-nb8n0-44af5112039ba9905fdc14ffadb9e73b av_one_third  avia-builder-el-2  el_after_av_one_third  el_before_av_one_third  flex_column_div av-zero-column-padding  '     ><style type=\"text\/css\" data-created_by=\"avia_inline_auto\" id=\"style-css-av-kcbywgjq-1c834f659a4ae2f52d56318c8004bf4d\">\n.av_font_icon.av-kcbywgjq-1c834f659a4ae2f52d56318c8004bf4d{\ncolor:#005299;\nborder-color:#005299;\n}\n.avia-svg-icon.av-kcbywgjq-1c834f659a4ae2f52d56318c8004bf4d svg:first-child{\nstroke:#005299;\nfill:#005299;\n}\n.av_font_icon.av-kcbywgjq-1c834f659a4ae2f52d56318c8004bf4d .av-icon-char{\nfont-size:60px;\nline-height:60px;\nwidth:60px;\n}\n<\/style>\n<span  class='av_font_icon av-kcbywgjq-1c834f659a4ae2f52d56318c8004bf4d avia_animate_when_visible av-icon-style-border avia-icon-pos-center avia-iconfont avia-font-entypo-fontello'><span class='av-icon-char' data-av_icon='\ue851' data-av_iconfont='entypo-fontello' aria-hidden=\"true\" data-avia-icon-tooltip=\"&lt;br \/&gt;\nSPARCRAFT PRIVACY POLICY&lt;br \/&gt;\n\"><\/span><\/span><\/div>\n\n<style type=\"text\/css\" data-created_by=\"avia_inline_auto\" id=\"style-css-av-gxpis-624a65119313e952d98cd0b9664a3751\">\n.flex_column.av-gxpis-624a65119313e952d98cd0b9664a3751{\nborder-radius:0px 0px 0px 0px;\npadding:0px 0px 0px 0px;\n}\n<\/style>\n<div  class='flex_column av-gxpis-624a65119313e952d98cd0b9664a3751 av_one_third  avia-builder-el-4  el_after_av_one_third  el_before_av_one_full  flex_column_div av-zero-column-padding  '     ><section  class='av_textblock_section av-kcbzb0ea-2-10f2d9f9917049783def8f98a3939b7a '   itemscope=\"itemscope\" itemtype=\"https:\/\/schema.org\/CreativeWork\" ><div class='avia_textblock'  itemprop=\"text\" ><p style=\"text-align: center;\"><span style=\"color: #005299;\">SPARCRAFT<\/span><\/p>\n<\/div><\/section><\/div>\n\n<style type=\"text\/css\" data-created_by=\"avia_inline_auto\" id=\"style-css-av-74vd0-fec984835197f018b63b09b6a51d6ca6\">\n.flex_column.av-74vd0-fec984835197f018b63b09b6a51d6ca6{\nborder-radius:0px 0px 0px 0px;\npadding:0px 0px 0px 0px;\n}\n<\/style>\n<div  class='flex_column av-74vd0-fec984835197f018b63b09b6a51d6ca6 av_one_full  avia-builder-el-6  el_after_av_one_third  avia-builder-el-last  first flex_column_div av-zero-column-padding  column-top-margin'     ><p><section  class='av_textblock_section av-kcbymn79-9a2a260bd835346a3342e94f6213c2a4 '   itemscope=\"itemscope\" itemtype=\"https:\/\/schema.org\/CreativeWork\" ><div class='avia_textblock'  itemprop=\"text\" ><p><strong>Computing and Freedoms and Collection of personal data &#8211; RGPD<\/strong><\/p>\n<\/div><\/section><br \/>\n<section  class='av_textblock_section av-kcbymn79-1-a31284e0acb66904e088459c44eb80be '   itemscope=\"itemscope\" itemtype=\"https:\/\/schema.org\/CreativeWork\" ><div class='avia_textblock'  itemprop=\"text\" ><p><strong> <\/strong>By \u00ab Personal Data \u00bb is ti be meant any information that can be used to identify a person. This will most often be a name, address, telephone number or e-mail address. You have the right to access, modify, rectify and delete data concerning you (art. 39 and 40 of the &#8220;Informatique et Libert\u00e9s&#8221; law of 16 January 1978 modified by the law of 6 August 2004). For any information or to exercise your rights regarding the processing of personal data &#8211; RGPD &#8211; managed by <strong>SPARCRAFT<\/strong>, you can contact the Data Protection Officer &#8211; DPO : via this form <strong>LINK TO CONTACT FORM<\/strong> or by signed letter accompanied by a copy of an identity document to the following address : <\/p>\n<p><strong>SPARCRAFT<\/strong><br \/>\n<strong>For the attention of the Data Protection Officer<\/strong><br \/>\nZA 10 rue du pont des Bernes FRANCE<br \/>\n<strong>DPO EMAIL ADDRESS OR GENERAL ADDRESS<\/strong><br \/>\nOur servers are not configured to collect personal information on visitors to the site apart from the following technical data: source of connections (access provider), IP address, type and version of browser used. In no case do we collect the e-mail address of visitors unless they deliberately provide it to us. Your data is processed electronically and\/or manually in such a way that its security, protection and confidentiality are ensured in accordance with its level of sensitivity, through administrative, technical and physical measures to prevent loss, theft, unauthorised use, disclosure or modification. <\/p>\n<p><strong>SPARCRAFT<\/strong> uses your personal data only for the purpose of communicating with you. How long we keep your personal data: Please choose below the length of time or indicate the length of time your organisation has in place, below are some examples Your personal data is kept for the time necessary to manage your contact request and to allow email exchanges, then deleted. Your personal data is kept for 1 year, as of the date of the last e-mail exchanged, then deleted. Your personal data is kept for 3 years (recommended by the CNIL), as of the date of the last e-mail exchanged, then deleted. Your personal data can be deleted or modified upon request (see previous paragraph).<\/p>\n<p>DATA STORAGE METHOD:<br \/>\nIndicate here how you keep your personal data, below 2 examples<br \/>\nVos donn\u00e9es personnelles ne sont pas conserv\u00e9es dans un fichier (base de donn\u00e9es, fichier tableur ou autre) mais uniquement dans notre logiciel de messagerie (et\/ou dans l\u2019administration du site) permettant les \u00e9changes suite \u00e0 votre de demande de contact. Vos donn\u00e9es personnelles sont conserv\u00e9es dans un fichier informatique de type base de donn\u00e9es, fichier tableur ou autre. (please specify).<\/p>\n<p><strong>SPARCRAFT<\/strong> may also use your data to comply with its legal obligations (including anti-fraud laws, money laundering laws and provisions relating to late or non-payment by the subscriber) and\/or to respond to requests from public and government authorities. Your personal data will only be processed by <strong>SPARCRAFT.<\/strong> Under no circumstances will your data be transferred to third party service providers.<\/p>\n<p>MANAGEMENT OF COOKIES<br \/>\n<strong>SPARCRAFT<\/strong> uses various cookies on the site to improve the interactivity of the site and our services. A &#8220;cookie&#8221; is a file of limited size, generally consisting of letters and numbers, sent by the Internet server to the cookie file of the browser located on the hard disk of your computer. You can set your web browser to refuse the use of cookies. You can install and configure extensions in your web browser that allow you to block various cookies and communications with social networks. You can configure your web browser or install an extension to refuse the use of Adobe Flash tracking. For your information, opposition and deletion using your browser&#8217;s settings, may degrade the web site viewing experience. The traffic data and cookie files that we place on your computer are only used to analyse the use of our information pages in order to improve their content. The data relating to the navigation of visitors is not used to identify them by name. These are aggregated statistics that allow us to know the most and least popular pages, the preferred paths, the levels of activity per day of the week and per hour of the day, the main client or server errors. We remind you that you have the possibility, in your browser, to block the installation of cookies on your computer.<\/p>\n<p>EVOLUTION OF THE PRIVACY POLICY<br \/>\nThis Privacy Policy may change from time to time, in particular as a result of legislative and regulatory developments. This Privacy Policy sets out and informs you of the manner in which <strong>SPARCRAFT<\/strong> uses and protects the information that you may provide to us when you use this site, which can be accessed from the following URL: <strong>www.sparcraft.com<\/strong>. Please note that this privacy policy may be modified or supplemented at any time by SPARCRAFT, in particular in order to comply with any legislative, regulatory, case law or technological developments. In such a case, the date of the update will be clearly identified at the top of this policy. These modifications are binding on the User as soon as they are put online. It is therefore advisable for the User to consult this privacy and cookie use policy regularly in order to be aware of any changes.<\/p>\n<p>Update date: 31\/06\/2020<\/p>\n<\/div><\/section><\/p><\/div>\n","protected":false},"excerpt":{"rendered":"","protected":false},"author":2,"featured_media":0,"parent":0,"menu_order":998,"comment_status":"closed","ping_status":"closed","template":"","meta":{"footnotes":""},"class_list":["post-33045","page","type-page","status-publish","hentry"],"yoast_head":"<!-- This site is optimized with the Yoast SEO plugin v27.5 - https:\/\/yoast.com\/product\/yoast-seo-wordpress\/ -->\n<title>Privacy Policy - Sparcraft<\/title>\n<meta name=\"description\" content=\"Privacy policy\" \/>\n<meta name=\"robots\" content=\"index, follow, max-snippet:-1, max-image-preview:large, max-video-preview:-1\" \/>\n<link rel=\"canonical\" href=\"https:\/\/www.sparcraft.com\/en\/privacy-policy\/\" \/>\n<meta property=\"og:locale\" content=\"en_US\" \/>\n<meta property=\"og:type\" content=\"article\" \/>\n<meta property=\"og:title\" content=\"Privacy Policy - Sparcraft\" \/>\n<meta property=\"og:description\" content=\"Privacy policy\" \/>\n<meta property=\"og:url\" content=\"https:\/\/www.sparcraft.com\/en\/privacy-policy\/\" \/>\n<meta property=\"og:site_name\" content=\"Sparcraft\" \/>\n<meta property=\"article:modified_time\" content=\"2023-06-12T14:14:09+00:00\" \/>\n<meta name=\"twitter:card\" content=\"summary_large_image\" \/>\n<meta name=\"twitter:label1\" content=\"Est. reading time\" \/>\n\t<meta name=\"twitter:data1\" content=\"8 minutes\" \/>\n<script type=\"application\/ld+json\" class=\"yoast-schema-graph\">{\"@context\":\"https:\\\/\\\/schema.org\",\"@graph\":[{\"@type\":\"WebPage\",\"@id\":\"https:\\\/\\\/www.sparcraft.com\\\/en\\\/privacy-policy\\\/\",\"url\":\"https:\\\/\\\/www.sparcraft.com\\\/en\\\/privacy-policy\\\/\",\"name\":\"Privacy Policy - Sparcraft\",\"isPartOf\":{\"@id\":\"https:\\\/\\\/www.sparcraft.com\\\/en\\\/#website\"},\"datePublished\":\"2020-08-24T13:23:02+00:00\",\"dateModified\":\"2023-06-12T14:14:09+00:00\",\"description\":\"Privacy policy\",\"inLanguage\":\"en-US\",\"potentialAction\":[{\"@type\":\"ReadAction\",\"target\":[\"https:\\\/\\\/www.sparcraft.com\\\/en\\\/privacy-policy\\\/\"]}]},{\"@type\":\"WebSite\",\"@id\":\"https:\\\/\\\/www.sparcraft.com\\\/en\\\/#website\",\"url\":\"https:\\\/\\\/www.sparcraft.com\\\/en\\\/\",\"name\":\"Sparcraft\",\"description\":\"Mast &amp; Rigging\",\"potentialAction\":[{\"@type\":\"SearchAction\",\"target\":{\"@type\":\"EntryPoint\",\"urlTemplate\":\"https:\\\/\\\/www.sparcraft.com\\\/en\\\/?s={search_term_string}\"},\"query-input\":{\"@type\":\"PropertyValueSpecification\",\"valueRequired\":true,\"valueName\":\"search_term_string\"}}],\"inLanguage\":\"en-US\"}]}<\/script>\n<!-- \/ Yoast SEO plugin. -->","yoast_head_json":{"title":"Privacy Policy - Sparcraft","description":"Privacy policy","robots":{"index":"index","follow":"follow","max-snippet":"max-snippet:-1","max-image-preview":"max-image-preview:large","max-video-preview":"max-video-preview:-1"},"canonical":"https:\/\/www.sparcraft.com\/en\/privacy-policy\/","og_locale":"en_US","og_type":"article","og_title":"Privacy Policy - Sparcraft","og_description":"Privacy policy","og_url":"https:\/\/www.sparcraft.com\/en\/privacy-policy\/","og_site_name":"Sparcraft","article_modified_time":"2023-06-12T14:14:09+00:00","twitter_card":"summary_large_image","twitter_misc":{"Est. reading time":"8 minutes"},"schema":{"@context":"https:\/\/schema.org","@graph":[{"@type":"WebPage","@id":"https:\/\/www.sparcraft.com\/en\/privacy-policy\/","url":"https:\/\/www.sparcraft.com\/en\/privacy-policy\/","name":"Privacy Policy - Sparcraft","isPartOf":{"@id":"https:\/\/www.sparcraft.com\/en\/#website"},"datePublished":"2020-08-24T13:23:02+00:00","dateModified":"2023-06-12T14:14:09+00:00","description":"Privacy policy","inLanguage":"en-US","potentialAction":[{"@type":"ReadAction","target":["https:\/\/www.sparcraft.com\/en\/privacy-policy\/"]}]},{"@type":"WebSite","@id":"https:\/\/www.sparcraft.com\/en\/#website","url":"https:\/\/www.sparcraft.com\/en\/","name":"Sparcraft","description":"Mast &amp; Rigging","potentialAction":[{"@type":"SearchAction","target":{"@type":"EntryPoint","urlTemplate":"https:\/\/www.sparcraft.com\/en\/?s={search_term_string}"},"query-input":{"@type":"PropertyValueSpecification","valueRequired":true,"valueName":"search_term_string"}}],"inLanguage":"en-US"}]}},"_links":{"self":[{"href":"https:\/\/www.sparcraft.com\/en\/wp-json\/wp\/v2\/pages\/33045","targetHints":{"allow":["GET"]}}],"collection":[{"href":"https:\/\/www.sparcraft.com\/en\/wp-json\/wp\/v2\/pages"}],"about":[{"href":"https:\/\/www.sparcraft.com\/en\/wp-json\/wp\/v2\/types\/page"}],"author":[{"embeddable":true,"href":"https:\/\/www.sparcraft.com\/en\/wp-json\/wp\/v2\/users\/2"}],"replies":[{"embeddable":true,"href":"https:\/\/www.sparcraft.com\/en\/wp-json\/wp\/v2\/comments?post=33045"}],"version-history":[{"count":0,"href":"https:\/\/www.sparcraft.com\/en\/wp-json\/wp\/v2\/pages\/33045\/revisions"}],"wp:attachment":[{"href":"https:\/\/www.sparcraft.com\/en\/wp-json\/wp\/v2\/media?parent=33045"}],"curies":[{"name":"wp","href":"https:\/\/api.w.org\/{rel}","templated":true}]}}